{"id":10296,"date":"2020-07-09T11:44:35","date_gmt":"2020-07-09T11:44:35","guid":{"rendered":"https:\/\/www.djurskyddet.se\/kattfotenhalmstad\/?page_id=10296"},"modified":"2020-07-09T12:00:43","modified_gmt":"2020-07-09T12:00:43","slug":"mini","status":"publish","type":"page","link":"https:\/\/www.djurskyddet.se\/kattfotenhalmstad\/lyckligt-slut-2\/adopterade-katter-2020\/mini\/","title":{"rendered":"Mini"},"content":{"rendered":"\n<p>Mini, det \u00e4r jag! Flyttade till mitt f\u00f6r alltid hem i mars 2020. I nya hemmet fanns en annan katt som heter Smokey, vi nosade p\u00e5 varandra och fr\u00e4ste lite med. Men vi var s\u00e5 nyfikna och tids nog uppstod en v\u00e4nskap mellan oss. Idag leker vi och busar mycket tillsammans. Min familj s\u00e4ger att jag \u00e4r helt perfekt, precis som om jag alltid varit en del av dem och de \u00e4r s\u00e5 glada f\u00f6r mig. Ja, man kan s\u00e4ga att jag fann mig d\u00e4r redan fr\u00e5n start. Jag \u00e4lskar alla m\u00e4nniskor, \u00e4ven nya personer som jag inte tidigare tr\u00e4ffat. Men allra mest \u00e4lskar jag min familj &#8211; framf\u00f6rallt min storebror Smokey och min egna minim\u00e4nniska som jag g\u00e4rna delar s\u00e4ng med.<\/p>\n\n\n\n<figure class=\"wp-block-image\"><img loading=\"lazy\" decoding=\"async\" width=\"1024\" height=\"1024\" src=\"https:\/\/www.djurskyddet.se\/kattfotenhalmstad\/wp-content\/uploads\/sites\/35\/2020\/07\/Mini-1-1-1024x1024.jpg\" alt=\"\" class=\"wp-image-10308\" srcset=\"https:\/\/www.djurskyddet.se\/kattfotenhalmstad\/wp-content\/uploads\/sites\/35\/2020\/07\/Mini-1-1-1024x1024.jpg 1024w, https:\/\/www.djurskyddet.se\/kattfotenhalmstad\/wp-content\/uploads\/sites\/35\/2020\/07\/Mini-1-1-150x150.jpg 150w, https:\/\/www.djurskyddet.se\/kattfotenhalmstad\/wp-content\/uploads\/sites\/35\/2020\/07\/Mini-1-1-300x300.jpg 300w, https:\/\/www.djurskyddet.se\/kattfotenhalmstad\/wp-content\/uploads\/sites\/35\/2020\/07\/Mini-1-1-768x768.jpg 768w, https:\/\/www.djurskyddet.se\/kattfotenhalmstad\/wp-content\/uploads\/sites\/35\/2020\/07\/Mini-1-1-400x400.jpg 400w, https:\/\/www.djurskyddet.se\/kattfotenhalmstad\/wp-content\/uploads\/sites\/35\/2020\/07\/Mini-1-1.jpg 1080w\" sizes=\"auto, (max-width: 1024px) 100vw, 1024px\" \/><\/figure>\n\n\n\n<figure class=\"wp-block-image\"><img loading=\"lazy\" decoding=\"async\" width=\"1008\" height=\"756\" src=\"https:\/\/www.djurskyddet.se\/kattfotenhalmstad\/wp-content\/uploads\/sites\/35\/2020\/07\/Mini-2-1.jpg\" alt=\"\" class=\"wp-image-10309\" srcset=\"https:\/\/www.djurskyddet.se\/kattfotenhalmstad\/wp-content\/uploads\/sites\/35\/2020\/07\/Mini-2-1.jpg 1008w, https:\/\/www.djurskyddet.se\/kattfotenhalmstad\/wp-content\/uploads\/sites\/35\/2020\/07\/Mini-2-1-300x225.jpg 300w, https:\/\/www.djurskyddet.se\/kattfotenhalmstad\/wp-content\/uploads\/sites\/35\/2020\/07\/Mini-2-1-768x576.jpg 768w, https:\/\/www.djurskyddet.se\/kattfotenhalmstad\/wp-content\/uploads\/sites\/35\/2020\/07\/Mini-2-1-400x300.jpg 400w\" sizes=\"auto, (max-width: 1008px) 100vw, 1008px\" \/><figcaption>H\u00e4r nosar jag p\u00e5 Smokey.<\/figcaption><\/figure>\n\n\n\n<ul class=\"wp-block-gallery columns-2 is-cropped wp-block-gallery-1 is-layout-flex wp-block-gallery-is-layout-flex\"><li class=\"blocks-gallery-item\"><figure><img loading=\"lazy\" decoding=\"async\" width=\"756\" height=\"1008\" src=\"https:\/\/www.djurskyddet.se\/kattfotenhalmstad\/wp-content\/uploads\/sites\/35\/2020\/07\/Mini-3.jpg\" alt=\"\" data-id=\"10302\" data-link=\"https:\/\/www.djurskyddet.se\/kattfotenhalmstad\/lyckligt-slut-2\/adopterade-katter-2020\/mini\/attachment\/mini-3\/\" class=\"wp-image-10302\" srcset=\"https:\/\/www.djurskyddet.se\/kattfotenhalmstad\/wp-content\/uploads\/sites\/35\/2020\/07\/Mini-3.jpg 756w, https:\/\/www.djurskyddet.se\/kattfotenhalmstad\/wp-content\/uploads\/sites\/35\/2020\/07\/Mini-3-225x300.jpg 225w, https:\/\/www.djurskyddet.se\/kattfotenhalmstad\/wp-content\/uploads\/sites\/35\/2020\/07\/Mini-3-400x533.jpg 400w\" sizes=\"auto, (max-width: 756px) 100vw, 756px\" \/><\/figure><\/li><li class=\"blocks-gallery-item\"><figure><img loading=\"lazy\" decoding=\"async\" width=\"756\" height=\"1008\" src=\"https:\/\/www.djurskyddet.se\/kattfotenhalmstad\/wp-content\/uploads\/sites\/35\/2020\/07\/Mini-4.jpg\" alt=\"\" data-id=\"10303\" data-link=\"https:\/\/www.djurskyddet.se\/kattfotenhalmstad\/lyckligt-slut-2\/adopterade-katter-2020\/mini\/attachment\/mini-4\/\" class=\"wp-image-10303\" srcset=\"https:\/\/www.djurskyddet.se\/kattfotenhalmstad\/wp-content\/uploads\/sites\/35\/2020\/07\/Mini-4.jpg 756w, https:\/\/www.djurskyddet.se\/kattfotenhalmstad\/wp-content\/uploads\/sites\/35\/2020\/07\/Mini-4-225x300.jpg 225w, https:\/\/www.djurskyddet.se\/kattfotenhalmstad\/wp-content\/uploads\/sites\/35\/2020\/07\/Mini-4-400x533.jpg 400w\" sizes=\"auto, (max-width: 756px) 100vw, 756px\" \/><figcaption>Puss fr\u00e5n minim\u00e4nnsikan!<\/figcaption><\/figure><\/li><li class=\"blocks-gallery-item\"><figure><img loading=\"lazy\" decoding=\"async\" width=\"768\" height=\"1024\" src=\"https:\/\/www.djurskyddet.se\/kattfotenhalmstad\/wp-content\/uploads\/sites\/35\/2020\/07\/Mini-7-768x1024.jpg\" alt=\"\" data-id=\"10306\" data-link=\"https:\/\/www.djurskyddet.se\/kattfotenhalmstad\/lyckligt-slut-2\/adopterade-katter-2020\/mini\/attachment\/mini-7\/\" class=\"wp-image-10306\" srcset=\"https:\/\/www.djurskyddet.se\/kattfotenhalmstad\/wp-content\/uploads\/sites\/35\/2020\/07\/Mini-7-768x1024.jpg 768w, https:\/\/www.djurskyddet.se\/kattfotenhalmstad\/wp-content\/uploads\/sites\/35\/2020\/07\/Mini-7-225x300.jpg 225w, https:\/\/www.djurskyddet.se\/kattfotenhalmstad\/wp-content\/uploads\/sites\/35\/2020\/07\/Mini-7-400x533.jpg 400w, https:\/\/www.djurskyddet.se\/kattfotenhalmstad\/wp-content\/uploads\/sites\/35\/2020\/07\/Mini-7.jpg 1536w\" sizes=\"auto, (max-width: 768px) 100vw, 768px\" \/><figcaption>Smokey och jag busar!<\/figcaption><\/figure><\/li><li class=\"blocks-gallery-item\"><figure><img loading=\"lazy\" decoding=\"async\" width=\"768\" height=\"1024\" src=\"https:\/\/www.djurskyddet.se\/kattfotenhalmstad\/wp-content\/uploads\/sites\/35\/2020\/07\/Mini-8-768x1024.jpg\" alt=\"\" data-id=\"10307\" data-link=\"https:\/\/www.djurskyddet.se\/kattfotenhalmstad\/lyckligt-slut-2\/adopterade-katter-2020\/mini\/attachment\/mini-8\/\" class=\"wp-image-10307\" srcset=\"https:\/\/www.djurskyddet.se\/kattfotenhalmstad\/wp-content\/uploads\/sites\/35\/2020\/07\/Mini-8-768x1024.jpg 768w, https:\/\/www.djurskyddet.se\/kattfotenhalmstad\/wp-content\/uploads\/sites\/35\/2020\/07\/Mini-8-225x300.jpg 225w, https:\/\/www.djurskyddet.se\/kattfotenhalmstad\/wp-content\/uploads\/sites\/35\/2020\/07\/Mini-8-400x533.jpg 400w, https:\/\/www.djurskyddet.se\/kattfotenhalmstad\/wp-content\/uploads\/sites\/35\/2020\/07\/Mini-8.jpg 1536w\" sizes=\"auto, (max-width: 768px) 100vw, 768px\" \/><\/figure><\/li><li class=\"blocks-gallery-item\"><figure><img loading=\"lazy\" decoding=\"async\" width=\"756\" height=\"1008\" src=\"https:\/\/www.djurskyddet.se\/kattfotenhalmstad\/wp-content\/uploads\/sites\/35\/2020\/07\/Mini-6.jpg\" alt=\"\" data-id=\"10305\" data-link=\"https:\/\/www.djurskyddet.se\/kattfotenhalmstad\/lyckligt-slut-2\/adopterade-katter-2020\/mini\/attachment\/mini-6\/\" class=\"wp-image-10305\" srcset=\"https:\/\/www.djurskyddet.se\/kattfotenhalmstad\/wp-content\/uploads\/sites\/35\/2020\/07\/Mini-6.jpg 756w, https:\/\/www.djurskyddet.se\/kattfotenhalmstad\/wp-content\/uploads\/sites\/35\/2020\/07\/Mini-6-225x300.jpg 225w, https:\/\/www.djurskyddet.se\/kattfotenhalmstad\/wp-content\/uploads\/sites\/35\/2020\/07\/Mini-6-400x533.jpg 400w\" sizes=\"auto, (max-width: 756px) 100vw, 756px\" \/><figcaption>H\u00e4r \u00e4r jag med mina tv\u00e5 favoriter &#8211; Smokey och minim\u00e4nniskan!<\/figcaption><\/figure><\/li><\/ul>\n\n\n\n<figure class=\"wp-block-image\"><img loading=\"lazy\" decoding=\"async\" width=\"756\" height=\"1008\" src=\"https:\/\/www.djurskyddet.se\/kattfotenhalmstad\/wp-content\/uploads\/sites\/35\/2020\/07\/Mini-5-1.jpg\" alt=\"\" class=\"wp-image-10310\" srcset=\"https:\/\/www.djurskyddet.se\/kattfotenhalmstad\/wp-content\/uploads\/sites\/35\/2020\/07\/Mini-5-1.jpg 756w, https:\/\/www.djurskyddet.se\/kattfotenhalmstad\/wp-content\/uploads\/sites\/35\/2020\/07\/Mini-5-1-225x300.jpg 225w, https:\/\/www.djurskyddet.se\/kattfotenhalmstad\/wp-content\/uploads\/sites\/35\/2020\/07\/Mini-5-1-400x533.jpg 400w\" sizes=\"auto, (max-width: 756px) 100vw, 756px\" \/><figcaption>Livet \u00e4r allt bra!<\/figcaption><\/figure>\n","protected":false},"excerpt":{"rendered":"<p>Mini, det \u00e4r jag! Flyttade till mitt f\u00f6r alltid hem i mars 2020. I nya hemmet fanns en annan katt som heter Smokey, vi nosade p\u00e5 varandra och fr\u00e4ste lite med. Men vi var s\u00e5 nyfikna och tids nog uppstod en v\u00e4nskap mellan oss. Idag leker vi och busar mycket tillsammans. Min familj s\u00e4ger att jag \u00e4r helt perfekt, precis som om jag alltid varit en del av dem och&hellip;<\/p>\n<p><a class=\"more-link\" href=\"https:\/\/www.djurskyddet.se\/kattfotenhalmstad\/lyckligt-slut-2\/adopterade-katter-2020\/mini\/\" title=\"Continue reading &lsquo;Mini&rsquo;\">L&auml;s mer<span class=\"meta-nav\">&raquo;<\/span><\/a><\/p>\n","protected":false},"author":36,"featured_media":0,"parent":8754,"menu_order":0,"comment_status":"closed","ping_status":"closed","template":"page-templates\/left-sidebar20200507.php","meta":{"_acf_changed":false,"footnotes":""},"class_list":["post-10296","page","type-page","status-publish","hentry"],"acf":[],"_links":{"self":[{"href":"https:\/\/www.djurskyddet.se\/kattfotenhalmstad\/wp-json\/wp\/v2\/pages\/10296","targetHints":{"allow":["GET"]}}],"collection":[{"href":"https:\/\/www.djurskyddet.se\/kattfotenhalmstad\/wp-json\/wp\/v2\/pages"}],"about":[{"href":"https:\/\/www.djurskyddet.se\/kattfotenhalmstad\/wp-json\/wp\/v2\/types\/page"}],"author":[{"embeddable":true,"href":"https:\/\/www.djurskyddet.se\/kattfotenhalmstad\/wp-json\/wp\/v2\/users\/36"}],"replies":[{"embeddable":true,"href":"https:\/\/www.djurskyddet.se\/kattfotenhalmstad\/wp-json\/wp\/v2\/comments?post=10296"}],"version-history":[{"count":3,"href":"https:\/\/www.djurskyddet.se\/kattfotenhalmstad\/wp-json\/wp\/v2\/pages\/10296\/revisions"}],"predecessor-version":[{"id":10312,"href":"https:\/\/www.djurskyddet.se\/kattfotenhalmstad\/wp-json\/wp\/v2\/pages\/10296\/revisions\/10312"}],"up":[{"embeddable":true,"href":"https:\/\/www.djurskyddet.se\/kattfotenhalmstad\/wp-json\/wp\/v2\/pages\/8754"}],"wp:attachment":[{"href":"https:\/\/www.djurskyddet.se\/kattfotenhalmstad\/wp-json\/wp\/v2\/media?parent=10296"}],"curies":[{"name":"wp","href":"https:\/\/api.w.org\/{rel}","templated":true}]}}