{"id":10316,"date":"2020-07-09T12:40:33","date_gmt":"2020-07-09T12:40:33","guid":{"rendered":"https:\/\/www.djurskyddet.se\/kattfotenhalmstad\/?page_id=10316"},"modified":"2020-07-09T12:40:34","modified_gmt":"2020-07-09T12:40:34","slug":"lilly","status":"publish","type":"page","link":"https:\/\/www.djurskyddet.se\/kattfotenhalmstad\/lyckligt-slut-2\/adopterade-katter-2020\/lilly\/","title":{"rendered":"Lilly"},"content":{"rendered":"\n<p>Katthemmet tog emot mig, min mamma och syster, d\u00e5 hade jag redan ett nam men var inte alls glad i det, Saken hette jag. Saken&#8230; var jag inte mer \u00e4n s\u00e5? Mitt f\u00f6r alltid hem adopterade mig i februari 2020 och d\u00e5 fick jag det nya namnet Lilly. Det \u00e4r s\u00e5 vackert och jag trivs b\u00e4ttre med det. Till en b\u00f6rjan var jag v\u00e4ldigt f\u00f6rsiktig i nya hemmet och i m\u00f6tet med familjen. Idag \u00e4r jag en v\u00e4ldigt s\u00e4ker och lugn katt med alla i hela familjen. De s\u00e4ger att jag \u00e4r en mysig liten tjej, det st\u00e4mmer, jag gillar gos! \u00c4lskar att sova i soffan och s\u00e4ngen med min matte.<\/p>\n\n\n\n<ul class=\"wp-block-gallery columns-2 is-cropped wp-block-gallery-1 is-layout-flex wp-block-gallery-is-layout-flex\"><li class=\"blocks-gallery-item\"><figure><img loading=\"lazy\" decoding=\"async\" width=\"576\" height=\"1024\" src=\"https:\/\/www.djurskyddet.se\/kattfotenhalmstad\/wp-content\/uploads\/sites\/35\/2020\/07\/Saken-Lilly-4-1-576x1024.jpg\" alt=\"\" data-id=\"10321\" data-link=\"https:\/\/www.djurskyddet.se\/kattfotenhalmstad\/?attachment_id=10321\" class=\"wp-image-10321\" srcset=\"https:\/\/www.djurskyddet.se\/kattfotenhalmstad\/wp-content\/uploads\/sites\/35\/2020\/07\/Saken-Lilly-4-1-576x1024.jpg 576w, https:\/\/www.djurskyddet.se\/kattfotenhalmstad\/wp-content\/uploads\/sites\/35\/2020\/07\/Saken-Lilly-4-1-169x300.jpg 169w, https:\/\/www.djurskyddet.se\/kattfotenhalmstad\/wp-content\/uploads\/sites\/35\/2020\/07\/Saken-Lilly-4-1-400x711.jpg 400w, https:\/\/www.djurskyddet.se\/kattfotenhalmstad\/wp-content\/uploads\/sites\/35\/2020\/07\/Saken-Lilly-4-1.jpg 750w\" sizes=\"auto, (max-width: 576px) 100vw, 576px\" \/><\/figure><\/li><li class=\"blocks-gallery-item\"><figure><img loading=\"lazy\" decoding=\"async\" width=\"576\" height=\"1024\" src=\"https:\/\/www.djurskyddet.se\/kattfotenhalmstad\/wp-content\/uploads\/sites\/35\/2020\/07\/Saken-Lilly-5-576x1024.jpg\" alt=\"\" data-id=\"10322\" data-link=\"https:\/\/www.djurskyddet.se\/kattfotenhalmstad\/?attachment_id=10322\" class=\"wp-image-10322\" srcset=\"https:\/\/www.djurskyddet.se\/kattfotenhalmstad\/wp-content\/uploads\/sites\/35\/2020\/07\/Saken-Lilly-5-576x1024.jpg 576w, https:\/\/www.djurskyddet.se\/kattfotenhalmstad\/wp-content\/uploads\/sites\/35\/2020\/07\/Saken-Lilly-5-169x300.jpg 169w, https:\/\/www.djurskyddet.se\/kattfotenhalmstad\/wp-content\/uploads\/sites\/35\/2020\/07\/Saken-Lilly-5-400x711.jpg 400w, https:\/\/www.djurskyddet.se\/kattfotenhalmstad\/wp-content\/uploads\/sites\/35\/2020\/07\/Saken-Lilly-5.jpg 750w\" sizes=\"auto, (max-width: 576px) 100vw, 576px\" \/><\/figure><\/li><li class=\"blocks-gallery-item\"><figure><img loading=\"lazy\" decoding=\"async\" width=\"576\" height=\"1024\" src=\"https:\/\/www.djurskyddet.se\/kattfotenhalmstad\/wp-content\/uploads\/sites\/35\/2020\/07\/Saken-Lilly-6-576x1024.jpg\" alt=\"\" data-id=\"10323\" data-link=\"https:\/\/www.djurskyddet.se\/kattfotenhalmstad\/?attachment_id=10323\" class=\"wp-image-10323\" srcset=\"https:\/\/www.djurskyddet.se\/kattfotenhalmstad\/wp-content\/uploads\/sites\/35\/2020\/07\/Saken-Lilly-6-576x1024.jpg 576w, https:\/\/www.djurskyddet.se\/kattfotenhalmstad\/wp-content\/uploads\/sites\/35\/2020\/07\/Saken-Lilly-6-169x300.jpg 169w, https:\/\/www.djurskyddet.se\/kattfotenhalmstad\/wp-content\/uploads\/sites\/35\/2020\/07\/Saken-Lilly-6-768x1365.jpg 768w, https:\/\/www.djurskyddet.se\/kattfotenhalmstad\/wp-content\/uploads\/sites\/35\/2020\/07\/Saken-Lilly-6-400x711.jpg 400w, https:\/\/www.djurskyddet.se\/kattfotenhalmstad\/wp-content\/uploads\/sites\/35\/2020\/07\/Saken-Lilly-6.jpg 864w\" sizes=\"auto, (max-width: 576px) 100vw, 576px\" \/><\/figure><\/li><\/ul>\n\n\n\n<ul class=\"wp-block-gallery columns-2 is-cropped wp-block-gallery-2 is-layout-flex wp-block-gallery-is-layout-flex\"><li class=\"blocks-gallery-item\"><figure><img loading=\"lazy\" decoding=\"async\" width=\"450\" height=\"800\" src=\"https:\/\/www.djurskyddet.se\/kattfotenhalmstad\/wp-content\/uploads\/sites\/35\/2020\/07\/Saken-Lilly-2.jpg\" alt=\"\" data-id=\"10319\" data-link=\"https:\/\/www.djurskyddet.se\/kattfotenhalmstad\/?attachment_id=10319\" class=\"wp-image-10319\" srcset=\"https:\/\/www.djurskyddet.se\/kattfotenhalmstad\/wp-content\/uploads\/sites\/35\/2020\/07\/Saken-Lilly-2.jpg 450w, https:\/\/www.djurskyddet.se\/kattfotenhalmstad\/wp-content\/uploads\/sites\/35\/2020\/07\/Saken-Lilly-2-169x300.jpg 169w, https:\/\/www.djurskyddet.se\/kattfotenhalmstad\/wp-content\/uploads\/sites\/35\/2020\/07\/Saken-Lilly-2-400x711.jpg 400w\" sizes=\"auto, (max-width: 450px) 100vw, 450px\" \/><\/figure><\/li><li class=\"blocks-gallery-item\"><figure><img loading=\"lazy\" decoding=\"async\" width=\"450\" height=\"800\" src=\"https:\/\/www.djurskyddet.se\/kattfotenhalmstad\/wp-content\/uploads\/sites\/35\/2020\/07\/Saken-Lilly-3.jpg\" alt=\"\" data-id=\"10320\" data-link=\"https:\/\/www.djurskyddet.se\/kattfotenhalmstad\/?attachment_id=10320\" class=\"wp-image-10320\" srcset=\"https:\/\/www.djurskyddet.se\/kattfotenhalmstad\/wp-content\/uploads\/sites\/35\/2020\/07\/Saken-Lilly-3.jpg 450w, https:\/\/www.djurskyddet.se\/kattfotenhalmstad\/wp-content\/uploads\/sites\/35\/2020\/07\/Saken-Lilly-3-169x300.jpg 169w, https:\/\/www.djurskyddet.se\/kattfotenhalmstad\/wp-content\/uploads\/sites\/35\/2020\/07\/Saken-Lilly-3-400x711.jpg 400w\" sizes=\"auto, (max-width: 450px) 100vw, 450px\" \/><\/figure><\/li><li class=\"blocks-gallery-item\"><figure><img loading=\"lazy\" decoding=\"async\" width=\"450\" height=\"800\" src=\"https:\/\/www.djurskyddet.se\/kattfotenhalmstad\/wp-content\/uploads\/sites\/35\/2020\/07\/Saken-Lilly-1.jpg\" alt=\"\" data-id=\"10318\" data-link=\"https:\/\/www.djurskyddet.se\/kattfotenhalmstad\/?attachment_id=10318\" class=\"wp-image-10318\" srcset=\"https:\/\/www.djurskyddet.se\/kattfotenhalmstad\/wp-content\/uploads\/sites\/35\/2020\/07\/Saken-Lilly-1.jpg 450w, https:\/\/www.djurskyddet.se\/kattfotenhalmstad\/wp-content\/uploads\/sites\/35\/2020\/07\/Saken-Lilly-1-169x300.jpg 169w, https:\/\/www.djurskyddet.se\/kattfotenhalmstad\/wp-content\/uploads\/sites\/35\/2020\/07\/Saken-Lilly-1-400x711.jpg 400w\" sizes=\"auto, (max-width: 450px) 100vw, 450px\" \/><\/figure><\/li><\/ul>\n","protected":false},"excerpt":{"rendered":"<p>Katthemmet tog emot mig, min mamma och syster, d\u00e5 hade jag redan ett nam men var inte alls glad i det, Saken hette jag. Saken&#8230; var jag inte mer \u00e4n s\u00e5? Mitt f\u00f6r alltid hem adopterade mig i februari 2020 och d\u00e5 fick jag det nya namnet Lilly. Det \u00e4r s\u00e5 vackert och jag trivs b\u00e4ttre med det. Till en b\u00f6rjan var jag v\u00e4ldigt f\u00f6rsiktig i nya hemmet och i&hellip;<\/p>\n<p><a class=\"more-link\" href=\"https:\/\/www.djurskyddet.se\/kattfotenhalmstad\/lyckligt-slut-2\/adopterade-katter-2020\/lilly\/\" title=\"Continue reading &lsquo;Lilly&rsquo;\">L&auml;s mer<span class=\"meta-nav\">&raquo;<\/span><\/a><\/p>\n","protected":false},"author":36,"featured_media":0,"parent":8754,"menu_order":0,"comment_status":"closed","ping_status":"closed","template":"page-templates\/left-sidebar20200507.php","meta":{"_acf_changed":false,"footnotes":""},"class_list":["post-10316","page","type-page","status-publish","hentry"],"acf":[],"_links":{"self":[{"href":"https:\/\/www.djurskyddet.se\/kattfotenhalmstad\/wp-json\/wp\/v2\/pages\/10316","targetHints":{"allow":["GET"]}}],"collection":[{"href":"https:\/\/www.djurskyddet.se\/kattfotenhalmstad\/wp-json\/wp\/v2\/pages"}],"about":[{"href":"https:\/\/www.djurskyddet.se\/kattfotenhalmstad\/wp-json\/wp\/v2\/types\/page"}],"author":[{"embeddable":true,"href":"https:\/\/www.djurskyddet.se\/kattfotenhalmstad\/wp-json\/wp\/v2\/users\/36"}],"replies":[{"embeddable":true,"href":"https:\/\/www.djurskyddet.se\/kattfotenhalmstad\/wp-json\/wp\/v2\/comments?post=10316"}],"version-history":[{"count":1,"href":"https:\/\/www.djurskyddet.se\/kattfotenhalmstad\/wp-json\/wp\/v2\/pages\/10316\/revisions"}],"predecessor-version":[{"id":10324,"href":"https:\/\/www.djurskyddet.se\/kattfotenhalmstad\/wp-json\/wp\/v2\/pages\/10316\/revisions\/10324"}],"up":[{"embeddable":true,"href":"https:\/\/www.djurskyddet.se\/kattfotenhalmstad\/wp-json\/wp\/v2\/pages\/8754"}],"wp:attachment":[{"href":"https:\/\/www.djurskyddet.se\/kattfotenhalmstad\/wp-json\/wp\/v2\/media?parent=10316"}],"curies":[{"name":"wp","href":"https:\/\/api.w.org\/{rel}","templated":true}]}}