{"id":10343,"date":"2020-07-09T13:33:55","date_gmt":"2020-07-09T13:33:55","guid":{"rendered":"https:\/\/www.djurskyddet.se\/kattfotenhalmstad\/?page_id=10343"},"modified":"2020-07-09T13:36:42","modified_gmt":"2020-07-09T13:36:42","slug":"olle","status":"publish","type":"page","link":"https:\/\/www.djurskyddet.se\/kattfotenhalmstad\/lyckligt-slut-2\/adopterade-katter-2012\/olle\/","title":{"rendered":"Olle"},"content":{"rendered":"\n<p>H\u00e4r \u00e4r jag, Olle som jag numera heter. P\u00e5 katthemmet hette jag BushBush. \u00c5r 2012 fick jag \u00e4ntligen flytta till mitt f\u00f6r alltid hem. Jag lever ett gott liv b\u00e5de inne och ute, jag \u00e4lskar utelivet! \u00c5r 2015 flyttade vi fr\u00e5n innerstan och d\u00e5 fick jag b\u00f6rja utforska livet utomhus och h\u00e4r k\u00e4nner jag mig hemma. Jag \u00e4r kungen p\u00e5 gatan ute i Harplinge!<\/p>\n\n\n\n<div class=\"wp-block-image\"><figure class=\"aligncenter\"><img loading=\"lazy\" decoding=\"async\" width=\"405\" height=\"407\" src=\"https:\/\/www.djurskyddet.se\/kattfotenhalmstad\/wp-content\/uploads\/sites\/35\/2020\/07\/BushBush-Olle-1.jpg\" alt=\"\" class=\"wp-image-10344\" srcset=\"https:\/\/www.djurskyddet.se\/kattfotenhalmstad\/wp-content\/uploads\/sites\/35\/2020\/07\/BushBush-Olle-1.jpg 405w, https:\/\/www.djurskyddet.se\/kattfotenhalmstad\/wp-content\/uploads\/sites\/35\/2020\/07\/BushBush-Olle-1-150x150.jpg 150w, https:\/\/www.djurskyddet.se\/kattfotenhalmstad\/wp-content\/uploads\/sites\/35\/2020\/07\/BushBush-Olle-1-300x300.jpg 300w, https:\/\/www.djurskyddet.se\/kattfotenhalmstad\/wp-content\/uploads\/sites\/35\/2020\/07\/BushBush-Olle-1-400x402.jpg 400w\" sizes=\"auto, (max-width: 405px) 100vw, 405px\" \/><\/figure><\/div>\n\n\n\n<div class=\"wp-block-image\"><figure class=\"aligncenter\"><img loading=\"lazy\" decoding=\"async\" width=\"405\" height=\"393\" src=\"https:\/\/www.djurskyddet.se\/kattfotenhalmstad\/wp-content\/uploads\/sites\/35\/2020\/07\/BushBush-Olle-2.jpg\" alt=\"\" class=\"wp-image-10345\" srcset=\"https:\/\/www.djurskyddet.se\/kattfotenhalmstad\/wp-content\/uploads\/sites\/35\/2020\/07\/BushBush-Olle-2.jpg 405w, https:\/\/www.djurskyddet.se\/kattfotenhalmstad\/wp-content\/uploads\/sites\/35\/2020\/07\/BushBush-Olle-2-300x291.jpg 300w, https:\/\/www.djurskyddet.se\/kattfotenhalmstad\/wp-content\/uploads\/sites\/35\/2020\/07\/BushBush-Olle-2-400x388.jpg 400w\" sizes=\"auto, (max-width: 405px) 100vw, 405px\" \/><\/figure><\/div>\n","protected":false},"excerpt":{"rendered":"<p>H\u00e4r \u00e4r jag, Olle som jag numera heter. P\u00e5 katthemmet hette jag BushBush. \u00c5r 2012 fick jag \u00e4ntligen flytta till mitt f\u00f6r alltid hem. Jag lever ett gott liv b\u00e5de inne och ute, jag \u00e4lskar utelivet! \u00c5r 2015 flyttade vi fr\u00e5n innerstan och d\u00e5 fick jag b\u00f6rja utforska livet utomhus och h\u00e4r k\u00e4nner jag mig hemma. Jag \u00e4r kungen p\u00e5 gatan ute i Harplinge!<\/p>\n","protected":false},"author":36,"featured_media":0,"parent":8772,"menu_order":0,"comment_status":"closed","ping_status":"closed","template":"page-templates\/left-sidebar20200507.php","meta":{"_acf_changed":false,"footnotes":""},"class_list":["post-10343","page","type-page","status-publish","hentry"],"acf":[],"_links":{"self":[{"href":"https:\/\/www.djurskyddet.se\/kattfotenhalmstad\/wp-json\/wp\/v2\/pages\/10343","targetHints":{"allow":["GET"]}}],"collection":[{"href":"https:\/\/www.djurskyddet.se\/kattfotenhalmstad\/wp-json\/wp\/v2\/pages"}],"about":[{"href":"https:\/\/www.djurskyddet.se\/kattfotenhalmstad\/wp-json\/wp\/v2\/types\/page"}],"author":[{"embeddable":true,"href":"https:\/\/www.djurskyddet.se\/kattfotenhalmstad\/wp-json\/wp\/v2\/users\/36"}],"replies":[{"embeddable":true,"href":"https:\/\/www.djurskyddet.se\/kattfotenhalmstad\/wp-json\/wp\/v2\/comments?post=10343"}],"version-history":[{"count":2,"href":"https:\/\/www.djurskyddet.se\/kattfotenhalmstad\/wp-json\/wp\/v2\/pages\/10343\/revisions"}],"predecessor-version":[{"id":10350,"href":"https:\/\/www.djurskyddet.se\/kattfotenhalmstad\/wp-json\/wp\/v2\/pages\/10343\/revisions\/10350"}],"up":[{"embeddable":true,"href":"https:\/\/www.djurskyddet.se\/kattfotenhalmstad\/wp-json\/wp\/v2\/pages\/8772"}],"wp:attachment":[{"href":"https:\/\/www.djurskyddet.se\/kattfotenhalmstad\/wp-json\/wp\/v2\/media?parent=10343"}],"curies":[{"name":"wp","href":"https:\/\/api.w.org\/{rel}","templated":true}]}}