{"id":10375,"date":"2020-07-10T16:13:15","date_gmt":"2020-07-10T16:13:15","guid":{"rendered":"https:\/\/www.djurskyddet.se\/kattfotenhalmstad\/?page_id=10375"},"modified":"2020-07-10T16:18:09","modified_gmt":"2020-07-10T16:18:09","slug":"zelda","status":"publish","type":"page","link":"https:\/\/www.djurskyddet.se\/kattfotenhalmstad\/adopterade-katter-2019\/zelda\/","title":{"rendered":"Zelda"},"content":{"rendered":"\n<p>Min familj beskriver mig som en otroligt k\u00e4rleksfull katt! Jag \u00e4lskar att kela och vill g\u00e4rna vara med d\u00e4r de \u00e4r. N\u00e5got annat jag tycker om \u00e4r bus och fart samt att vara ute. I b\u00f6rjan var jag blyg mot familjens lilla son, men \u00e4ven mot g\u00e4ster som kom p\u00e5 bes\u00f6k. Nu \u00e4r jag helt oblyg och vill gosa massvis med den lilla tv\u00e5benta!<\/p>\n\n\n\n<div class=\"wp-block-image\"><figure class=\"aligncenter\"><img loading=\"lazy\" decoding=\"async\" width=\"280\" height=\"280\" src=\"https:\/\/www.djurskyddet.se\/kattfotenhalmstad\/wp-content\/uploads\/sites\/35\/2020\/07\/Zelda-1.jpg\" alt=\"\" class=\"wp-image-10380\" srcset=\"https:\/\/www.djurskyddet.se\/kattfotenhalmstad\/wp-content\/uploads\/sites\/35\/2020\/07\/Zelda-1.jpg 280w, https:\/\/www.djurskyddet.se\/kattfotenhalmstad\/wp-content\/uploads\/sites\/35\/2020\/07\/Zelda-1-150x150.jpg 150w\" sizes=\"auto, (max-width: 280px) 100vw, 280px\" \/><\/figure><\/div>\n\n\n\n<div class=\"wp-block-image\"><figure class=\"aligncenter\"><img loading=\"lazy\" decoding=\"async\" width=\"280\" height=\"339\" src=\"https:\/\/www.djurskyddet.se\/kattfotenhalmstad\/wp-content\/uploads\/sites\/35\/2020\/07\/Zelda-2-1.jpg\" alt=\"\" class=\"wp-image-10381\" srcset=\"https:\/\/www.djurskyddet.se\/kattfotenhalmstad\/wp-content\/uploads\/sites\/35\/2020\/07\/Zelda-2-1.jpg 280w, https:\/\/www.djurskyddet.se\/kattfotenhalmstad\/wp-content\/uploads\/sites\/35\/2020\/07\/Zelda-2-1-248x300.jpg 248w\" sizes=\"auto, (max-width: 280px) 100vw, 280px\" \/><\/figure><\/div>\n","protected":false},"excerpt":{"rendered":"<p>Min familj beskriver mig som en otroligt k\u00e4rleksfull katt! Jag \u00e4lskar att kela och vill g\u00e4rna vara med d\u00e4r de \u00e4r. N\u00e5got annat jag tycker om \u00e4r bus och fart samt att vara ute. I b\u00f6rjan var jag blyg mot familjens lilla son, men \u00e4ven mot g\u00e4ster som kom p\u00e5 bes\u00f6k. Nu \u00e4r jag helt oblyg och vill gosa massvis med den lilla tv\u00e5benta!<\/p>\n","protected":false},"author":36,"featured_media":0,"parent":8687,"menu_order":0,"comment_status":"closed","ping_status":"closed","template":"page-templates\/left-sidebar20200507.php","meta":{"_acf_changed":false,"footnotes":""},"class_list":["post-10375","page","type-page","status-publish","hentry"],"acf":[],"_links":{"self":[{"href":"https:\/\/www.djurskyddet.se\/kattfotenhalmstad\/wp-json\/wp\/v2\/pages\/10375","targetHints":{"allow":["GET"]}}],"collection":[{"href":"https:\/\/www.djurskyddet.se\/kattfotenhalmstad\/wp-json\/wp\/v2\/pages"}],"about":[{"href":"https:\/\/www.djurskyddet.se\/kattfotenhalmstad\/wp-json\/wp\/v2\/types\/page"}],"author":[{"embeddable":true,"href":"https:\/\/www.djurskyddet.se\/kattfotenhalmstad\/wp-json\/wp\/v2\/users\/36"}],"replies":[{"embeddable":true,"href":"https:\/\/www.djurskyddet.se\/kattfotenhalmstad\/wp-json\/wp\/v2\/comments?post=10375"}],"version-history":[{"count":2,"href":"https:\/\/www.djurskyddet.se\/kattfotenhalmstad\/wp-json\/wp\/v2\/pages\/10375\/revisions"}],"predecessor-version":[{"id":10382,"href":"https:\/\/www.djurskyddet.se\/kattfotenhalmstad\/wp-json\/wp\/v2\/pages\/10375\/revisions\/10382"}],"up":[{"embeddable":true,"href":"https:\/\/www.djurskyddet.se\/kattfotenhalmstad\/wp-json\/wp\/v2\/pages\/8687"}],"wp:attachment":[{"href":"https:\/\/www.djurskyddet.se\/kattfotenhalmstad\/wp-json\/wp\/v2\/media?parent=10375"}],"curies":[{"name":"wp","href":"https:\/\/api.w.org\/{rel}","templated":true}]}}