{"id":10384,"date":"2020-07-10T17:07:31","date_gmt":"2020-07-10T17:07:31","guid":{"rendered":"https:\/\/www.djurskyddet.se\/kattfotenhalmstad\/?page_id=10384"},"modified":"2020-07-10T17:09:21","modified_gmt":"2020-07-10T17:09:21","slug":"rambo","status":"publish","type":"page","link":"https:\/\/www.djurskyddet.se\/kattfotenhalmstad\/lyckligt-slut-2\/adopterade-katter-2014\/rambo\/","title":{"rendered":"Rambo"},"content":{"rendered":"\n<p>\u00c5r 2014 adopterades jag fr\u00e5n Kattfoten, d\u00e4r gick jag under namnet Milo. Numera lyssnar jag till Rambo. Jag bor p\u00e5 Nissanstrand tillsammans med tv\u00e5 \u00e4ldre damer som \u00e4ven de \u00e4r adopterade, fr\u00e5n Helsingborg. Jag \u00e4lskar livet och vardagen! <\/p>\n\n\n\n<ul class=\"wp-block-gallery columns-2 is-cropped wp-block-gallery-1 is-layout-flex wp-block-gallery-is-layout-flex\"><li class=\"blocks-gallery-item\"><figure><img loading=\"lazy\" decoding=\"async\" width=\"280\" height=\"498\" src=\"https:\/\/www.djurskyddet.se\/kattfotenhalmstad\/wp-content\/uploads\/sites\/35\/2020\/07\/Rambo-1.jpg\" alt=\"\" data-id=\"10386\" data-link=\"https:\/\/www.djurskyddet.se\/kattfotenhalmstad\/?attachment_id=10386\" class=\"wp-image-10386\" srcset=\"https:\/\/www.djurskyddet.se\/kattfotenhalmstad\/wp-content\/uploads\/sites\/35\/2020\/07\/Rambo-1.jpg 280w, https:\/\/www.djurskyddet.se\/kattfotenhalmstad\/wp-content\/uploads\/sites\/35\/2020\/07\/Rambo-1-169x300.jpg 169w\" sizes=\"auto, (max-width: 280px) 100vw, 280px\" \/><\/figure><\/li><li class=\"blocks-gallery-item\"><figure><img loading=\"lazy\" decoding=\"async\" width=\"280\" height=\"373\" src=\"https:\/\/www.djurskyddet.se\/kattfotenhalmstad\/wp-content\/uploads\/sites\/35\/2020\/07\/Rambo-2-1.jpg\" alt=\"\" data-id=\"10387\" data-link=\"https:\/\/www.djurskyddet.se\/kattfotenhalmstad\/?attachment_id=10387\" class=\"wp-image-10387\" srcset=\"https:\/\/www.djurskyddet.se\/kattfotenhalmstad\/wp-content\/uploads\/sites\/35\/2020\/07\/Rambo-2-1.jpg 280w, https:\/\/www.djurskyddet.se\/kattfotenhalmstad\/wp-content\/uploads\/sites\/35\/2020\/07\/Rambo-2-1-225x300.jpg 225w\" sizes=\"auto, (max-width: 280px) 100vw, 280px\" \/><\/figure><\/li><li class=\"blocks-gallery-item\"><figure><img loading=\"lazy\" decoding=\"async\" width=\"280\" height=\"498\" src=\"https:\/\/www.djurskyddet.se\/kattfotenhalmstad\/wp-content\/uploads\/sites\/35\/2020\/07\/Rambo-3.jpg\" alt=\"\" data-id=\"10388\" data-link=\"https:\/\/www.djurskyddet.se\/kattfotenhalmstad\/?attachment_id=10388\" class=\"wp-image-10388\" srcset=\"https:\/\/www.djurskyddet.se\/kattfotenhalmstad\/wp-content\/uploads\/sites\/35\/2020\/07\/Rambo-3.jpg 280w, https:\/\/www.djurskyddet.se\/kattfotenhalmstad\/wp-content\/uploads\/sites\/35\/2020\/07\/Rambo-3-169x300.jpg 169w\" sizes=\"auto, (max-width: 280px) 100vw, 280px\" \/><\/figure><\/li><\/ul>\n","protected":false},"excerpt":{"rendered":"<p>\u00c5r 2014 adopterades jag fr\u00e5n Kattfoten, d\u00e4r gick jag under namnet Milo. Numera lyssnar jag till Rambo. Jag bor p\u00e5 Nissanstrand tillsammans med tv\u00e5 \u00e4ldre damer som \u00e4ven de \u00e4r adopterade, fr\u00e5n Helsingborg. Jag \u00e4lskar livet och vardagen!<\/p>\n","protected":false},"author":36,"featured_media":0,"parent":8770,"menu_order":0,"comment_status":"closed","ping_status":"closed","template":"page-templates\/left-sidebar20200507.php","meta":{"_acf_changed":false,"footnotes":""},"class_list":["post-10384","page","type-page","status-publish","hentry"],"acf":[],"_links":{"self":[{"href":"https:\/\/www.djurskyddet.se\/kattfotenhalmstad\/wp-json\/wp\/v2\/pages\/10384","targetHints":{"allow":["GET"]}}],"collection":[{"href":"https:\/\/www.djurskyddet.se\/kattfotenhalmstad\/wp-json\/wp\/v2\/pages"}],"about":[{"href":"https:\/\/www.djurskyddet.se\/kattfotenhalmstad\/wp-json\/wp\/v2\/types\/page"}],"author":[{"embeddable":true,"href":"https:\/\/www.djurskyddet.se\/kattfotenhalmstad\/wp-json\/wp\/v2\/users\/36"}],"replies":[{"embeddable":true,"href":"https:\/\/www.djurskyddet.se\/kattfotenhalmstad\/wp-json\/wp\/v2\/comments?post=10384"}],"version-history":[{"count":1,"href":"https:\/\/www.djurskyddet.se\/kattfotenhalmstad\/wp-json\/wp\/v2\/pages\/10384\/revisions"}],"predecessor-version":[{"id":10389,"href":"https:\/\/www.djurskyddet.se\/kattfotenhalmstad\/wp-json\/wp\/v2\/pages\/10384\/revisions\/10389"}],"up":[{"embeddable":true,"href":"https:\/\/www.djurskyddet.se\/kattfotenhalmstad\/wp-json\/wp\/v2\/pages\/8770"}],"wp:attachment":[{"href":"https:\/\/www.djurskyddet.se\/kattfotenhalmstad\/wp-json\/wp\/v2\/media?parent=10384"}],"curies":[{"name":"wp","href":"https:\/\/api.w.org\/{rel}","templated":true}]}}