{"id":10393,"date":"2020-07-10T17:16:52","date_gmt":"2020-07-10T17:16:52","guid":{"rendered":"https:\/\/www.djurskyddet.se\/kattfotenhalmstad\/?page_id=10393"},"modified":"2020-07-10T17:16:53","modified_gmt":"2020-07-10T17:16:53","slug":"mattis","status":"publish","type":"page","link":"https:\/\/www.djurskyddet.se\/kattfotenhalmstad\/lyckligt-slut-2\/adopterade-katter-2016\/mattis\/","title":{"rendered":"Mattis"},"content":{"rendered":"\n<p>P\u00e5 katthemmet k\u00e4nde man till mig som Holly, men idag heter jag Mattis och bor i Kristinehamn. En riktig sk\u00f6nhet, s\u00e4ger de. Jag adopterades tillsammans med min brorsa Kasper. Idag vilar han i katthimlen d\u00e5 han drabbades av FIP. Jag m\u00e5r dock alldeles utm\u00e4rkt h\u00e4r i V\u00e4rmland.<\/p>\n\n\n\n<div class=\"wp-block-image\"><figure class=\"aligncenter\"><img loading=\"lazy\" decoding=\"async\" width=\"280\" height=\"373\" src=\"https:\/\/www.djurskyddet.se\/kattfotenhalmstad\/wp-content\/uploads\/sites\/35\/2020\/07\/Mattis.jpg\" alt=\"\" class=\"wp-image-10394\" srcset=\"https:\/\/www.djurskyddet.se\/kattfotenhalmstad\/wp-content\/uploads\/sites\/35\/2020\/07\/Mattis.jpg 280w, https:\/\/www.djurskyddet.se\/kattfotenhalmstad\/wp-content\/uploads\/sites\/35\/2020\/07\/Mattis-225x300.jpg 225w\" sizes=\"auto, (max-width: 280px) 100vw, 280px\" \/><\/figure><\/div>\n","protected":false},"excerpt":{"rendered":"<p>P\u00e5 katthemmet k\u00e4nde man till mig som Holly, men idag heter jag Mattis och bor i Kristinehamn. En riktig sk\u00f6nhet, s\u00e4ger de. Jag adopterades tillsammans med min brorsa Kasper. Idag vilar han i katthimlen d\u00e5 han drabbades av FIP. Jag m\u00e5r dock alldeles utm\u00e4rkt h\u00e4r i V\u00e4rmland.<\/p>\n","protected":false},"author":36,"featured_media":0,"parent":8756,"menu_order":0,"comment_status":"closed","ping_status":"closed","template":"page-templates\/left-sidebar20200507.php","meta":{"_acf_changed":false,"footnotes":""},"class_list":["post-10393","page","type-page","status-publish","hentry"],"acf":[],"_links":{"self":[{"href":"https:\/\/www.djurskyddet.se\/kattfotenhalmstad\/wp-json\/wp\/v2\/pages\/10393","targetHints":{"allow":["GET"]}}],"collection":[{"href":"https:\/\/www.djurskyddet.se\/kattfotenhalmstad\/wp-json\/wp\/v2\/pages"}],"about":[{"href":"https:\/\/www.djurskyddet.se\/kattfotenhalmstad\/wp-json\/wp\/v2\/types\/page"}],"author":[{"embeddable":true,"href":"https:\/\/www.djurskyddet.se\/kattfotenhalmstad\/wp-json\/wp\/v2\/users\/36"}],"replies":[{"embeddable":true,"href":"https:\/\/www.djurskyddet.se\/kattfotenhalmstad\/wp-json\/wp\/v2\/comments?post=10393"}],"version-history":[{"count":1,"href":"https:\/\/www.djurskyddet.se\/kattfotenhalmstad\/wp-json\/wp\/v2\/pages\/10393\/revisions"}],"predecessor-version":[{"id":10395,"href":"https:\/\/www.djurskyddet.se\/kattfotenhalmstad\/wp-json\/wp\/v2\/pages\/10393\/revisions\/10395"}],"up":[{"embeddable":true,"href":"https:\/\/www.djurskyddet.se\/kattfotenhalmstad\/wp-json\/wp\/v2\/pages\/8756"}],"wp:attachment":[{"href":"https:\/\/www.djurskyddet.se\/kattfotenhalmstad\/wp-json\/wp\/v2\/media?parent=10393"}],"curies":[{"name":"wp","href":"https:\/\/api.w.org\/{rel}","templated":true}]}}