{"id":10925,"date":"2020-08-25T18:43:20","date_gmt":"2020-08-25T18:43:20","guid":{"rendered":"https:\/\/www.djurskyddet.se\/kattfotenhalmstad\/?page_id=10925"},"modified":"2020-08-25T18:44:46","modified_gmt":"2020-08-25T18:44:46","slug":"abbe-och-alvin","status":"publish","type":"page","link":"https:\/\/www.djurskyddet.se\/kattfotenhalmstad\/lyckligt-slut-2\/adopterade-katter-2020\/abbe-och-alvin\/","title":{"rendered":"\u00c4bbe och \u00c4lvin"},"content":{"rendered":"\n<p>Vi har funnit oss tillr\u00e4tta i v\u00e5rt nya hem. P\u00e5 katthemmet hette vi \u00c4lvin och \u00c4rlig, jag beh\u00f6ll mitt namn medan \u00c4rlig fick det nya namnet \u00c4bbe. Vi \u00e4r nyfikna och keliga. Jag gillar att sitta p\u00e5 altanen och titta p\u00e5 grankatterna. Att jaga spindlar \u00e4r med kul! \u00c4bbe gillar att ta tupplurer och gosa. <\/p>\n\n\n\n<ul class=\"wp-block-gallery columns-2 is-cropped wp-block-gallery-1 is-layout-flex wp-block-gallery-is-layout-flex\"><li class=\"blocks-gallery-item\"><figure><a href=\"https:\/\/www.djurskyddet.se\/kattfotenhalmstad\/?attachment_id=10926\"><img loading=\"lazy\" decoding=\"async\" width=\"360\" height=\"480\" src=\"https:\/\/www.djurskyddet.se\/kattfotenhalmstad\/wp-content\/uploads\/sites\/35\/2020\/08\/\u00c4bbe-och-\u00c4lvin-1.jpg\" alt=\"\" data-id=\"10926\" data-link=\"https:\/\/www.djurskyddet.se\/kattfotenhalmstad\/?attachment_id=10926\" class=\"wp-image-10926\" srcset=\"https:\/\/www.djurskyddet.se\/kattfotenhalmstad\/wp-content\/uploads\/sites\/35\/2020\/08\/\u00c4bbe-och-\u00c4lvin-1.jpg 360w, https:\/\/www.djurskyddet.se\/kattfotenhalmstad\/wp-content\/uploads\/sites\/35\/2020\/08\/\u00c4bbe-och-\u00c4lvin-1-225x300.jpg 225w\" sizes=\"auto, (max-width: 360px) 100vw, 360px\" \/><\/a><\/figure><\/li><li class=\"blocks-gallery-item\"><figure><a href=\"https:\/\/www.djurskyddet.se\/kattfotenhalmstad\/?attachment_id=10927\"><img loading=\"lazy\" decoding=\"async\" width=\"360\" height=\"480\" src=\"https:\/\/www.djurskyddet.se\/kattfotenhalmstad\/wp-content\/uploads\/sites\/35\/2020\/08\/\u00c4lvin-1.jpg\" alt=\"\" data-id=\"10927\" data-link=\"https:\/\/www.djurskyddet.se\/kattfotenhalmstad\/?attachment_id=10927\" class=\"wp-image-10927\" srcset=\"https:\/\/www.djurskyddet.se\/kattfotenhalmstad\/wp-content\/uploads\/sites\/35\/2020\/08\/\u00c4lvin-1.jpg 360w, https:\/\/www.djurskyddet.se\/kattfotenhalmstad\/wp-content\/uploads\/sites\/35\/2020\/08\/\u00c4lvin-1-225x300.jpg 225w\" sizes=\"auto, (max-width: 360px) 100vw, 360px\" \/><\/a><\/figure><\/li><li class=\"blocks-gallery-item\"><figure><a href=\"https:\/\/www.djurskyddet.se\/kattfotenhalmstad\/?attachment_id=10928\"><img loading=\"lazy\" decoding=\"async\" width=\"360\" height=\"480\" src=\"https:\/\/www.djurskyddet.se\/kattfotenhalmstad\/wp-content\/uploads\/sites\/35\/2020\/08\/\u00c4lvin-2.jpg\" alt=\"\" data-id=\"10928\" data-link=\"https:\/\/www.djurskyddet.se\/kattfotenhalmstad\/?attachment_id=10928\" class=\"wp-image-10928\" srcset=\"https:\/\/www.djurskyddet.se\/kattfotenhalmstad\/wp-content\/uploads\/sites\/35\/2020\/08\/\u00c4lvin-2.jpg 360w, https:\/\/www.djurskyddet.se\/kattfotenhalmstad\/wp-content\/uploads\/sites\/35\/2020\/08\/\u00c4lvin-2-225x300.jpg 225w\" sizes=\"auto, (max-width: 360px) 100vw, 360px\" \/><\/a><\/figure><\/li><li class=\"blocks-gallery-item\"><figure><a href=\"https:\/\/www.djurskyddet.se\/kattfotenhalmstad\/?attachment_id=10929\"><img loading=\"lazy\" decoding=\"async\" width=\"360\" height=\"480\" src=\"https:\/\/www.djurskyddet.se\/kattfotenhalmstad\/wp-content\/uploads\/sites\/35\/2020\/08\/\u00c4rlig-\u00c4bbe-1.jpg\" alt=\"\" data-id=\"10929\" data-link=\"https:\/\/www.djurskyddet.se\/kattfotenhalmstad\/?attachment_id=10929\" class=\"wp-image-10929\" srcset=\"https:\/\/www.djurskyddet.se\/kattfotenhalmstad\/wp-content\/uploads\/sites\/35\/2020\/08\/\u00c4rlig-\u00c4bbe-1.jpg 360w, https:\/\/www.djurskyddet.se\/kattfotenhalmstad\/wp-content\/uploads\/sites\/35\/2020\/08\/\u00c4rlig-\u00c4bbe-1-225x300.jpg 225w\" sizes=\"auto, (max-width: 360px) 100vw, 360px\" \/><\/a><\/figure><\/li><\/ul>\n","protected":false},"excerpt":{"rendered":"<p>Vi har funnit oss tillr\u00e4tta i v\u00e5rt nya hem. P\u00e5 katthemmet hette vi \u00c4lvin och \u00c4rlig, jag beh\u00f6ll mitt namn medan \u00c4rlig fick det nya namnet \u00c4bbe. Vi \u00e4r nyfikna och keliga. Jag gillar att sitta p\u00e5 altanen och titta p\u00e5 grankatterna. Att jaga spindlar \u00e4r med kul! \u00c4bbe gillar att ta tupplurer och gosa.<\/p>\n","protected":false},"author":36,"featured_media":0,"parent":8754,"menu_order":0,"comment_status":"closed","ping_status":"closed","template":"page-templates\/left-sidebar20200507.php","meta":{"_acf_changed":false,"footnotes":""},"class_list":["post-10925","page","type-page","status-publish","hentry"],"acf":[],"_links":{"self":[{"href":"https:\/\/www.djurskyddet.se\/kattfotenhalmstad\/wp-json\/wp\/v2\/pages\/10925","targetHints":{"allow":["GET"]}}],"collection":[{"href":"https:\/\/www.djurskyddet.se\/kattfotenhalmstad\/wp-json\/wp\/v2\/pages"}],"about":[{"href":"https:\/\/www.djurskyddet.se\/kattfotenhalmstad\/wp-json\/wp\/v2\/types\/page"}],"author":[{"embeddable":true,"href":"https:\/\/www.djurskyddet.se\/kattfotenhalmstad\/wp-json\/wp\/v2\/users\/36"}],"replies":[{"embeddable":true,"href":"https:\/\/www.djurskyddet.se\/kattfotenhalmstad\/wp-json\/wp\/v2\/comments?post=10925"}],"version-history":[{"count":2,"href":"https:\/\/www.djurskyddet.se\/kattfotenhalmstad\/wp-json\/wp\/v2\/pages\/10925\/revisions"}],"predecessor-version":[{"id":10932,"href":"https:\/\/www.djurskyddet.se\/kattfotenhalmstad\/wp-json\/wp\/v2\/pages\/10925\/revisions\/10932"}],"up":[{"embeddable":true,"href":"https:\/\/www.djurskyddet.se\/kattfotenhalmstad\/wp-json\/wp\/v2\/pages\/8754"}],"wp:attachment":[{"href":"https:\/\/www.djurskyddet.se\/kattfotenhalmstad\/wp-json\/wp\/v2\/media?parent=10925"}],"curies":[{"name":"wp","href":"https:\/\/api.w.org\/{rel}","templated":true}]}}