{"id":10935,"date":"2020-08-25T19:12:37","date_gmt":"2020-08-25T19:12:37","guid":{"rendered":"https:\/\/www.djurskyddet.se\/kattfotenhalmstad\/?page_id=10935"},"modified":"2020-08-25T19:12:38","modified_gmt":"2020-08-25T19:12:38","slug":"kalle","status":"publish","type":"page","link":"https:\/\/www.djurskyddet.se\/kattfotenhalmstad\/lyckligt-slut-2\/adopterade-katter-2020\/kalle\/","title":{"rendered":"Kalle"},"content":{"rendered":"\n<p>Mjau! Mitt namn \u00e4r Kalle och jag blev adopterad av mamma Emma och pappa Tim i juli, bor numera i F\u00f6rsl\u00f6v. I b\u00f6rjan var jag lite f\u00f6rsiktig, men nu \u00e4r jag lite vild och galen. Det b\u00e4sta jag vet \u00e4r att prata, mysa i soffan\/s\u00e4ngen och springa rally i trappan\/\u00e5ka p\u00e5 mammas matta. Jag har \u00e4ven ett nytt favoritgodis som \u00e4r Dreamies med ostsmak. P\u00e5 dagarna sover jag mest och vill mysa, p\u00e5 n\u00e4tterna \u00e4r det bus och \u00e4ventyr som g\u00e4ller! Kramar fr\u00e5n Kalle!<\/p>\n\n\n\n<ul class=\"wp-block-gallery columns-2 is-cropped wp-block-gallery-1 is-layout-flex wp-block-gallery-is-layout-flex\"><li class=\"blocks-gallery-item\"><figure><a href=\"https:\/\/www.djurskyddet.se\/kattfotenhalmstad\/?attachment_id=10936\"><img loading=\"lazy\" decoding=\"async\" width=\"280\" height=\"373\" src=\"https:\/\/www.djurskyddet.se\/kattfotenhalmstad\/wp-content\/uploads\/sites\/35\/2020\/08\/Kalle-1.jpg\" alt=\"\" data-id=\"10936\" data-link=\"https:\/\/www.djurskyddet.se\/kattfotenhalmstad\/?attachment_id=10936\" class=\"wp-image-10936\" srcset=\"https:\/\/www.djurskyddet.se\/kattfotenhalmstad\/wp-content\/uploads\/sites\/35\/2020\/08\/Kalle-1.jpg 280w, https:\/\/www.djurskyddet.se\/kattfotenhalmstad\/wp-content\/uploads\/sites\/35\/2020\/08\/Kalle-1-225x300.jpg 225w\" sizes=\"auto, (max-width: 280px) 100vw, 280px\" \/><\/a><\/figure><\/li><li class=\"blocks-gallery-item\"><figure><a href=\"https:\/\/www.djurskyddet.se\/kattfotenhalmstad\/?attachment_id=10937\"><img loading=\"lazy\" decoding=\"async\" width=\"280\" height=\"382\" src=\"https:\/\/www.djurskyddet.se\/kattfotenhalmstad\/wp-content\/uploads\/sites\/35\/2020\/08\/Kalle-2.jpg\" alt=\"\" data-id=\"10937\" data-link=\"https:\/\/www.djurskyddet.se\/kattfotenhalmstad\/?attachment_id=10937\" class=\"wp-image-10937\" srcset=\"https:\/\/www.djurskyddet.se\/kattfotenhalmstad\/wp-content\/uploads\/sites\/35\/2020\/08\/Kalle-2.jpg 280w, https:\/\/www.djurskyddet.se\/kattfotenhalmstad\/wp-content\/uploads\/sites\/35\/2020\/08\/Kalle-2-220x300.jpg 220w\" sizes=\"auto, (max-width: 280px) 100vw, 280px\" \/><\/a><\/figure><\/li><li class=\"blocks-gallery-item\"><figure><a href=\"https:\/\/www.djurskyddet.se\/kattfotenhalmstad\/?attachment_id=10938\"><img loading=\"lazy\" decoding=\"async\" width=\"250\" height=\"480\" src=\"https:\/\/www.djurskyddet.se\/kattfotenhalmstad\/wp-content\/uploads\/sites\/35\/2020\/08\/Kalle-3.jpg\" alt=\"\" data-id=\"10938\" data-link=\"https:\/\/www.djurskyddet.se\/kattfotenhalmstad\/?attachment_id=10938\" class=\"wp-image-10938\" srcset=\"https:\/\/www.djurskyddet.se\/kattfotenhalmstad\/wp-content\/uploads\/sites\/35\/2020\/08\/Kalle-3.jpg 250w, https:\/\/www.djurskyddet.se\/kattfotenhalmstad\/wp-content\/uploads\/sites\/35\/2020\/08\/Kalle-3-156x300.jpg 156w\" sizes=\"auto, (max-width: 250px) 100vw, 250px\" \/><\/a><\/figure><\/li><li class=\"blocks-gallery-item\"><figure><a href=\"https:\/\/www.djurskyddet.se\/kattfotenhalmstad\/?attachment_id=10939\"><img loading=\"lazy\" decoding=\"async\" width=\"250\" height=\"480\" src=\"https:\/\/www.djurskyddet.se\/kattfotenhalmstad\/wp-content\/uploads\/sites\/35\/2020\/08\/Kalle-4.jpg\" alt=\"\" data-id=\"10939\" data-link=\"https:\/\/www.djurskyddet.se\/kattfotenhalmstad\/?attachment_id=10939\" class=\"wp-image-10939\" srcset=\"https:\/\/www.djurskyddet.se\/kattfotenhalmstad\/wp-content\/uploads\/sites\/35\/2020\/08\/Kalle-4.jpg 250w, https:\/\/www.djurskyddet.se\/kattfotenhalmstad\/wp-content\/uploads\/sites\/35\/2020\/08\/Kalle-4-156x300.jpg 156w\" sizes=\"auto, (max-width: 250px) 100vw, 250px\" \/><\/a><\/figure><\/li><li class=\"blocks-gallery-item\"><figure><a href=\"https:\/\/www.djurskyddet.se\/kattfotenhalmstad\/?attachment_id=10940\"><img loading=\"lazy\" decoding=\"async\" width=\"280\" height=\"350\" src=\"https:\/\/www.djurskyddet.se\/kattfotenhalmstad\/wp-content\/uploads\/sites\/35\/2020\/08\/Kalle-5.jpg\" alt=\"\" data-id=\"10940\" data-link=\"https:\/\/www.djurskyddet.se\/kattfotenhalmstad\/?attachment_id=10940\" class=\"wp-image-10940\" srcset=\"https:\/\/www.djurskyddet.se\/kattfotenhalmstad\/wp-content\/uploads\/sites\/35\/2020\/08\/Kalle-5.jpg 280w, https:\/\/www.djurskyddet.se\/kattfotenhalmstad\/wp-content\/uploads\/sites\/35\/2020\/08\/Kalle-5-240x300.jpg 240w\" sizes=\"auto, (max-width: 280px) 100vw, 280px\" \/><\/a><\/figure><\/li><li class=\"blocks-gallery-item\"><figure><a href=\"https:\/\/www.djurskyddet.se\/kattfotenhalmstad\/?attachment_id=10941\"><img loading=\"lazy\" decoding=\"async\" width=\"250\" height=\"480\" src=\"https:\/\/www.djurskyddet.se\/kattfotenhalmstad\/wp-content\/uploads\/sites\/35\/2020\/08\/Kalle-6.jpg\" alt=\"\" data-id=\"10941\" data-link=\"https:\/\/www.djurskyddet.se\/kattfotenhalmstad\/?attachment_id=10941\" class=\"wp-image-10941\" srcset=\"https:\/\/www.djurskyddet.se\/kattfotenhalmstad\/wp-content\/uploads\/sites\/35\/2020\/08\/Kalle-6.jpg 250w, https:\/\/www.djurskyddet.se\/kattfotenhalmstad\/wp-content\/uploads\/sites\/35\/2020\/08\/Kalle-6-156x300.jpg 156w\" sizes=\"auto, (max-width: 250px) 100vw, 250px\" \/><\/a><\/figure><\/li><li class=\"blocks-gallery-item\"><figure><a href=\"https:\/\/www.djurskyddet.se\/kattfotenhalmstad\/?attachment_id=10942\"><img loading=\"lazy\" decoding=\"async\" width=\"250\" height=\"480\" src=\"https:\/\/www.djurskyddet.se\/kattfotenhalmstad\/wp-content\/uploads\/sites\/35\/2020\/08\/Kalle-7.jpg\" alt=\"\" data-id=\"10942\" data-link=\"https:\/\/www.djurskyddet.se\/kattfotenhalmstad\/?attachment_id=10942\" class=\"wp-image-10942\" srcset=\"https:\/\/www.djurskyddet.se\/kattfotenhalmstad\/wp-content\/uploads\/sites\/35\/2020\/08\/Kalle-7.jpg 250w, https:\/\/www.djurskyddet.se\/kattfotenhalmstad\/wp-content\/uploads\/sites\/35\/2020\/08\/Kalle-7-156x300.jpg 156w\" sizes=\"auto, (max-width: 250px) 100vw, 250px\" \/><\/a><\/figure><\/li><li class=\"blocks-gallery-item\"><figure><a href=\"https:\/\/www.djurskyddet.se\/kattfotenhalmstad\/?attachment_id=10943\"><img loading=\"lazy\" decoding=\"async\" width=\"250\" height=\"480\" src=\"https:\/\/www.djurskyddet.se\/kattfotenhalmstad\/wp-content\/uploads\/sites\/35\/2020\/08\/Kalle-8.jpg\" alt=\"\" data-id=\"10943\" data-link=\"https:\/\/www.djurskyddet.se\/kattfotenhalmstad\/?attachment_id=10943\" class=\"wp-image-10943\" srcset=\"https:\/\/www.djurskyddet.se\/kattfotenhalmstad\/wp-content\/uploads\/sites\/35\/2020\/08\/Kalle-8.jpg 250w, https:\/\/www.djurskyddet.se\/kattfotenhalmstad\/wp-content\/uploads\/sites\/35\/2020\/08\/Kalle-8-156x300.jpg 156w\" sizes=\"auto, (max-width: 250px) 100vw, 250px\" \/><\/a><\/figure><\/li><li class=\"blocks-gallery-item\"><figure><a href=\"https:\/\/www.djurskyddet.se\/kattfotenhalmstad\/?attachment_id=10944\"><img loading=\"lazy\" decoding=\"async\" width=\"280\" height=\"382\" src=\"https:\/\/www.djurskyddet.se\/kattfotenhalmstad\/wp-content\/uploads\/sites\/35\/2020\/08\/Kalle-9.jpg\" alt=\"\" data-id=\"10944\" data-link=\"https:\/\/www.djurskyddet.se\/kattfotenhalmstad\/?attachment_id=10944\" class=\"wp-image-10944\" srcset=\"https:\/\/www.djurskyddet.se\/kattfotenhalmstad\/wp-content\/uploads\/sites\/35\/2020\/08\/Kalle-9.jpg 280w, https:\/\/www.djurskyddet.se\/kattfotenhalmstad\/wp-content\/uploads\/sites\/35\/2020\/08\/Kalle-9-220x300.jpg 220w\" sizes=\"auto, (max-width: 280px) 100vw, 280px\" \/><\/a><\/figure><\/li><li class=\"blocks-gallery-item\"><figure><a href=\"https:\/\/www.djurskyddet.se\/kattfotenhalmstad\/?attachment_id=10945\"><img loading=\"lazy\" decoding=\"async\" width=\"280\" height=\"382\" src=\"https:\/\/www.djurskyddet.se\/kattfotenhalmstad\/wp-content\/uploads\/sites\/35\/2020\/08\/Kalle-10.jpg\" alt=\"\" data-id=\"10945\" data-link=\"https:\/\/www.djurskyddet.se\/kattfotenhalmstad\/?attachment_id=10945\" class=\"wp-image-10945\" srcset=\"https:\/\/www.djurskyddet.se\/kattfotenhalmstad\/wp-content\/uploads\/sites\/35\/2020\/08\/Kalle-10.jpg 280w, https:\/\/www.djurskyddet.se\/kattfotenhalmstad\/wp-content\/uploads\/sites\/35\/2020\/08\/Kalle-10-220x300.jpg 220w\" sizes=\"auto, (max-width: 280px) 100vw, 280px\" \/><\/a><\/figure><\/li><\/ul>\n","protected":false},"excerpt":{"rendered":"<p>Mjau! Mitt namn \u00e4r Kalle och jag blev adopterad av mamma Emma och pappa Tim i juli, bor numera i F\u00f6rsl\u00f6v. I b\u00f6rjan var jag lite f\u00f6rsiktig, men nu \u00e4r jag lite vild och galen. Det b\u00e4sta jag vet \u00e4r att prata, mysa i soffan\/s\u00e4ngen och springa rally i trappan\/\u00e5ka p\u00e5 mammas matta. Jag har \u00e4ven ett nytt favoritgodis som \u00e4r Dreamies med ostsmak. P\u00e5 dagarna sover jag mest och&hellip;<\/p>\n<p><a class=\"more-link\" href=\"https:\/\/www.djurskyddet.se\/kattfotenhalmstad\/lyckligt-slut-2\/adopterade-katter-2020\/kalle\/\" title=\"Continue reading &lsquo;Kalle&rsquo;\">L&auml;s mer<span class=\"meta-nav\">&raquo;<\/span><\/a><\/p>\n","protected":false},"author":36,"featured_media":0,"parent":8754,"menu_order":0,"comment_status":"closed","ping_status":"closed","template":"page-templates\/left-sidebar20200507.php","meta":{"_acf_changed":false,"footnotes":""},"class_list":["post-10935","page","type-page","status-publish","hentry"],"acf":[],"_links":{"self":[{"href":"https:\/\/www.djurskyddet.se\/kattfotenhalmstad\/wp-json\/wp\/v2\/pages\/10935","targetHints":{"allow":["GET"]}}],"collection":[{"href":"https:\/\/www.djurskyddet.se\/kattfotenhalmstad\/wp-json\/wp\/v2\/pages"}],"about":[{"href":"https:\/\/www.djurskyddet.se\/kattfotenhalmstad\/wp-json\/wp\/v2\/types\/page"}],"author":[{"embeddable":true,"href":"https:\/\/www.djurskyddet.se\/kattfotenhalmstad\/wp-json\/wp\/v2\/users\/36"}],"replies":[{"embeddable":true,"href":"https:\/\/www.djurskyddet.se\/kattfotenhalmstad\/wp-json\/wp\/v2\/comments?post=10935"}],"version-history":[{"count":1,"href":"https:\/\/www.djurskyddet.se\/kattfotenhalmstad\/wp-json\/wp\/v2\/pages\/10935\/revisions"}],"predecessor-version":[{"id":10946,"href":"https:\/\/www.djurskyddet.se\/kattfotenhalmstad\/wp-json\/wp\/v2\/pages\/10935\/revisions\/10946"}],"up":[{"embeddable":true,"href":"https:\/\/www.djurskyddet.se\/kattfotenhalmstad\/wp-json\/wp\/v2\/pages\/8754"}],"wp:attachment":[{"href":"https:\/\/www.djurskyddet.se\/kattfotenhalmstad\/wp-json\/wp\/v2\/media?parent=10935"}],"curies":[{"name":"wp","href":"https:\/\/api.w.org\/{rel}","templated":true}]}}