{"id":11050,"date":"2020-08-29T10:19:48","date_gmt":"2020-08-29T10:19:48","guid":{"rendered":"https:\/\/www.djurskyddet.se\/kattfotenhalmstad\/?page_id=11050"},"modified":"2020-08-29T10:19:49","modified_gmt":"2020-08-29T10:19:49","slug":"vega","status":"publish","type":"page","link":"https:\/\/www.djurskyddet.se\/kattfotenhalmstad\/adopterade-katter-2019\/vega\/","title":{"rendered":"Vega"},"content":{"rendered":"\n<p>H\u00e4r \u00e4r jag &#8211; Shiva hette jag f\u00f6rut, adopterades fr\u00e5n katthemmet f\u00f6rra \u00e5ret (2019). Idag heter jag Vega och bor i Kungsbacka och trivs s\u00e5 bra! Familjen beskriver mig som v\u00e4ldigt s\u00e4llskaplig och sn\u00e4ll, \u00e4lskar vattenlek (plask med tassen), kli p\u00e5 magen och gos p\u00e5 kv\u00e4llen. Och jag \u00c4LSKAR ostb\u00e5gar och \u00e4r v\u00e4ldigt pratglad, s\u00e4rskilt p\u00e5 natten och i gryningen.<\/p>\n\n\n\n<div class=\"wp-block-image\"><figure class=\"aligncenter\"><a href=\"https:\/\/www.djurskyddet.se\/kattfotenhalmstad\/?attachment_id=11051\"><img loading=\"lazy\" decoding=\"async\" width=\"480\" height=\"480\" src=\"https:\/\/www.djurskyddet.se\/kattfotenhalmstad\/wp-content\/uploads\/sites\/35\/2020\/08\/Vega-1.jpg\" alt=\"\" class=\"wp-image-11051\" srcset=\"https:\/\/www.djurskyddet.se\/kattfotenhalmstad\/wp-content\/uploads\/sites\/35\/2020\/08\/Vega-1.jpg 480w, https:\/\/www.djurskyddet.se\/kattfotenhalmstad\/wp-content\/uploads\/sites\/35\/2020\/08\/Vega-1-150x150.jpg 150w, https:\/\/www.djurskyddet.se\/kattfotenhalmstad\/wp-content\/uploads\/sites\/35\/2020\/08\/Vega-1-300x300.jpg 300w, https:\/\/www.djurskyddet.se\/kattfotenhalmstad\/wp-content\/uploads\/sites\/35\/2020\/08\/Vega-1-400x400.jpg 400w\" sizes=\"auto, (max-width: 480px) 100vw, 480px\" \/><\/a><\/figure><\/div>\n\n\n\n<div class=\"wp-block-image\"><figure class=\"aligncenter\"><a href=\"https:\/\/www.djurskyddet.se\/kattfotenhalmstad\/?attachment_id=11052\"><img loading=\"lazy\" decoding=\"async\" width=\"480\" height=\"480\" src=\"https:\/\/www.djurskyddet.se\/kattfotenhalmstad\/wp-content\/uploads\/sites\/35\/2020\/08\/Vega-2.jpg\" alt=\"\" class=\"wp-image-11052\" srcset=\"https:\/\/www.djurskyddet.se\/kattfotenhalmstad\/wp-content\/uploads\/sites\/35\/2020\/08\/Vega-2.jpg 480w, https:\/\/www.djurskyddet.se\/kattfotenhalmstad\/wp-content\/uploads\/sites\/35\/2020\/08\/Vega-2-150x150.jpg 150w, https:\/\/www.djurskyddet.se\/kattfotenhalmstad\/wp-content\/uploads\/sites\/35\/2020\/08\/Vega-2-300x300.jpg 300w, https:\/\/www.djurskyddet.se\/kattfotenhalmstad\/wp-content\/uploads\/sites\/35\/2020\/08\/Vega-2-400x400.jpg 400w\" sizes=\"auto, (max-width: 480px) 100vw, 480px\" \/><\/a><\/figure><\/div>\n\n\n\n<div class=\"wp-block-image\"><figure class=\"aligncenter\"><a href=\"https:\/\/www.djurskyddet.se\/kattfotenhalmstad\/?attachment_id=11053\"><img loading=\"lazy\" decoding=\"async\" width=\"480\" height=\"718\" src=\"https:\/\/www.djurskyddet.se\/kattfotenhalmstad\/wp-content\/uploads\/sites\/35\/2020\/08\/Vega-3.jpg\" alt=\"\" class=\"wp-image-11053\" srcset=\"https:\/\/www.djurskyddet.se\/kattfotenhalmstad\/wp-content\/uploads\/sites\/35\/2020\/08\/Vega-3.jpg 480w, https:\/\/www.djurskyddet.se\/kattfotenhalmstad\/wp-content\/uploads\/sites\/35\/2020\/08\/Vega-3-201x300.jpg 201w, https:\/\/www.djurskyddet.se\/kattfotenhalmstad\/wp-content\/uploads\/sites\/35\/2020\/08\/Vega-3-400x598.jpg 400w\" sizes=\"auto, (max-width: 480px) 100vw, 480px\" \/><\/a><\/figure><\/div>\n\n\n\n<div class=\"wp-block-image\"><figure class=\"aligncenter\"><a href=\"https:\/\/www.djurskyddet.se\/kattfotenhalmstad\/?attachment_id=11054\"><img loading=\"lazy\" decoding=\"async\" width=\"640\" height=\"639\" src=\"https:\/\/www.djurskyddet.se\/kattfotenhalmstad\/wp-content\/uploads\/sites\/35\/2020\/08\/Vega-4.jpg\" alt=\"\" class=\"wp-image-11054\" srcset=\"https:\/\/www.djurskyddet.se\/kattfotenhalmstad\/wp-content\/uploads\/sites\/35\/2020\/08\/Vega-4.jpg 640w, https:\/\/www.djurskyddet.se\/kattfotenhalmstad\/wp-content\/uploads\/sites\/35\/2020\/08\/Vega-4-150x150.jpg 150w, https:\/\/www.djurskyddet.se\/kattfotenhalmstad\/wp-content\/uploads\/sites\/35\/2020\/08\/Vega-4-300x300.jpg 300w, https:\/\/www.djurskyddet.se\/kattfotenhalmstad\/wp-content\/uploads\/sites\/35\/2020\/08\/Vega-4-400x399.jpg 400w\" sizes=\"auto, (max-width: 640px) 100vw, 640px\" \/><\/a><\/figure><\/div>\n\n\n\n<div class=\"wp-block-image\"><figure class=\"aligncenter\"><a href=\"https:\/\/www.djurskyddet.se\/kattfotenhalmstad\/?attachment_id=11055\"><img loading=\"lazy\" decoding=\"async\" width=\"480\" height=\"1007\" src=\"https:\/\/www.djurskyddet.se\/kattfotenhalmstad\/wp-content\/uploads\/sites\/35\/2020\/08\/Vega-5.jpg\" alt=\"\" class=\"wp-image-11055\" srcset=\"https:\/\/www.djurskyddet.se\/kattfotenhalmstad\/wp-content\/uploads\/sites\/35\/2020\/08\/Vega-5.jpg 480w, https:\/\/www.djurskyddet.se\/kattfotenhalmstad\/wp-content\/uploads\/sites\/35\/2020\/08\/Vega-5-143x300.jpg 143w, https:\/\/www.djurskyddet.se\/kattfotenhalmstad\/wp-content\/uploads\/sites\/35\/2020\/08\/Vega-5-400x839.jpg 400w\" sizes=\"auto, (max-width: 480px) 100vw, 480px\" \/><\/a><\/figure><\/div>\n","protected":false},"excerpt":{"rendered":"<p>H\u00e4r \u00e4r jag &#8211; Shiva hette jag f\u00f6rut, adopterades fr\u00e5n katthemmet f\u00f6rra \u00e5ret (2019). Idag heter jag Vega och bor i Kungsbacka och trivs s\u00e5 bra! Familjen beskriver mig som v\u00e4ldigt s\u00e4llskaplig och sn\u00e4ll, \u00e4lskar vattenlek (plask med tassen), kli p\u00e5 magen och gos p\u00e5 kv\u00e4llen. Och jag \u00c4LSKAR ostb\u00e5gar och \u00e4r v\u00e4ldigt pratglad, s\u00e4rskilt p\u00e5 natten och i gryningen.<\/p>\n","protected":false},"author":36,"featured_media":0,"parent":8687,"menu_order":0,"comment_status":"closed","ping_status":"closed","template":"page-templates\/left-sidebar20200507.php","meta":{"_acf_changed":false,"footnotes":""},"class_list":["post-11050","page","type-page","status-publish","hentry"],"acf":[],"_links":{"self":[{"href":"https:\/\/www.djurskyddet.se\/kattfotenhalmstad\/wp-json\/wp\/v2\/pages\/11050","targetHints":{"allow":["GET"]}}],"collection":[{"href":"https:\/\/www.djurskyddet.se\/kattfotenhalmstad\/wp-json\/wp\/v2\/pages"}],"about":[{"href":"https:\/\/www.djurskyddet.se\/kattfotenhalmstad\/wp-json\/wp\/v2\/types\/page"}],"author":[{"embeddable":true,"href":"https:\/\/www.djurskyddet.se\/kattfotenhalmstad\/wp-json\/wp\/v2\/users\/36"}],"replies":[{"embeddable":true,"href":"https:\/\/www.djurskyddet.se\/kattfotenhalmstad\/wp-json\/wp\/v2\/comments?post=11050"}],"version-history":[{"count":1,"href":"https:\/\/www.djurskyddet.se\/kattfotenhalmstad\/wp-json\/wp\/v2\/pages\/11050\/revisions"}],"predecessor-version":[{"id":11056,"href":"https:\/\/www.djurskyddet.se\/kattfotenhalmstad\/wp-json\/wp\/v2\/pages\/11050\/revisions\/11056"}],"up":[{"embeddable":true,"href":"https:\/\/www.djurskyddet.se\/kattfotenhalmstad\/wp-json\/wp\/v2\/pages\/8687"}],"wp:attachment":[{"href":"https:\/\/www.djurskyddet.se\/kattfotenhalmstad\/wp-json\/wp\/v2\/media?parent=11050"}],"curies":[{"name":"wp","href":"https:\/\/api.w.org\/{rel}","templated":true}]}}