{"id":11059,"date":"2020-08-29T10:33:59","date_gmt":"2020-08-29T10:33:59","guid":{"rendered":"https:\/\/www.djurskyddet.se\/kattfotenhalmstad\/?page_id=11059"},"modified":"2021-01-27T18:32:22","modified_gmt":"2021-01-27T18:32:22","slug":"ibiza","status":"publish","type":"page","link":"https:\/\/www.djurskyddet.se\/kattfotenhalmstad\/lyckligt-slut-2\/adopterade-katter-2020\/ibiza\/","title":{"rendered":"Ibiza"},"content":{"rendered":"\n<p>Jag \u00e4r en otroligt mysig och kelen tjej! Matte s\u00e4ger att jag blir mer och mer gosig ju mer  jag litar p\u00e5 en. Fr\u00e5n att ha legat p\u00e5 andra sidan soffan n\u00e4r jag f\u00f6rst flyttade in, till att l\u00e4gga mig i mitten av soffan eller hoppa upp och l\u00e4gga mig i kn\u00e4et direkt n\u00e5gon s\u00e4tter sig. Jag h\u00e4nger med i alla rum och l\u00e4gger mig och rullar runt p\u00e5 golvet i k\u00f6ket, i tid och otid. Har en f\u00f6rk\u00e4rlek till mat och \u00e4r totalt ointresserad av alla typer av leksaker. Man hittar mig troligtvis i en konstig sovst\u00e4llning i soffan eller ser att jag krupit ner under \u00f6verkast och t\u00e4cke i mattes s\u00e4ng.<\/p>\n\n\n\n<p>F\u00f6lj g\u00e4rna mitt liv p\u00e5 Instagram: <a href=\"https:\/\/www.instagram.com\/kattenibiza\/\" target=\"_blank\" rel=\"noreferrer noopener\" aria-label=\"@kattenibiza (\u00f6ppnas i en ny flik)\">@kattenibiza<\/a><\/p>\n\n\n\n<div class=\"wp-block-image\"><figure class=\"aligncenter\"><a href=\"https:\/\/www.djurskyddet.se\/kattfotenhalmstad\/?attachment_id=11060\"><img loading=\"lazy\" decoding=\"async\" width=\"277\" height=\"362\" src=\"https:\/\/www.djurskyddet.se\/kattfotenhalmstad\/wp-content\/uploads\/sites\/35\/2020\/08\/Ibiza-1.jpg\" alt=\"\" class=\"wp-image-11060\" srcset=\"https:\/\/www.djurskyddet.se\/kattfotenhalmstad\/wp-content\/uploads\/sites\/35\/2020\/08\/Ibiza-1.jpg 277w, https:\/\/www.djurskyddet.se\/kattfotenhalmstad\/wp-content\/uploads\/sites\/35\/2020\/08\/Ibiza-1-230x300.jpg 230w\" sizes=\"auto, (max-width: 277px) 100vw, 277px\" \/><\/a><\/figure><\/div>\n\n\n\n<div class=\"wp-block-image\"><figure class=\"aligncenter\"><a href=\"https:\/\/www.djurskyddet.se\/kattfotenhalmstad\/?attachment_id=11061\"><img loading=\"lazy\" decoding=\"async\" width=\"279\" height=\"364\" src=\"https:\/\/www.djurskyddet.se\/kattfotenhalmstad\/wp-content\/uploads\/sites\/35\/2020\/08\/Ibiza-2.jpg\" alt=\"\" class=\"wp-image-11061\" srcset=\"https:\/\/www.djurskyddet.se\/kattfotenhalmstad\/wp-content\/uploads\/sites\/35\/2020\/08\/Ibiza-2.jpg 279w, https:\/\/www.djurskyddet.se\/kattfotenhalmstad\/wp-content\/uploads\/sites\/35\/2020\/08\/Ibiza-2-230x300.jpg 230w\" sizes=\"auto, (max-width: 279px) 100vw, 279px\" \/><\/a><\/figure><\/div>\n","protected":false},"excerpt":{"rendered":"<p>Jag \u00e4r en otroligt mysig och kelen tjej! Matte s\u00e4ger att jag blir mer och mer gosig ju mer jag litar p\u00e5 en. Fr\u00e5n att ha legat p\u00e5 andra sidan soffan n\u00e4r jag f\u00f6rst flyttade in, till att l\u00e4gga mig i mitten av soffan eller hoppa upp och l\u00e4gga mig i kn\u00e4et direkt n\u00e5gon s\u00e4tter sig. Jag h\u00e4nger med i alla rum och l\u00e4gger mig och rullar runt p\u00e5 golvet&hellip;<\/p>\n<p><a class=\"more-link\" href=\"https:\/\/www.djurskyddet.se\/kattfotenhalmstad\/lyckligt-slut-2\/adopterade-katter-2020\/ibiza\/\" title=\"Continue reading &lsquo;Ibiza&rsquo;\">L&auml;s mer<span class=\"meta-nav\">&raquo;<\/span><\/a><\/p>\n","protected":false},"author":36,"featured_media":0,"parent":8754,"menu_order":0,"comment_status":"closed","ping_status":"closed","template":"page-templates\/left-sidebar.php","meta":{"_acf_changed":false,"footnotes":""},"class_list":["post-11059","page","type-page","status-publish","hentry"],"acf":[],"_links":{"self":[{"href":"https:\/\/www.djurskyddet.se\/kattfotenhalmstad\/wp-json\/wp\/v2\/pages\/11059","targetHints":{"allow":["GET"]}}],"collection":[{"href":"https:\/\/www.djurskyddet.se\/kattfotenhalmstad\/wp-json\/wp\/v2\/pages"}],"about":[{"href":"https:\/\/www.djurskyddet.se\/kattfotenhalmstad\/wp-json\/wp\/v2\/types\/page"}],"author":[{"embeddable":true,"href":"https:\/\/www.djurskyddet.se\/kattfotenhalmstad\/wp-json\/wp\/v2\/users\/36"}],"replies":[{"embeddable":true,"href":"https:\/\/www.djurskyddet.se\/kattfotenhalmstad\/wp-json\/wp\/v2\/comments?post=11059"}],"version-history":[{"count":2,"href":"https:\/\/www.djurskyddet.se\/kattfotenhalmstad\/wp-json\/wp\/v2\/pages\/11059\/revisions"}],"predecessor-version":[{"id":12742,"href":"https:\/\/www.djurskyddet.se\/kattfotenhalmstad\/wp-json\/wp\/v2\/pages\/11059\/revisions\/12742"}],"up":[{"embeddable":true,"href":"https:\/\/www.djurskyddet.se\/kattfotenhalmstad\/wp-json\/wp\/v2\/pages\/8754"}],"wp:attachment":[{"href":"https:\/\/www.djurskyddet.se\/kattfotenhalmstad\/wp-json\/wp\/v2\/media?parent=11059"}],"curies":[{"name":"wp","href":"https:\/\/api.w.org\/{rel}","templated":true}]}}