{"id":11065,"date":"2020-08-29T10:44:07","date_gmt":"2020-08-29T10:44:07","guid":{"rendered":"https:\/\/www.djurskyddet.se\/kattfotenhalmstad\/?page_id=11065"},"modified":"2020-08-29T10:44:08","modified_gmt":"2020-08-29T10:44:08","slug":"loke","status":"publish","type":"page","link":"https:\/\/www.djurskyddet.se\/kattfotenhalmstad\/lyckligt-slut-2\/adopterade-katter-2012\/loke\/","title":{"rendered":"Loke"},"content":{"rendered":"\n<p>Matte beskriver mig som en helt underbar kille som \u00e4lskar att prata. N\u00e4r jag kommer in i ett rum ska jag tala om det f\u00f6r alla s\u00e5 att de vet att jag vill bli klappad! Jag \u00e4r en lat gottegris som bara vill gosa och \u00e4ta tonfisk, och nu n\u00e4r jag blivit lite \u00e4ldre blir jag bara keligare och keligare f\u00f6r varje dag. Min absoluta favorithobby \u00e4r att ligga p\u00e5 rygg och bli kliad av min mamma och mormor!<\/p>\n\n\n\n<div class=\"wp-block-image\"><figure class=\"aligncenter\"><img loading=\"lazy\" decoding=\"async\" width=\"280\" height=\"496\" src=\"https:\/\/www.djurskyddet.se\/kattfotenhalmstad\/wp-content\/uploads\/sites\/35\/2020\/08\/Loke-1.jpg\" alt=\"\" class=\"wp-image-11066\" srcset=\"https:\/\/www.djurskyddet.se\/kattfotenhalmstad\/wp-content\/uploads\/sites\/35\/2020\/08\/Loke-1.jpg 280w, https:\/\/www.djurskyddet.se\/kattfotenhalmstad\/wp-content\/uploads\/sites\/35\/2020\/08\/Loke-1-169x300.jpg 169w\" sizes=\"auto, (max-width: 280px) 100vw, 280px\" \/><\/figure><\/div>\n","protected":false},"excerpt":{"rendered":"<p>Matte beskriver mig som en helt underbar kille som \u00e4lskar att prata. N\u00e4r jag kommer in i ett rum ska jag tala om det f\u00f6r alla s\u00e5 att de vet att jag vill bli klappad! Jag \u00e4r en lat gottegris som bara vill gosa och \u00e4ta tonfisk, och nu n\u00e4r jag blivit lite \u00e4ldre blir jag bara keligare och keligare f\u00f6r varje dag. Min absoluta favorithobby \u00e4r att ligga p\u00e5&hellip;<\/p>\n<p><a class=\"more-link\" href=\"https:\/\/www.djurskyddet.se\/kattfotenhalmstad\/lyckligt-slut-2\/adopterade-katter-2012\/loke\/\" title=\"Continue reading &lsquo;Loke&rsquo;\">L&auml;s mer<span class=\"meta-nav\">&raquo;<\/span><\/a><\/p>\n","protected":false},"author":36,"featured_media":0,"parent":8772,"menu_order":0,"comment_status":"closed","ping_status":"closed","template":"page-templates\/left-sidebar.php","meta":{"_acf_changed":false,"footnotes":""},"class_list":["post-11065","page","type-page","status-publish","hentry"],"acf":[],"_links":{"self":[{"href":"https:\/\/www.djurskyddet.se\/kattfotenhalmstad\/wp-json\/wp\/v2\/pages\/11065","targetHints":{"allow":["GET"]}}],"collection":[{"href":"https:\/\/www.djurskyddet.se\/kattfotenhalmstad\/wp-json\/wp\/v2\/pages"}],"about":[{"href":"https:\/\/www.djurskyddet.se\/kattfotenhalmstad\/wp-json\/wp\/v2\/types\/page"}],"author":[{"embeddable":true,"href":"https:\/\/www.djurskyddet.se\/kattfotenhalmstad\/wp-json\/wp\/v2\/users\/36"}],"replies":[{"embeddable":true,"href":"https:\/\/www.djurskyddet.se\/kattfotenhalmstad\/wp-json\/wp\/v2\/comments?post=11065"}],"version-history":[{"count":1,"href":"https:\/\/www.djurskyddet.se\/kattfotenhalmstad\/wp-json\/wp\/v2\/pages\/11065\/revisions"}],"predecessor-version":[{"id":11067,"href":"https:\/\/www.djurskyddet.se\/kattfotenhalmstad\/wp-json\/wp\/v2\/pages\/11065\/revisions\/11067"}],"up":[{"embeddable":true,"href":"https:\/\/www.djurskyddet.se\/kattfotenhalmstad\/wp-json\/wp\/v2\/pages\/8772"}],"wp:attachment":[{"href":"https:\/\/www.djurskyddet.se\/kattfotenhalmstad\/wp-json\/wp\/v2\/media?parent=11065"}],"curies":[{"name":"wp","href":"https:\/\/api.w.org\/{rel}","templated":true}]}}