{"id":11070,"date":"2020-08-29T11:00:08","date_gmt":"2020-08-29T11:00:08","guid":{"rendered":"https:\/\/www.djurskyddet.se\/kattfotenhalmstad\/?page_id=11070"},"modified":"2020-08-29T11:07:17","modified_gmt":"2020-08-29T11:07:17","slug":"kisabiten","status":"publish","type":"page","link":"https:\/\/www.djurskyddet.se\/kattfotenhalmstad\/lyckligt-slut-2\/adopterade-katter-2012\/kisabiten\/","title":{"rendered":"Kisabiten"},"content":{"rendered":"\n<p style=\"text-align:left\">Kisabiten heter jag och flyttade in till mitt f\u00f6r alltid hem \u00e5r 2012. Jag var endast 4 m\u00e5nader och livn\u00e4rde mig p\u00e5 vad de tv\u00e5benta fr\u00e5n Gek\u00e5s kastade. Ja, det var d\u00e4r jag str\u00f6vade omkring. Det var en tjej som uppm\u00e4rksammade mig och kontaktade Kattfoten. De f\u00e5ngade in mig i en kattf\u00e4lla, obehagligt. Men snart fick jag komma till ett tryggt hem! Matte beskriver mig som en fin herre i mina b\u00e4sta \u00e5r. Ett \u00e5r efter att jag flyttat in s\u00e5 \u00f6ppnade vi upp d\u00f6rrarna f\u00f6r tv\u00e5 andra kompisar i behov av hj\u00e4lp &#8211; <a rel=\"noreferrer noopener\" aria-label=\"Snuppis och Tytte (\u00f6ppnas i en ny flik)\" href=\"https:\/\/www.djurskyddet.se\/kattfotenhalmstad\/lyckligt-slut-2\/adopterade-katter-2013\/snuppis-och-tytte\/\" target=\"_blank\">Snuppis och Tytte<\/a>.<\/p>\n\n\n\n<div class=\"wp-block-image\"><figure class=\"aligncenter\"><img loading=\"lazy\" decoding=\"async\" width=\"280\" height=\"373\" src=\"https:\/\/www.djurskyddet.se\/kattfotenhalmstad\/wp-content\/uploads\/sites\/35\/2020\/08\/Boris-Kisabiten-1.jpg\" alt=\"\" class=\"wp-image-11081\" srcset=\"https:\/\/www.djurskyddet.se\/kattfotenhalmstad\/wp-content\/uploads\/sites\/35\/2020\/08\/Boris-Kisabiten-1.jpg 280w, https:\/\/www.djurskyddet.se\/kattfotenhalmstad\/wp-content\/uploads\/sites\/35\/2020\/08\/Boris-Kisabiten-1-225x300.jpg 225w\" sizes=\"auto, (max-width: 280px) 100vw, 280px\" \/><\/figure><\/div>\n\n\n\n<div class=\"wp-block-image\"><figure class=\"aligncenter\"><img loading=\"lazy\" decoding=\"async\" width=\"280\" height=\"373\" src=\"https:\/\/www.djurskyddet.se\/kattfotenhalmstad\/wp-content\/uploads\/sites\/35\/2020\/08\/Boris-Kisabiten-2.jpg\" alt=\"\" class=\"wp-image-11082\" srcset=\"https:\/\/www.djurskyddet.se\/kattfotenhalmstad\/wp-content\/uploads\/sites\/35\/2020\/08\/Boris-Kisabiten-2.jpg 280w, https:\/\/www.djurskyddet.se\/kattfotenhalmstad\/wp-content\/uploads\/sites\/35\/2020\/08\/Boris-Kisabiten-2-225x300.jpg 225w\" sizes=\"auto, (max-width: 280px) 100vw, 280px\" \/><\/figure><\/div>\n","protected":false},"excerpt":{"rendered":"<p>Kisabiten heter jag och flyttade in till mitt f\u00f6r alltid hem \u00e5r 2012. Jag var endast 4 m\u00e5nader och livn\u00e4rde mig p\u00e5 vad de tv\u00e5benta fr\u00e5n Gek\u00e5s kastade. Ja, det var d\u00e4r jag str\u00f6vade omkring. Det var en tjej som uppm\u00e4rksammade mig och kontaktade Kattfoten. De f\u00e5ngade in mig i en kattf\u00e4lla, obehagligt. Men snart fick jag komma till ett tryggt hem! Matte beskriver mig som en fin herre i&hellip;<\/p>\n<p><a class=\"more-link\" href=\"https:\/\/www.djurskyddet.se\/kattfotenhalmstad\/lyckligt-slut-2\/adopterade-katter-2012\/kisabiten\/\" title=\"Continue reading &lsquo;Kisabiten&rsquo;\">L&auml;s mer<span class=\"meta-nav\">&raquo;<\/span><\/a><\/p>\n","protected":false},"author":36,"featured_media":0,"parent":8772,"menu_order":0,"comment_status":"closed","ping_status":"closed","template":"page-templates\/left-sidebar.php","meta":{"_acf_changed":false,"footnotes":""},"class_list":["post-11070","page","type-page","status-publish","hentry"],"acf":[],"_links":{"self":[{"href":"https:\/\/www.djurskyddet.se\/kattfotenhalmstad\/wp-json\/wp\/v2\/pages\/11070","targetHints":{"allow":["GET"]}}],"collection":[{"href":"https:\/\/www.djurskyddet.se\/kattfotenhalmstad\/wp-json\/wp\/v2\/pages"}],"about":[{"href":"https:\/\/www.djurskyddet.se\/kattfotenhalmstad\/wp-json\/wp\/v2\/types\/page"}],"author":[{"embeddable":true,"href":"https:\/\/www.djurskyddet.se\/kattfotenhalmstad\/wp-json\/wp\/v2\/users\/36"}],"replies":[{"embeddable":true,"href":"https:\/\/www.djurskyddet.se\/kattfotenhalmstad\/wp-json\/wp\/v2\/comments?post=11070"}],"version-history":[{"count":2,"href":"https:\/\/www.djurskyddet.se\/kattfotenhalmstad\/wp-json\/wp\/v2\/pages\/11070\/revisions"}],"predecessor-version":[{"id":11083,"href":"https:\/\/www.djurskyddet.se\/kattfotenhalmstad\/wp-json\/wp\/v2\/pages\/11070\/revisions\/11083"}],"up":[{"embeddable":true,"href":"https:\/\/www.djurskyddet.se\/kattfotenhalmstad\/wp-json\/wp\/v2\/pages\/8772"}],"wp:attachment":[{"href":"https:\/\/www.djurskyddet.se\/kattfotenhalmstad\/wp-json\/wp\/v2\/media?parent=11070"}],"curies":[{"name":"wp","href":"https:\/\/api.w.org\/{rel}","templated":true}]}}