{"id":11593,"date":"2020-10-05T18:10:42","date_gmt":"2020-10-05T18:10:42","guid":{"rendered":"https:\/\/www.djurskyddet.se\/kattfotenhalmstad\/?page_id=11593"},"modified":"2020-10-31T11:40:40","modified_gmt":"2020-10-31T11:40:40","slug":"uteloppis-2020","status":"publish","type":"page","link":"https:\/\/www.djurskyddet.se\/kattfotenhalmstad\/event\/uteloppis-2020\/","title":{"rendered":"Uteloppis 2020"},"content":{"rendered":"\n<figure class=\"wp-block-image\"><img loading=\"lazy\" decoding=\"async\" width=\"926\" height=\"1024\" src=\"https:\/\/www.djurskyddet.se\/kattfotenhalmstad\/wp-content\/uploads\/sites\/35\/2020\/10\/denh\u00e4r-926x1024.jpg\" alt=\"\" class=\"wp-image-11594\" srcset=\"https:\/\/www.djurskyddet.se\/kattfotenhalmstad\/wp-content\/uploads\/sites\/35\/2020\/10\/denh\u00e4r.jpg 926w, https:\/\/www.djurskyddet.se\/kattfotenhalmstad\/wp-content\/uploads\/sites\/35\/2020\/10\/denh\u00e4r-271x300.jpg 271w, https:\/\/www.djurskyddet.se\/kattfotenhalmstad\/wp-content\/uploads\/sites\/35\/2020\/10\/denh\u00e4r-768x849.jpg 768w, https:\/\/www.djurskyddet.se\/kattfotenhalmstad\/wp-content\/uploads\/sites\/35\/2020\/10\/denh\u00e4r-400x442.jpg 400w\" sizes=\"auto, (max-width: 926px) 100vw, 926px\" \/><\/figure>\n\n\n\n<p>\u00c5r 2020 \u00f6verraskade nog de flesta av oss och den r\u00e5dande pandemin har s\u00e4kerligen drabbat alla verksamheter p\u00e5 n\u00e5got vis. Djurskyddet Kattfotens katthem \u00e4r inget undantag. P\u00e5 grund av corona (covid19) har vi inte kunnat anordna v\u00e5r loppis s\u00e5 som vi \u00f6nskat och inte heller kunnat \u00f6ppna upp f\u00f6r andra event. V\u00e5r loppis var under en l\u00e4ngre period inst\u00e4lld men fr\u00e5n och med s\u00f6ndagen den 26 juli 2020 \u00f6ppnade vi upp f\u00f6r uteloppis!<br><br>Kattfotens uteloppis h\u00e5ller hus precis utanf\u00f6r katthemmet bara det att vi \u00e4r utomhus. D\u00e5 pandemin fortfarande h\u00e4rjar \u00e4r det oerh\u00f6rt viktigt att f\u00f6lja Folkh\u00e4lsomyndigheternas riktlinjer, de finner du p\u00e5 l\u00e4nken nedan:<br><a rel=\"noreferrer noopener\" aria-label=\"Skydda dig och andra - Folkh\u00e4lsomyndigheten (\u00f6ppnas i en ny flik)\" href=\"https:\/\/www.folkhalsomyndigheten.se\/smittskydd-beredskap\/utbrott\/aktuella-utbrott\/covid-19\/skydda-dig-och-andra\/\" target=\"_blank\">Skydda dig och andra &#8211; Folkh\u00e4lsomyndigheten<\/a><br><br>Det inneb\u00e4r att du \u00e4r varmt v\u00e4lkommen till v\u00e5r uteloppis s\u00e5 l\u00e4nge inga f\u00f6rkylningssymptom visas. V\u00e4l p\u00e5 plats \u00e4r det av stor vikt att h\u00e5lla avst\u00e5nd till varandra och f\u00f6lja de riktlinjer som g\u00e4ller. Handsprit kommer att finnas tillg\u00e4ngligt. Vid regn st\u00e4ller vi in. Det \u00e4r st\u00e4ngt f\u00f6r kattvisning, v\u00e4nligen respektera detta. F\u00f6r intresse av katt h\u00e4nvisar vi dig till l\u00e4nken nedan:<br><a rel=\"noreferrer noopener\" aria-label=\"Vi s\u00f6ker hem (\u00f6ppnas i en ny flik)\" href=\"https:\/\/www.djurskyddet.se\/kattfotenhalmstad\/soker-hem\/\" target=\"_blank\">Vi s\u00f6ker hem<\/a><br><br>Vi rekommenderar dig att g\u00e5 med i Facebook-gruppen <a rel=\"noreferrer noopener\" aria-label=\"Kattfotens Loppis i Halmstad (\u00f6ppnas i en ny flik)\" href=\"https:\/\/www.facebook.com\/groups\/990106317745932\" target=\"_blank\">Kattfotens Loppis i Halmstad<\/a> f\u00f6r att h\u00e5lla koll p\u00e5 vilka datum det \u00e4r uteloppis samt annan information g\u00e4llande den. Har du inte Facebook g\u00e5r det bra att mejla och fr\u00e5ga.<\/p>\n","protected":false},"excerpt":{"rendered":"<p>\u00c5r 2020 \u00f6verraskade nog de flesta av oss och den r\u00e5dande pandemin har s\u00e4kerligen drabbat alla verksamheter p\u00e5 n\u00e5got vis. Djurskyddet Kattfotens katthem \u00e4r inget undantag. P\u00e5 grund av corona (covid19) har vi inte kunnat anordna v\u00e5r loppis s\u00e5 som vi \u00f6nskat och inte heller kunnat \u00f6ppna upp f\u00f6r andra event. V\u00e5r loppis var under en l\u00e4ngre period inst\u00e4lld men fr\u00e5n och med s\u00f6ndagen den 26 juli 2020 \u00f6ppnade vi&hellip;<\/p>\n<p><a class=\"more-link\" href=\"https:\/\/www.djurskyddet.se\/kattfotenhalmstad\/event\/uteloppis-2020\/\" title=\"Continue reading &lsquo;Uteloppis 2020&rsquo;\">L&auml;s mer<span class=\"meta-nav\">&raquo;<\/span><\/a><\/p>\n","protected":false},"author":36,"featured_media":0,"parent":6417,"menu_order":0,"comment_status":"closed","ping_status":"closed","template":"page-templates\/left-sidebar20200507.php","meta":{"_acf_changed":false,"footnotes":""},"class_list":["post-11593","page","type-page","status-publish","hentry"],"acf":[],"_links":{"self":[{"href":"https:\/\/www.djurskyddet.se\/kattfotenhalmstad\/wp-json\/wp\/v2\/pages\/11593","targetHints":{"allow":["GET"]}}],"collection":[{"href":"https:\/\/www.djurskyddet.se\/kattfotenhalmstad\/wp-json\/wp\/v2\/pages"}],"about":[{"href":"https:\/\/www.djurskyddet.se\/kattfotenhalmstad\/wp-json\/wp\/v2\/types\/page"}],"author":[{"embeddable":true,"href":"https:\/\/www.djurskyddet.se\/kattfotenhalmstad\/wp-json\/wp\/v2\/users\/36"}],"replies":[{"embeddable":true,"href":"https:\/\/www.djurskyddet.se\/kattfotenhalmstad\/wp-json\/wp\/v2\/comments?post=11593"}],"version-history":[{"count":4,"href":"https:\/\/www.djurskyddet.se\/kattfotenhalmstad\/wp-json\/wp\/v2\/pages\/11593\/revisions"}],"predecessor-version":[{"id":11937,"href":"https:\/\/www.djurskyddet.se\/kattfotenhalmstad\/wp-json\/wp\/v2\/pages\/11593\/revisions\/11937"}],"up":[{"embeddable":true,"href":"https:\/\/www.djurskyddet.se\/kattfotenhalmstad\/wp-json\/wp\/v2\/pages\/6417"}],"wp:attachment":[{"href":"https:\/\/www.djurskyddet.se\/kattfotenhalmstad\/wp-json\/wp\/v2\/media?parent=11593"}],"curies":[{"name":"wp","href":"https:\/\/api.w.org\/{rel}","templated":true}]}}