{"id":12730,"date":"2021-01-27T18:22:29","date_gmt":"2021-01-27T18:22:29","guid":{"rendered":"https:\/\/www.djurskyddet.se\/kattfotenhalmstad\/?page_id=12730"},"modified":"2021-01-27T18:22:30","modified_gmt":"2021-01-27T18:22:30","slug":"maja-och-melvin","status":"publish","type":"page","link":"https:\/\/www.djurskyddet.se\/kattfotenhalmstad\/lyckligt-slut-2\/adopterade-katter-2020\/maja-och-melvin\/","title":{"rendered":"Maja och Melvin"},"content":{"rendered":"\n<p>Jag heter Maja och adopterades tillsammans med min bror Melvin i juli 2020. Vi har funnit oss tillr\u00e4tta och blivit mer modiga. Vi \u00e4r s\u00e5 glada f\u00f6r att ha varandra och vi brottas och busar ibland s\u00e5 att matte blir orolig, men det \u00e4r bara p\u00e5 skoj. Vi fyllde 1 \u00e5r i augusti och matte s\u00e4ger att vi har v\u00e4xt sen vi kom hem, framf\u00f6rallt Melvin. Vi har mycket energi och vill g\u00e4rna vara med, om matte inte v\u00e4snas. Dammsugaren \u00e4r j\u00e4ttel\u00e4skig men som tur \u00e4r kan matte bara st\u00e4da ett rum i taget!<\/p>\n\n\n\n<p>Kylsk\u00e5pet h\u00e5ller vi noga koll p\u00e5 f\u00f6r vi gillar mat, mycket! Jag \u00e4r en m\u00e4sterj\u00e4gare och f\u00e5ngar g\u00e4rna fj\u00e4drarna p\u00e5 sp\u00f6et som vi leker med. Sen talar jag om f\u00f6r Melvin att han kan gl\u00f6mma att jag delar med mig, f\u00f6r det \u00e4r mitt byte &#8211; morrrr. Melvin jagar g\u00e4rna flugor och andra insekter (\u00e4ven de p\u00e5 utsidan av f\u00f6nstret) och det har kostat n\u00e5gra blomkrukor, men matte \u00e4r r\u00e4tt cool. Hon vet att s\u00e5nt kan h\u00e4nda. Vi h\u00e5ller ocks\u00e5 p\u00e5 att l\u00e4ra matte f\u00f6rst\u00e5 kattspr\u00e5k b\u00e4ttre, f\u00f6r vi \u00e4r v\u00e4ldigt pratsamma och har mycket att s\u00e4ga.<\/p>\n\n\n\n<ul class=\"wp-block-gallery aligncenter columns-2 is-cropped wp-block-gallery-1 is-layout-flex wp-block-gallery-is-layout-flex\"><li class=\"blocks-gallery-item\"><figure><a href=\"https:\/\/www.djurskyddet.se\/kattfotenhalmstad\/wp-content\/uploads\/sites\/35\/2021\/01\/1-1024x768.jpg\"><img loading=\"lazy\" decoding=\"async\" width=\"1024\" height=\"768\" src=\"https:\/\/www.djurskyddet.se\/kattfotenhalmstad\/wp-content\/uploads\/sites\/35\/2021\/01\/1-1024x768.jpg\" alt=\"\" data-id=\"12731\" data-link=\"https:\/\/www.djurskyddet.se\/kattfotenhalmstad\/?attachment_id=12731\" class=\"wp-image-12731\" srcset=\"https:\/\/www.djurskyddet.se\/kattfotenhalmstad\/wp-content\/uploads\/sites\/35\/2021\/01\/1-1024x768.jpg 1024w, https:\/\/www.djurskyddet.se\/kattfotenhalmstad\/wp-content\/uploads\/sites\/35\/2021\/01\/1-300x225.jpg 300w, https:\/\/www.djurskyddet.se\/kattfotenhalmstad\/wp-content\/uploads\/sites\/35\/2021\/01\/1-768x576.jpg 768w, https:\/\/www.djurskyddet.se\/kattfotenhalmstad\/wp-content\/uploads\/sites\/35\/2021\/01\/1-400x300.jpg 400w, https:\/\/www.djurskyddet.se\/kattfotenhalmstad\/wp-content\/uploads\/sites\/35\/2021\/01\/1.jpg 2048w\" sizes=\"auto, (max-width: 1024px) 100vw, 1024px\" \/><\/a><figcaption>Maja leker loss och&#8230;<\/figcaption><\/figure><\/li><li class=\"blocks-gallery-item\"><figure><a href=\"https:\/\/www.djurskyddet.se\/kattfotenhalmstad\/wp-content\/uploads\/sites\/35\/2021\/01\/123114013_1346502375699654_301966673748860379_n-768x1024.jpg\"><img loading=\"lazy\" decoding=\"async\" width=\"768\" height=\"1024\" src=\"https:\/\/www.djurskyddet.se\/kattfotenhalmstad\/wp-content\/uploads\/sites\/35\/2021\/01\/123114013_1346502375699654_301966673748860379_n-768x1024.jpg\" alt=\"\" data-id=\"12737\" data-link=\"https:\/\/www.djurskyddet.se\/kattfotenhalmstad\/?attachment_id=12737\" class=\"wp-image-12737\" srcset=\"https:\/\/www.djurskyddet.se\/kattfotenhalmstad\/wp-content\/uploads\/sites\/35\/2021\/01\/123114013_1346502375699654_301966673748860379_n-768x1024.jpg 768w, https:\/\/www.djurskyddet.se\/kattfotenhalmstad\/wp-content\/uploads\/sites\/35\/2021\/01\/123114013_1346502375699654_301966673748860379_n-225x300.jpg 225w, https:\/\/www.djurskyddet.se\/kattfotenhalmstad\/wp-content\/uploads\/sites\/35\/2021\/01\/123114013_1346502375699654_301966673748860379_n-400x533.jpg 400w, https:\/\/www.djurskyddet.se\/kattfotenhalmstad\/wp-content\/uploads\/sites\/35\/2021\/01\/123114013_1346502375699654_301966673748860379_n.jpg 1536w\" sizes=\"auto, (max-width: 768px) 100vw, 768px\" \/><\/a><figcaption>&#8230;f\u00e5ngar bytet!<\/figcaption><\/figure><\/li><li class=\"blocks-gallery-item\"><figure><a href=\"https:\/\/www.djurskyddet.se\/kattfotenhalmstad\/wp-content\/uploads\/sites\/35\/2021\/01\/123025537_389970628808099_5204959789172720721_n-768x1024.jpg\"><img loading=\"lazy\" decoding=\"async\" width=\"768\" height=\"1024\" src=\"https:\/\/www.djurskyddet.se\/kattfotenhalmstad\/wp-content\/uploads\/sites\/35\/2021\/01\/123025537_389970628808099_5204959789172720721_n-768x1024.jpg\" alt=\"\" data-id=\"12736\" data-link=\"https:\/\/www.djurskyddet.se\/kattfotenhalmstad\/?attachment_id=12736\" class=\"wp-image-12736\" srcset=\"https:\/\/www.djurskyddet.se\/kattfotenhalmstad\/wp-content\/uploads\/sites\/35\/2021\/01\/123025537_389970628808099_5204959789172720721_n-768x1024.jpg 768w, https:\/\/www.djurskyddet.se\/kattfotenhalmstad\/wp-content\/uploads\/sites\/35\/2021\/01\/123025537_389970628808099_5204959789172720721_n-225x300.jpg 225w, https:\/\/www.djurskyddet.se\/kattfotenhalmstad\/wp-content\/uploads\/sites\/35\/2021\/01\/123025537_389970628808099_5204959789172720721_n-400x533.jpg 400w, https:\/\/www.djurskyddet.se\/kattfotenhalmstad\/wp-content\/uploads\/sites\/35\/2021\/01\/123025537_389970628808099_5204959789172720721_n.jpg 1536w\" sizes=\"auto, (max-width: 768px) 100vw, 768px\" \/><\/a><figcaption>Melvin utforskar&#8230;<\/figcaption><\/figure><\/li><li class=\"blocks-gallery-item\"><figure><a href=\"https:\/\/www.djurskyddet.se\/kattfotenhalmstad\/wp-content\/uploads\/sites\/35\/2021\/01\/123010279_831582554066277_829357130969606567_n-768x1024.jpg\"><img loading=\"lazy\" decoding=\"async\" width=\"768\" height=\"1024\" src=\"https:\/\/www.djurskyddet.se\/kattfotenhalmstad\/wp-content\/uploads\/sites\/35\/2021\/01\/123010279_831582554066277_829357130969606567_n-768x1024.jpg\" alt=\"\" data-id=\"12735\" data-link=\"https:\/\/www.djurskyddet.se\/kattfotenhalmstad\/?attachment_id=12735\" class=\"wp-image-12735\" srcset=\"https:\/\/www.djurskyddet.se\/kattfotenhalmstad\/wp-content\/uploads\/sites\/35\/2021\/01\/123010279_831582554066277_829357130969606567_n-768x1024.jpg 768w, https:\/\/www.djurskyddet.se\/kattfotenhalmstad\/wp-content\/uploads\/sites\/35\/2021\/01\/123010279_831582554066277_829357130969606567_n-225x300.jpg 225w, https:\/\/www.djurskyddet.se\/kattfotenhalmstad\/wp-content\/uploads\/sites\/35\/2021\/01\/123010279_831582554066277_829357130969606567_n-400x533.jpg 400w, https:\/\/www.djurskyddet.se\/kattfotenhalmstad\/wp-content\/uploads\/sites\/35\/2021\/01\/123010279_831582554066277_829357130969606567_n.jpg 1536w\" sizes=\"auto, (max-width: 768px) 100vw, 768px\" \/><\/a><figcaption>&#8230;och g\u00f6mmer sig f\u00f6r matte!<\/figcaption><\/figure><\/li><li class=\"blocks-gallery-item\"><figure><a href=\"https:\/\/www.djurskyddet.se\/kattfotenhalmstad\/wp-content\/uploads\/sites\/35\/2021\/01\/122979393_385971432780540_3044414132022288741_n-768x1024.jpg\"><img loading=\"lazy\" decoding=\"async\" width=\"768\" height=\"1024\" src=\"https:\/\/www.djurskyddet.se\/kattfotenhalmstad\/wp-content\/uploads\/sites\/35\/2021\/01\/122979393_385971432780540_3044414132022288741_n-768x1024.jpg\" alt=\"\" data-id=\"12734\" data-link=\"https:\/\/www.djurskyddet.se\/kattfotenhalmstad\/?attachment_id=12734\" class=\"wp-image-12734\" srcset=\"https:\/\/www.djurskyddet.se\/kattfotenhalmstad\/wp-content\/uploads\/sites\/35\/2021\/01\/122979393_385971432780540_3044414132022288741_n-768x1024.jpg 768w, https:\/\/www.djurskyddet.se\/kattfotenhalmstad\/wp-content\/uploads\/sites\/35\/2021\/01\/122979393_385971432780540_3044414132022288741_n-225x300.jpg 225w, https:\/\/www.djurskyddet.se\/kattfotenhalmstad\/wp-content\/uploads\/sites\/35\/2021\/01\/122979393_385971432780540_3044414132022288741_n-400x533.jpg 400w, https:\/\/www.djurskyddet.se\/kattfotenhalmstad\/wp-content\/uploads\/sites\/35\/2021\/01\/122979393_385971432780540_3044414132022288741_n.jpg 1536w\" sizes=\"auto, (max-width: 768px) 100vw, 768px\" \/><\/a><figcaption>Melvin hj\u00e4lper matte med arbetet.<\/figcaption><\/figure><\/li><li class=\"blocks-gallery-item\"><figure><a href=\"https:\/\/www.djurskyddet.se\/kattfotenhalmstad\/wp-content\/uploads\/sites\/35\/2021\/01\/122974410_678422259736123_7482559393356518223_n-768x1024.jpg\"><img loading=\"lazy\" decoding=\"async\" width=\"768\" height=\"1024\" src=\"https:\/\/www.djurskyddet.se\/kattfotenhalmstad\/wp-content\/uploads\/sites\/35\/2021\/01\/122974410_678422259736123_7482559393356518223_n-768x1024.jpg\" alt=\"\" data-id=\"12733\" data-link=\"https:\/\/www.djurskyddet.se\/kattfotenhalmstad\/?attachment_id=12733\" class=\"wp-image-12733\" srcset=\"https:\/\/www.djurskyddet.se\/kattfotenhalmstad\/wp-content\/uploads\/sites\/35\/2021\/01\/122974410_678422259736123_7482559393356518223_n-768x1024.jpg 768w, https:\/\/www.djurskyddet.se\/kattfotenhalmstad\/wp-content\/uploads\/sites\/35\/2021\/01\/122974410_678422259736123_7482559393356518223_n-225x300.jpg 225w, https:\/\/www.djurskyddet.se\/kattfotenhalmstad\/wp-content\/uploads\/sites\/35\/2021\/01\/122974410_678422259736123_7482559393356518223_n-400x533.jpg 400w, https:\/\/www.djurskyddet.se\/kattfotenhalmstad\/wp-content\/uploads\/sites\/35\/2021\/01\/122974410_678422259736123_7482559393356518223_n.jpg 1536w\" sizes=\"auto, (max-width: 768px) 100vw, 768px\" \/><\/a><figcaption>Maja poserar framf\u00f6r kameran.<\/figcaption><\/figure><\/li><li class=\"blocks-gallery-item\"><figure><a href=\"https:\/\/www.djurskyddet.se\/kattfotenhalmstad\/wp-content\/uploads\/sites\/35\/2021\/01\/122781168_670443890568973_2721026938523611359_n-1024x768.jpg\"><img loading=\"lazy\" decoding=\"async\" width=\"1024\" height=\"768\" src=\"https:\/\/www.djurskyddet.se\/kattfotenhalmstad\/wp-content\/uploads\/sites\/35\/2021\/01\/122781168_670443890568973_2721026938523611359_n-1024x768.jpg\" alt=\"\" data-id=\"12732\" data-link=\"https:\/\/www.djurskyddet.se\/kattfotenhalmstad\/?attachment_id=12732\" class=\"wp-image-12732\" srcset=\"https:\/\/www.djurskyddet.se\/kattfotenhalmstad\/wp-content\/uploads\/sites\/35\/2021\/01\/122781168_670443890568973_2721026938523611359_n-1024x768.jpg 1024w, https:\/\/www.djurskyddet.se\/kattfotenhalmstad\/wp-content\/uploads\/sites\/35\/2021\/01\/122781168_670443890568973_2721026938523611359_n-300x225.jpg 300w, https:\/\/www.djurskyddet.se\/kattfotenhalmstad\/wp-content\/uploads\/sites\/35\/2021\/01\/122781168_670443890568973_2721026938523611359_n-768x576.jpg 768w, https:\/\/www.djurskyddet.se\/kattfotenhalmstad\/wp-content\/uploads\/sites\/35\/2021\/01\/122781168_670443890568973_2721026938523611359_n-400x300.jpg 400w, https:\/\/www.djurskyddet.se\/kattfotenhalmstad\/wp-content\/uploads\/sites\/35\/2021\/01\/122781168_670443890568973_2721026938523611359_n.jpg 2048w\" sizes=\"auto, (max-width: 1024px) 100vw, 1024px\" \/><\/a><figcaption>Tack Agneta f\u00f6r att du ville \u00f6ppna upp hem och hj\u00e4rta f\u00f6r oss! &lt;3<\/figcaption><\/figure><\/li><\/ul>\n","protected":false},"excerpt":{"rendered":"<p>Jag heter Maja och adopterades tillsammans med min bror Melvin i juli 2020. Vi har funnit oss tillr\u00e4tta och blivit mer modiga. Vi \u00e4r s\u00e5 glada f\u00f6r att ha varandra och vi brottas och busar ibland s\u00e5 att matte blir orolig, men det \u00e4r bara p\u00e5 skoj. Vi fyllde 1 \u00e5r i augusti och matte s\u00e4ger att vi har v\u00e4xt sen vi kom hem, framf\u00f6rallt Melvin. Vi har mycket energi&hellip;<\/p>\n<p><a class=\"more-link\" href=\"https:\/\/www.djurskyddet.se\/kattfotenhalmstad\/lyckligt-slut-2\/adopterade-katter-2020\/maja-och-melvin\/\" title=\"Continue reading &lsquo;Maja och Melvin&rsquo;\">L&auml;s mer<span class=\"meta-nav\">&raquo;<\/span><\/a><\/p>\n","protected":false},"author":36,"featured_media":0,"parent":8754,"menu_order":0,"comment_status":"closed","ping_status":"closed","template":"page-templates\/left-sidebar20200507.php","meta":{"_acf_changed":false,"footnotes":""},"class_list":["post-12730","page","type-page","status-publish","hentry"],"acf":[],"_links":{"self":[{"href":"https:\/\/www.djurskyddet.se\/kattfotenhalmstad\/wp-json\/wp\/v2\/pages\/12730","targetHints":{"allow":["GET"]}}],"collection":[{"href":"https:\/\/www.djurskyddet.se\/kattfotenhalmstad\/wp-json\/wp\/v2\/pages"}],"about":[{"href":"https:\/\/www.djurskyddet.se\/kattfotenhalmstad\/wp-json\/wp\/v2\/types\/page"}],"author":[{"embeddable":true,"href":"https:\/\/www.djurskyddet.se\/kattfotenhalmstad\/wp-json\/wp\/v2\/users\/36"}],"replies":[{"embeddable":true,"href":"https:\/\/www.djurskyddet.se\/kattfotenhalmstad\/wp-json\/wp\/v2\/comments?post=12730"}],"version-history":[{"count":1,"href":"https:\/\/www.djurskyddet.se\/kattfotenhalmstad\/wp-json\/wp\/v2\/pages\/12730\/revisions"}],"predecessor-version":[{"id":12738,"href":"https:\/\/www.djurskyddet.se\/kattfotenhalmstad\/wp-json\/wp\/v2\/pages\/12730\/revisions\/12738"}],"up":[{"embeddable":true,"href":"https:\/\/www.djurskyddet.se\/kattfotenhalmstad\/wp-json\/wp\/v2\/pages\/8754"}],"wp:attachment":[{"href":"https:\/\/www.djurskyddet.se\/kattfotenhalmstad\/wp-json\/wp\/v2\/media?parent=12730"}],"curies":[{"name":"wp","href":"https:\/\/api.w.org\/{rel}","templated":true}]}}