{"id":12743,"date":"2021-01-27T18:36:25","date_gmt":"2021-01-27T18:36:25","guid":{"rendered":"https:\/\/www.djurskyddet.se\/kattfotenhalmstad\/?page_id=12743"},"modified":"2021-01-27T18:36:26","modified_gmt":"2021-01-27T18:36:26","slug":"smulan","status":"publish","type":"page","link":"https:\/\/www.djurskyddet.se\/kattfotenhalmstad\/lyckligt-slut-2\/adopterade-katter-2015\/smulan\/","title":{"rendered":"Smulan"},"content":{"rendered":"\n<p>Mitt f\u00f6r alltid hem beskriver mig som en riktig going! Jag adopterades 2015, d\u00e5 hette jag Musslan men nya familjen d\u00f6pte om mig till Smulan. Livet idag \u00e4r toppen! Jag f\u00e5r g\u00e5 ut och in som jag vill och har \u00e4ven tv\u00e5 kattkompisar att leka med.<\/p>\n\n\n\n<div class=\"wp-block-image\"><figure class=\"aligncenter\"><img loading=\"lazy\" decoding=\"async\" width=\"480\" height=\"640\" src=\"https:\/\/www.djurskyddet.se\/kattfotenhalmstad\/wp-content\/uploads\/sites\/35\/2021\/01\/Smulan-2015.jpg\" alt=\"\" class=\"wp-image-12744\" srcset=\"https:\/\/www.djurskyddet.se\/kattfotenhalmstad\/wp-content\/uploads\/sites\/35\/2021\/01\/Smulan-2015.jpg 480w, https:\/\/www.djurskyddet.se\/kattfotenhalmstad\/wp-content\/uploads\/sites\/35\/2021\/01\/Smulan-2015-225x300.jpg 225w, https:\/\/www.djurskyddet.se\/kattfotenhalmstad\/wp-content\/uploads\/sites\/35\/2021\/01\/Smulan-2015-400x533.jpg 400w\" sizes=\"auto, (max-width: 480px) 100vw, 480px\" \/><\/figure><\/div>\n","protected":false},"excerpt":{"rendered":"<p>Mitt f\u00f6r alltid hem beskriver mig som en riktig going! Jag adopterades 2015, d\u00e5 hette jag Musslan men nya familjen d\u00f6pte om mig till Smulan. Livet idag \u00e4r toppen! Jag f\u00e5r g\u00e5 ut och in som jag vill och har \u00e4ven tv\u00e5 kattkompisar att leka med.<\/p>\n","protected":false},"author":36,"featured_media":0,"parent":8757,"menu_order":0,"comment_status":"closed","ping_status":"closed","template":"page-templates\/left-sidebar20200507.php","meta":{"_acf_changed":false,"footnotes":""},"class_list":["post-12743","page","type-page","status-publish","hentry"],"acf":[],"_links":{"self":[{"href":"https:\/\/www.djurskyddet.se\/kattfotenhalmstad\/wp-json\/wp\/v2\/pages\/12743","targetHints":{"allow":["GET"]}}],"collection":[{"href":"https:\/\/www.djurskyddet.se\/kattfotenhalmstad\/wp-json\/wp\/v2\/pages"}],"about":[{"href":"https:\/\/www.djurskyddet.se\/kattfotenhalmstad\/wp-json\/wp\/v2\/types\/page"}],"author":[{"embeddable":true,"href":"https:\/\/www.djurskyddet.se\/kattfotenhalmstad\/wp-json\/wp\/v2\/users\/36"}],"replies":[{"embeddable":true,"href":"https:\/\/www.djurskyddet.se\/kattfotenhalmstad\/wp-json\/wp\/v2\/comments?post=12743"}],"version-history":[{"count":1,"href":"https:\/\/www.djurskyddet.se\/kattfotenhalmstad\/wp-json\/wp\/v2\/pages\/12743\/revisions"}],"predecessor-version":[{"id":12745,"href":"https:\/\/www.djurskyddet.se\/kattfotenhalmstad\/wp-json\/wp\/v2\/pages\/12743\/revisions\/12745"}],"up":[{"embeddable":true,"href":"https:\/\/www.djurskyddet.se\/kattfotenhalmstad\/wp-json\/wp\/v2\/pages\/8757"}],"wp:attachment":[{"href":"https:\/\/www.djurskyddet.se\/kattfotenhalmstad\/wp-json\/wp\/v2\/media?parent=12743"}],"curies":[{"name":"wp","href":"https:\/\/api.w.org\/{rel}","templated":true}]}}