{"id":12748,"date":"2021-01-27T18:58:58","date_gmt":"2021-01-27T18:58:58","guid":{"rendered":"https:\/\/www.djurskyddet.se\/kattfotenhalmstad\/?page_id=12748"},"modified":"2021-06-07T09:09:12","modified_gmt":"2021-06-07T09:09:12","slug":"tussen","status":"publish","type":"page","link":"https:\/\/www.djurskyddet.se\/kattfotenhalmstad\/lyckligt-slut-2\/adopterade-katter-2014\/tussen\/","title":{"rendered":"Tussen"},"content":{"rendered":"\n<p>\u00c5r 2014 flyttade jag in till mitt f\u00f6r alltid hem, d\u00e5 var jag 9 \u00e5r gammal. Till en b\u00f6rjan var jag reserverad och f\u00f6rsiktig, men efter n\u00e5gon vecka v\u00e5gade jag mig fram till matte. D\u00e5 var jag hennes. Vi hade en v\u00e4ldigt n\u00e4ra relation och jag sov ofta vid hennes sida hela n\u00e4tterna. F\u00f6rsta \u00e5ret var det bara jag och matte. Men 2015 blev familjen st\u00f6rre och det accepterade jag och matte var fortfarande favoriten. Det var hon som skulle mata och kela mig, jag f\u00f6redrog helt klart n\u00e4r det bara var jag och matte ensamma hemma. Jag gav hela mitt hj\u00e4rta till henne och matte hela sitt till mig. Fr\u00e5n att ha varit v\u00e4ldigt f\u00f6rsiktig till att lita p\u00e5 matte fullt ut, det var en vacker resa att uppleva f\u00f6r b\u00e5de henne och mig.<\/p>\n\n\n\n<p>2018 ut\u00f6kade familjen med en medlem till &#8211; en hund kom in i v\u00e5ra liv och detta funkade bra. Jag accepterade nykomlingen men matte var fortfarande favoriten. \u00c5ret d\u00e4rp\u00e5 blev jag sjuk, matte fick ta det tuffa beslutet att l\u00e5ta mig somna in. Jag blev 14 \u00e5r gammal och \u00e4r \u00e4n idag saknad. Matte kommer alltid att vara min matte. Hon s\u00e4ger att jag f\u00f6rgyllde deras liv och att hon \u00e4r s\u00e5 tacksam f\u00f6r vi tr\u00e4ffades. Matte tackar \u00e4ven f\u00f6r m\u00f6jligheten att adoptera katt. Det har varit v\u00e4rt allt i v\u00e4rlden, s\u00e4ger hon. Jag var hennes f\u00f6rsta katt, om hon n\u00e5gon g\u00e5ng ska ha katt igen vill hon adoptera. Det v\u00e4rmer mitt hj\u00e4rta.<\/p>\n\n\n\n<div class=\"wp-block-image\"><figure class=\"aligncenter\"><img loading=\"lazy\" decoding=\"async\" width=\"280\" height=\"280\" src=\"https:\/\/www.djurskyddet.se\/kattfotenhalmstad\/wp-content\/uploads\/sites\/35\/2021\/01\/Tussen-3.jpg\" alt=\"\" class=\"wp-image-12751\" srcset=\"https:\/\/www.djurskyddet.se\/kattfotenhalmstad\/wp-content\/uploads\/sites\/35\/2021\/01\/Tussen-3.jpg 280w, https:\/\/www.djurskyddet.se\/kattfotenhalmstad\/wp-content\/uploads\/sites\/35\/2021\/01\/Tussen-3-150x150.jpg 150w\" sizes=\"auto, (max-width: 280px) 100vw, 280px\" \/><\/figure><\/div>\n\n\n\n<figure class=\"wp-block-gallery columns-2 is-cropped wp-block-gallery-1 is-layout-flex wp-block-gallery-is-layout-flex\"><ul class=\"blocks-gallery-grid\"><li class=\"blocks-gallery-item\"><figure><img loading=\"lazy\" decoding=\"async\" width=\"280\" height=\"373\" src=\"https:\/\/www.djurskyddet.se\/kattfotenhalmstad\/wp-content\/uploads\/sites\/35\/2021\/01\/Tussen-2.jpg\" alt=\"\" data-id=\"12750\" data-link=\"https:\/\/www.djurskyddet.se\/kattfotenhalmstad\/?attachment_id=12750\" class=\"wp-image-12750\" srcset=\"https:\/\/www.djurskyddet.se\/kattfotenhalmstad\/wp-content\/uploads\/sites\/35\/2021\/01\/Tussen-2.jpg 280w, https:\/\/www.djurskyddet.se\/kattfotenhalmstad\/wp-content\/uploads\/sites\/35\/2021\/01\/Tussen-2-225x300.jpg 225w\" sizes=\"auto, (max-width: 280px) 100vw, 280px\" \/><\/figure><\/li><li class=\"blocks-gallery-item\"><figure><img loading=\"lazy\" decoding=\"async\" width=\"373\" height=\"280\" src=\"https:\/\/www.djurskyddet.se\/kattfotenhalmstad\/wp-content\/uploads\/sites\/35\/2021\/01\/Tussen-1.jpg\" alt=\"\" data-id=\"12749\" data-link=\"https:\/\/www.djurskyddet.se\/kattfotenhalmstad\/?attachment_id=12749\" class=\"wp-image-12749\" srcset=\"https:\/\/www.djurskyddet.se\/kattfotenhalmstad\/wp-content\/uploads\/sites\/35\/2021\/01\/Tussen-1.jpg 373w, https:\/\/www.djurskyddet.se\/kattfotenhalmstad\/wp-content\/uploads\/sites\/35\/2021\/01\/Tussen-1-300x225.jpg 300w\" sizes=\"auto, (max-width: 373px) 100vw, 373px\" \/><\/figure><\/li><\/ul><\/figure>\n\n\n\n<div class=\"wp-block-image\"><figure class=\"aligncenter\"><img loading=\"lazy\" decoding=\"async\" width=\"373\" height=\"280\" src=\"https:\/\/www.djurskyddet.se\/kattfotenhalmstad\/wp-content\/uploads\/sites\/35\/2021\/01\/Tussen-och-vovven.jpg\" alt=\"\" class=\"wp-image-12752\" srcset=\"https:\/\/www.djurskyddet.se\/kattfotenhalmstad\/wp-content\/uploads\/sites\/35\/2021\/01\/Tussen-och-vovven.jpg 373w, https:\/\/www.djurskyddet.se\/kattfotenhalmstad\/wp-content\/uploads\/sites\/35\/2021\/01\/Tussen-och-vovven-300x225.jpg 300w\" sizes=\"auto, (max-width: 373px) 100vw, 373px\" \/><\/figure><\/div>\n","protected":false},"excerpt":{"rendered":"<p>\u00c5r 2014 flyttade jag in till mitt f\u00f6r alltid hem, d\u00e5 var jag 9 \u00e5r gammal. Till en b\u00f6rjan var jag reserverad och f\u00f6rsiktig, men efter n\u00e5gon vecka v\u00e5gade jag mig fram till matte. D\u00e5 var jag hennes. Vi hade en v\u00e4ldigt n\u00e4ra relation och jag sov ofta vid hennes sida hela n\u00e4tterna. F\u00f6rsta \u00e5ret var det bara jag och matte. Men 2015 blev familjen st\u00f6rre och det accepterade jag&hellip;<\/p>\n<p><a class=\"more-link\" href=\"https:\/\/www.djurskyddet.se\/kattfotenhalmstad\/lyckligt-slut-2\/adopterade-katter-2014\/tussen\/\" title=\"Continue reading &lsquo;Tussen&rsquo;\">L&auml;s mer<span class=\"meta-nav\">&raquo;<\/span><\/a><\/p>\n","protected":false},"author":36,"featured_media":0,"parent":8770,"menu_order":0,"comment_status":"closed","ping_status":"closed","template":"page-templates\/left-sidebar20200507.php","meta":{"_acf_changed":false,"footnotes":""},"class_list":["post-12748","page","type-page","status-publish","hentry"],"acf":[],"_links":{"self":[{"href":"https:\/\/www.djurskyddet.se\/kattfotenhalmstad\/wp-json\/wp\/v2\/pages\/12748","targetHints":{"allow":["GET"]}}],"collection":[{"href":"https:\/\/www.djurskyddet.se\/kattfotenhalmstad\/wp-json\/wp\/v2\/pages"}],"about":[{"href":"https:\/\/www.djurskyddet.se\/kattfotenhalmstad\/wp-json\/wp\/v2\/types\/page"}],"author":[{"embeddable":true,"href":"https:\/\/www.djurskyddet.se\/kattfotenhalmstad\/wp-json\/wp\/v2\/users\/36"}],"replies":[{"embeddable":true,"href":"https:\/\/www.djurskyddet.se\/kattfotenhalmstad\/wp-json\/wp\/v2\/comments?post=12748"}],"version-history":[{"count":3,"href":"https:\/\/www.djurskyddet.se\/kattfotenhalmstad\/wp-json\/wp\/v2\/pages\/12748\/revisions"}],"predecessor-version":[{"id":13274,"href":"https:\/\/www.djurskyddet.se\/kattfotenhalmstad\/wp-json\/wp\/v2\/pages\/12748\/revisions\/13274"}],"up":[{"embeddable":true,"href":"https:\/\/www.djurskyddet.se\/kattfotenhalmstad\/wp-json\/wp\/v2\/pages\/8770"}],"wp:attachment":[{"href":"https:\/\/www.djurskyddet.se\/kattfotenhalmstad\/wp-json\/wp\/v2\/media?parent=12748"}],"curies":[{"name":"wp","href":"https:\/\/api.w.org\/{rel}","templated":true}]}}