{"id":13026,"date":"2021-04-09T16:22:20","date_gmt":"2021-04-09T16:22:20","guid":{"rendered":"https:\/\/www.djurskyddet.se\/kattfotenhalmstad\/?page_id=13026"},"modified":"2021-04-09T16:22:21","modified_gmt":"2021-04-09T16:22:21","slug":"sipper-och-sookie","status":"publish","type":"page","link":"https:\/\/www.djurskyddet.se\/kattfotenhalmstad\/lyckligt-slut-2\/adopterade-katter-2018\/sipper-och-sookie\/","title":{"rendered":"Sipper och Sookie"},"content":{"rendered":"\n<p>I juni adopterades jag (Sipper) och min kompis Sookie. P\u00e5 katthemmet hette vi Nala och Sn\u00f6vit. Matte fastnade direkt f\u00f6r oss och vi f\u00f6r henne.<\/p>\n\n\n\n<p>Jag brukade vara en v\u00e4ldigt skygg katt men matte s\u00e4ger att idag \u00e4r jag v\u00e4rldens mysigaste och lekfulla katt! Jag brukar ropa efter matte p\u00e5 n\u00e4tterna n\u00e4r jag inte hittar henne i s\u00e4ngen, och jag vill j\u00e4mt vara d\u00e4r hon \u00e4r. Det b\u00e4sta jag vet \u00e4r min boll, den kan ni se p\u00e5 bilden nedan. Kastas den iv\u00e4g h\u00e4mtar jag den f\u00f6r att l\u00e4mna tillbaka, precis som en hund.<\/p>\n\n\n\n<p>Min v\u00e4n Sookie \u00e4r en av de mest sociala katterna som matte tr\u00e4ffat. Det b\u00e4sta hon vet \u00e4r barn och blir helt till sig varje g\u00e5ng ett barn \u00e4r p\u00e5 bes\u00f6k. Hon gillar ocks\u00e5 godis. Hon har l\u00e4rt sig k\u00e4nna igen vissa fraser matte s\u00e4ger och vet direkt n\u00e4r hon s\u00e4ger \u201dvill du ha mat? \u201d eller \u201dvill du ha godis? \u201d. <\/p>\n\n\n\n<p>Matte s\u00e4ger att vi \u00e4r terapi och hennes stora k\u00e4rlek i livet. Hon \u00e4r evigt tacksamt f\u00f6r att vi kom in i hennes liv!<\/p>\n\n\n\n<figure class=\"wp-block-image\"><img loading=\"lazy\" decoding=\"async\" width=\"819\" height=\"1024\" src=\"https:\/\/www.djurskyddet.se\/kattfotenhalmstad\/wp-content\/uploads\/sites\/35\/2021\/04\/received_246761146367244-819x1024.jpeg\" alt=\"\" class=\"wp-image-13027\" srcset=\"https:\/\/www.djurskyddet.se\/kattfotenhalmstad\/wp-content\/uploads\/sites\/35\/2021\/04\/received_246761146367244-819x1024.jpeg 819w, https:\/\/www.djurskyddet.se\/kattfotenhalmstad\/wp-content\/uploads\/sites\/35\/2021\/04\/received_246761146367244-240x300.jpeg 240w, https:\/\/www.djurskyddet.se\/kattfotenhalmstad\/wp-content\/uploads\/sites\/35\/2021\/04\/received_246761146367244-768x960.jpeg 768w, https:\/\/www.djurskyddet.se\/kattfotenhalmstad\/wp-content\/uploads\/sites\/35\/2021\/04\/received_246761146367244-400x500.jpeg 400w, https:\/\/www.djurskyddet.se\/kattfotenhalmstad\/wp-content\/uploads\/sites\/35\/2021\/04\/received_246761146367244.jpeg 1368w\" sizes=\"auto, (max-width: 819px) 100vw, 819px\" \/><figcaption>Jag \u00e4r sk\u00f6ldpaddan med bollen. Min v\u00e4n Sookie \u00e4r den vita sk\u00f6nheten.<\/figcaption><\/figure>\n","protected":false},"excerpt":{"rendered":"<p>I juni adopterades jag (Sipper) och min kompis Sookie. P\u00e5 katthemmet hette vi Nala och Sn\u00f6vit. Matte fastnade direkt f\u00f6r oss och vi f\u00f6r henne. Jag brukade vara en v\u00e4ldigt skygg katt men matte s\u00e4ger att idag \u00e4r jag v\u00e4rldens mysigaste och lekfulla katt! Jag brukar ropa efter matte p\u00e5 n\u00e4tterna n\u00e4r jag inte hittar henne i s\u00e4ngen, och jag vill j\u00e4mt vara d\u00e4r hon \u00e4r. Det b\u00e4sta jag vet&hellip;<\/p>\n<p><a class=\"more-link\" href=\"https:\/\/www.djurskyddet.se\/kattfotenhalmstad\/lyckligt-slut-2\/adopterade-katter-2018\/sipper-och-sookie\/\" title=\"Continue reading &lsquo;Sipper och Sookie&rsquo;\">L&auml;s mer<span class=\"meta-nav\">&raquo;<\/span><\/a><\/p>\n","protected":false},"author":36,"featured_media":0,"parent":8735,"menu_order":0,"comment_status":"closed","ping_status":"closed","template":"page-templates\/left-sidebar20200507.php","meta":{"_acf_changed":false,"footnotes":""},"class_list":["post-13026","page","type-page","status-publish","hentry"],"acf":[],"_links":{"self":[{"href":"https:\/\/www.djurskyddet.se\/kattfotenhalmstad\/wp-json\/wp\/v2\/pages\/13026","targetHints":{"allow":["GET"]}}],"collection":[{"href":"https:\/\/www.djurskyddet.se\/kattfotenhalmstad\/wp-json\/wp\/v2\/pages"}],"about":[{"href":"https:\/\/www.djurskyddet.se\/kattfotenhalmstad\/wp-json\/wp\/v2\/types\/page"}],"author":[{"embeddable":true,"href":"https:\/\/www.djurskyddet.se\/kattfotenhalmstad\/wp-json\/wp\/v2\/users\/36"}],"replies":[{"embeddable":true,"href":"https:\/\/www.djurskyddet.se\/kattfotenhalmstad\/wp-json\/wp\/v2\/comments?post=13026"}],"version-history":[{"count":1,"href":"https:\/\/www.djurskyddet.se\/kattfotenhalmstad\/wp-json\/wp\/v2\/pages\/13026\/revisions"}],"predecessor-version":[{"id":13028,"href":"https:\/\/www.djurskyddet.se\/kattfotenhalmstad\/wp-json\/wp\/v2\/pages\/13026\/revisions\/13028"}],"up":[{"embeddable":true,"href":"https:\/\/www.djurskyddet.se\/kattfotenhalmstad\/wp-json\/wp\/v2\/pages\/8735"}],"wp:attachment":[{"href":"https:\/\/www.djurskyddet.se\/kattfotenhalmstad\/wp-json\/wp\/v2\/media?parent=13026"}],"curies":[{"name":"wp","href":"https:\/\/api.w.org\/{rel}","templated":true}]}}