{"id":13044,"date":"2021-04-09T16:38:53","date_gmt":"2021-04-09T16:38:53","guid":{"rendered":"https:\/\/www.djurskyddet.se\/kattfotenhalmstad\/?page_id=13044"},"modified":"2021-04-09T16:38:54","modified_gmt":"2021-04-09T16:38:54","slug":"edward-och-mimmi","status":"publish","type":"page","link":"https:\/\/www.djurskyddet.se\/kattfotenhalmstad\/lyckligt-slut-2\/adopterade-katter-2016\/edward-och-mimmi\/","title":{"rendered":"Edward och Mimmi"},"content":{"rendered":"\n<p>Jag (Edward) och min syster Mimmi adopterades fr\u00e5n Kattfoten i oktober 2016. D\u00e4r hette vi Albin och Anna, trivs med v\u00e5ra nya namn Edward och Mimmi. Syrran tycker om att bada och g\u00e5 ut i koppel. Hon ligger g\u00e4rna i kn\u00e4t och spinner! Jag \u00e4r matglad, pratglad och tycker om att leka!<\/p>\n\n\n\n<figure class=\"wp-block-image\"><img loading=\"lazy\" decoding=\"async\" width=\"828\" height=\"1005\" src=\"https:\/\/www.djurskyddet.se\/kattfotenhalmstad\/wp-content\/uploads\/sites\/35\/2021\/04\/received_2820220568069337.jpeg\" alt=\"\" class=\"wp-image-13045\" srcset=\"https:\/\/www.djurskyddet.se\/kattfotenhalmstad\/wp-content\/uploads\/sites\/35\/2021\/04\/received_2820220568069337.jpeg 828w, https:\/\/www.djurskyddet.se\/kattfotenhalmstad\/wp-content\/uploads\/sites\/35\/2021\/04\/received_2820220568069337-247x300.jpeg 247w, https:\/\/www.djurskyddet.se\/kattfotenhalmstad\/wp-content\/uploads\/sites\/35\/2021\/04\/received_2820220568069337-768x932.jpeg 768w, https:\/\/www.djurskyddet.se\/kattfotenhalmstad\/wp-content\/uploads\/sites\/35\/2021\/04\/received_2820220568069337-400x486.jpeg 400w\" sizes=\"auto, (max-width: 828px) 100vw, 828px\" \/><\/figure>\n\n\n\n<figure class=\"wp-block-image\"><img loading=\"lazy\" decoding=\"async\" width=\"828\" height=\"1009\" src=\"https:\/\/www.djurskyddet.se\/kattfotenhalmstad\/wp-content\/uploads\/sites\/35\/2021\/04\/received_157086095507218.jpeg\" alt=\"\" class=\"wp-image-13046\" srcset=\"https:\/\/www.djurskyddet.se\/kattfotenhalmstad\/wp-content\/uploads\/sites\/35\/2021\/04\/received_157086095507218.jpeg 828w, https:\/\/www.djurskyddet.se\/kattfotenhalmstad\/wp-content\/uploads\/sites\/35\/2021\/04\/received_157086095507218-246x300.jpeg 246w, https:\/\/www.djurskyddet.se\/kattfotenhalmstad\/wp-content\/uploads\/sites\/35\/2021\/04\/received_157086095507218-768x936.jpeg 768w, https:\/\/www.djurskyddet.se\/kattfotenhalmstad\/wp-content\/uploads\/sites\/35\/2021\/04\/received_157086095507218-400x487.jpeg 400w\" sizes=\"auto, (max-width: 828px) 100vw, 828px\" \/><\/figure>\n","protected":false},"excerpt":{"rendered":"<p>Jag (Edward) och min syster Mimmi adopterades fr\u00e5n Kattfoten i oktober 2016. D\u00e4r hette vi Albin och Anna, trivs med v\u00e5ra nya namn Edward och Mimmi. Syrran tycker om att bada och g\u00e5 ut i koppel. Hon ligger g\u00e4rna i kn\u00e4t och spinner! Jag \u00e4r matglad, pratglad och tycker om att leka!<\/p>\n","protected":false},"author":36,"featured_media":0,"parent":8756,"menu_order":0,"comment_status":"closed","ping_status":"closed","template":"page-templates\/left-sidebar20200507.php","meta":{"_acf_changed":false,"footnotes":""},"class_list":["post-13044","page","type-page","status-publish","hentry"],"acf":[],"_links":{"self":[{"href":"https:\/\/www.djurskyddet.se\/kattfotenhalmstad\/wp-json\/wp\/v2\/pages\/13044","targetHints":{"allow":["GET"]}}],"collection":[{"href":"https:\/\/www.djurskyddet.se\/kattfotenhalmstad\/wp-json\/wp\/v2\/pages"}],"about":[{"href":"https:\/\/www.djurskyddet.se\/kattfotenhalmstad\/wp-json\/wp\/v2\/types\/page"}],"author":[{"embeddable":true,"href":"https:\/\/www.djurskyddet.se\/kattfotenhalmstad\/wp-json\/wp\/v2\/users\/36"}],"replies":[{"embeddable":true,"href":"https:\/\/www.djurskyddet.se\/kattfotenhalmstad\/wp-json\/wp\/v2\/comments?post=13044"}],"version-history":[{"count":1,"href":"https:\/\/www.djurskyddet.se\/kattfotenhalmstad\/wp-json\/wp\/v2\/pages\/13044\/revisions"}],"predecessor-version":[{"id":13047,"href":"https:\/\/www.djurskyddet.se\/kattfotenhalmstad\/wp-json\/wp\/v2\/pages\/13044\/revisions\/13047"}],"up":[{"embeddable":true,"href":"https:\/\/www.djurskyddet.se\/kattfotenhalmstad\/wp-json\/wp\/v2\/pages\/8756"}],"wp:attachment":[{"href":"https:\/\/www.djurskyddet.se\/kattfotenhalmstad\/wp-json\/wp\/v2\/media?parent=13044"}],"curies":[{"name":"wp","href":"https:\/\/api.w.org\/{rel}","templated":true}]}}