{"id":13087,"date":"2021-04-13T19:24:25","date_gmt":"2021-04-13T19:24:25","guid":{"rendered":"https:\/\/www.djurskyddet.se\/kattfotenhalmstad\/?page_id=13087"},"modified":"2021-04-13T19:24:26","modified_gmt":"2021-04-13T19:24:26","slug":"misan","status":"publish","type":"page","link":"https:\/\/www.djurskyddet.se\/kattfotenhalmstad\/lyckligt-slut-2\/adopterade-katter-2011\/misan\/","title":{"rendered":"Misan"},"content":{"rendered":"\n<p>Hej! Jag flyttade in till mitt f\u00f6r alltid hem 2011, p\u00e5 katthemmet hette jag Chorus men nu heter jag Misan. Jag \u00e4r v\u00e4ldigt best\u00e4md och gillar att vara ute b\u00e5de i huset i stan och i sommarstugan. \u00c4r mycket blyg f\u00f6r nya m\u00e4nniskor. <br> Mvh, <br> Misan?\u2764\ufe0f<\/p>\n\n\n\n<figure class=\"wp-block-image\"><img loading=\"lazy\" decoding=\"async\" width=\"960\" height=\"960\" src=\"https:\/\/www.djurskyddet.se\/kattfotenhalmstad\/wp-content\/uploads\/sites\/35\/2021\/04\/received_1367552673423602.jpeg\" alt=\"\" class=\"wp-image-13088\" srcset=\"https:\/\/www.djurskyddet.se\/kattfotenhalmstad\/wp-content\/uploads\/sites\/35\/2021\/04\/received_1367552673423602.jpeg 960w, https:\/\/www.djurskyddet.se\/kattfotenhalmstad\/wp-content\/uploads\/sites\/35\/2021\/04\/received_1367552673423602-150x150.jpeg 150w, https:\/\/www.djurskyddet.se\/kattfotenhalmstad\/wp-content\/uploads\/sites\/35\/2021\/04\/received_1367552673423602-300x300.jpeg 300w, https:\/\/www.djurskyddet.se\/kattfotenhalmstad\/wp-content\/uploads\/sites\/35\/2021\/04\/received_1367552673423602-768x768.jpeg 768w, https:\/\/www.djurskyddet.se\/kattfotenhalmstad\/wp-content\/uploads\/sites\/35\/2021\/04\/received_1367552673423602-400x400.jpeg 400w\" sizes=\"auto, (max-width: 960px) 100vw, 960px\" \/><\/figure>\n","protected":false},"excerpt":{"rendered":"<p>Hej! Jag flyttade in till mitt f\u00f6r alltid hem 2011, p\u00e5 katthemmet hette jag Chorus men nu heter jag Misan. Jag \u00e4r v\u00e4ldigt best\u00e4md och gillar att vara ute b\u00e5de i huset i stan och i sommarstugan. \u00c4r mycket blyg f\u00f6r nya m\u00e4nniskor. Mvh, Misan?\u2764\ufe0f<\/p>\n","protected":false},"author":36,"featured_media":0,"parent":8773,"menu_order":0,"comment_status":"closed","ping_status":"closed","template":"page-templates\/left-sidebar20200507.php","meta":{"_acf_changed":false,"footnotes":""},"class_list":["post-13087","page","type-page","status-publish","hentry"],"acf":[],"_links":{"self":[{"href":"https:\/\/www.djurskyddet.se\/kattfotenhalmstad\/wp-json\/wp\/v2\/pages\/13087","targetHints":{"allow":["GET"]}}],"collection":[{"href":"https:\/\/www.djurskyddet.se\/kattfotenhalmstad\/wp-json\/wp\/v2\/pages"}],"about":[{"href":"https:\/\/www.djurskyddet.se\/kattfotenhalmstad\/wp-json\/wp\/v2\/types\/page"}],"author":[{"embeddable":true,"href":"https:\/\/www.djurskyddet.se\/kattfotenhalmstad\/wp-json\/wp\/v2\/users\/36"}],"replies":[{"embeddable":true,"href":"https:\/\/www.djurskyddet.se\/kattfotenhalmstad\/wp-json\/wp\/v2\/comments?post=13087"}],"version-history":[{"count":1,"href":"https:\/\/www.djurskyddet.se\/kattfotenhalmstad\/wp-json\/wp\/v2\/pages\/13087\/revisions"}],"predecessor-version":[{"id":13089,"href":"https:\/\/www.djurskyddet.se\/kattfotenhalmstad\/wp-json\/wp\/v2\/pages\/13087\/revisions\/13089"}],"up":[{"embeddable":true,"href":"https:\/\/www.djurskyddet.se\/kattfotenhalmstad\/wp-json\/wp\/v2\/pages\/8773"}],"wp:attachment":[{"href":"https:\/\/www.djurskyddet.se\/kattfotenhalmstad\/wp-json\/wp\/v2\/media?parent=13087"}],"curies":[{"name":"wp","href":"https:\/\/api.w.org\/{rel}","templated":true}]}}