{"id":13119,"date":"2021-04-13T19:57:22","date_gmt":"2021-04-13T19:57:22","guid":{"rendered":"https:\/\/www.djurskyddet.se\/kattfotenhalmstad\/?page_id=13119"},"modified":"2021-06-07T09:46:59","modified_gmt":"2021-06-07T09:46:59","slug":"lilly","status":"publish","type":"page","link":"https:\/\/www.djurskyddet.se\/kattfotenhalmstad\/lyckligt-slut-2\/adopterade-katter-2016\/lilly\/","title":{"rendered":"Lilly"},"content":{"rendered":"\n<p>Lilly heter jag, fick det namnet i mitt f\u00f6r alltid hem. P\u00e5 katthemmet hette jag Majsan och adopterades i december 2016. D\u00e5 flyttade jag in till <a href=\"https:\/\/www.djurskyddet.se\/kattfotenhalmstad\/lyckligt-slut-2\/adopterade-katter-2015\/musse\/\" target=\"_blank\" rel=\"noreferrer noopener\" aria-label=\"Musse (\u00f6ppnas i en ny flik)\">Musse<\/a>. <\/p>\n\n\n\n<p>Jag \u00e4r f\u00f6dd h\u00f6sten 2016, hittades som liten p\u00e5 motorhallands parkering och flyttade in till min familj samma dag som jag hittades. Vilken tur! Familjen beskriver mig som en n\u00e5got reserverad tjej som \u00e4r v\u00e4ldigt tillgiven till sina familjemedlemmar. Jag \u00e4lskar att titta p\u00e5 f\u00e5glar genom f\u00f6nstret och apportera bollar.<\/p>\n\n\n\n<div class=\"wp-block-image\"><figure class=\"aligncenter\"><img loading=\"lazy\" decoding=\"async\" width=\"750\" height=\"738\" src=\"https:\/\/www.djurskyddet.se\/kattfotenhalmstad\/wp-content\/uploads\/sites\/35\/2021\/04\/IMG_20210413_215117.jpg\" alt=\"\" class=\"wp-image-13120\" srcset=\"https:\/\/www.djurskyddet.se\/kattfotenhalmstad\/wp-content\/uploads\/sites\/35\/2021\/04\/IMG_20210413_215117.jpg 750w, https:\/\/www.djurskyddet.se\/kattfotenhalmstad\/wp-content\/uploads\/sites\/35\/2021\/04\/IMG_20210413_215117-300x295.jpg 300w, https:\/\/www.djurskyddet.se\/kattfotenhalmstad\/wp-content\/uploads\/sites\/35\/2021\/04\/IMG_20210413_215117-400x394.jpg 400w\" sizes=\"auto, (max-width: 750px) 100vw, 750px\" \/><\/figure><\/div>\n\n\n\n<div class=\"wp-block-image\"><figure class=\"aligncenter\"><img loading=\"lazy\" decoding=\"async\" width=\"359\" height=\"481\" src=\"https:\/\/www.djurskyddet.se\/kattfotenhalmstad\/wp-content\/uploads\/sites\/35\/2021\/04\/received_154050245869722.jpeg\" alt=\"\" class=\"wp-image-13121\" srcset=\"https:\/\/www.djurskyddet.se\/kattfotenhalmstad\/wp-content\/uploads\/sites\/35\/2021\/04\/received_154050245869722.jpeg 359w, https:\/\/www.djurskyddet.se\/kattfotenhalmstad\/wp-content\/uploads\/sites\/35\/2021\/04\/received_154050245869722-224x300.jpeg 224w\" sizes=\"auto, (max-width: 359px) 100vw, 359px\" \/><\/figure><\/div>\n\n\n\n<div class=\"wp-block-image\"><figure class=\"aligncenter\"><img loading=\"lazy\" decoding=\"async\" width=\"959\" height=\"959\" src=\"https:\/\/www.djurskyddet.se\/kattfotenhalmstad\/wp-content\/uploads\/sites\/35\/2021\/04\/received_614961622386506-1.jpeg\" alt=\"\" class=\"wp-image-13122\" srcset=\"https:\/\/www.djurskyddet.se\/kattfotenhalmstad\/wp-content\/uploads\/sites\/35\/2021\/04\/received_614961622386506-1.jpeg 959w, https:\/\/www.djurskyddet.se\/kattfotenhalmstad\/wp-content\/uploads\/sites\/35\/2021\/04\/received_614961622386506-1-150x150.jpeg 150w, https:\/\/www.djurskyddet.se\/kattfotenhalmstad\/wp-content\/uploads\/sites\/35\/2021\/04\/received_614961622386506-1-300x300.jpeg 300w, https:\/\/www.djurskyddet.se\/kattfotenhalmstad\/wp-content\/uploads\/sites\/35\/2021\/04\/received_614961622386506-1-768x768.jpeg 768w, https:\/\/www.djurskyddet.se\/kattfotenhalmstad\/wp-content\/uploads\/sites\/35\/2021\/04\/received_614961622386506-1-400x400.jpeg 400w\" sizes=\"auto, (max-width: 959px) 100vw, 959px\" \/><figcaption>Jag och Musse spanar i f\u00f6nstret. <\/figcaption><\/figure><\/div>\n\n\n\n<div class=\"wp-block-image\"><figure class=\"aligncenter\"><img loading=\"lazy\" decoding=\"async\" width=\"720\" height=\"960\" src=\"https:\/\/www.djurskyddet.se\/kattfotenhalmstad\/wp-content\/uploads\/sites\/35\/2021\/04\/received_2631934440376388-1.jpeg\" alt=\"\" class=\"wp-image-13123\" srcset=\"https:\/\/www.djurskyddet.se\/kattfotenhalmstad\/wp-content\/uploads\/sites\/35\/2021\/04\/received_2631934440376388-1.jpeg 720w, https:\/\/www.djurskyddet.se\/kattfotenhalmstad\/wp-content\/uploads\/sites\/35\/2021\/04\/received_2631934440376388-1-225x300.jpeg 225w, https:\/\/www.djurskyddet.se\/kattfotenhalmstad\/wp-content\/uploads\/sites\/35\/2021\/04\/received_2631934440376388-1-400x533.jpeg 400w\" sizes=\"auto, (max-width: 720px) 100vw, 720px\" \/><figcaption>H\u00e4r slappar jag och Musse. <\/figcaption><\/figure><\/div>\n","protected":false},"excerpt":{"rendered":"<p>Lilly heter jag, fick det namnet i mitt f\u00f6r alltid hem. P\u00e5 katthemmet hette jag Majsan och adopterades i december 2016. D\u00e5 flyttade jag in till Musse. Jag \u00e4r f\u00f6dd h\u00f6sten 2016, hittades som liten p\u00e5 motorhallands parkering och flyttade in till min familj samma dag som jag hittades. Vilken tur! Familjen beskriver mig som en n\u00e5got reserverad tjej som \u00e4r v\u00e4ldigt tillgiven till sina familjemedlemmar. Jag \u00e4lskar att titta&hellip;<\/p>\n<p><a class=\"more-link\" href=\"https:\/\/www.djurskyddet.se\/kattfotenhalmstad\/lyckligt-slut-2\/adopterade-katter-2016\/lilly\/\" title=\"Continue reading &lsquo;Lilly&rsquo;\">L&auml;s mer<span class=\"meta-nav\">&raquo;<\/span><\/a><\/p>\n","protected":false},"author":36,"featured_media":0,"parent":8756,"menu_order":0,"comment_status":"closed","ping_status":"closed","template":"page-templates\/left-sidebar20200507.php","meta":{"_acf_changed":false,"footnotes":""},"class_list":["post-13119","page","type-page","status-publish","hentry"],"acf":[],"_links":{"self":[{"href":"https:\/\/www.djurskyddet.se\/kattfotenhalmstad\/wp-json\/wp\/v2\/pages\/13119","targetHints":{"allow":["GET"]}}],"collection":[{"href":"https:\/\/www.djurskyddet.se\/kattfotenhalmstad\/wp-json\/wp\/v2\/pages"}],"about":[{"href":"https:\/\/www.djurskyddet.se\/kattfotenhalmstad\/wp-json\/wp\/v2\/types\/page"}],"author":[{"embeddable":true,"href":"https:\/\/www.djurskyddet.se\/kattfotenhalmstad\/wp-json\/wp\/v2\/users\/36"}],"replies":[{"embeddable":true,"href":"https:\/\/www.djurskyddet.se\/kattfotenhalmstad\/wp-json\/wp\/v2\/comments?post=13119"}],"version-history":[{"count":3,"href":"https:\/\/www.djurskyddet.se\/kattfotenhalmstad\/wp-json\/wp\/v2\/pages\/13119\/revisions"}],"predecessor-version":[{"id":13309,"href":"https:\/\/www.djurskyddet.se\/kattfotenhalmstad\/wp-json\/wp\/v2\/pages\/13119\/revisions\/13309"}],"up":[{"embeddable":true,"href":"https:\/\/www.djurskyddet.se\/kattfotenhalmstad\/wp-json\/wp\/v2\/pages\/8756"}],"wp:attachment":[{"href":"https:\/\/www.djurskyddet.se\/kattfotenhalmstad\/wp-json\/wp\/v2\/media?parent=13119"}],"curies":[{"name":"wp","href":"https:\/\/api.w.org\/{rel}","templated":true}]}}