{"id":13139,"date":"2021-04-13T20:11:43","date_gmt":"2021-04-13T20:11:43","guid":{"rendered":"https:\/\/www.djurskyddet.se\/kattfotenhalmstad\/?page_id=13139"},"modified":"2021-04-13T21:42:12","modified_gmt":"2021-04-13T21:42:12","slug":"greven","status":"publish","type":"page","link":"https:\/\/www.djurskyddet.se\/kattfotenhalmstad\/lyckligt-slut-2\/adopterade-katter-2015\/greven\/","title":{"rendered":"Greven"},"content":{"rendered":"\n<p>2015 adopterades jag fr\u00e5n katthemmet, d\u00e4r kallades jag f\u00f6r Binx. V\u00e4l i nya hemmet fick jag namnet Greven och d\u00e4r hade jag det bra. Dessv\u00e4rre somnade jag in sommaren 2020, \u00e5lder och sjukdom hann ifatt mig. Jag \u00e4r mycket saknad av min fina familj \u2764\ufe0f<\/p>\n\n\n\n<figure class=\"wp-block-image\"><img loading=\"lazy\" decoding=\"async\" width=\"640\" height=\"640\" src=\"https:\/\/www.djurskyddet.se\/kattfotenhalmstad\/wp-content\/uploads\/sites\/35\/2021\/04\/received_2557610277788484.jpeg\" alt=\"\" class=\"wp-image-13140\" srcset=\"https:\/\/www.djurskyddet.se\/kattfotenhalmstad\/wp-content\/uploads\/sites\/35\/2021\/04\/received_2557610277788484.jpeg 640w, https:\/\/www.djurskyddet.se\/kattfotenhalmstad\/wp-content\/uploads\/sites\/35\/2021\/04\/received_2557610277788484-150x150.jpeg 150w, https:\/\/www.djurskyddet.se\/kattfotenhalmstad\/wp-content\/uploads\/sites\/35\/2021\/04\/received_2557610277788484-300x300.jpeg 300w, https:\/\/www.djurskyddet.se\/kattfotenhalmstad\/wp-content\/uploads\/sites\/35\/2021\/04\/received_2557610277788484-400x400.jpeg 400w\" sizes=\"auto, (max-width: 640px) 100vw, 640px\" \/><\/figure>\n","protected":false},"excerpt":{"rendered":"<p>2015 adopterades jag fr\u00e5n katthemmet, d\u00e4r kallades jag f\u00f6r Binx. V\u00e4l i nya hemmet fick jag namnet Greven och d\u00e4r hade jag det bra. Dessv\u00e4rre somnade jag in sommaren 2020, \u00e5lder och sjukdom hann ifatt mig. Jag \u00e4r mycket saknad av min fina familj \u2764\ufe0f<\/p>\n","protected":false},"author":36,"featured_media":0,"parent":8757,"menu_order":0,"comment_status":"closed","ping_status":"closed","template":"page-templates\/left-sidebar20200507.php","meta":{"_acf_changed":false,"footnotes":""},"class_list":["post-13139","page","type-page","status-publish","hentry"],"acf":[],"_links":{"self":[{"href":"https:\/\/www.djurskyddet.se\/kattfotenhalmstad\/wp-json\/wp\/v2\/pages\/13139","targetHints":{"allow":["GET"]}}],"collection":[{"href":"https:\/\/www.djurskyddet.se\/kattfotenhalmstad\/wp-json\/wp\/v2\/pages"}],"about":[{"href":"https:\/\/www.djurskyddet.se\/kattfotenhalmstad\/wp-json\/wp\/v2\/types\/page"}],"author":[{"embeddable":true,"href":"https:\/\/www.djurskyddet.se\/kattfotenhalmstad\/wp-json\/wp\/v2\/users\/36"}],"replies":[{"embeddable":true,"href":"https:\/\/www.djurskyddet.se\/kattfotenhalmstad\/wp-json\/wp\/v2\/comments?post=13139"}],"version-history":[{"count":2,"href":"https:\/\/www.djurskyddet.se\/kattfotenhalmstad\/wp-json\/wp\/v2\/pages\/13139\/revisions"}],"predecessor-version":[{"id":13177,"href":"https:\/\/www.djurskyddet.se\/kattfotenhalmstad\/wp-json\/wp\/v2\/pages\/13139\/revisions\/13177"}],"up":[{"embeddable":true,"href":"https:\/\/www.djurskyddet.se\/kattfotenhalmstad\/wp-json\/wp\/v2\/pages\/8757"}],"wp:attachment":[{"href":"https:\/\/www.djurskyddet.se\/kattfotenhalmstad\/wp-json\/wp\/v2\/media?parent=13139"}],"curies":[{"name":"wp","href":"https:\/\/api.w.org\/{rel}","templated":true}]}}