{"id":13150,"date":"2021-04-13T20:29:27","date_gmt":"2021-04-13T20:29:27","guid":{"rendered":"https:\/\/www.djurskyddet.se\/kattfotenhalmstad\/?page_id=13150"},"modified":"2021-04-13T20:30:39","modified_gmt":"2021-04-13T20:30:39","slug":"trisse","status":"publish","type":"page","link":"https:\/\/www.djurskyddet.se\/kattfotenhalmstad\/lyckligt-slut-2\/adopterade-katter-2020\/trisse\/","title":{"rendered":"Trisse"},"content":{"rendered":"\n<p>Jag heter Trisse (f\u00f6re detta Dazzle). I mitt f\u00f6r alltid hem fann jag min b\u00e4sta v\u00e4n Tuffis. Efter bara 10 dagar i nya hemmet var det som agg jag aldrig bott n\u00e5gon annanstans. Min familj tackar s\u00e5 hj\u00e4rtligt f\u00f6r f\u00f6rtroendet att ta hand om mig. De \u00e4r s\u00e5 otroligt glada \u00f6ver hur bra allt har g\u00e5tt och \u00f6ver vilken naturlig del jag blivit av familjen. <\/p>\n\n\n\n<p>Jag \u00e4r en otroligt tillgiven, rolig och inte minst gosig liten kille. Efter en hel dags bus och gos med min kattkompis s\u00e5 sover jag mellan husse och matte i s\u00e4ngen som om jag aldrig gjort annat ??<\/p>\n\n\n\n<figure class=\"wp-block-image\"><img loading=\"lazy\" decoding=\"async\" width=\"496\" height=\"1024\" src=\"https:\/\/www.djurskyddet.se\/kattfotenhalmstad\/wp-content\/uploads\/sites\/35\/2021\/04\/received_650352209020284-496x1024.jpeg\" alt=\"\" class=\"wp-image-13151\" srcset=\"https:\/\/www.djurskyddet.se\/kattfotenhalmstad\/wp-content\/uploads\/sites\/35\/2021\/04\/received_650352209020284-496x1024.jpeg 496w, https:\/\/www.djurskyddet.se\/kattfotenhalmstad\/wp-content\/uploads\/sites\/35\/2021\/04\/received_650352209020284-145x300.jpeg 145w, https:\/\/www.djurskyddet.se\/kattfotenhalmstad\/wp-content\/uploads\/sites\/35\/2021\/04\/received_650352209020284-768x1587.jpeg 768w, https:\/\/www.djurskyddet.se\/kattfotenhalmstad\/wp-content\/uploads\/sites\/35\/2021\/04\/received_650352209020284-400x827.jpeg 400w, https:\/\/www.djurskyddet.se\/kattfotenhalmstad\/wp-content\/uploads\/sites\/35\/2021\/04\/received_650352209020284.jpeg 991w\" sizes=\"auto, (max-width: 496px) 100vw, 496px\" \/><\/figure>\n\n\n\n<figure class=\"wp-block-image\"><img loading=\"lazy\" decoding=\"async\" width=\"496\" height=\"1024\" src=\"https:\/\/www.djurskyddet.se\/kattfotenhalmstad\/wp-content\/uploads\/sites\/35\/2021\/04\/received_771005537011818-496x1024.jpeg\" alt=\"\" class=\"wp-image-13152\" srcset=\"https:\/\/www.djurskyddet.se\/kattfotenhalmstad\/wp-content\/uploads\/sites\/35\/2021\/04\/received_771005537011818-496x1024.jpeg 496w, https:\/\/www.djurskyddet.se\/kattfotenhalmstad\/wp-content\/uploads\/sites\/35\/2021\/04\/received_771005537011818-145x300.jpeg 145w, https:\/\/www.djurskyddet.se\/kattfotenhalmstad\/wp-content\/uploads\/sites\/35\/2021\/04\/received_771005537011818-768x1587.jpeg 768w, https:\/\/www.djurskyddet.se\/kattfotenhalmstad\/wp-content\/uploads\/sites\/35\/2021\/04\/received_771005537011818-400x827.jpeg 400w, https:\/\/www.djurskyddet.se\/kattfotenhalmstad\/wp-content\/uploads\/sites\/35\/2021\/04\/received_771005537011818.jpeg 991w\" sizes=\"auto, (max-width: 496px) 100vw, 496px\" \/><figcaption>H\u00e4r \u00e4r jag och Tuffis. Och filen under denna bild \u00e4r en video p\u00e5 oss tv\u00e5. <\/figcaption><\/figure>\n\n\n\n<div class=\"wp-block-file\"><a href=\"https:\/\/www.djurskyddet.se\/kattfotenhalmstad\/wp-content\/uploads\/sites\/35\/2021\/04\/received_344514380285336.mp4\">received_344514380285336<\/a><a href=\"https:\/\/www.djurskyddet.se\/kattfotenhalmstad\/wp-content\/uploads\/sites\/35\/2021\/04\/received_344514380285336.mp4\" class=\"wp-block-file__button\" download>Ladda ner<\/a><\/div>\n","protected":false},"excerpt":{"rendered":"<p>Jag heter Trisse (f\u00f6re detta Dazzle). I mitt f\u00f6r alltid hem fann jag min b\u00e4sta v\u00e4n Tuffis. Efter bara 10 dagar i nya hemmet var det som agg jag aldrig bott n\u00e5gon annanstans. Min familj tackar s\u00e5 hj\u00e4rtligt f\u00f6r f\u00f6rtroendet att ta hand om mig. De \u00e4r s\u00e5 otroligt glada \u00f6ver hur bra allt har g\u00e5tt och \u00f6ver vilken naturlig del jag blivit av familjen. Jag \u00e4r en otroligt tillgiven,&hellip;<\/p>\n<p><a class=\"more-link\" href=\"https:\/\/www.djurskyddet.se\/kattfotenhalmstad\/lyckligt-slut-2\/adopterade-katter-2020\/trisse\/\" title=\"Continue reading &lsquo;Trisse&rsquo;\">L&auml;s mer<span class=\"meta-nav\">&raquo;<\/span><\/a><\/p>\n","protected":false},"author":36,"featured_media":0,"parent":8754,"menu_order":0,"comment_status":"closed","ping_status":"closed","template":"page-templates\/left-sidebar20200507.php","meta":{"_acf_changed":false,"footnotes":""},"class_list":["post-13150","page","type-page","status-publish","hentry"],"acf":[],"_links":{"self":[{"href":"https:\/\/www.djurskyddet.se\/kattfotenhalmstad\/wp-json\/wp\/v2\/pages\/13150","targetHints":{"allow":["GET"]}}],"collection":[{"href":"https:\/\/www.djurskyddet.se\/kattfotenhalmstad\/wp-json\/wp\/v2\/pages"}],"about":[{"href":"https:\/\/www.djurskyddet.se\/kattfotenhalmstad\/wp-json\/wp\/v2\/types\/page"}],"author":[{"embeddable":true,"href":"https:\/\/www.djurskyddet.se\/kattfotenhalmstad\/wp-json\/wp\/v2\/users\/36"}],"replies":[{"embeddable":true,"href":"https:\/\/www.djurskyddet.se\/kattfotenhalmstad\/wp-json\/wp\/v2\/comments?post=13150"}],"version-history":[{"count":2,"href":"https:\/\/www.djurskyddet.se\/kattfotenhalmstad\/wp-json\/wp\/v2\/pages\/13150\/revisions"}],"predecessor-version":[{"id":13155,"href":"https:\/\/www.djurskyddet.se\/kattfotenhalmstad\/wp-json\/wp\/v2\/pages\/13150\/revisions\/13155"}],"up":[{"embeddable":true,"href":"https:\/\/www.djurskyddet.se\/kattfotenhalmstad\/wp-json\/wp\/v2\/pages\/8754"}],"wp:attachment":[{"href":"https:\/\/www.djurskyddet.se\/kattfotenhalmstad\/wp-json\/wp\/v2\/media?parent=13150"}],"curies":[{"name":"wp","href":"https:\/\/api.w.org\/{rel}","templated":true}]}}