{"id":13158,"date":"2021-04-13T20:47:00","date_gmt":"2021-04-13T20:47:00","guid":{"rendered":"https:\/\/www.djurskyddet.se\/kattfotenhalmstad\/?page_id=13158"},"modified":"2021-04-13T20:47:01","modified_gmt":"2021-04-13T20:47:01","slug":"mango","status":"publish","type":"page","link":"https:\/\/www.djurskyddet.se\/kattfotenhalmstad\/lyckligt-slut-2\/adopterade-katter-2020\/mango\/","title":{"rendered":"Mango"},"content":{"rendered":"\n<p>Mitt namn \u00e4r Mango och jag kom in till katthemmet med min syster och mamma. Vi kom inte s\u00e5 bra \u00f6verens s\u00e5 jag blev s\u00e5 glad \u00f6ver att f\u00e5 flytta in till mitt f\u00f6r alltid hem. Matte s\u00e4ger att jag \u00e4r lite divig till s\u00e4ttet ibland n\u00e4r jag g\u00e5r f\u00f6rbi och n\u00e5gon ropar p\u00e5 mig. Jag b\u00f6rjar att busa mer och mer, framf\u00f6rallt p\u00e5 kv\u00e4llarna. D\u00e5 jagar jag runt p\u00e5 leksaker eller s\u00e5nna d\u00e4r pellets fr\u00e5n min toa, eller n\u00e5got djur jag ser. <\/p>\n\n\n\n<p>N\u00e4r jag v\u00e4l vill gosa d\u00e5 vill jag inte att man slutar att klappa mig, Jag sl\u00e4nger mig n\u00e4stan ner p\u00e5 rygg och b\u00f6rja kurra. \u00c4lskar att bli kliad p\u00e5 magen, under frambenen, &#8221;armh\u00e5lan&#8221;, hakan och resten av huvudet. Det ska klias och klappas tills armen n\u00e4stan trillar av p\u00e5 dig. Jag brukar komma in till tvrummet p\u00e5 kv\u00e4llarna och h\u00e5ller familjen s\u00e4llskap, g\u00e4rna p\u00e5 avst\u00e5nd. Matte \u00e4r helt f\u00f6r\u00e4lskad i mig. En riktigt vacker tjej s\u00e4ger hon \u2764<\/p>\n\n\n\n<figure class=\"wp-block-image\"><img loading=\"lazy\" decoding=\"async\" width=\"576\" height=\"1024\" src=\"https:\/\/www.djurskyddet.se\/kattfotenhalmstad\/wp-content\/uploads\/sites\/35\/2021\/04\/received_2587374141553053-576x1024.jpeg\" alt=\"\" class=\"wp-image-13159\" srcset=\"https:\/\/www.djurskyddet.se\/kattfotenhalmstad\/wp-content\/uploads\/sites\/35\/2021\/04\/received_2587374141553053-576x1024.jpeg 576w, https:\/\/www.djurskyddet.se\/kattfotenhalmstad\/wp-content\/uploads\/sites\/35\/2021\/04\/received_2587374141553053-169x300.jpeg 169w, https:\/\/www.djurskyddet.se\/kattfotenhalmstad\/wp-content\/uploads\/sites\/35\/2021\/04\/received_2587374141553053-768x1365.jpeg 768w, https:\/\/www.djurskyddet.se\/kattfotenhalmstad\/wp-content\/uploads\/sites\/35\/2021\/04\/received_2587374141553053-400x711.jpeg 400w, https:\/\/www.djurskyddet.se\/kattfotenhalmstad\/wp-content\/uploads\/sites\/35\/2021\/04\/received_2587374141553053.jpeg 1080w\" sizes=\"auto, (max-width: 576px) 100vw, 576px\" \/><\/figure>\n\n\n\n<figure class=\"wp-block-image\"><img loading=\"lazy\" decoding=\"async\" width=\"768\" height=\"1024\" src=\"https:\/\/www.djurskyddet.se\/kattfotenhalmstad\/wp-content\/uploads\/sites\/35\/2021\/04\/received_1049968652174673-768x1024.jpeg\" alt=\"\" class=\"wp-image-13160\" srcset=\"https:\/\/www.djurskyddet.se\/kattfotenhalmstad\/wp-content\/uploads\/sites\/35\/2021\/04\/received_1049968652174673-768x1024.jpeg 768w, https:\/\/www.djurskyddet.se\/kattfotenhalmstad\/wp-content\/uploads\/sites\/35\/2021\/04\/received_1049968652174673-225x300.jpeg 225w, https:\/\/www.djurskyddet.se\/kattfotenhalmstad\/wp-content\/uploads\/sites\/35\/2021\/04\/received_1049968652174673-400x533.jpeg 400w, https:\/\/www.djurskyddet.se\/kattfotenhalmstad\/wp-content\/uploads\/sites\/35\/2021\/04\/received_1049968652174673.jpeg 1536w\" sizes=\"auto, (max-width: 768px) 100vw, 768px\" \/><figcaption>H\u00e4r \u00e4r min kattkompis Roxy <\/figcaption><\/figure>\n\n\n\n<figure class=\"wp-block-image\"><img loading=\"lazy\" decoding=\"async\" width=\"768\" height=\"1024\" src=\"https:\/\/www.djurskyddet.se\/kattfotenhalmstad\/wp-content\/uploads\/sites\/35\/2021\/04\/received_671186113660870-768x1024.jpeg\" alt=\"\" class=\"wp-image-13161\" srcset=\"https:\/\/www.djurskyddet.se\/kattfotenhalmstad\/wp-content\/uploads\/sites\/35\/2021\/04\/received_671186113660870-768x1024.jpeg 768w, https:\/\/www.djurskyddet.se\/kattfotenhalmstad\/wp-content\/uploads\/sites\/35\/2021\/04\/received_671186113660870-225x300.jpeg 225w, https:\/\/www.djurskyddet.se\/kattfotenhalmstad\/wp-content\/uploads\/sites\/35\/2021\/04\/received_671186113660870-400x533.jpeg 400w, https:\/\/www.djurskyddet.se\/kattfotenhalmstad\/wp-content\/uploads\/sites\/35\/2021\/04\/received_671186113660870.jpeg 1536w\" sizes=\"auto, (max-width: 768px) 100vw, 768px\" \/><figcaption>N\u00e4r jag kom till katthemmet hade jag j\u00e4ttem\u00e5nga tovor och fick rakas. D\u00e4rf\u00f6r jag inte har l\u00e5ng p\u00e4ls p\u00e5 m\u00e5nga utav bilderna i nya hemmet. <\/figcaption><\/figure>\n\n\n\n<figure class=\"wp-block-image\"><img loading=\"lazy\" decoding=\"async\" width=\"768\" height=\"1024\" src=\"https:\/\/www.djurskyddet.se\/kattfotenhalmstad\/wp-content\/uploads\/sites\/35\/2021\/04\/received_684371995697877-768x1024.jpeg\" alt=\"\" class=\"wp-image-13162\" srcset=\"https:\/\/www.djurskyddet.se\/kattfotenhalmstad\/wp-content\/uploads\/sites\/35\/2021\/04\/received_684371995697877-768x1024.jpeg 768w, https:\/\/www.djurskyddet.se\/kattfotenhalmstad\/wp-content\/uploads\/sites\/35\/2021\/04\/received_684371995697877-225x300.jpeg 225w, https:\/\/www.djurskyddet.se\/kattfotenhalmstad\/wp-content\/uploads\/sites\/35\/2021\/04\/received_684371995697877-400x533.jpeg 400w, https:\/\/www.djurskyddet.se\/kattfotenhalmstad\/wp-content\/uploads\/sites\/35\/2021\/04\/received_684371995697877.jpeg 1536w\" sizes=\"auto, (max-width: 768px) 100vw, 768px\" \/><\/figure>\n\n\n\n<figure class=\"wp-block-image\"><img loading=\"lazy\" decoding=\"async\" width=\"956\" height=\"1024\" src=\"https:\/\/www.djurskyddet.se\/kattfotenhalmstad\/wp-content\/uploads\/sites\/35\/2021\/04\/received_319529979016055-956x1024.jpeg\" alt=\"\" class=\"wp-image-13163\" srcset=\"https:\/\/www.djurskyddet.se\/kattfotenhalmstad\/wp-content\/uploads\/sites\/35\/2021\/04\/received_319529979016055-956x1024.jpeg 956w, https:\/\/www.djurskyddet.se\/kattfotenhalmstad\/wp-content\/uploads\/sites\/35\/2021\/04\/received_319529979016055-280x300.jpeg 280w, https:\/\/www.djurskyddet.se\/kattfotenhalmstad\/wp-content\/uploads\/sites\/35\/2021\/04\/received_319529979016055-768x823.jpeg 768w, https:\/\/www.djurskyddet.se\/kattfotenhalmstad\/wp-content\/uploads\/sites\/35\/2021\/04\/received_319529979016055-400x429.jpeg 400w, https:\/\/www.djurskyddet.se\/kattfotenhalmstad\/wp-content\/uploads\/sites\/35\/2021\/04\/received_319529979016055.jpeg 1249w\" sizes=\"auto, (max-width: 956px) 100vw, 956px\" \/><\/figure>\n\n\n\n<figure class=\"wp-block-image\"><img loading=\"lazy\" decoding=\"async\" width=\"768\" height=\"1024\" src=\"https:\/\/www.djurskyddet.se\/kattfotenhalmstad\/wp-content\/uploads\/sites\/35\/2021\/04\/received_257865818666270-768x1024.jpeg\" alt=\"\" class=\"wp-image-13164\" srcset=\"https:\/\/www.djurskyddet.se\/kattfotenhalmstad\/wp-content\/uploads\/sites\/35\/2021\/04\/received_257865818666270-768x1024.jpeg 768w, https:\/\/www.djurskyddet.se\/kattfotenhalmstad\/wp-content\/uploads\/sites\/35\/2021\/04\/received_257865818666270-225x300.jpeg 225w, https:\/\/www.djurskyddet.se\/kattfotenhalmstad\/wp-content\/uploads\/sites\/35\/2021\/04\/received_257865818666270-400x533.jpeg 400w, https:\/\/www.djurskyddet.se\/kattfotenhalmstad\/wp-content\/uploads\/sites\/35\/2021\/04\/received_257865818666270.jpeg 1536w\" sizes=\"auto, (max-width: 768px) 100vw, 768px\" \/><\/figure>\n","protected":false},"excerpt":{"rendered":"<p>Mitt namn \u00e4r Mango och jag kom in till katthemmet med min syster och mamma. Vi kom inte s\u00e5 bra \u00f6verens s\u00e5 jag blev s\u00e5 glad \u00f6ver att f\u00e5 flytta in till mitt f\u00f6r alltid hem. Matte s\u00e4ger att jag \u00e4r lite divig till s\u00e4ttet ibland n\u00e4r jag g\u00e5r f\u00f6rbi och n\u00e5gon ropar p\u00e5 mig. Jag b\u00f6rjar att busa mer och mer, framf\u00f6rallt p\u00e5 kv\u00e4llarna. D\u00e5 jagar jag runt p\u00e5&hellip;<\/p>\n<p><a class=\"more-link\" href=\"https:\/\/www.djurskyddet.se\/kattfotenhalmstad\/lyckligt-slut-2\/adopterade-katter-2020\/mango\/\" title=\"Continue reading &lsquo;Mango&rsquo;\">L&auml;s mer<span class=\"meta-nav\">&raquo;<\/span><\/a><\/p>\n","protected":false},"author":36,"featured_media":0,"parent":8754,"menu_order":0,"comment_status":"closed","ping_status":"closed","template":"page-templates\/left-sidebar20200507.php","meta":{"_acf_changed":false,"footnotes":""},"class_list":["post-13158","page","type-page","status-publish","hentry"],"acf":[],"_links":{"self":[{"href":"https:\/\/www.djurskyddet.se\/kattfotenhalmstad\/wp-json\/wp\/v2\/pages\/13158","targetHints":{"allow":["GET"]}}],"collection":[{"href":"https:\/\/www.djurskyddet.se\/kattfotenhalmstad\/wp-json\/wp\/v2\/pages"}],"about":[{"href":"https:\/\/www.djurskyddet.se\/kattfotenhalmstad\/wp-json\/wp\/v2\/types\/page"}],"author":[{"embeddable":true,"href":"https:\/\/www.djurskyddet.se\/kattfotenhalmstad\/wp-json\/wp\/v2\/users\/36"}],"replies":[{"embeddable":true,"href":"https:\/\/www.djurskyddet.se\/kattfotenhalmstad\/wp-json\/wp\/v2\/comments?post=13158"}],"version-history":[{"count":1,"href":"https:\/\/www.djurskyddet.se\/kattfotenhalmstad\/wp-json\/wp\/v2\/pages\/13158\/revisions"}],"predecessor-version":[{"id":13165,"href":"https:\/\/www.djurskyddet.se\/kattfotenhalmstad\/wp-json\/wp\/v2\/pages\/13158\/revisions\/13165"}],"up":[{"embeddable":true,"href":"https:\/\/www.djurskyddet.se\/kattfotenhalmstad\/wp-json\/wp\/v2\/pages\/8754"}],"wp:attachment":[{"href":"https:\/\/www.djurskyddet.se\/kattfotenhalmstad\/wp-json\/wp\/v2\/media?parent=13158"}],"curies":[{"name":"wp","href":"https:\/\/api.w.org\/{rel}","templated":true}]}}