{"id":13170,"date":"2021-04-13T20:53:30","date_gmt":"2021-04-13T20:53:30","guid":{"rendered":"https:\/\/www.djurskyddet.se\/kattfotenhalmstad\/?page_id=13170"},"modified":"2021-04-13T20:53:31","modified_gmt":"2021-04-13T20:53:31","slug":"kokos","status":"publish","type":"page","link":"https:\/\/www.djurskyddet.se\/kattfotenhalmstad\/event\/kattens-dag-2019\/kokos\/","title":{"rendered":"Kokos"},"content":{"rendered":"\n<p>Jag heter Kokos och \u00e4lskar mat! Gillar att leka med mina fj\u00e4drar och att busa i min lektunnel. Min familj vill tacka Kattfoten f\u00f6r att de fick adoptera mig, men de vill tackar ocks\u00e5 f\u00f6r att katthemmet finns! <\/p>\n\n\n\n<figure class=\"wp-block-image\"><img loading=\"lazy\" decoding=\"async\" width=\"768\" height=\"1024\" src=\"https:\/\/www.djurskyddet.se\/kattfotenhalmstad\/wp-content\/uploads\/sites\/35\/2021\/04\/received_636139780583137-768x1024.jpeg\" alt=\"\" class=\"wp-image-13171\" srcset=\"https:\/\/www.djurskyddet.se\/kattfotenhalmstad\/wp-content\/uploads\/sites\/35\/2021\/04\/received_636139780583137-768x1024.jpeg 768w, https:\/\/www.djurskyddet.se\/kattfotenhalmstad\/wp-content\/uploads\/sites\/35\/2021\/04\/received_636139780583137-225x300.jpeg 225w, https:\/\/www.djurskyddet.se\/kattfotenhalmstad\/wp-content\/uploads\/sites\/35\/2021\/04\/received_636139780583137-400x533.jpeg 400w, https:\/\/www.djurskyddet.se\/kattfotenhalmstad\/wp-content\/uploads\/sites\/35\/2021\/04\/received_636139780583137.jpeg 1536w\" sizes=\"auto, (max-width: 768px) 100vw, 768px\" \/><\/figure>\n\n\n\n<figure class=\"wp-block-image\"><img loading=\"lazy\" decoding=\"async\" width=\"764\" height=\"1024\" src=\"https:\/\/www.djurskyddet.se\/kattfotenhalmstad\/wp-content\/uploads\/sites\/35\/2021\/04\/received_2635456596708478-764x1024.jpeg\" alt=\"\" class=\"wp-image-13172\" srcset=\"https:\/\/www.djurskyddet.se\/kattfotenhalmstad\/wp-content\/uploads\/sites\/35\/2021\/04\/received_2635456596708478-764x1024.jpeg 764w, https:\/\/www.djurskyddet.se\/kattfotenhalmstad\/wp-content\/uploads\/sites\/35\/2021\/04\/received_2635456596708478-224x300.jpeg 224w, https:\/\/www.djurskyddet.se\/kattfotenhalmstad\/wp-content\/uploads\/sites\/35\/2021\/04\/received_2635456596708478-768x1029.jpeg 768w, https:\/\/www.djurskyddet.se\/kattfotenhalmstad\/wp-content\/uploads\/sites\/35\/2021\/04\/received_2635456596708478-400x536.jpeg 400w, https:\/\/www.djurskyddet.se\/kattfotenhalmstad\/wp-content\/uploads\/sites\/35\/2021\/04\/received_2635456596708478.jpeg 1504w\" sizes=\"auto, (max-width: 764px) 100vw, 764px\" \/><\/figure>\n\n\n\n<figure class=\"wp-block-image\"><img loading=\"lazy\" decoding=\"async\" width=\"720\" height=\"960\" src=\"https:\/\/www.djurskyddet.se\/kattfotenhalmstad\/wp-content\/uploads\/sites\/35\/2021\/04\/received_697896060920264.jpeg\" alt=\"\" class=\"wp-image-13173\" srcset=\"https:\/\/www.djurskyddet.se\/kattfotenhalmstad\/wp-content\/uploads\/sites\/35\/2021\/04\/received_697896060920264.jpeg 720w, https:\/\/www.djurskyddet.se\/kattfotenhalmstad\/wp-content\/uploads\/sites\/35\/2021\/04\/received_697896060920264-225x300.jpeg 225w, https:\/\/www.djurskyddet.se\/kattfotenhalmstad\/wp-content\/uploads\/sites\/35\/2021\/04\/received_697896060920264-400x533.jpeg 400w\" sizes=\"auto, (max-width: 720px) 100vw, 720px\" \/><\/figure>\n","protected":false},"excerpt":{"rendered":"<p>Jag heter Kokos och \u00e4lskar mat! Gillar att leka med mina fj\u00e4drar och att busa i min lektunnel. Min familj vill tacka Kattfoten f\u00f6r att de fick adoptera mig, men de vill tackar ocks\u00e5 f\u00f6r att katthemmet finns!<\/p>\n","protected":false},"author":36,"featured_media":0,"parent":6474,"menu_order":0,"comment_status":"closed","ping_status":"closed","template":"page-templates\/left-sidebar20200507.php","meta":{"_acf_changed":false,"footnotes":""},"class_list":["post-13170","page","type-page","status-publish","hentry"],"acf":[],"_links":{"self":[{"href":"https:\/\/www.djurskyddet.se\/kattfotenhalmstad\/wp-json\/wp\/v2\/pages\/13170","targetHints":{"allow":["GET"]}}],"collection":[{"href":"https:\/\/www.djurskyddet.se\/kattfotenhalmstad\/wp-json\/wp\/v2\/pages"}],"about":[{"href":"https:\/\/www.djurskyddet.se\/kattfotenhalmstad\/wp-json\/wp\/v2\/types\/page"}],"author":[{"embeddable":true,"href":"https:\/\/www.djurskyddet.se\/kattfotenhalmstad\/wp-json\/wp\/v2\/users\/36"}],"replies":[{"embeddable":true,"href":"https:\/\/www.djurskyddet.se\/kattfotenhalmstad\/wp-json\/wp\/v2\/comments?post=13170"}],"version-history":[{"count":1,"href":"https:\/\/www.djurskyddet.se\/kattfotenhalmstad\/wp-json\/wp\/v2\/pages\/13170\/revisions"}],"predecessor-version":[{"id":13174,"href":"https:\/\/www.djurskyddet.se\/kattfotenhalmstad\/wp-json\/wp\/v2\/pages\/13170\/revisions\/13174"}],"up":[{"embeddable":true,"href":"https:\/\/www.djurskyddet.se\/kattfotenhalmstad\/wp-json\/wp\/v2\/pages\/6474"}],"wp:attachment":[{"href":"https:\/\/www.djurskyddet.se\/kattfotenhalmstad\/wp-json\/wp\/v2\/media?parent=13170"}],"curies":[{"name":"wp","href":"https:\/\/api.w.org\/{rel}","templated":true}]}}