{"id":13230,"date":"2021-06-06T09:02:44","date_gmt":"2021-06-06T09:02:44","guid":{"rendered":"https:\/\/www.djurskyddet.se\/kattfotenhalmstad\/?page_id=13230"},"modified":"2021-06-06T09:02:45","modified_gmt":"2021-06-06T09:02:45","slug":"pepsi","status":"publish","type":"page","link":"https:\/\/www.djurskyddet.se\/kattfotenhalmstad\/pepsi\/","title":{"rendered":"Pepsi"},"content":{"rendered":"\n<p>K\u00e4rt barn har m\u00e5nga namn, s\u00e4ger de. P\u00e5 katthemmet fick jag namnet Lejon, men i mitt jourhem kallades jag f\u00f6r Leon. Numera, i mitt f\u00f6r alltid hem, heter jag Pepsi! Jag har haft ett tufft \u00e5r d\u00e5 min svans fick amputeras, efter operationen hade jag problem med oklar sm\u00e4rta i stumpen, vilket ledde till utredning och olika mediciner och jag fick d\u00e4rf\u00f6r bo hos en av volont\u00e4rerna. Jag kom till min matte i oktober 2020 och nu bryr jag mig knappt om stumpen, beh\u00f6ver ingen medicin och m\u00e5r kanon! Jag \u00e4lskar att sova t\u00e4tt ihop med matte p\u00e5 n\u00e4tterna och gillar att jaga laserpekaren.<\/p>\n\n\n\n<figure class=\"wp-block-image size-large\"><img loading=\"lazy\" decoding=\"async\" width=\"768\" height=\"1024\" src=\"https:\/\/www.djurskyddet.se\/kattfotenhalmstad\/wp-content\/uploads\/sites\/35\/2021\/06\/IMG_20210513_211632.jpg\" alt=\"\" class=\"wp-image-13231\" srcset=\"https:\/\/www.djurskyddet.se\/kattfotenhalmstad\/wp-content\/uploads\/sites\/35\/2021\/06\/IMG_20210513_211632.jpg 768w, https:\/\/www.djurskyddet.se\/kattfotenhalmstad\/wp-content\/uploads\/sites\/35\/2021\/06\/IMG_20210513_211632-225x300.jpg 225w, https:\/\/www.djurskyddet.se\/kattfotenhalmstad\/wp-content\/uploads\/sites\/35\/2021\/06\/IMG_20210513_211632-400x533.jpg 400w\" sizes=\"auto, (max-width: 768px) 100vw, 768px\" \/><\/figure>\n\n\n\n<figure class=\"wp-block-image size-large\"><img loading=\"lazy\" decoding=\"async\" width=\"768\" height=\"1024\" src=\"https:\/\/www.djurskyddet.se\/kattfotenhalmstad\/wp-content\/uploads\/sites\/35\/2021\/06\/IMG_2744-2.jpeg\" alt=\"\" class=\"wp-image-13233\" srcset=\"https:\/\/www.djurskyddet.se\/kattfotenhalmstad\/wp-content\/uploads\/sites\/35\/2021\/06\/IMG_2744-2.jpeg 768w, https:\/\/www.djurskyddet.se\/kattfotenhalmstad\/wp-content\/uploads\/sites\/35\/2021\/06\/IMG_2744-2-225x300.jpeg 225w, https:\/\/www.djurskyddet.se\/kattfotenhalmstad\/wp-content\/uploads\/sites\/35\/2021\/06\/IMG_2744-2-400x533.jpeg 400w\" sizes=\"auto, (max-width: 768px) 100vw, 768px\" \/><\/figure>\n\n\n\n<figure class=\"wp-block-image size-large\"><img loading=\"lazy\" decoding=\"async\" width=\"768\" height=\"1024\" src=\"https:\/\/www.djurskyddet.se\/kattfotenhalmstad\/wp-content\/uploads\/sites\/35\/2021\/06\/IMG_2923-2.jpeg\" alt=\"\" class=\"wp-image-13234\" srcset=\"https:\/\/www.djurskyddet.se\/kattfotenhalmstad\/wp-content\/uploads\/sites\/35\/2021\/06\/IMG_2923-2.jpeg 768w, https:\/\/www.djurskyddet.se\/kattfotenhalmstad\/wp-content\/uploads\/sites\/35\/2021\/06\/IMG_2923-2-225x300.jpeg 225w, https:\/\/www.djurskyddet.se\/kattfotenhalmstad\/wp-content\/uploads\/sites\/35\/2021\/06\/IMG_2923-2-400x533.jpeg 400w\" sizes=\"auto, (max-width: 768px) 100vw, 768px\" \/><\/figure>\n\n\n\n<figure class=\"wp-block-image size-large\"><img loading=\"lazy\" decoding=\"async\" width=\"543\" height=\"725\" src=\"https:\/\/www.djurskyddet.se\/kattfotenhalmstad\/wp-content\/uploads\/sites\/35\/2021\/06\/IMG_20210513_211640.jpg\" alt=\"\" class=\"wp-image-13232\" srcset=\"https:\/\/www.djurskyddet.se\/kattfotenhalmstad\/wp-content\/uploads\/sites\/35\/2021\/06\/IMG_20210513_211640.jpg 543w, https:\/\/www.djurskyddet.se\/kattfotenhalmstad\/wp-content\/uploads\/sites\/35\/2021\/06\/IMG_20210513_211640-225x300.jpg 225w, https:\/\/www.djurskyddet.se\/kattfotenhalmstad\/wp-content\/uploads\/sites\/35\/2021\/06\/IMG_20210513_211640-400x534.jpg 400w\" sizes=\"auto, (max-width: 543px) 100vw, 543px\" \/><\/figure>\n\n\n\n<p><\/p>\n","protected":false},"excerpt":{"rendered":"<p>K\u00e4rt barn har m\u00e5nga namn, s\u00e4ger de. P\u00e5 katthemmet fick jag namnet Lejon, men i mitt jourhem kallades jag f\u00f6r Leon. Numera, i mitt f\u00f6r alltid hem, heter jag Pepsi! Jag har haft ett tufft \u00e5r d\u00e5 min svans fick amputeras, efter operationen hade jag problem med oklar sm\u00e4rta i stumpen, vilket ledde till utredning och olika mediciner och jag fick d\u00e4rf\u00f6r bo hos en av volont\u00e4rerna. Jag kom till&hellip;<\/p>\n<p><a class=\"more-link\" href=\"https:\/\/www.djurskyddet.se\/kattfotenhalmstad\/pepsi\/\" title=\"Continue reading &lsquo;Pepsi&rsquo;\">L&auml;s mer<span class=\"meta-nav\">&raquo;<\/span><\/a><\/p>\n","protected":false},"author":36,"featured_media":0,"parent":0,"menu_order":0,"comment_status":"closed","ping_status":"closed","template":"page-templates\/left-sidebar.php","meta":{"_acf_changed":false,"footnotes":""},"class_list":["post-13230","page","type-page","status-publish","hentry"],"acf":[],"_links":{"self":[{"href":"https:\/\/www.djurskyddet.se\/kattfotenhalmstad\/wp-json\/wp\/v2\/pages\/13230","targetHints":{"allow":["GET"]}}],"collection":[{"href":"https:\/\/www.djurskyddet.se\/kattfotenhalmstad\/wp-json\/wp\/v2\/pages"}],"about":[{"href":"https:\/\/www.djurskyddet.se\/kattfotenhalmstad\/wp-json\/wp\/v2\/types\/page"}],"author":[{"embeddable":true,"href":"https:\/\/www.djurskyddet.se\/kattfotenhalmstad\/wp-json\/wp\/v2\/users\/36"}],"replies":[{"embeddable":true,"href":"https:\/\/www.djurskyddet.se\/kattfotenhalmstad\/wp-json\/wp\/v2\/comments?post=13230"}],"version-history":[{"count":1,"href":"https:\/\/www.djurskyddet.se\/kattfotenhalmstad\/wp-json\/wp\/v2\/pages\/13230\/revisions"}],"predecessor-version":[{"id":13235,"href":"https:\/\/www.djurskyddet.se\/kattfotenhalmstad\/wp-json\/wp\/v2\/pages\/13230\/revisions\/13235"}],"wp:attachment":[{"href":"https:\/\/www.djurskyddet.se\/kattfotenhalmstad\/wp-json\/wp\/v2\/media?parent=13230"}],"curies":[{"name":"wp","href":"https:\/\/api.w.org\/{rel}","templated":true}]}}