{"id":13371,"date":"2021-08-11T12:35:51","date_gmt":"2021-08-11T12:35:51","guid":{"rendered":"https:\/\/www.djurskyddet.se\/kattfotenhalmstad\/?page_id=13371"},"modified":"2021-08-11T12:37:37","modified_gmt":"2021-08-11T12:37:37","slug":"sally","status":"publish","type":"page","link":"https:\/\/www.djurskyddet.se\/kattfotenhalmstad\/lyckligt-slut-2\/adopterade-katter-2021\/sally\/","title":{"rendered":"Sally"},"content":{"rendered":"\n<p>Hej! Jag heter Sally! Jag \u00e4r 3 \u00e5r och lever mitt b\u00e4sta liv! Men mitt liv har inte alltid varit b\u00e4st, nu ska jag ber\u00e4tta f\u00f6r er&#8230; I februari l\u00e4mnades jag in till Kattfoten av min f\u00f6rra \u00e4gare, jag skulle avlivas om jag inte togs emot. Jag var v\u00e4ldigt ledsen n\u00e4r jag kom till katthemmet, jag ville inte \u00e4ta. Men pl\u00f6tsligt en vecka senare kom tv\u00e5 stycken tv\u00e5benta p\u00e5 bes\u00f6k till mig. En tjej och en kille. Jag k\u00e4nde inte igen dom, men de s\u00e5g sn\u00e4lla ut, och de klappade mig varsamt. Jag b\u00f6rjade spinna h\u00f6gt. Oj, s\u00e5 mysigt det var att bli ompysslad! Dagen efter kom en av de tv\u00e5benta tillbaka till mig, det var den d\u00e4r sn\u00e4lla tjejen. Linnea fick jag h\u00f6ra att hon heter. Hon sa att jag skulle f\u00e5 f\u00f6lja med henne hem, till n\u00e5got hon kallade f\u00f6r mitt f\u00f6r alltid hem. Det var en l\u00e5ng biltur jag fick \u00e5ka, men det gjorde ingenting, f\u00f6r jag sov mest hela v\u00e4gen. Bilf\u00e4rden stannade i en stad som heter Varberg.<\/p>\n\n\n\n<div class=\"wp-block-image is-style-default\"><figure class=\"aligncenter size-large\"><img loading=\"lazy\" decoding=\"async\" width=\"882\" height=\"662\" src=\"https:\/\/www.djurskyddet.se\/kattfotenhalmstad\/wp-content\/uploads\/sites\/35\/2021\/08\/Sally-4.jpg\" alt=\"\" class=\"wp-image-13373\" srcset=\"https:\/\/www.djurskyddet.se\/kattfotenhalmstad\/wp-content\/uploads\/sites\/35\/2021\/08\/Sally-4.jpg 882w, https:\/\/www.djurskyddet.se\/kattfotenhalmstad\/wp-content\/uploads\/sites\/35\/2021\/08\/Sally-4-300x225.jpg 300w, https:\/\/www.djurskyddet.se\/kattfotenhalmstad\/wp-content\/uploads\/sites\/35\/2021\/08\/Sally-4-768x576.jpg 768w, https:\/\/www.djurskyddet.se\/kattfotenhalmstad\/wp-content\/uploads\/sites\/35\/2021\/08\/Sally-4-400x300.jpg 400w\" sizes=\"auto, (max-width: 882px) 100vw, 882px\" \/><\/figure><\/div>\n\n\n\n<p>Jag k\u00e4nde mig som hemma direkt n\u00e4r jag fick komma in i mitt f\u00f6r alltid hem. Morgonen d\u00e4rp\u00e5 k\u00e4ndes dock inte bra. F\u00f6r helt pl\u00f6tsligt \u00f6ppnades en d\u00f6rr och in kom en s\u00e5n d\u00e4r stor l\u00e4skig tv\u00e5bent man! <em>&#8221;Det \u00e4r Pontus som kommit hem fr\u00e5n jobbet. Du beh\u00f6ver inte vara r\u00e4dd, ni tr\u00e4ffades Kattfoten h\u00e4romdagen&#8221;<\/em>, sa Linnea. Men jag kommer ju inte ih\u00e5g s\u00e5 mycket ifr\u00e5n Kattfoten. Jag var ju s\u00e5 himla ledsen och tr\u00f6tt d\u00e5&#8230; Jag var v\u00e4ldigt r\u00e4dd f\u00f6r Pontus, s\u00e5 jag g\u00f6mde mig under s\u00e4ngen de f\u00f6rsta dagarna n\u00e4r han var hemma. Ibland v\u00e5gade jag titta ut fr\u00e5n s\u00e4ngen men mest fr\u00e4ste jag \u00e5t honom om han kom f\u00f6r n\u00e4ra. Jag h\u00f6ll mig p\u00e5 avst\u00e5nd fr\u00e5n honom de f\u00f6rsta veckorna. Linnea och Pontus f\u00f6rstod r\u00e4tt tidigt att jag var r\u00e4dd f\u00f6r m\u00e4n och de funderade p\u00e5 om jag kanske blivit illa behandlad d\u00e5 jag blev r\u00e4dd f\u00f6r hastiga r\u00f6relser och pl\u00f6tsliga ljud ocks\u00e5. De m\u00e4rkte \u00e4ven att jag var r\u00e4tt s\u00e5 klumpig i mina bakben, s\u00e5 vi \u00e5kte till n\u00e5got som kallas f\u00f6r veterin\u00e4r.<\/p>\n\n\n\n<div class=\"wp-block-image is-style-default\"><figure class=\"aligncenter size-large\"><img loading=\"lazy\" decoding=\"async\" width=\"882\" height=\"662\" src=\"https:\/\/www.djurskyddet.se\/kattfotenhalmstad\/wp-content\/uploads\/sites\/35\/2021\/08\/Sally-10.jpg\" alt=\"\" class=\"wp-image-13375\" srcset=\"https:\/\/www.djurskyddet.se\/kattfotenhalmstad\/wp-content\/uploads\/sites\/35\/2021\/08\/Sally-10.jpg 882w, https:\/\/www.djurskyddet.se\/kattfotenhalmstad\/wp-content\/uploads\/sites\/35\/2021\/08\/Sally-10-300x225.jpg 300w, https:\/\/www.djurskyddet.se\/kattfotenhalmstad\/wp-content\/uploads\/sites\/35\/2021\/08\/Sally-10-768x576.jpg 768w, https:\/\/www.djurskyddet.se\/kattfotenhalmstad\/wp-content\/uploads\/sites\/35\/2021\/08\/Sally-10-400x300.jpg 400w\" sizes=\"auto, (max-width: 882px) 100vw, 882px\" \/><\/figure><\/div>\n\n\n\n<p>Veterin\u00e4ren m\u00e4rkte direkt att jag inte var s\u00e5 frisk, jag har n\u00e5got som kallas f\u00f6r bl\u00e5sljud p\u00e5 mitt hj\u00e4rta och mina bakben k\u00e4ndes inte heller s\u00e5 bra och jag blev v\u00e4\u00e4\u00e4ldigt s\u00f6mnig och g\u00e4\u00e4\u00e4\u00e4sp zzZzzZzz. N\u00e4r jag vaknade igen hos veterin\u00e4ren s\u00e5 var Linnea och Pontus ledsna f\u00f6r mig. De hade f\u00e5tt titta p\u00e5 mina ben och mina h\u00f6fter, n\u00e5gon slags kamera hade fotat mitt skelett! Mitt h\u00f6gra kn\u00e4 och min h\u00f6gra h\u00f6ft har frakturer, och det ligger fragment splitter h\u00e4r och var. Det var ju detta jag f\u00f6rs\u00f6kt f\u00f6rklara! M\u00e4n, kom inte n\u00e4ra mig! Veterin\u00e4ren f\u00f6rklarade f\u00f6r Linnea och Pontus att jag har haft v\u00e4ldigt ont, lidit av sm\u00e4rtor och att jag l\u00e4kt ihop av mig sj\u00e4lv utan n\u00e5gon hj\u00e4lp. Jag fick sj\u00e4lv \u00e4ven reda p\u00e5 att jag har artros. Linnea och Pontus hade ju anat att n\u00e5gon inte varit sn\u00e4ll mot mig. Men ingen f\u00f6rstod hur illa behandlad jag blivit f\u00f6rens nu&#8230;<\/p>\n\n\n\n<figure class=\"wp-block-gallery aligncenter columns-2 is-cropped wp-block-gallery-1 is-layout-flex wp-block-gallery-is-layout-flex\"><ul class=\"blocks-gallery-grid\"><li class=\"blocks-gallery-item\"><figure><a href=\"https:\/\/www.djurskyddet.se\/kattfotenhalmstad\/?attachment_id=13376\"><img loading=\"lazy\" decoding=\"async\" width=\"662\" height=\"882\" src=\"https:\/\/www.djurskyddet.se\/kattfotenhalmstad\/wp-content\/uploads\/sites\/35\/2021\/08\/Sally-1.jpg\" alt=\"\" data-id=\"13376\" data-full-url=\"https:\/\/www.djurskyddet.se\/kattfotenhalmstad\/wp-content\/uploads\/sites\/35\/2021\/08\/Sally-1.jpg\" data-link=\"https:\/\/www.djurskyddet.se\/kattfotenhalmstad\/?attachment_id=13376\" class=\"wp-image-13376\" srcset=\"https:\/\/www.djurskyddet.se\/kattfotenhalmstad\/wp-content\/uploads\/sites\/35\/2021\/08\/Sally-1.jpg 662w, https:\/\/www.djurskyddet.se\/kattfotenhalmstad\/wp-content\/uploads\/sites\/35\/2021\/08\/Sally-1-225x300.jpg 225w, https:\/\/www.djurskyddet.se\/kattfotenhalmstad\/wp-content\/uploads\/sites\/35\/2021\/08\/Sally-1-400x533.jpg 400w\" sizes=\"auto, (max-width: 662px) 100vw, 662px\" \/><\/a><\/figure><\/li><li class=\"blocks-gallery-item\"><figure><a href=\"https:\/\/www.djurskyddet.se\/kattfotenhalmstad\/?attachment_id=13377\"><img loading=\"lazy\" decoding=\"async\" width=\"662\" height=\"882\" src=\"https:\/\/www.djurskyddet.se\/kattfotenhalmstad\/wp-content\/uploads\/sites\/35\/2021\/08\/Sally-2.jpg\" alt=\"\" data-id=\"13377\" data-full-url=\"https:\/\/www.djurskyddet.se\/kattfotenhalmstad\/wp-content\/uploads\/sites\/35\/2021\/08\/Sally-2.jpg\" data-link=\"https:\/\/www.djurskyddet.se\/kattfotenhalmstad\/?attachment_id=13377\" class=\"wp-image-13377\" srcset=\"https:\/\/www.djurskyddet.se\/kattfotenhalmstad\/wp-content\/uploads\/sites\/35\/2021\/08\/Sally-2.jpg 662w, https:\/\/www.djurskyddet.se\/kattfotenhalmstad\/wp-content\/uploads\/sites\/35\/2021\/08\/Sally-2-225x300.jpg 225w, https:\/\/www.djurskyddet.se\/kattfotenhalmstad\/wp-content\/uploads\/sites\/35\/2021\/08\/Sally-2-400x533.jpg 400w\" sizes=\"auto, (max-width: 662px) 100vw, 662px\" \/><\/a><\/figure><\/li><\/ul><\/figure>\n\n\n\n<p>Tio veckor har nu g\u00e5tt i mitt f\u00f6r alltid hem. Jag f\u00f6rst\u00e5r varf\u00f6r det kallas s\u00e5. Jag k\u00e4nner mig trygg och trivs bara b\u00e4ttre och b\u00e4ttre f\u00f6r varje dag. Jag \u00e4r inte l\u00e4ngre r\u00e4dd f\u00f6r Pontus, han f\u00e5r faktiskt klappa mig ibland, jag f\u00f6rst\u00e5r att han \u00e4r sn\u00e4ll! Varje dag s\u00e4ger Linnea och Pontus att dom \u00e4lskar mig. Jag blir ompysslad varenda dag, och jag leker som aldrig f\u00f6rr! Jag springer, hoppar och racear runt! Ibland hoppar mitt h\u00f6gra kn\u00e4 ur led, d\u00e5 f\u00e5r jag vila en stund tills kn\u00e4t hoppar r\u00e4tt igen. Om jag skulle k\u00e4nna obehag, s\u00e5 f\u00e5r jag sm\u00e4rtstillande! Linnea och Pontus h\u00e5ller koll s\u00e5 att jag m\u00e5r bra! Mina favoritaktiviteter p\u00e5 dagarna f\u00f6rutom att leka, \u00e4r att spana p\u00e5 f\u00e5glar ute p\u00e5 balkongen och att sova h\u00f6gst upp i mitt tr\u00e4d! Det \u00e4r min favoritplats h\u00e4r hemma, i mitt f\u00f6r alltid hem!<\/p>\n\n\n\n<figure class=\"wp-block-gallery aligncenter columns-2 is-cropped wp-block-gallery-2 is-layout-flex wp-block-gallery-is-layout-flex\"><ul class=\"blocks-gallery-grid\"><li class=\"blocks-gallery-item\"><figure><a href=\"https:\/\/www.djurskyddet.se\/kattfotenhalmstad\/?attachment_id=13379\"><img loading=\"lazy\" decoding=\"async\" width=\"662\" height=\"882\" src=\"https:\/\/www.djurskyddet.se\/kattfotenhalmstad\/wp-content\/uploads\/sites\/35\/2021\/08\/Sally-3.jpg\" alt=\"\" data-id=\"13379\" data-full-url=\"https:\/\/www.djurskyddet.se\/kattfotenhalmstad\/wp-content\/uploads\/sites\/35\/2021\/08\/Sally-3.jpg\" data-link=\"https:\/\/www.djurskyddet.se\/kattfotenhalmstad\/?attachment_id=13379\" class=\"wp-image-13379\" srcset=\"https:\/\/www.djurskyddet.se\/kattfotenhalmstad\/wp-content\/uploads\/sites\/35\/2021\/08\/Sally-3.jpg 662w, https:\/\/www.djurskyddet.se\/kattfotenhalmstad\/wp-content\/uploads\/sites\/35\/2021\/08\/Sally-3-225x300.jpg 225w, https:\/\/www.djurskyddet.se\/kattfotenhalmstad\/wp-content\/uploads\/sites\/35\/2021\/08\/Sally-3-400x533.jpg 400w\" sizes=\"auto, (max-width: 662px) 100vw, 662px\" \/><\/a><\/figure><\/li><li class=\"blocks-gallery-item\"><figure><a href=\"https:\/\/www.djurskyddet.se\/kattfotenhalmstad\/?attachment_id=13380\"><img loading=\"lazy\" decoding=\"async\" width=\"662\" height=\"882\" src=\"https:\/\/www.djurskyddet.se\/kattfotenhalmstad\/wp-content\/uploads\/sites\/35\/2021\/08\/Sally-8-1.jpg\" alt=\"\" data-id=\"13380\" data-full-url=\"https:\/\/www.djurskyddet.se\/kattfotenhalmstad\/wp-content\/uploads\/sites\/35\/2021\/08\/Sally-8-1.jpg\" data-link=\"https:\/\/www.djurskyddet.se\/kattfotenhalmstad\/?attachment_id=13380\" class=\"wp-image-13380\" srcset=\"https:\/\/www.djurskyddet.se\/kattfotenhalmstad\/wp-content\/uploads\/sites\/35\/2021\/08\/Sally-8-1.jpg 662w, https:\/\/www.djurskyddet.se\/kattfotenhalmstad\/wp-content\/uploads\/sites\/35\/2021\/08\/Sally-8-1-225x300.jpg 225w, https:\/\/www.djurskyddet.se\/kattfotenhalmstad\/wp-content\/uploads\/sites\/35\/2021\/08\/Sally-8-1-400x533.jpg 400w\" sizes=\"auto, (max-width: 662px) 100vw, 662px\" \/><\/a><\/figure><\/li><\/ul><\/figure>\n\n\n\n<figure class=\"wp-block-gallery aligncenter columns-2 is-cropped wp-block-gallery-3 is-layout-flex wp-block-gallery-is-layout-flex\"><ul class=\"blocks-gallery-grid\"><li class=\"blocks-gallery-item\"><figure><a href=\"https:\/\/www.djurskyddet.se\/kattfotenhalmstad\/?attachment_id=13381\"><img loading=\"lazy\" decoding=\"async\" width=\"662\" height=\"882\" src=\"https:\/\/www.djurskyddet.se\/kattfotenhalmstad\/wp-content\/uploads\/sites\/35\/2021\/08\/Sally-5.jpg\" alt=\"\" data-id=\"13381\" data-link=\"https:\/\/www.djurskyddet.se\/kattfotenhalmstad\/?attachment_id=13381\" class=\"wp-image-13381\" srcset=\"https:\/\/www.djurskyddet.se\/kattfotenhalmstad\/wp-content\/uploads\/sites\/35\/2021\/08\/Sally-5.jpg 662w, https:\/\/www.djurskyddet.se\/kattfotenhalmstad\/wp-content\/uploads\/sites\/35\/2021\/08\/Sally-5-225x300.jpg 225w, https:\/\/www.djurskyddet.se\/kattfotenhalmstad\/wp-content\/uploads\/sites\/35\/2021\/08\/Sally-5-400x533.jpg 400w\" sizes=\"auto, (max-width: 662px) 100vw, 662px\" \/><\/a><\/figure><\/li><li class=\"blocks-gallery-item\"><figure><a href=\"https:\/\/www.djurskyddet.se\/kattfotenhalmstad\/?attachment_id=13382\"><img loading=\"lazy\" decoding=\"async\" width=\"662\" height=\"882\" src=\"https:\/\/www.djurskyddet.se\/kattfotenhalmstad\/wp-content\/uploads\/sites\/35\/2021\/08\/Sally-6.jpg\" alt=\"\" data-id=\"13382\" data-link=\"https:\/\/www.djurskyddet.se\/kattfotenhalmstad\/?attachment_id=13382\" class=\"wp-image-13382\" srcset=\"https:\/\/www.djurskyddet.se\/kattfotenhalmstad\/wp-content\/uploads\/sites\/35\/2021\/08\/Sally-6.jpg 662w, https:\/\/www.djurskyddet.se\/kattfotenhalmstad\/wp-content\/uploads\/sites\/35\/2021\/08\/Sally-6-225x300.jpg 225w, https:\/\/www.djurskyddet.se\/kattfotenhalmstad\/wp-content\/uploads\/sites\/35\/2021\/08\/Sally-6-400x533.jpg 400w\" sizes=\"auto, (max-width: 662px) 100vw, 662px\" \/><\/a><\/figure><\/li><\/ul><\/figure>\n\n\n\n<div class=\"wp-block-image\"><figure class=\"aligncenter size-large\"><img loading=\"lazy\" decoding=\"async\" width=\"662\" height=\"882\" src=\"https:\/\/www.djurskyddet.se\/kattfotenhalmstad\/wp-content\/uploads\/sites\/35\/2021\/08\/Sally-7-2.jpg\" alt=\"\" class=\"wp-image-13384\" srcset=\"https:\/\/www.djurskyddet.se\/kattfotenhalmstad\/wp-content\/uploads\/sites\/35\/2021\/08\/Sally-7-2.jpg 662w, https:\/\/www.djurskyddet.se\/kattfotenhalmstad\/wp-content\/uploads\/sites\/35\/2021\/08\/Sally-7-2-225x300.jpg 225w, https:\/\/www.djurskyddet.se\/kattfotenhalmstad\/wp-content\/uploads\/sites\/35\/2021\/08\/Sally-7-2-400x533.jpg 400w\" sizes=\"auto, (max-width: 662px) 100vw, 662px\" \/><\/figure><\/div>\n","protected":false},"excerpt":{"rendered":"<p>Hej! Jag heter Sally! Jag \u00e4r 3 \u00e5r och lever mitt b\u00e4sta liv! Men mitt liv har inte alltid varit b\u00e4st, nu ska jag ber\u00e4tta f\u00f6r er&#8230; I februari l\u00e4mnades jag in till Kattfoten av min f\u00f6rra \u00e4gare, jag skulle avlivas om jag inte togs emot. Jag var v\u00e4ldigt ledsen n\u00e4r jag kom till katthemmet, jag ville inte \u00e4ta. Men pl\u00f6tsligt en vecka senare kom tv\u00e5 stycken tv\u00e5benta p\u00e5 bes\u00f6k&hellip;<\/p>\n<p><a class=\"more-link\" href=\"https:\/\/www.djurskyddet.se\/kattfotenhalmstad\/lyckligt-slut-2\/adopterade-katter-2021\/sally\/\" title=\"Continue reading &lsquo;Sally&rsquo;\">L&auml;s mer<span class=\"meta-nav\">&raquo;<\/span><\/a><\/p>\n","protected":false},"author":36,"featured_media":0,"parent":13367,"menu_order":0,"comment_status":"closed","ping_status":"closed","template":"page-templates\/left-sidebar20200507.php","meta":{"_acf_changed":false,"footnotes":""},"class_list":["post-13371","page","type-page","status-publish","hentry"],"acf":[],"_links":{"self":[{"href":"https:\/\/www.djurskyddet.se\/kattfotenhalmstad\/wp-json\/wp\/v2\/pages\/13371","targetHints":{"allow":["GET"]}}],"collection":[{"href":"https:\/\/www.djurskyddet.se\/kattfotenhalmstad\/wp-json\/wp\/v2\/pages"}],"about":[{"href":"https:\/\/www.djurskyddet.se\/kattfotenhalmstad\/wp-json\/wp\/v2\/types\/page"}],"author":[{"embeddable":true,"href":"https:\/\/www.djurskyddet.se\/kattfotenhalmstad\/wp-json\/wp\/v2\/users\/36"}],"replies":[{"embeddable":true,"href":"https:\/\/www.djurskyddet.se\/kattfotenhalmstad\/wp-json\/wp\/v2\/comments?post=13371"}],"version-history":[{"count":2,"href":"https:\/\/www.djurskyddet.se\/kattfotenhalmstad\/wp-json\/wp\/v2\/pages\/13371\/revisions"}],"predecessor-version":[{"id":13387,"href":"https:\/\/www.djurskyddet.se\/kattfotenhalmstad\/wp-json\/wp\/v2\/pages\/13371\/revisions\/13387"}],"up":[{"embeddable":true,"href":"https:\/\/www.djurskyddet.se\/kattfotenhalmstad\/wp-json\/wp\/v2\/pages\/13367"}],"wp:attachment":[{"href":"https:\/\/www.djurskyddet.se\/kattfotenhalmstad\/wp-json\/wp\/v2\/media?parent=13371"}],"curies":[{"name":"wp","href":"https:\/\/api.w.org\/{rel}","templated":true}]}}