{"id":13475,"date":"2021-10-10T16:04:48","date_gmt":"2021-10-10T16:04:48","guid":{"rendered":"https:\/\/www.djurskyddet.se\/kattfotenhalmstad\/?page_id=13475"},"modified":"2021-10-10T16:19:07","modified_gmt":"2021-10-10T16:19:07","slug":"pyzen","status":"publish","type":"page","link":"https:\/\/www.djurskyddet.se\/kattfotenhalmstad\/lyckligt-slut-2\/adopterade-katter-2012\/pyzen\/","title":{"rendered":"Pyzen"},"content":{"rendered":"\n<p>Hej, jag heter Pyzen! Jag hittade mitt f\u00f6r alltid hem 2012. I b\u00f6rjan var jag v\u00e4ldigt f\u00f6rsynt men  har blivit allt mer s\u00e4krare med \u00e5ren! Jag pratar mer ocks\u00e5!<\/p>\n\n\n\n<div class=\"wp-block-image\"><figure class=\"aligncenter size-large is-resized\"><img loading=\"lazy\" decoding=\"async\" src=\"https:\/\/www.djurskyddet.se\/kattfotenhalmstad\/wp-content\/uploads\/sites\/35\/2021\/10\/thumbnail_FB_IMG_1633611667131-683x1024.jpg\" alt=\"\" class=\"wp-image-13476\" width=\"683\" height=\"1024\" srcset=\"https:\/\/www.djurskyddet.se\/kattfotenhalmstad\/wp-content\/uploads\/sites\/35\/2021\/10\/thumbnail_FB_IMG_1633611667131-683x1024.jpg 683w, https:\/\/www.djurskyddet.se\/kattfotenhalmstad\/wp-content\/uploads\/sites\/35\/2021\/10\/thumbnail_FB_IMG_1633611667131-200x300.jpg 200w, https:\/\/www.djurskyddet.se\/kattfotenhalmstad\/wp-content\/uploads\/sites\/35\/2021\/10\/thumbnail_FB_IMG_1633611667131-768x1152.jpg 768w, https:\/\/www.djurskyddet.se\/kattfotenhalmstad\/wp-content\/uploads\/sites\/35\/2021\/10\/thumbnail_FB_IMG_1633611667131-400x600.jpg 400w, https:\/\/www.djurskyddet.se\/kattfotenhalmstad\/wp-content\/uploads\/sites\/35\/2021\/10\/thumbnail_FB_IMG_1633611667131.jpg 864w\" sizes=\"auto, (max-width: 683px) 100vw, 683px\" \/><\/figure><\/div>\n","protected":false},"excerpt":{"rendered":"<p>Hej, jag heter Pyzen! Jag hittade mitt f\u00f6r alltid hem 2012. I b\u00f6rjan var jag v\u00e4ldigt f\u00f6rsynt men har blivit allt mer s\u00e4krare med \u00e5ren! Jag pratar mer ocks\u00e5!<\/p>\n","protected":false},"author":55,"featured_media":0,"parent":8772,"menu_order":0,"comment_status":"closed","ping_status":"closed","template":"left-sidebar.php","meta":{"_acf_changed":false,"footnotes":""},"class_list":["post-13475","page","type-page","status-publish","hentry"],"acf":[],"_links":{"self":[{"href":"https:\/\/www.djurskyddet.se\/kattfotenhalmstad\/wp-json\/wp\/v2\/pages\/13475","targetHints":{"allow":["GET"]}}],"collection":[{"href":"https:\/\/www.djurskyddet.se\/kattfotenhalmstad\/wp-json\/wp\/v2\/pages"}],"about":[{"href":"https:\/\/www.djurskyddet.se\/kattfotenhalmstad\/wp-json\/wp\/v2\/types\/page"}],"author":[{"embeddable":true,"href":"https:\/\/www.djurskyddet.se\/kattfotenhalmstad\/wp-json\/wp\/v2\/users\/55"}],"replies":[{"embeddable":true,"href":"https:\/\/www.djurskyddet.se\/kattfotenhalmstad\/wp-json\/wp\/v2\/comments?post=13475"}],"version-history":[{"count":1,"href":"https:\/\/www.djurskyddet.se\/kattfotenhalmstad\/wp-json\/wp\/v2\/pages\/13475\/revisions"}],"predecessor-version":[{"id":13477,"href":"https:\/\/www.djurskyddet.se\/kattfotenhalmstad\/wp-json\/wp\/v2\/pages\/13475\/revisions\/13477"}],"up":[{"embeddable":true,"href":"https:\/\/www.djurskyddet.se\/kattfotenhalmstad\/wp-json\/wp\/v2\/pages\/8772"}],"wp:attachment":[{"href":"https:\/\/www.djurskyddet.se\/kattfotenhalmstad\/wp-json\/wp\/v2\/media?parent=13475"}],"curies":[{"name":"wp","href":"https:\/\/api.w.org\/{rel}","templated":true}]}}