{"id":13822,"date":"2022-11-29T19:59:04","date_gmt":"2022-11-29T19:59:04","guid":{"rendered":"https:\/\/www.djurskyddet.se\/kattfotenhalmstad\/?page_id=13822"},"modified":"2026-04-26T18:41:15","modified_gmt":"2026-04-26T18:41:15","slug":"vi-soker-hem","status":"publish","type":"page","link":"https:\/\/www.djurskyddet.se\/kattfotenhalmstad\/vara-katter\/vi-soker-hem\/","title":{"rendered":"Vi s\u00f6ker hem!"},"content":{"rendered":"\n<p class=\"has-text-align-center\">Vad kul att du hittade hit och tittar in! Hos oss finns det katter i alla \u00e5ldrar, f\u00e4rger och personligheter! Seniorer, vuxna och ibland kattungar samt inne-och utekatter. Vill du adoptera? Tryck p\u00e5 l\u00e4nken och fyll i v\u00e5r <a href=\"https:\/\/www.djurskyddet.se\/kattfotenhalmstad\/intresseanmalan\/\">intresseanm\u00e4lan<\/a>.<\/p>\n\n\n\n<p class=\"has-text-align-center\">Hoppas vi ses!<\/p>\n\n\n\n<p class=\"has-text-align-center\"><em>(Redakt\u00f6rens notering: var v\u00e4nlig ha \u00f6verseende att sidan uppdateras n\u00e4r tillf\u00e4lle ges!)<\/em><\/p>\n\n\n\n<p class=\"has-text-align-center\">Alla v\u00e5ra katter \u00e4r chipm\u00e4rkta, vaccinerade och steriliserade\/kastrerade om inget annat anges i deras tillh\u00f6rande beskrivning.<\/p>\n\n\n\n<p class=\"has-text-align-center\">H\u00e4r \u00e4r ett axplock av v\u00e5ra p\u00e4lsklingar:<\/p>\n\n\n\n<figure class=\"wp-block-image size-full\"><img loading=\"lazy\" decoding=\"async\" width=\"75\" height=\"34\" src=\"https:\/\/www.djurskyddet.se\/kattfotenhalmstad\/wp-content\/uploads\/sites\/35\/2023\/02\/space-1.jpg\" alt=\"\" class=\"wp-image-14056\" \/><\/figure>\n\n\n<div class=\"wp-block-image\">\n<figure class=\"aligncenter size-full\"><img loading=\"lazy\" decoding=\"async\" width=\"1024\" height=\"1010\" src=\"https:\/\/www.djurskyddet.se\/kattfotenhalmstad\/wp-content\/uploads\/sites\/35\/2026\/04\/image-2.png\" alt=\"\" class=\"wp-image-15759\" srcset=\"https:\/\/www.djurskyddet.se\/kattfotenhalmstad\/wp-content\/uploads\/sites\/35\/2026\/04\/image-2.png 1024w, https:\/\/www.djurskyddet.se\/kattfotenhalmstad\/wp-content\/uploads\/sites\/35\/2026\/04\/image-2-300x296.png 300w, https:\/\/www.djurskyddet.se\/kattfotenhalmstad\/wp-content\/uploads\/sites\/35\/2026\/04\/image-2-768x758.png 768w, https:\/\/www.djurskyddet.se\/kattfotenhalmstad\/wp-content\/uploads\/sites\/35\/2026\/04\/image-2-400x395.png 400w\" sizes=\"auto, (max-width: 1024px) 100vw, 1024px\" \/><figcaption class=\"wp-element-caption\"><p style=\"border-width:2px;border-style:dotted;border-color:#9AC7A1;background-color:#ADE0B5;text-align:center\">Stella &amp; Smilla<\/p>Mor och dotter som \u00e4ven kallas Mamsen och Fisen. Tv\u00e5 fina katter som s\u00f6ker hem tillsammans! Mer information finns efter ifylld intresseanm\u00e4lan!<\/figcaption><\/figure><\/div>\n\n\n<figure class=\"wp-block-image size-full\"><img loading=\"lazy\" decoding=\"async\" width=\"75\" height=\"34\" src=\"https:\/\/www.djurskyddet.se\/kattfotenhalmstad\/wp-content\/uploads\/sites\/35\/2023\/02\/space-1.jpg\" alt=\"\" class=\"wp-image-14056\" \/><\/figure>\n\n\n\n<figure class=\"wp-block-image size-full\"><img loading=\"lazy\" decoding=\"async\" width=\"1024\" height=\"807\" src=\"https:\/\/www.djurskyddet.se\/kattfotenhalmstad\/wp-content\/uploads\/sites\/35\/2026\/04\/image0000.jpg\" alt=\"\" class=\"wp-image-15750\" srcset=\"https:\/\/www.djurskyddet.se\/kattfotenhalmstad\/wp-content\/uploads\/sites\/35\/2026\/04\/image0000.jpg 1024w, https:\/\/www.djurskyddet.se\/kattfotenhalmstad\/wp-content\/uploads\/sites\/35\/2026\/04\/image0000-300x236.jpg 300w, https:\/\/www.djurskyddet.se\/kattfotenhalmstad\/wp-content\/uploads\/sites\/35\/2026\/04\/image0000-768x605.jpg 768w, https:\/\/www.djurskyddet.se\/kattfotenhalmstad\/wp-content\/uploads\/sites\/35\/2026\/04\/image0000-400x315.jpg 400w\" sizes=\"auto, (max-width: 1024px) 100vw, 1024px\" \/><figcaption class=\"wp-element-caption\"><p style=\"border-width:2px;border-style:dotted;border-color:#9AC7A1;background-color:#ADE0B5;text-align:center\">Trillingarna<\/p>Tre sn\u00e4lla s\u00f6tnosar som s\u00f6ker hem tillsammans! Om n\u00e5gon kan ge dessa fina trillingar ett lugnt hem vore det underbart. Vi vill ju sj\u00e4lvklart inte dela p\u00e5 dem.<\/figcaption><\/figure>\n\n\n\n<figure class=\"wp-block-image size-full\"><img loading=\"lazy\" decoding=\"async\" width=\"75\" height=\"34\" src=\"https:\/\/www.djurskyddet.se\/kattfotenhalmstad\/wp-content\/uploads\/sites\/35\/2023\/02\/space-1.jpg\" alt=\"\" class=\"wp-image-14056\" \/><\/figure>\n\n\n<div class=\"wp-block-image\">\n<figure class=\"aligncenter size-full\"><img loading=\"lazy\" decoding=\"async\" width=\"740\" height=\"419\" src=\"https:\/\/www.djurskyddet.se\/kattfotenhalmstad\/wp-content\/uploads\/sites\/35\/2026\/03\/image-3.png\" alt=\"\" class=\"wp-image-15644\" srcset=\"https:\/\/www.djurskyddet.se\/kattfotenhalmstad\/wp-content\/uploads\/sites\/35\/2026\/03\/image-3.png 740w, https:\/\/www.djurskyddet.se\/kattfotenhalmstad\/wp-content\/uploads\/sites\/35\/2026\/03\/image-3-300x170.png 300w, https:\/\/www.djurskyddet.se\/kattfotenhalmstad\/wp-content\/uploads\/sites\/35\/2026\/03\/image-3-400x226.png 400w\" sizes=\"auto, (max-width: 740px) 100vw, 740px\" \/><figcaption class=\"wp-element-caption\"><p style=\"border-width:2px;border-style:dotted;border-color:#9AC7A1;background-color:#ADE0B5;text-align:center\">Kim &amp; Kajsa<\/p>Tv\u00e5 s\u00f6ta och sn\u00e4lla systrar p\u00e5 ca 1,5 \u00e5r som s\u00f6ker hem tillsammans! En av dem \u00e4r lite mer f\u00f6rsiktig. De vill g\u00e4rna ha m\u00f6jlighet att kunna g\u00e5 in och ut. Att bo med barn g\u00e5r bra men barnen f\u00e5r helst vara lite \u00e4ldre.<\/figcaption><\/figure><\/div>\n\n\n<figure class=\"wp-block-image size-full\"><img loading=\"lazy\" decoding=\"async\" width=\"75\" height=\"34\" src=\"https:\/\/www.djurskyddet.se\/kattfotenhalmstad\/wp-content\/uploads\/sites\/35\/2023\/02\/space-1.jpg\" alt=\"\" class=\"wp-image-14056\" \/><\/figure>\n\n\n<div class=\"wp-block-image\">\n<figure class=\"aligncenter size-full\"><img loading=\"lazy\" decoding=\"async\" width=\"1024\" height=\"656\" src=\"https:\/\/www.djurskyddet.se\/kattfotenhalmstad\/wp-content\/uploads\/sites\/35\/2026\/03\/image-1.png\" alt=\"\" class=\"wp-image-15635\" srcset=\"https:\/\/www.djurskyddet.se\/kattfotenhalmstad\/wp-content\/uploads\/sites\/35\/2026\/03\/image-1.png 1024w, https:\/\/www.djurskyddet.se\/kattfotenhalmstad\/wp-content\/uploads\/sites\/35\/2026\/03\/image-1-300x192.png 300w, https:\/\/www.djurskyddet.se\/kattfotenhalmstad\/wp-content\/uploads\/sites\/35\/2026\/03\/image-1-768x492.png 768w, https:\/\/www.djurskyddet.se\/kattfotenhalmstad\/wp-content\/uploads\/sites\/35\/2026\/03\/image-1-400x256.png 400w\" sizes=\"auto, (max-width: 1024px) 100vw, 1024px\" \/><figcaption class=\"wp-element-caption\"><p style=\"border-width:2px;border-style:dotted;border-color:#9AC7A1;background-color:#ADE0B5;text-align:center\">Heidi &amp; Happy<\/p>Dessa tv\u00e5 s\u00f6tnosar s\u00f6ker hem! De \u00e4r lite f\u00f6rsiktiga men nyfikna, lekfulla och sn\u00e4lla! De s\u00f6ker hem tillsammans!<\/figcaption><\/figure><\/div>\n\n\n<figure class=\"wp-block-image size-full\"><img loading=\"lazy\" decoding=\"async\" width=\"75\" height=\"34\" src=\"https:\/\/www.djurskyddet.se\/kattfotenhalmstad\/wp-content\/uploads\/sites\/35\/2023\/02\/space-1.jpg\" alt=\"\" class=\"wp-image-14056\" \/><\/figure>\n\n\n<div class=\"wp-block-image\">\n<figure class=\"aligncenter size-full\"><img loading=\"lazy\" decoding=\"async\" width=\"640\" height=\"324\" src=\"https:\/\/www.djurskyddet.se\/kattfotenhalmstad\/wp-content\/uploads\/sites\/35\/2026\/04\/image-1.png\" alt=\"\" class=\"wp-image-15755\" srcset=\"https:\/\/www.djurskyddet.se\/kattfotenhalmstad\/wp-content\/uploads\/sites\/35\/2026\/04\/image-1.png 640w, https:\/\/www.djurskyddet.se\/kattfotenhalmstad\/wp-content\/uploads\/sites\/35\/2026\/04\/image-1-300x152.png 300w, https:\/\/www.djurskyddet.se\/kattfotenhalmstad\/wp-content\/uploads\/sites\/35\/2026\/04\/image-1-400x203.png 400w\" sizes=\"auto, (max-width: 640px) 100vw, 640px\" \/><figcaption class=\"wp-element-caption\"><p style=\"border-width:2px;border-style:dotted;border-color:#9AC7A1;background-color:#ADE0B5;text-align:center\">Skrotis &amp; St\u00e5lis<\/p>Dessa tv\u00e5 s\u00f6ker hem tillsammans! Nyfikna, g\u00e5r att klappa och tycker om att busa!<\/figcaption><\/figure><\/div>\n\n\n<figure class=\"wp-block-image size-full\"><img loading=\"lazy\" decoding=\"async\" width=\"75\" height=\"34\" src=\"https:\/\/www.djurskyddet.se\/kattfotenhalmstad\/wp-content\/uploads\/sites\/35\/2023\/02\/space-1.jpg\" alt=\"\" class=\"wp-image-14056\" \/><\/figure>\n\n\n<div class=\"wp-block-image\">\n<figure class=\"aligncenter size-full\"><img loading=\"lazy\" decoding=\"async\" width=\"922\" height=\"1024\" src=\"https:\/\/www.djurskyddet.se\/kattfotenhalmstad\/wp-content\/uploads\/sites\/35\/2026\/03\/image-2.png\" alt=\"\" class=\"wp-image-15640\" srcset=\"https:\/\/www.djurskyddet.se\/kattfotenhalmstad\/wp-content\/uploads\/sites\/35\/2026\/03\/image-2.png 922w, https:\/\/www.djurskyddet.se\/kattfotenhalmstad\/wp-content\/uploads\/sites\/35\/2026\/03\/image-2-270x300.png 270w, https:\/\/www.djurskyddet.se\/kattfotenhalmstad\/wp-content\/uploads\/sites\/35\/2026\/03\/image-2-768x853.png 768w, https:\/\/www.djurskyddet.se\/kattfotenhalmstad\/wp-content\/uploads\/sites\/35\/2026\/03\/image-2-400x444.png 400w\" sizes=\"auto, (max-width: 922px) 100vw, 922px\" \/><figcaption class=\"wp-element-caption\"><p style=\"border-width:2px;border-style:dotted;border-color:#9AC7A1;background-color:#ADE0B5;text-align:center\">Kajsa Kavat, Kasper, Kharlie &amp; Krister<\/p>Mamma Kajsa Kavat och hennes tre barn s\u00f6ker hem! De vill g\u00e4rna \u00e5ka tv\u00e5 och tv\u00e5 d\u00e5 de st\u00e5r varandra v\u00e4ldigt n\u00e4ra. F\u00f6rsiktiga men nyfikna och sn\u00e4lla. Kajsa Kavat tycker om att bli klappad och barnen b\u00f6rjar bli nyfikna p\u00e5 det ocks\u00e5!<\/figcaption><\/figure><\/div>\n\n\n<figure class=\"wp-block-image size-full\"><img loading=\"lazy\" decoding=\"async\" width=\"75\" height=\"34\" src=\"https:\/\/www.djurskyddet.se\/kattfotenhalmstad\/wp-content\/uploads\/sites\/35\/2023\/02\/space-1.jpg\" alt=\"\" class=\"wp-image-14056\" \/><\/figure>\n\n\n<div class=\"wp-block-image\">\n<figure class=\"aligncenter size-full\"><img loading=\"lazy\" decoding=\"async\" width=\"595\" height=\"389\" src=\"https:\/\/www.djurskyddet.se\/kattfotenhalmstad\/wp-content\/uploads\/sites\/35\/2026\/01\/image.png\" alt=\"\" class=\"wp-image-15529\" srcset=\"https:\/\/www.djurskyddet.se\/kattfotenhalmstad\/wp-content\/uploads\/sites\/35\/2026\/01\/image.png 595w, https:\/\/www.djurskyddet.se\/kattfotenhalmstad\/wp-content\/uploads\/sites\/35\/2026\/01\/image-300x196.png 300w, https:\/\/www.djurskyddet.se\/kattfotenhalmstad\/wp-content\/uploads\/sites\/35\/2026\/01\/image-400x262.png 400w\" sizes=\"auto, (max-width: 595px) 100vw, 595px\" \/><figcaption class=\"wp-element-caption\"><p style=\"border-width:2px;border-style:dotted;border-color:#9AC7A1;background-color:#ADE0B5;text-align:center\">Leo &amp; Livia<\/p>Tv\u00e5 sn\u00e4lla syskon som s\u00f6ker hem tillsammans! Barn till Luna.<\/figcaption><\/figure><\/div>\n\n\n<figure class=\"wp-block-image size-full\"><img loading=\"lazy\" decoding=\"async\" width=\"75\" height=\"34\" src=\"https:\/\/www.djurskyddet.se\/kattfotenhalmstad\/wp-content\/uploads\/sites\/35\/2023\/02\/space-1.jpg\" alt=\"\" class=\"wp-image-14056\" \/><\/figure>\n\n\n<div class=\"wp-block-image\">\n<figure class=\"aligncenter size-full\"><img loading=\"lazy\" decoding=\"async\" width=\"826\" height=\"459\" src=\"https:\/\/www.djurskyddet.se\/kattfotenhalmstad\/wp-content\/uploads\/sites\/35\/2025\/12\/image-1-4.jpg\" alt=\"\" class=\"wp-image-15515\" srcset=\"https:\/\/www.djurskyddet.se\/kattfotenhalmstad\/wp-content\/uploads\/sites\/35\/2025\/12\/image-1-4.jpg 826w, https:\/\/www.djurskyddet.se\/kattfotenhalmstad\/wp-content\/uploads\/sites\/35\/2025\/12\/image-1-4-300x167.jpg 300w, https:\/\/www.djurskyddet.se\/kattfotenhalmstad\/wp-content\/uploads\/sites\/35\/2025\/12\/image-1-4-768x427.jpg 768w, https:\/\/www.djurskyddet.se\/kattfotenhalmstad\/wp-content\/uploads\/sites\/35\/2025\/12\/image-1-4-400x222.jpg 400w\" sizes=\"auto, (max-width: 826px) 100vw, 826px\" \/><figcaption class=\"wp-element-caption\"><p style=\"border-width:2px;border-style:dotted;border-color:#9AC7A1;background-color:#ADE0B5;text-align:center\">\u00d6nska &amp; hennes tv\u00e5 ungar<\/p>\u00d6nska vill ha ett lugnt hem d\u00e4r det finns en kattkompis. Hennes ungar ska flytta tillsammans.<\/figcaption><\/figure><\/div>\n\n\n<figure class=\"wp-block-image size-full\"><img loading=\"lazy\" decoding=\"async\" width=\"75\" height=\"34\" src=\"https:\/\/www.djurskyddet.se\/kattfotenhalmstad\/wp-content\/uploads\/sites\/35\/2023\/02\/space-1.jpg\" alt=\"\" class=\"wp-image-14056\" \/><\/figure>\n\n\n\n<figure class=\"wp-block-image size-full\"><img loading=\"lazy\" decoding=\"async\" width=\"75\" height=\"34\" src=\"https:\/\/www.djurskyddet.se\/kattfotenhalmstad\/wp-content\/uploads\/sites\/35\/2023\/02\/space-1.jpg\" alt=\"\" class=\"wp-image-14056\" \/><\/figure>\n\n\n\n<figure class=\"wp-block-image size-full is-resized\"><img loading=\"lazy\" decoding=\"async\" width=\"75\" height=\"34\" src=\"https:\/\/www.djurskyddet.se\/kattfotenhalmstad\/wp-content\/uploads\/sites\/35\/2023\/02\/space-1.jpg\" alt=\"\" class=\"wp-image-14056\" style=\"width:73px;height:auto\" \/><\/figure>\n\n\n\n<figure class=\"wp-block-image size-full\"><img loading=\"lazy\" decoding=\"async\" width=\"75\" height=\"34\" src=\"https:\/\/www.djurskyddet.se\/kattfotenhalmstad\/wp-content\/uploads\/sites\/35\/2023\/02\/space-1.jpg\" alt=\"\" class=\"wp-image-14056\" \/><\/figure>\n\n\n\n<figure class=\"wp-block-image size-full\"><img loading=\"lazy\" decoding=\"async\" width=\"75\" height=\"34\" src=\"https:\/\/www.djurskyddet.se\/kattfotenhalmstad\/wp-content\/uploads\/sites\/35\/2023\/02\/space-1.jpg\" alt=\"\" class=\"wp-image-14056\" \/><\/figure>\n\n\n\n<figure class=\"wp-block-image size-full\"><img loading=\"lazy\" decoding=\"async\" width=\"75\" height=\"34\" src=\"https:\/\/www.djurskyddet.se\/kattfotenhalmstad\/wp-content\/uploads\/sites\/35\/2023\/02\/space-1.jpg\" alt=\"\" class=\"wp-image-14056\" \/><\/figure>\n\n\n\n<figure class=\"wp-block-image size-full\"><img loading=\"lazy\" decoding=\"async\" width=\"75\" height=\"34\" src=\"https:\/\/www.djurskyddet.se\/kattfotenhalmstad\/wp-content\/uploads\/sites\/35\/2023\/02\/space-1.jpg\" alt=\"\" class=\"wp-image-14056\" \/><\/figure>\n","protected":false},"excerpt":{"rendered":"<p>Vad kul att du hittade hit och tittar in! Hos oss finns det katter i alla \u00e5ldrar, f\u00e4rger och personligheter! Seniorer, vuxna och ibland kattungar samt inne-och utekatter. Vill du adoptera? Tryck p\u00e5 l\u00e4nken och fyll i v\u00e5r intresseanm\u00e4lan. Hoppas vi ses! (Redakt\u00f6rens notering: var v\u00e4nlig ha \u00f6verseende att sidan uppdateras n\u00e4r tillf\u00e4lle ges!) Alla v\u00e5ra katter \u00e4r chipm\u00e4rkta, vaccinerade och steriliserade\/kastrerade om inget annat anges i deras tillh\u00f6rande beskrivning.&hellip;<\/p>\n<p><a class=\"more-link\" href=\"https:\/\/www.djurskyddet.se\/kattfotenhalmstad\/vara-katter\/vi-soker-hem\/\" title=\"Continue reading &lsquo;Vi s\u00f6ker hem!&rsquo;\">L&auml;s mer<span class=\"meta-nav\">&raquo;<\/span><\/a><\/p>\n","protected":false},"author":55,"featured_media":0,"parent":6627,"menu_order":1,"comment_status":"closed","ping_status":"closed","template":"left-sidebar.php","meta":{"_acf_changed":false,"footnotes":""},"class_list":["post-13822","page","type-page","status-publish","hentry"],"acf":[],"_links":{"self":[{"href":"https:\/\/www.djurskyddet.se\/kattfotenhalmstad\/wp-json\/wp\/v2\/pages\/13822","targetHints":{"allow":["GET"]}}],"collection":[{"href":"https:\/\/www.djurskyddet.se\/kattfotenhalmstad\/wp-json\/wp\/v2\/pages"}],"about":[{"href":"https:\/\/www.djurskyddet.se\/kattfotenhalmstad\/wp-json\/wp\/v2\/types\/page"}],"author":[{"embeddable":true,"href":"https:\/\/www.djurskyddet.se\/kattfotenhalmstad\/wp-json\/wp\/v2\/users\/55"}],"replies":[{"embeddable":true,"href":"https:\/\/www.djurskyddet.se\/kattfotenhalmstad\/wp-json\/wp\/v2\/comments?post=13822"}],"version-history":[{"count":539,"href":"https:\/\/www.djurskyddet.se\/kattfotenhalmstad\/wp-json\/wp\/v2\/pages\/13822\/revisions"}],"predecessor-version":[{"id":15761,"href":"https:\/\/www.djurskyddet.se\/kattfotenhalmstad\/wp-json\/wp\/v2\/pages\/13822\/revisions\/15761"}],"up":[{"embeddable":true,"href":"https:\/\/www.djurskyddet.se\/kattfotenhalmstad\/wp-json\/wp\/v2\/pages\/6627"}],"wp:attachment":[{"href":"https:\/\/www.djurskyddet.se\/kattfotenhalmstad\/wp-json\/wp\/v2\/media?parent=13822"}],"curies":[{"name":"wp","href":"https:\/\/api.w.org\/{rel}","templated":true}]}}