{"id":14905,"date":"2024-12-30T13:23:35","date_gmt":"2024-12-30T13:23:35","guid":{"rendered":"https:\/\/www.djurskyddet.se\/kattfotenhalmstad\/?page_id=14905"},"modified":"2024-12-30T13:23:36","modified_gmt":"2024-12-30T13:23:36","slug":"lunibelle2024","status":"publish","type":"page","link":"https:\/\/www.djurskyddet.se\/kattfotenhalmstad\/lunibelle2024\/","title":{"rendered":"Luni &amp; Belle"},"content":{"rendered":"\n<p>Vi heter Luni och Belle. I v\u00e4ntan p\u00e5 att f\u00e5 v\u00e5rt f\u00f6r alltid hem s\u00e5 gav m\u00e4nniskorna p\u00e5 katthemmet oss kel, k\u00e4rlek och den omsorg som vi s\u00e5 v\u00e4l beh\u00f6vde. Nu har vi hittat hem och vi \u00e4r s\u00e5\u00e5 tillfreds och lyckliga!\u00a0<\/p>\n\n\n\n<figure class=\"wp-block-image size-full\"><img loading=\"lazy\" decoding=\"async\" width=\"1024\" height=\"1024\" src=\"https:\/\/www.djurskyddet.se\/kattfotenhalmstad\/wp-content\/uploads\/sites\/35\/2024\/12\/lb.jpg\" alt=\"\" class=\"wp-image-14902\" srcset=\"https:\/\/www.djurskyddet.se\/kattfotenhalmstad\/wp-content\/uploads\/sites\/35\/2024\/12\/lb.jpg 1024w, https:\/\/www.djurskyddet.se\/kattfotenhalmstad\/wp-content\/uploads\/sites\/35\/2024\/12\/lb-300x300.jpg 300w, https:\/\/www.djurskyddet.se\/kattfotenhalmstad\/wp-content\/uploads\/sites\/35\/2024\/12\/lb-150x150.jpg 150w, https:\/\/www.djurskyddet.se\/kattfotenhalmstad\/wp-content\/uploads\/sites\/35\/2024\/12\/lb-768x768.jpg 768w, https:\/\/www.djurskyddet.se\/kattfotenhalmstad\/wp-content\/uploads\/sites\/35\/2024\/12\/lb-400x400.jpg 400w\" sizes=\"auto, (max-width: 1024px) 100vw, 1024px\" \/><\/figure>\n","protected":false},"excerpt":{"rendered":"<p>Vi heter Luni och Belle. I v\u00e4ntan p\u00e5 att f\u00e5 v\u00e5rt f\u00f6r alltid hem s\u00e5 gav m\u00e4nniskorna p\u00e5 katthemmet oss kel, k\u00e4rlek och den omsorg som vi s\u00e5 v\u00e4l beh\u00f6vde. Nu har vi hittat hem och vi \u00e4r s\u00e5\u00e5 tillfreds och lyckliga!\u00a0<\/p>\n","protected":false},"author":55,"featured_media":0,"parent":0,"menu_order":0,"comment_status":"closed","ping_status":"closed","template":"page-templates\/left-sidebar.php","meta":{"_acf_changed":false,"footnotes":""},"class_list":["post-14905","page","type-page","status-publish","hentry"],"acf":[],"_links":{"self":[{"href":"https:\/\/www.djurskyddet.se\/kattfotenhalmstad\/wp-json\/wp\/v2\/pages\/14905","targetHints":{"allow":["GET"]}}],"collection":[{"href":"https:\/\/www.djurskyddet.se\/kattfotenhalmstad\/wp-json\/wp\/v2\/pages"}],"about":[{"href":"https:\/\/www.djurskyddet.se\/kattfotenhalmstad\/wp-json\/wp\/v2\/types\/page"}],"author":[{"embeddable":true,"href":"https:\/\/www.djurskyddet.se\/kattfotenhalmstad\/wp-json\/wp\/v2\/users\/55"}],"replies":[{"embeddable":true,"href":"https:\/\/www.djurskyddet.se\/kattfotenhalmstad\/wp-json\/wp\/v2\/comments?post=14905"}],"version-history":[{"count":1,"href":"https:\/\/www.djurskyddet.se\/kattfotenhalmstad\/wp-json\/wp\/v2\/pages\/14905\/revisions"}],"predecessor-version":[{"id":14906,"href":"https:\/\/www.djurskyddet.se\/kattfotenhalmstad\/wp-json\/wp\/v2\/pages\/14905\/revisions\/14906"}],"wp:attachment":[{"href":"https:\/\/www.djurskyddet.se\/kattfotenhalmstad\/wp-json\/wp\/v2\/media?parent=14905"}],"curies":[{"name":"wp","href":"https:\/\/api.w.org\/{rel}","templated":true}]}}