{"id":14971,"date":"2025-01-18T16:51:15","date_gmt":"2025-01-18T16:51:15","guid":{"rendered":"https:\/\/www.djurskyddet.se\/kattfotenhalmstad\/?page_id=14971"},"modified":"2025-02-12T12:43:43","modified_gmt":"2025-02-12T12:43:43","slug":"selma-amp-stina","status":"publish","type":"page","link":"https:\/\/www.djurskyddet.se\/kattfotenhalmstad\/adopterade-katter-2024\/selma-amp-stina\/","title":{"rendered":"Selma &amp; Stina"},"content":{"rendered":"\n<p>Hej, hej,<\/p>\n\n\n\n<p>Vi \u00e4r tv\u00e5 syskon som heter Stina och Selma. Vi hittades bland skrot och metall p\u00e5 en metall\u00e5tervinning. Vi har blivit adopterade till v\u00e5rt f\u00f6r-alltid-hem! V\u00e5ra m\u00e4nniskor \u00e4r j\u00e4ttesn\u00e4lla och sk\u00e4mmer bort oss j\u00e4ttemycket.<\/p>\n\n\n\n<p>V\u00e5rt f\u00f6r alltid hem s\u00e4ger s\u00e5 h\u00e4r:<\/p>\n\n\n\n<p>&#8221;Stina \u00e4r lite blyg och avvaktande med bes\u00f6kare. Selma \u00e4r v\u00e4ldigt nyfiken och h\u00e4lsar alla bes\u00f6kare i d\u00f6rren. Vi tycker det \u00e4r v\u00e4ldigt skoj att busa och jaga varandra i hela l\u00e4genheten.&#8221;<\/p>\n\n\n\n<figure class=\"wp-block-image size-full\"><img loading=\"lazy\" decoding=\"async\" width=\"768\" height=\"1024\" src=\"https:\/\/www.djurskyddet.se\/kattfotenhalmstad\/wp-content\/uploads\/sites\/35\/2025\/01\/image-7.jpg\" alt=\"\" class=\"wp-image-14972\" srcset=\"https:\/\/www.djurskyddet.se\/kattfotenhalmstad\/wp-content\/uploads\/sites\/35\/2025\/01\/image-7.jpg 768w, https:\/\/www.djurskyddet.se\/kattfotenhalmstad\/wp-content\/uploads\/sites\/35\/2025\/01\/image-7-225x300.jpg 225w, https:\/\/www.djurskyddet.se\/kattfotenhalmstad\/wp-content\/uploads\/sites\/35\/2025\/01\/image-7-400x533.jpg 400w\" sizes=\"auto, (max-width: 768px) 100vw, 768px\" \/><\/figure>\n\n\n\n<figure class=\"wp-block-image size-full\"><img loading=\"lazy\" decoding=\"async\" width=\"768\" height=\"1024\" src=\"https:\/\/www.djurskyddet.se\/kattfotenhalmstad\/wp-content\/uploads\/sites\/35\/2025\/01\/image-10.jpg\" alt=\"\" class=\"wp-image-14975\" srcset=\"https:\/\/www.djurskyddet.se\/kattfotenhalmstad\/wp-content\/uploads\/sites\/35\/2025\/01\/image-10.jpg 768w, https:\/\/www.djurskyddet.se\/kattfotenhalmstad\/wp-content\/uploads\/sites\/35\/2025\/01\/image-10-225x300.jpg 225w, https:\/\/www.djurskyddet.se\/kattfotenhalmstad\/wp-content\/uploads\/sites\/35\/2025\/01\/image-10-400x533.jpg 400w\" sizes=\"auto, (max-width: 768px) 100vw, 768px\" \/><\/figure>\n\n\n\n<figure class=\"wp-block-image size-full\"><img loading=\"lazy\" decoding=\"async\" width=\"768\" height=\"1024\" src=\"https:\/\/www.djurskyddet.se\/kattfotenhalmstad\/wp-content\/uploads\/sites\/35\/2025\/01\/image-11.jpg\" alt=\"\" class=\"wp-image-14976\" srcset=\"https:\/\/www.djurskyddet.se\/kattfotenhalmstad\/wp-content\/uploads\/sites\/35\/2025\/01\/image-11.jpg 768w, https:\/\/www.djurskyddet.se\/kattfotenhalmstad\/wp-content\/uploads\/sites\/35\/2025\/01\/image-11-225x300.jpg 225w, https:\/\/www.djurskyddet.se\/kattfotenhalmstad\/wp-content\/uploads\/sites\/35\/2025\/01\/image-11-400x533.jpg 400w\" sizes=\"auto, (max-width: 768px) 100vw, 768px\" \/><\/figure>\n\n\n\n<figure class=\"wp-block-image size-full\"><img loading=\"lazy\" decoding=\"async\" width=\"768\" height=\"1024\" src=\"https:\/\/www.djurskyddet.se\/kattfotenhalmstad\/wp-content\/uploads\/sites\/35\/2025\/02\/image.jpg\" alt=\"\" class=\"wp-image-15045\" srcset=\"https:\/\/www.djurskyddet.se\/kattfotenhalmstad\/wp-content\/uploads\/sites\/35\/2025\/02\/image.jpg 768w, https:\/\/www.djurskyddet.se\/kattfotenhalmstad\/wp-content\/uploads\/sites\/35\/2025\/02\/image-225x300.jpg 225w, https:\/\/www.djurskyddet.se\/kattfotenhalmstad\/wp-content\/uploads\/sites\/35\/2025\/02\/image-400x533.jpg 400w\" sizes=\"auto, (max-width: 768px) 100vw, 768px\" \/><\/figure>\n\n\n\n<figure class=\"wp-block-image size-full\"><img loading=\"lazy\" decoding=\"async\" width=\"768\" height=\"1024\" src=\"https:\/\/www.djurskyddet.se\/kattfotenhalmstad\/wp-content\/uploads\/sites\/35\/2025\/02\/image-1.jpg\" alt=\"\" class=\"wp-image-15046\" srcset=\"https:\/\/www.djurskyddet.se\/kattfotenhalmstad\/wp-content\/uploads\/sites\/35\/2025\/02\/image-1.jpg 768w, https:\/\/www.djurskyddet.se\/kattfotenhalmstad\/wp-content\/uploads\/sites\/35\/2025\/02\/image-1-225x300.jpg 225w, https:\/\/www.djurskyddet.se\/kattfotenhalmstad\/wp-content\/uploads\/sites\/35\/2025\/02\/image-1-400x533.jpg 400w\" sizes=\"auto, (max-width: 768px) 100vw, 768px\" \/><\/figure>\n\n\n\n<figure class=\"wp-block-image size-full\"><img loading=\"lazy\" decoding=\"async\" width=\"1024\" height=\"1024\" src=\"https:\/\/www.djurskyddet.se\/kattfotenhalmstad\/wp-content\/uploads\/sites\/35\/2025\/02\/image-2.jpg\" alt=\"\" class=\"wp-image-15047\" srcset=\"https:\/\/www.djurskyddet.se\/kattfotenhalmstad\/wp-content\/uploads\/sites\/35\/2025\/02\/image-2.jpg 1024w, https:\/\/www.djurskyddet.se\/kattfotenhalmstad\/wp-content\/uploads\/sites\/35\/2025\/02\/image-2-300x300.jpg 300w, https:\/\/www.djurskyddet.se\/kattfotenhalmstad\/wp-content\/uploads\/sites\/35\/2025\/02\/image-2-150x150.jpg 150w, https:\/\/www.djurskyddet.se\/kattfotenhalmstad\/wp-content\/uploads\/sites\/35\/2025\/02\/image-2-768x768.jpg 768w, https:\/\/www.djurskyddet.se\/kattfotenhalmstad\/wp-content\/uploads\/sites\/35\/2025\/02\/image-2-400x400.jpg 400w\" sizes=\"auto, (max-width: 1024px) 100vw, 1024px\" \/><\/figure>\n","protected":false},"excerpt":{"rendered":"<p>Hej, hej, Vi \u00e4r tv\u00e5 syskon som heter Stina och Selma. Vi hittades bland skrot och metall p\u00e5 en metall\u00e5tervinning. Vi har blivit adopterade till v\u00e5rt f\u00f6r-alltid-hem! V\u00e5ra m\u00e4nniskor \u00e4r j\u00e4ttesn\u00e4lla och sk\u00e4mmer bort oss j\u00e4ttemycket. V\u00e5rt f\u00f6r alltid hem s\u00e4ger s\u00e5 h\u00e4r: &#8221;Stina \u00e4r lite blyg och avvaktande med bes\u00f6kare. Selma \u00e4r v\u00e4ldigt nyfiken och h\u00e4lsar alla bes\u00f6kare i d\u00f6rren. Vi tycker det \u00e4r v\u00e4ldigt skoj att busa och&hellip;<\/p>\n<p><a class=\"more-link\" href=\"https:\/\/www.djurskyddet.se\/kattfotenhalmstad\/adopterade-katter-2024\/selma-amp-stina\/\" title=\"Continue reading &lsquo;Selma &amp; Stina&rsquo;\">L&auml;s mer<span class=\"meta-nav\">&raquo;<\/span><\/a><\/p>\n","protected":false},"author":55,"featured_media":0,"parent":14885,"menu_order":0,"comment_status":"closed","ping_status":"closed","template":"page-templates\/left-sidebar.php","meta":{"_acf_changed":false,"footnotes":""},"class_list":["post-14971","page","type-page","status-publish","hentry"],"acf":[],"_links":{"self":[{"href":"https:\/\/www.djurskyddet.se\/kattfotenhalmstad\/wp-json\/wp\/v2\/pages\/14971","targetHints":{"allow":["GET"]}}],"collection":[{"href":"https:\/\/www.djurskyddet.se\/kattfotenhalmstad\/wp-json\/wp\/v2\/pages"}],"about":[{"href":"https:\/\/www.djurskyddet.se\/kattfotenhalmstad\/wp-json\/wp\/v2\/types\/page"}],"author":[{"embeddable":true,"href":"https:\/\/www.djurskyddet.se\/kattfotenhalmstad\/wp-json\/wp\/v2\/users\/55"}],"replies":[{"embeddable":true,"href":"https:\/\/www.djurskyddet.se\/kattfotenhalmstad\/wp-json\/wp\/v2\/comments?post=14971"}],"version-history":[{"count":4,"href":"https:\/\/www.djurskyddet.se\/kattfotenhalmstad\/wp-json\/wp\/v2\/pages\/14971\/revisions"}],"predecessor-version":[{"id":15048,"href":"https:\/\/www.djurskyddet.se\/kattfotenhalmstad\/wp-json\/wp\/v2\/pages\/14971\/revisions\/15048"}],"up":[{"embeddable":true,"href":"https:\/\/www.djurskyddet.se\/kattfotenhalmstad\/wp-json\/wp\/v2\/pages\/14885"}],"wp:attachment":[{"href":"https:\/\/www.djurskyddet.se\/kattfotenhalmstad\/wp-json\/wp\/v2\/media?parent=14971"}],"curies":[{"name":"wp","href":"https:\/\/api.w.org\/{rel}","templated":true}]}}