{"id":14985,"date":"2025-01-18T17:00:34","date_gmt":"2025-01-18T17:00:34","guid":{"rendered":"https:\/\/www.djurskyddet.se\/kattfotenhalmstad\/?page_id=14985"},"modified":"2025-01-18T17:00:34","modified_gmt":"2025-01-18T17:00:34","slug":"gry","status":"publish","type":"page","link":"https:\/\/www.djurskyddet.se\/kattfotenhalmstad\/adopterade-katter-2024\/gry\/","title":{"rendered":"Gry"},"content":{"rendered":"\n<p>Hej.<\/p>\n\n\n\n<p>Mitt namn \u00e4r Gry. Jag d\u00f6ptes till det n\u00e4r jag kom till katthemmet. Innan dess s\u00e5 hade jag inget namn.&nbsp;<\/p>\n\n\n\n<p>Mitt liv var ingen dans p\u00e5 rosor. Jag hittades av sn\u00e4lla m\u00e4nniskor i en \u00e5tervinningskontainer. Mitt ansikte var s\u00f6nderbr\u00e4nt och jag var i v\u00e4ldigt d\u00e5ligt skick.&nbsp;<\/p>\n\n\n\n<p>Ofta var jag v\u00e4ldigt hungrig. Ibland var det sv\u00e5rt att hitta mat och d\u00e5 var jag utan mat i n\u00e5n dag eller s\u00e5.&nbsp;<\/p>\n\n\n\n<p>M\u00e4nniskorna som hittade mig kontaktade katthemmet. V\u00e4l p\u00e5 katthemmet fick jag mat och all den omsorg, v\u00e4rme och k\u00e4rlek som jag s\u00e5 v\u00e4l beh\u00f6vde.&nbsp;<\/p>\n\n\n\n<p>Efter ett tag s\u00e5 h\u00e4nde det!! Det kom en m\u00e4nniska p\u00e5 bes\u00f6k till katthemmet som ville adoptera mig! Nu har jag ett f\u00f6r-alltid-hem!<\/p>\n\n\n\n<p>Min matte \u00e4r j\u00e4ttesn\u00e4ll!<\/p>\n\n\n\n<p>Det finns n\u00e5gra foton h\u00e4r som visar min resa fr\u00e5n namnl\u00f6s, o\u00f6nskad och illa tilltygad till \u00e4lskad, ompysslad och varmt v\u00e4lkomnad i mitt nya hem.\u00a0<\/p>\n\n\n\n<p>H\u00e4lsningar fr\u00e5n Gry<\/p>\n\n\n\n<figure class=\"wp-block-image size-full\"><img loading=\"lazy\" decoding=\"async\" width=\"1024\" height=\"1024\" src=\"https:\/\/www.djurskyddet.se\/kattfotenhalmstad\/wp-content\/uploads\/sites\/35\/2025\/01\/image-15.jpg\" alt=\"\" class=\"wp-image-14989\" srcset=\"https:\/\/www.djurskyddet.se\/kattfotenhalmstad\/wp-content\/uploads\/sites\/35\/2025\/01\/image-15.jpg 1024w, https:\/\/www.djurskyddet.se\/kattfotenhalmstad\/wp-content\/uploads\/sites\/35\/2025\/01\/image-15-300x300.jpg 300w, https:\/\/www.djurskyddet.se\/kattfotenhalmstad\/wp-content\/uploads\/sites\/35\/2025\/01\/image-15-150x150.jpg 150w, https:\/\/www.djurskyddet.se\/kattfotenhalmstad\/wp-content\/uploads\/sites\/35\/2025\/01\/image-15-768x768.jpg 768w, https:\/\/www.djurskyddet.se\/kattfotenhalmstad\/wp-content\/uploads\/sites\/35\/2025\/01\/image-15-400x400.jpg 400w\" sizes=\"auto, (max-width: 1024px) 100vw, 1024px\" \/><\/figure>\n\n\n\n<figure class=\"wp-block-image size-full\"><img loading=\"lazy\" decoding=\"async\" width=\"1024\" height=\"1024\" src=\"https:\/\/www.djurskyddet.se\/kattfotenhalmstad\/wp-content\/uploads\/sites\/35\/2025\/01\/image-14.jpg\" alt=\"\" class=\"wp-image-14988\" srcset=\"https:\/\/www.djurskyddet.se\/kattfotenhalmstad\/wp-content\/uploads\/sites\/35\/2025\/01\/image-14.jpg 1024w, https:\/\/www.djurskyddet.se\/kattfotenhalmstad\/wp-content\/uploads\/sites\/35\/2025\/01\/image-14-300x300.jpg 300w, https:\/\/www.djurskyddet.se\/kattfotenhalmstad\/wp-content\/uploads\/sites\/35\/2025\/01\/image-14-150x150.jpg 150w, https:\/\/www.djurskyddet.se\/kattfotenhalmstad\/wp-content\/uploads\/sites\/35\/2025\/01\/image-14-768x768.jpg 768w, https:\/\/www.djurskyddet.se\/kattfotenhalmstad\/wp-content\/uploads\/sites\/35\/2025\/01\/image-14-400x400.jpg 400w\" sizes=\"auto, (max-width: 1024px) 100vw, 1024px\" \/><\/figure>\n","protected":false},"excerpt":{"rendered":"<p>Hej. Mitt namn \u00e4r Gry. Jag d\u00f6ptes till det n\u00e4r jag kom till katthemmet. Innan dess s\u00e5 hade jag inget namn.&nbsp; Mitt liv var ingen dans p\u00e5 rosor. Jag hittades av sn\u00e4lla m\u00e4nniskor i en \u00e5tervinningskontainer. Mitt ansikte var s\u00f6nderbr\u00e4nt och jag var i v\u00e4ldigt d\u00e5ligt skick.&nbsp; Ofta var jag v\u00e4ldigt hungrig. Ibland var det sv\u00e5rt att hitta mat och d\u00e5 var jag utan mat i n\u00e5n dag eller s\u00e5.&nbsp;&hellip;<\/p>\n<p><a class=\"more-link\" href=\"https:\/\/www.djurskyddet.se\/kattfotenhalmstad\/adopterade-katter-2024\/gry\/\" title=\"Continue reading &lsquo;Gry&rsquo;\">L&auml;s mer<span class=\"meta-nav\">&raquo;<\/span><\/a><\/p>\n","protected":false},"author":55,"featured_media":0,"parent":14885,"menu_order":0,"comment_status":"closed","ping_status":"closed","template":"page-templates\/left-sidebar.php","meta":{"_acf_changed":false,"footnotes":""},"class_list":["post-14985","page","type-page","status-publish","hentry"],"acf":[],"_links":{"self":[{"href":"https:\/\/www.djurskyddet.se\/kattfotenhalmstad\/wp-json\/wp\/v2\/pages\/14985","targetHints":{"allow":["GET"]}}],"collection":[{"href":"https:\/\/www.djurskyddet.se\/kattfotenhalmstad\/wp-json\/wp\/v2\/pages"}],"about":[{"href":"https:\/\/www.djurskyddet.se\/kattfotenhalmstad\/wp-json\/wp\/v2\/types\/page"}],"author":[{"embeddable":true,"href":"https:\/\/www.djurskyddet.se\/kattfotenhalmstad\/wp-json\/wp\/v2\/users\/55"}],"replies":[{"embeddable":true,"href":"https:\/\/www.djurskyddet.se\/kattfotenhalmstad\/wp-json\/wp\/v2\/comments?post=14985"}],"version-history":[{"count":1,"href":"https:\/\/www.djurskyddet.se\/kattfotenhalmstad\/wp-json\/wp\/v2\/pages\/14985\/revisions"}],"predecessor-version":[{"id":14990,"href":"https:\/\/www.djurskyddet.se\/kattfotenhalmstad\/wp-json\/wp\/v2\/pages\/14985\/revisions\/14990"}],"up":[{"embeddable":true,"href":"https:\/\/www.djurskyddet.se\/kattfotenhalmstad\/wp-json\/wp\/v2\/pages\/14885"}],"wp:attachment":[{"href":"https:\/\/www.djurskyddet.se\/kattfotenhalmstad\/wp-json\/wp\/v2\/media?parent=14985"}],"curies":[{"name":"wp","href":"https:\/\/api.w.org\/{rel}","templated":true}]}}