{"id":14999,"date":"2025-01-18T17:09:06","date_gmt":"2025-01-18T17:09:06","guid":{"rendered":"https:\/\/www.djurskyddet.se\/kattfotenhalmstad\/?page_id=14999"},"modified":"2025-02-14T19:27:51","modified_gmt":"2025-02-14T19:27:51","slug":"tuff","status":"publish","type":"page","link":"https:\/\/www.djurskyddet.se\/kattfotenhalmstad\/adopterade-katter-2024\/tuff\/","title":{"rendered":"Tuff"},"content":{"rendered":"\n<p>Hej mitt namn \u00e4r Tuff.<\/p>\n\n\n\n<p>Jag \u00e4r en \u00e4ldre herre i mina b\u00e4sta \u00e5r.<\/p>\n\n\n\n<p>Jag hittade hem \u00e5r 2024.<\/p>\n\n\n\n<p>Jag tycker mycket om att bli klappad och kelad. D\u00e5 spinner jag h\u00f6gt och b\u00e4ddar i luften med mina tassar.<\/p>\n\n\n\n<p><\/p>\n\n\n\n<figure class=\"wp-block-image size-full\"><img loading=\"lazy\" decoding=\"async\" width=\"1024\" height=\"1024\" src=\"https:\/\/www.djurskyddet.se\/kattfotenhalmstad\/wp-content\/uploads\/sites\/35\/2025\/01\/image-19.jpg\" alt=\"\" class=\"wp-image-15000\" srcset=\"https:\/\/www.djurskyddet.se\/kattfotenhalmstad\/wp-content\/uploads\/sites\/35\/2025\/01\/image-19.jpg 1024w, https:\/\/www.djurskyddet.se\/kattfotenhalmstad\/wp-content\/uploads\/sites\/35\/2025\/01\/image-19-300x300.jpg 300w, https:\/\/www.djurskyddet.se\/kattfotenhalmstad\/wp-content\/uploads\/sites\/35\/2025\/01\/image-19-150x150.jpg 150w, https:\/\/www.djurskyddet.se\/kattfotenhalmstad\/wp-content\/uploads\/sites\/35\/2025\/01\/image-19-768x768.jpg 768w, https:\/\/www.djurskyddet.se\/kattfotenhalmstad\/wp-content\/uploads\/sites\/35\/2025\/01\/image-19-400x400.jpg 400w\" sizes=\"auto, (max-width: 1024px) 100vw, 1024px\" \/><\/figure>\n\n\n\n<figure class=\"wp-block-image size-full\"><img loading=\"lazy\" decoding=\"async\" width=\"460\" height=\"1024\" src=\"https:\/\/www.djurskyddet.se\/kattfotenhalmstad\/wp-content\/uploads\/sites\/35\/2025\/02\/image-8.jpg\" alt=\"\" class=\"wp-image-15060\" srcset=\"https:\/\/www.djurskyddet.se\/kattfotenhalmstad\/wp-content\/uploads\/sites\/35\/2025\/02\/image-8.jpg 460w, https:\/\/www.djurskyddet.se\/kattfotenhalmstad\/wp-content\/uploads\/sites\/35\/2025\/02\/image-8-135x300.jpg 135w, https:\/\/www.djurskyddet.se\/kattfotenhalmstad\/wp-content\/uploads\/sites\/35\/2025\/02\/image-8-400x890.jpg 400w\" sizes=\"auto, (max-width: 460px) 100vw, 460px\" \/><\/figure>\n\n\n\n<figure class=\"wp-block-image size-full\"><img loading=\"lazy\" decoding=\"async\" width=\"460\" height=\"1024\" src=\"https:\/\/www.djurskyddet.se\/kattfotenhalmstad\/wp-content\/uploads\/sites\/35\/2025\/02\/image-9.jpg\" alt=\"\" class=\"wp-image-15061\" srcset=\"https:\/\/www.djurskyddet.se\/kattfotenhalmstad\/wp-content\/uploads\/sites\/35\/2025\/02\/image-9.jpg 460w, https:\/\/www.djurskyddet.se\/kattfotenhalmstad\/wp-content\/uploads\/sites\/35\/2025\/02\/image-9-135x300.jpg 135w, https:\/\/www.djurskyddet.se\/kattfotenhalmstad\/wp-content\/uploads\/sites\/35\/2025\/02\/image-9-400x890.jpg 400w\" sizes=\"auto, (max-width: 460px) 100vw, 460px\" \/><\/figure>\n\n\n\n<figure class=\"wp-block-image size-full\"><img loading=\"lazy\" decoding=\"async\" width=\"576\" height=\"1024\" src=\"https:\/\/www.djurskyddet.se\/kattfotenhalmstad\/wp-content\/uploads\/sites\/35\/2025\/02\/image-10.jpg\" alt=\"\" class=\"wp-image-15062\" srcset=\"https:\/\/www.djurskyddet.se\/kattfotenhalmstad\/wp-content\/uploads\/sites\/35\/2025\/02\/image-10.jpg 576w, https:\/\/www.djurskyddet.se\/kattfotenhalmstad\/wp-content\/uploads\/sites\/35\/2025\/02\/image-10-169x300.jpg 169w, https:\/\/www.djurskyddet.se\/kattfotenhalmstad\/wp-content\/uploads\/sites\/35\/2025\/02\/image-10-400x711.jpg 400w\" sizes=\"auto, (max-width: 576px) 100vw, 576px\" \/><\/figure>\n\n\n\n<figure class=\"wp-block-image size-full\"><img loading=\"lazy\" decoding=\"async\" width=\"576\" height=\"1024\" src=\"https:\/\/www.djurskyddet.se\/kattfotenhalmstad\/wp-content\/uploads\/sites\/35\/2025\/02\/image-11.jpg\" alt=\"\" class=\"wp-image-15063\" srcset=\"https:\/\/www.djurskyddet.se\/kattfotenhalmstad\/wp-content\/uploads\/sites\/35\/2025\/02\/image-11.jpg 576w, https:\/\/www.djurskyddet.se\/kattfotenhalmstad\/wp-content\/uploads\/sites\/35\/2025\/02\/image-11-169x300.jpg 169w, https:\/\/www.djurskyddet.se\/kattfotenhalmstad\/wp-content\/uploads\/sites\/35\/2025\/02\/image-11-400x711.jpg 400w\" sizes=\"auto, (max-width: 576px) 100vw, 576px\" \/><\/figure>\n\n\n\n<p><\/p>\n","protected":false},"excerpt":{"rendered":"<p>Hej mitt namn \u00e4r Tuff. Jag \u00e4r en \u00e4ldre herre i mina b\u00e4sta \u00e5r. Jag hittade hem \u00e5r 2024. Jag tycker mycket om att bli klappad och kelad. D\u00e5 spinner jag h\u00f6gt och b\u00e4ddar i luften med mina tassar.<\/p>\n","protected":false},"author":55,"featured_media":0,"parent":14885,"menu_order":0,"comment_status":"closed","ping_status":"closed","template":"page-templates\/left-sidebar.php","meta":{"_acf_changed":false,"footnotes":""},"class_list":["post-14999","page","type-page","status-publish","hentry"],"acf":[],"_links":{"self":[{"href":"https:\/\/www.djurskyddet.se\/kattfotenhalmstad\/wp-json\/wp\/v2\/pages\/14999","targetHints":{"allow":["GET"]}}],"collection":[{"href":"https:\/\/www.djurskyddet.se\/kattfotenhalmstad\/wp-json\/wp\/v2\/pages"}],"about":[{"href":"https:\/\/www.djurskyddet.se\/kattfotenhalmstad\/wp-json\/wp\/v2\/types\/page"}],"author":[{"embeddable":true,"href":"https:\/\/www.djurskyddet.se\/kattfotenhalmstad\/wp-json\/wp\/v2\/users\/55"}],"replies":[{"embeddable":true,"href":"https:\/\/www.djurskyddet.se\/kattfotenhalmstad\/wp-json\/wp\/v2\/comments?post=14999"}],"version-history":[{"count":3,"href":"https:\/\/www.djurskyddet.se\/kattfotenhalmstad\/wp-json\/wp\/v2\/pages\/14999\/revisions"}],"predecessor-version":[{"id":15064,"href":"https:\/\/www.djurskyddet.se\/kattfotenhalmstad\/wp-json\/wp\/v2\/pages\/14999\/revisions\/15064"}],"up":[{"embeddable":true,"href":"https:\/\/www.djurskyddet.se\/kattfotenhalmstad\/wp-json\/wp\/v2\/pages\/14885"}],"wp:attachment":[{"href":"https:\/\/www.djurskyddet.se\/kattfotenhalmstad\/wp-json\/wp\/v2\/media?parent=14999"}],"curies":[{"name":"wp","href":"https:\/\/api.w.org\/{rel}","templated":true}]}}