{"id":15233,"date":"2025-05-20T19:30:01","date_gmt":"2025-05-20T19:30:01","guid":{"rendered":"https:\/\/www.djurskyddet.se\/kattfotenhalmstad\/?page_id=15233"},"modified":"2025-05-20T19:30:02","modified_gmt":"2025-05-20T19:30:02","slug":"ommi-och-omma","status":"publish","type":"page","link":"https:\/\/www.djurskyddet.se\/kattfotenhalmstad\/adopterade-katter-2025\/ommi-och-omma\/","title":{"rendered":"Ommi och Omma"},"content":{"rendered":"\n<figure class=\"wp-block-image size-full\"><img loading=\"lazy\" decoding=\"async\" width=\"1024\" height=\"1024\" src=\"https:\/\/www.djurskyddet.se\/kattfotenhalmstad\/wp-content\/uploads\/sites\/35\/2025\/05\/Ommi-och-Omma1.jpg\" alt=\"\" class=\"wp-image-15234\" srcset=\"https:\/\/www.djurskyddet.se\/kattfotenhalmstad\/wp-content\/uploads\/sites\/35\/2025\/05\/Ommi-och-Omma1.jpg 1024w, https:\/\/www.djurskyddet.se\/kattfotenhalmstad\/wp-content\/uploads\/sites\/35\/2025\/05\/Ommi-och-Omma1-300x300.jpg 300w, https:\/\/www.djurskyddet.se\/kattfotenhalmstad\/wp-content\/uploads\/sites\/35\/2025\/05\/Ommi-och-Omma1-150x150.jpg 150w, https:\/\/www.djurskyddet.se\/kattfotenhalmstad\/wp-content\/uploads\/sites\/35\/2025\/05\/Ommi-och-Omma1-768x768.jpg 768w, https:\/\/www.djurskyddet.se\/kattfotenhalmstad\/wp-content\/uploads\/sites\/35\/2025\/05\/Ommi-och-Omma1-400x400.jpg 400w\" sizes=\"auto, (max-width: 1024px) 100vw, 1024px\" \/><figcaption class=\"wp-element-caption\">Vi \u00e4r tv\u00e5 sm\u00e5 busfr\u00f6n till syskon som kom till katthemmet i slutet av 2024&#8230; Vi blev dumpade av n\u00e5n elak m\u00e4nniska och l\u00e4mnade till v\u00e5rt \u00f6de. R\u00e4dda och \u00f6vergivna utan v\u00e5r mamma. Som tur var s\u00e5 hittade en sn\u00e4ll m\u00e4nniska oss. Vi var j\u00e4ttehungriga och f\u00f6rvirrade. Den sn\u00e4lla m\u00e4nniskan kontaktade katthemmet och l\u00e4mnade oss d\u00e4r. Vilken tur att den sn\u00e4lla m\u00e4nniskan hittade oss!! F\u00f6r vi hade inte inte \u00f6verlevt alldeles ensamma. Vi fick namnen Ommi och Omma. P\u00e5 katthemmet tog m\u00e4nniskorna v\u00e4l hand om oss och gav oss omsorg och trygghet.\nV\u00e5rt f\u00f6r alltid hem fick vi i b\u00f6rjan av 2025.\nP\u00e5 fotona kan ni se oss p\u00e5 katthemmet och i v\u00e5rt nya hem. Som ni ser s\u00e5 har vi f\u00e5tt en ny polare ocks\u00e5. Vi hittade varandra direkt och har det bra tillsammans.  Mycket bus och lek blir det. V\u00e5ra m\u00e4nniskor \u00e4r j\u00e4ttesn\u00e4lla och sk\u00e4mmer bort oss. <\/figcaption><\/figure>\n\n\n\n<figure class=\"wp-block-image size-full\"><img loading=\"lazy\" decoding=\"async\" width=\"768\" height=\"1024\" src=\"https:\/\/www.djurskyddet.se\/kattfotenhalmstad\/wp-content\/uploads\/sites\/35\/2025\/05\/Ommi4.jpg\" alt=\"\" class=\"wp-image-15237\" srcset=\"https:\/\/www.djurskyddet.se\/kattfotenhalmstad\/wp-content\/uploads\/sites\/35\/2025\/05\/Ommi4.jpg 768w, https:\/\/www.djurskyddet.se\/kattfotenhalmstad\/wp-content\/uploads\/sites\/35\/2025\/05\/Ommi4-225x300.jpg 225w, https:\/\/www.djurskyddet.se\/kattfotenhalmstad\/wp-content\/uploads\/sites\/35\/2025\/05\/Ommi4-400x533.jpg 400w\" sizes=\"auto, (max-width: 768px) 100vw, 768px\" \/><\/figure>\n\n\n\n<figure class=\"wp-block-image size-full\"><img loading=\"lazy\" decoding=\"async\" width=\"1024\" height=\"998\" src=\"https:\/\/www.djurskyddet.se\/kattfotenhalmstad\/wp-content\/uploads\/sites\/35\/2025\/05\/Ommi8.jpg\" alt=\"\" class=\"wp-image-15238\" srcset=\"https:\/\/www.djurskyddet.se\/kattfotenhalmstad\/wp-content\/uploads\/sites\/35\/2025\/05\/Ommi8.jpg 1024w, https:\/\/www.djurskyddet.se\/kattfotenhalmstad\/wp-content\/uploads\/sites\/35\/2025\/05\/Ommi8-300x292.jpg 300w, https:\/\/www.djurskyddet.se\/kattfotenhalmstad\/wp-content\/uploads\/sites\/35\/2025\/05\/Ommi8-768x749.jpg 768w, https:\/\/www.djurskyddet.se\/kattfotenhalmstad\/wp-content\/uploads\/sites\/35\/2025\/05\/Ommi8-400x390.jpg 400w\" sizes=\"auto, (max-width: 1024px) 100vw, 1024px\" \/><\/figure>\n\n\n\n<figure class=\"wp-block-image size-full\"><img loading=\"lazy\" decoding=\"async\" width=\"754\" height=\"1024\" src=\"https:\/\/www.djurskyddet.se\/kattfotenhalmstad\/wp-content\/uploads\/sites\/35\/2025\/05\/ommi7.jpg\" alt=\"\" class=\"wp-image-15240\" srcset=\"https:\/\/www.djurskyddet.se\/kattfotenhalmstad\/wp-content\/uploads\/sites\/35\/2025\/05\/ommi7.jpg 754w, https:\/\/www.djurskyddet.se\/kattfotenhalmstad\/wp-content\/uploads\/sites\/35\/2025\/05\/ommi7-221x300.jpg 221w, https:\/\/www.djurskyddet.se\/kattfotenhalmstad\/wp-content\/uploads\/sites\/35\/2025\/05\/ommi7-400x543.jpg 400w\" sizes=\"auto, (max-width: 754px) 100vw, 754px\" \/><\/figure>\n\n\n\n<figure class=\"wp-block-image size-full\"><img loading=\"lazy\" decoding=\"async\" width=\"1024\" height=\"768\" src=\"https:\/\/www.djurskyddet.se\/kattfotenhalmstad\/wp-content\/uploads\/sites\/35\/2025\/05\/Ommi6.jpg\" alt=\"\" class=\"wp-image-15241\" srcset=\"https:\/\/www.djurskyddet.se\/kattfotenhalmstad\/wp-content\/uploads\/sites\/35\/2025\/05\/Ommi6.jpg 1024w, https:\/\/www.djurskyddet.se\/kattfotenhalmstad\/wp-content\/uploads\/sites\/35\/2025\/05\/Ommi6-300x225.jpg 300w, https:\/\/www.djurskyddet.se\/kattfotenhalmstad\/wp-content\/uploads\/sites\/35\/2025\/05\/Ommi6-768x576.jpg 768w, https:\/\/www.djurskyddet.se\/kattfotenhalmstad\/wp-content\/uploads\/sites\/35\/2025\/05\/Ommi6-400x300.jpg 400w\" sizes=\"auto, (max-width: 1024px) 100vw, 1024px\" \/><\/figure>\n\n\n\n<figure class=\"wp-block-image size-full\"><img loading=\"lazy\" decoding=\"async\" width=\"764\" height=\"1024\" src=\"https:\/\/www.djurskyddet.se\/kattfotenhalmstad\/wp-content\/uploads\/sites\/35\/2025\/05\/Ommi3.jpg\" alt=\"\" class=\"wp-image-15242\" srcset=\"https:\/\/www.djurskyddet.se\/kattfotenhalmstad\/wp-content\/uploads\/sites\/35\/2025\/05\/Ommi3.jpg 764w, https:\/\/www.djurskyddet.se\/kattfotenhalmstad\/wp-content\/uploads\/sites\/35\/2025\/05\/Ommi3-224x300.jpg 224w, https:\/\/www.djurskyddet.se\/kattfotenhalmstad\/wp-content\/uploads\/sites\/35\/2025\/05\/Ommi3-400x536.jpg 400w\" sizes=\"auto, (max-width: 764px) 100vw, 764px\" \/><\/figure>\n\n\n\n<figure class=\"wp-block-image size-full\"><img loading=\"lazy\" decoding=\"async\" width=\"672\" height=\"1024\" src=\"https:\/\/www.djurskyddet.se\/kattfotenhalmstad\/wp-content\/uploads\/sites\/35\/2025\/05\/Ommi5.jpg\" alt=\"\" class=\"wp-image-15243\" srcset=\"https:\/\/www.djurskyddet.se\/kattfotenhalmstad\/wp-content\/uploads\/sites\/35\/2025\/05\/Ommi5.jpg 672w, https:\/\/www.djurskyddet.se\/kattfotenhalmstad\/wp-content\/uploads\/sites\/35\/2025\/05\/Ommi5-197x300.jpg 197w, https:\/\/www.djurskyddet.se\/kattfotenhalmstad\/wp-content\/uploads\/sites\/35\/2025\/05\/Ommi5-400x610.jpg 400w\" sizes=\"auto, (max-width: 672px) 100vw, 672px\" \/><\/figure>\n\n\n\n<figure class=\"wp-block-image size-full\"><a href=\"https:\/\/www.djurskyddet.se\/kattfotenhalmstad\/?attachment_id=15239\"><img loading=\"lazy\" decoding=\"async\" width=\"1024\" height=\"1024\" src=\"https:\/\/www.djurskyddet.se\/kattfotenhalmstad\/wp-content\/uploads\/sites\/35\/2025\/05\/Ommi2.jpg\" alt=\"\" class=\"wp-image-15239\" srcset=\"https:\/\/www.djurskyddet.se\/kattfotenhalmstad\/wp-content\/uploads\/sites\/35\/2025\/05\/Ommi2.jpg 1024w, https:\/\/www.djurskyddet.se\/kattfotenhalmstad\/wp-content\/uploads\/sites\/35\/2025\/05\/Ommi2-300x300.jpg 300w, https:\/\/www.djurskyddet.se\/kattfotenhalmstad\/wp-content\/uploads\/sites\/35\/2025\/05\/Ommi2-150x150.jpg 150w, https:\/\/www.djurskyddet.se\/kattfotenhalmstad\/wp-content\/uploads\/sites\/35\/2025\/05\/Ommi2-768x768.jpg 768w, https:\/\/www.djurskyddet.se\/kattfotenhalmstad\/wp-content\/uploads\/sites\/35\/2025\/05\/Ommi2-400x400.jpg 400w\" sizes=\"auto, (max-width: 1024px) 100vw, 1024px\" \/><\/a><\/figure>\n","protected":false},"excerpt":{"rendered":"<p>Vi \u00e4r tv\u00e5 sm\u00e5 busfr\u00f6n till syskon som kom till katthemmet i slutet av 2024&#8230; Vi blev dumpade av n\u00e5n elak m\u00e4nniska och l\u00e4mnade till v\u00e5rt \u00f6de. R\u00e4dda och \u00f6vergivna utan v\u00e5r mamma. Som tur var s\u00e5 hittade en sn\u00e4ll m\u00e4nniska oss. Vi var j\u00e4ttehungriga och f\u00f6rvirrade. Den sn\u00e4lla m\u00e4nniskan kontaktade katthemmet och l\u00e4mnade oss d\u00e4r. Vilken tur att den sn\u00e4lla m\u00e4nniskan hittade oss!! F\u00f6r vi hade inte inte \u00f6verlevt alldeles ensamma. Vi fick namnen Ommi och Omma. P\u00e5 katthemmet tog m\u00e4nniskorna v\u00e4l hand om oss och gav oss omsorg och trygghet.<br \/>\nV\u00e5rt f\u00f6r alltid hem fick vi i b\u00f6rjan av 2025.<br \/>\nP\u00e5 fotona kan ni se oss p\u00e5 katthemmet och i v\u00e5rt nya hem. Som ni ser s\u00e5 har vi f\u00e5tt en ny polare ocks\u00e5. Vi hittade varandra direkt och har det bra tillsammans.  Mycket bus och lek blir det. V\u00e5ra m\u00e4nniskor \u00e4r j\u00e4ttesn\u00e4lla och sk\u00e4mmer bort oss. <\/p>\n","protected":false},"author":78,"featured_media":0,"parent":15222,"menu_order":0,"comment_status":"closed","ping_status":"closed","template":"left-sidebar.php","meta":{"_acf_changed":false,"footnotes":""},"class_list":["post-15233","page","type-page","status-publish","hentry"],"acf":[],"_links":{"self":[{"href":"https:\/\/www.djurskyddet.se\/kattfotenhalmstad\/wp-json\/wp\/v2\/pages\/15233","targetHints":{"allow":["GET"]}}],"collection":[{"href":"https:\/\/www.djurskyddet.se\/kattfotenhalmstad\/wp-json\/wp\/v2\/pages"}],"about":[{"href":"https:\/\/www.djurskyddet.se\/kattfotenhalmstad\/wp-json\/wp\/v2\/types\/page"}],"author":[{"embeddable":true,"href":"https:\/\/www.djurskyddet.se\/kattfotenhalmstad\/wp-json\/wp\/v2\/users\/78"}],"replies":[{"embeddable":true,"href":"https:\/\/www.djurskyddet.se\/kattfotenhalmstad\/wp-json\/wp\/v2\/comments?post=15233"}],"version-history":[{"count":18,"href":"https:\/\/www.djurskyddet.se\/kattfotenhalmstad\/wp-json\/wp\/v2\/pages\/15233\/revisions"}],"predecessor-version":[{"id":15261,"href":"https:\/\/www.djurskyddet.se\/kattfotenhalmstad\/wp-json\/wp\/v2\/pages\/15233\/revisions\/15261"}],"up":[{"embeddable":true,"href":"https:\/\/www.djurskyddet.se\/kattfotenhalmstad\/wp-json\/wp\/v2\/pages\/15222"}],"wp:attachment":[{"href":"https:\/\/www.djurskyddet.se\/kattfotenhalmstad\/wp-json\/wp\/v2\/media?parent=15233"}],"curies":[{"name":"wp","href":"https:\/\/api.w.org\/{rel}","templated":true}]}}