{"id":5582,"date":"2019-10-17T10:41:41","date_gmt":"2019-10-17T10:41:41","guid":{"rendered":"https:\/\/www.djurskyddet.se\/kattfotenhalmstad\/?page_id=5582"},"modified":"2024-11-05T16:16:12","modified_gmt":"2024-11-05T16:16:12","slug":"om-oss","status":"publish","type":"page","link":"https:\/\/www.djurskyddet.se\/kattfotenhalmstad\/om-oss\/","title":{"rendered":"Om oss"},"content":{"rendered":"\n<figure class=\"wp-block-table alignleft is-style-regular\"><table><tbody><tr><td>Djurskyddet Kattfotens katthem \u00e4r en ideell f\u00f6rening som bygger p\u00e5 frivilliga volont\u00e4rers insatser f\u00f6r att tillgodose skydd, n\u00f6dv\u00e4ndig veterin\u00e4rv\u00e5rd, behov av f\u00f6da och v\u00e4tska\u00a0f\u00f6r heml\u00f6sa katter. Vi skapar m\u00f6jligheter till en andra chans f\u00f6r heml\u00f6sa katter och att ge dem ett nytt hem. <br><br><strong>V\u00e5r vision \u00e4r ett samh\u00e4lle d\u00e4r m\u00e4nniskor visar respekt och medk\u00e4nsla f\u00f6r alla djur.<\/strong> <br><br>Det som gl\u00e4djer oss s\u00e4rskilt \u00e4r att s\u00e5 m\u00e5nga kommer till oss n\u00e4r de s\u00f6ker en ny familjemedlem i form av en katt. Vi brukar s\u00e4ga att d\u00e5 hj\u00e4lper man tv\u00e5 katter, en f\u00e5r ett nytt permanent hem och en heml\u00f6s katt kan\u00a0beredas plats\u00a0p\u00e5 katthemmet.<br><br><strong>S\u00e5 n\u00e4r du ska skaffa katt hoppas vi att du kommer till oss p\u00e5 Kattfotens katthem.<\/strong><br>\u00a0<br>Varmt v\u00e4lkomna!<br><strong>Csaba Urbaniczky<\/strong><br>Ordf\u00f6rande Kattfotens katthem<\/td><\/tr><\/tbody><\/table><\/figure>\n","protected":false},"excerpt":{"rendered":"<p>Djurskyddet Kattfotens katthem \u00e4r en ideell f\u00f6rening som bygger p\u00e5 frivilliga volont\u00e4rers insatser f\u00f6r att tillgodose skydd, n\u00f6dv\u00e4ndig veterin\u00e4rv\u00e5rd, behov av f\u00f6da och v\u00e4tska\u00a0f\u00f6r heml\u00f6sa katter. Vi skapar m\u00f6jligheter till en andra chans f\u00f6r heml\u00f6sa katter och att ge dem ett nytt hem. V\u00e5r vision \u00e4r ett samh\u00e4lle d\u00e4r m\u00e4nniskor visar respekt och medk\u00e4nsla f\u00f6r alla djur. Det som gl\u00e4djer oss s\u00e4rskilt \u00e4r att s\u00e5 m\u00e5nga kommer till oss n\u00e4r&hellip;<\/p>\n<p><a class=\"more-link\" href=\"https:\/\/www.djurskyddet.se\/kattfotenhalmstad\/om-oss\/\" title=\"Continue reading &lsquo;Om oss&rsquo;\">L&auml;s mer<span class=\"meta-nav\">&raquo;<\/span><\/a><\/p>\n","protected":false},"author":3,"featured_media":0,"parent":0,"menu_order":0,"comment_status":"closed","ping_status":"closed","template":"left-sidebar.php","meta":{"_acf_changed":false,"footnotes":""},"class_list":["post-5582","page","type-page","status-publish","hentry"],"acf":[],"_links":{"self":[{"href":"https:\/\/www.djurskyddet.se\/kattfotenhalmstad\/wp-json\/wp\/v2\/pages\/5582","targetHints":{"allow":["GET"]}}],"collection":[{"href":"https:\/\/www.djurskyddet.se\/kattfotenhalmstad\/wp-json\/wp\/v2\/pages"}],"about":[{"href":"https:\/\/www.djurskyddet.se\/kattfotenhalmstad\/wp-json\/wp\/v2\/types\/page"}],"author":[{"embeddable":true,"href":"https:\/\/www.djurskyddet.se\/kattfotenhalmstad\/wp-json\/wp\/v2\/users\/3"}],"replies":[{"embeddable":true,"href":"https:\/\/www.djurskyddet.se\/kattfotenhalmstad\/wp-json\/wp\/v2\/comments?post=5582"}],"version-history":[{"count":71,"href":"https:\/\/www.djurskyddet.se\/kattfotenhalmstad\/wp-json\/wp\/v2\/pages\/5582\/revisions"}],"predecessor-version":[{"id":14769,"href":"https:\/\/www.djurskyddet.se\/kattfotenhalmstad\/wp-json\/wp\/v2\/pages\/5582\/revisions\/14769"}],"wp:attachment":[{"href":"https:\/\/www.djurskyddet.se\/kattfotenhalmstad\/wp-json\/wp\/v2\/media?parent=5582"}],"curies":[{"name":"wp","href":"https:\/\/api.w.org\/{rel}","templated":true}]}}