{"id":5593,"date":"2019-10-17T13:49:17","date_gmt":"2019-10-17T13:49:17","guid":{"rendered":"https:\/\/www.djurskyddet.se\/kattfotenhalmstad\/?page_id=5593"},"modified":"2023-03-07T11:10:35","modified_gmt":"2023-03-07T11:10:35","slug":"stod-oss","status":"publish","type":"page","link":"https:\/\/www.djurskyddet.se\/kattfotenhalmstad\/stod-oss\/","title":{"rendered":"St\u00f6d oss"},"content":{"rendered":"\n<h4 class=\"wp-block-heading\"><strong>Du kan st\u00f6tta Kattfotens katthem p\u00e5 olika s\u00e4tt.<\/strong><\/h4>\n\n\n\n<ul class=\"wp-block-list\">\n<li>F\u00f6rst och fr\u00e4mst \u00e4r ett medlemskap av stor betydelse f\u00f6r v\u00e5r f\u00f6rening. Skaffa ditt medlemskap nu! <a href=\"https:\/\/www.djurskyddet.se\/kattfotenhalmstad\/stod-oss\/bli-medlem\/\">S\u00e5 h\u00e4r g\u00f6r du<\/a><\/li>\n\n\n\n<li>Du kan sk\u00e4nka pengar.<\/li>\n\n\n\n<li>Du kan st\u00f6tta oss med f\u00f6rbrukningsartiklar. Du ser dem listade l\u00e4ngre ner p\u00e5 sidan.<\/li>\n\n\n\n<li>Du kan st\u00f6tta oss med mat och tillbeh\u00f6r.&nbsp;Du ser dem listade l\u00e4ngre ner p\u00e5 sidan.<\/li>\n\n\n\n<li>Sk\u00e4nk g\u00e4rna prylar till v\u00e5r loppis-verksamhet. Se v\u00e5ra <a href=\"https:\/\/www.djurskyddet.se\/kattfotenhalmstad\/om-oss\/oppettider\/\">\u00f6ppettider<\/a> f\u00f6r n\u00e4r dessa kan l\u00e4mnas.  <\/li>\n\n\n\n<li>Bli jourhem \u00e5t Kattfoten.<\/li>\n\n\n\n<li>Volont\u00e4rer \u00e4r vi i stort behov av.<\/li>\n\n\n\n<li>Du och ditt f\u00f6retag kan sponsra oss. L\u00e4s mer om detta p\u00e5 <a href=\"https:\/\/www.djurskyddet.se\/kattfotenhalmstad\/stod-oss\/bli-sponsor\/\">Bli sponsor<\/a><\/li>\n<\/ul>\n\n\n\n<h4 class=\"wp-block-heading\"><strong>Nedanst\u00e5ende mat och tillbeh\u00f6r \u00e4r av stort v\u00e4rde f\u00f6r oss:<\/strong>&nbsp;<\/h4>\n\n\n\n<ul class=\"wp-block-list\">\n<li>Feliway&nbsp;&#8211; en produkt som lugnar katter<\/li>\n\n\n\n<li>Kattmynta<\/li>\n\n\n\n<li>Milbemax avmaskningsmedel f\u00f6r vuxen katt samt kattungar <\/li>\n\n\n\n<li>Bl\u00f6tmat, torrfoder och mj\u00f6lkers\u00e4ttning <\/li>\n\n\n\n<li>Kattleksaker<\/li>\n\n\n\n<li>Kattkojor, kl\u00f6str\u00e4d, kl\u00e4tterst\u00e4llningar osv.<\/li>\n\n\n\n<li>Laserpekare<\/li>\n\n\n\n<li>Kattsand<\/li>\n\n\n\n<li> Blompinnar\/bambupinnar, piprensare och sm\u00e5, mjuka bollar samt tygtejp (anv\u00e4nds f\u00f6r att skapa kelpinnar) <\/li>\n\n\n\n<li>Filtar, lakan, \u00f6rngott, kuddar <\/li>\n<\/ul>\n\n\n\n<h4 class=\"wp-block-heading\"><strong>Nedanst\u00e5ende f\u00f6rbrukningsartiklar \u00e4r av stort v\u00e4rde f\u00f6r oss:&nbsp;<\/strong><\/h4>\n\n\n\n<ul class=\"wp-block-list\">\n<li>S\u00e5pa och diskmedel<\/li>\n\n\n\n<li>Disktrasor<\/li>\n\n\n\n<li>Frott\u00e9handdukar<\/li>\n\n\n\n<li>Avfallsp\u00e5sar<\/li>\n\n\n\n<li>Eng\u00e5ngshandskar<\/li>\n<\/ul>\n","protected":false},"excerpt":{"rendered":"<p>Du kan st\u00f6tta Kattfotens katthem p\u00e5 olika s\u00e4tt. Nedanst\u00e5ende mat och tillbeh\u00f6r \u00e4r av stort v\u00e4rde f\u00f6r oss:&nbsp; Nedanst\u00e5ende f\u00f6rbrukningsartiklar \u00e4r av stort v\u00e4rde f\u00f6r oss:&nbsp;<\/p>\n","protected":false},"author":3,"featured_media":0,"parent":0,"menu_order":0,"comment_status":"closed","ping_status":"closed","template":"left-sidebar.php","meta":{"_acf_changed":false,"footnotes":""},"class_list":["post-5593","page","type-page","status-publish","hentry"],"acf":[],"_links":{"self":[{"href":"https:\/\/www.djurskyddet.se\/kattfotenhalmstad\/wp-json\/wp\/v2\/pages\/5593","targetHints":{"allow":["GET"]}}],"collection":[{"href":"https:\/\/www.djurskyddet.se\/kattfotenhalmstad\/wp-json\/wp\/v2\/pages"}],"about":[{"href":"https:\/\/www.djurskyddet.se\/kattfotenhalmstad\/wp-json\/wp\/v2\/types\/page"}],"author":[{"embeddable":true,"href":"https:\/\/www.djurskyddet.se\/kattfotenhalmstad\/wp-json\/wp\/v2\/users\/3"}],"replies":[{"embeddable":true,"href":"https:\/\/www.djurskyddet.se\/kattfotenhalmstad\/wp-json\/wp\/v2\/comments?post=5593"}],"version-history":[{"count":60,"href":"https:\/\/www.djurskyddet.se\/kattfotenhalmstad\/wp-json\/wp\/v2\/pages\/5593\/revisions"}],"predecessor-version":[{"id":14096,"href":"https:\/\/www.djurskyddet.se\/kattfotenhalmstad\/wp-json\/wp\/v2\/pages\/5593\/revisions\/14096"}],"wp:attachment":[{"href":"https:\/\/www.djurskyddet.se\/kattfotenhalmstad\/wp-json\/wp\/v2\/media?parent=5593"}],"curies":[{"name":"wp","href":"https:\/\/api.w.org\/{rel}","templated":true}]}}