{"id":5601,"date":"2019-10-17T13:55:55","date_gmt":"2019-10-17T13:55:55","guid":{"rendered":"https:\/\/www.djurskyddet.se\/kattfotenhalmstad\/?page_id=5601"},"modified":"2024-11-05T16:31:41","modified_gmt":"2024-11-05T16:31:41","slug":"kontakta-oss","status":"publish","type":"page","link":"https:\/\/www.djurskyddet.se\/kattfotenhalmstad\/om-oss\/kontakta-oss\/","title":{"rendered":"Kontakta oss"},"content":{"rendered":"\n<h4 class=\"wp-block-heading\" id=\"besoksadress\"><strong>Bes\u00f6ksadress<\/strong><\/h4>\n\n\n\n<p>Kattfotens katthem<br>Badhusgatan 1A<br>302 32 Halmstad<\/p>\n\n\n\n<h4 class=\"wp-block-heading\" id=\"mejladress\"><strong>Mejladress<\/strong><\/h4>\n\n\n\n<p class=\"has-very-dark-gray-color has-text-color\"><a href=\"mailto:kattfoten@djurskyddet.se\" target=\"_blank\" rel=\"noreferrer noopener\" aria-label=\" (\u00f6ppnas i en ny flik)\">kattfoten@djurskyddet.se<\/a><\/p>\n\n\n\n<p class=\"has-vivid-red-color has-text-color\"><strong>OBS! <\/strong><em><strong>Vi l\u00e4ser inte mejlen dagligen. Vid akut \u00e4rende ring ett nummer nedan s\u00e5 f\u00e5r ni svar direkt. <\/strong><\/em><strong><br><\/strong><\/p>\n\n\n\n<h4 class=\"wp-block-heading\" id=\"telefon\"><strong>Telefon<\/strong> <\/h4>\n\n\n\n<p>Mia 0728 533 297 <mark style=\"background-color:#ffffff\" class=\"has-inline-color has-vivid-red-color\"><br><em>Ring endast vid <\/em><strong><em>akut<\/em><\/strong><em> \u00e4rende,<\/em><\/mark><em> dvs. <mark style=\"background-color:#7bdcb5\" class=\"has-inline-color has-black-color\">larm om skadade, heml\u00f6sa katter<\/mark><mark style=\"background-color:#7bdcb5\" class=\"has-inline-color\">.<\/mark> \u00d6vriga \u00e4renden tas via v\u00e5r mejladress eller s\u00e5 kan ni skicka i PM p\u00e5 Facebook<\/em>.<em> F\u00f6r att boka tid f\u00f6r kattvisning g\u00e5 in <a aria-label=\"H\u00c4R (\u00f6ppnas i en ny flik)\" href=\"https:\/\/www.djurskyddet.se\/kattfotenhalmstad\/intresseanmalan\/\" target=\"_blank\" rel=\"noreferrer noopener\">H\u00c4R<\/a>.<\/em><\/p>\n\n\n\n<p><\/p>\n\n\n\n<p>Har ni fr\u00e5gor ang\u00e5ende era egna husdjurs h\u00e4lsa v\u00e4nligen kontakta er veterin\u00e4r f\u00f6r r\u00e5d!<\/p>\n\n\n\n<p><br><\/p>\n\n\n\n<h4 class=\"wp-block-heading\" id=\"sociala-medier\"><strong>Sociala medier<\/strong><\/h4>\n\n\n\n<p><strong>Facebook<\/strong> (svarar inom 1 dag p\u00e5 meddelanden)<br><a href=\"https:\/\/www.facebook.com\/kattfoten.se\/\" target=\"_blank\" rel=\"noreferrer noopener\">Djurskyddet Kattfotens katthem<\/a> <\/p>\n\n\n\n<p><a href=\"https:\/\/www.facebook.com\/groups\/990106317745932\">V\u00e5r loppis<\/a> (d\u00e4r skriver vi v\u00e5ra datum f\u00f6r loppisen!)<br><br><strong>Instagram<\/strong><br><a href=\"https:\/\/www.instagram.com\/djurskyddetkattfotenskatthem\/?hl=sv\">djurskyddetkattfotenskatthem<\/a><br><\/p>\n\n\n\n<h4 class=\"wp-block-heading\" id=\"oppettider\"><strong>Mottagningstider<\/strong><\/h4>\n\n\n\n<p><strong>M\u00e5ndag: <\/strong>09:00 &#8211; 15:00<br><strong>Tisdag:<\/strong> 09:00 &#8211; 15:00<br><strong>Onsdag: <\/strong>09:00 &#8211; 15:00<br><strong>Torsdag: <\/strong>09:00 &#8211; 15:00<br><strong>Fredag:<\/strong> 09:00 &#8211; 15:00<br><strong>L\u00f6rdag:<\/strong> 09:00 &#8211; 13:00<br><strong>S\u00f6ndag:<\/strong> 09:00 &#8211; 13:00<br><br><strong>OBS! <\/strong>Under dagtid \u00e4r det endast \u00f6ppet f\u00f6r <strong>leveranser <\/strong>till katthemmet, d\u00e5 kan du l\u00e4mna allt som \u00e4r kattrelaterat men \u00e4ven prylar till v\u00e5r loppis. Men under dagtid g\u00e5r det<strong> inte<\/strong> att titta p\u00e5 katterna om ni inte bokat in en visning via v\u00e5r <a aria-label=\"intresseanm\u00e4lan (\u00f6ppnas i en ny flik)\" href=\"https:\/\/www.djurskyddet.se\/kattfotenhalmstad\/intresseanmalan\/\" target=\"_blank\" rel=\"noreferrer noopener\">intresseanm\u00e4lan<\/a>.<\/p>\n","protected":false},"excerpt":{"rendered":"<p>Bes\u00f6ksadress Kattfotens katthemBadhusgatan 1A302 32 Halmstad Mejladress kattfoten@djurskyddet.se OBS! Vi l\u00e4ser inte mejlen dagligen. Vid akut \u00e4rende ring ett nummer nedan s\u00e5 f\u00e5r ni svar direkt. Telefon Mia 0728 533 297 Ring endast vid akut \u00e4rende, dvs. larm om skadade, heml\u00f6sa katter. \u00d6vriga \u00e4renden tas via v\u00e5r mejladress eller s\u00e5 kan ni skicka i PM p\u00e5 Facebook. F\u00f6r att boka tid f\u00f6r kattvisning g\u00e5 in H\u00c4R. Har ni fr\u00e5gor ang\u00e5ende&hellip;<\/p>\n<p><a class=\"more-link\" href=\"https:\/\/www.djurskyddet.se\/kattfotenhalmstad\/om-oss\/kontakta-oss\/\" title=\"Continue reading &lsquo;Kontakta oss&rsquo;\">L&auml;s mer<span class=\"meta-nav\">&raquo;<\/span><\/a><\/p>\n","protected":false},"author":3,"featured_media":0,"parent":5582,"menu_order":4,"comment_status":"closed","ping_status":"closed","template":"left-sidebar.php","meta":{"_acf_changed":false,"footnotes":""},"class_list":["post-5601","page","type-page","status-publish","hentry"],"acf":[],"_links":{"self":[{"href":"https:\/\/www.djurskyddet.se\/kattfotenhalmstad\/wp-json\/wp\/v2\/pages\/5601","targetHints":{"allow":["GET"]}}],"collection":[{"href":"https:\/\/www.djurskyddet.se\/kattfotenhalmstad\/wp-json\/wp\/v2\/pages"}],"about":[{"href":"https:\/\/www.djurskyddet.se\/kattfotenhalmstad\/wp-json\/wp\/v2\/types\/page"}],"author":[{"embeddable":true,"href":"https:\/\/www.djurskyddet.se\/kattfotenhalmstad\/wp-json\/wp\/v2\/users\/3"}],"replies":[{"embeddable":true,"href":"https:\/\/www.djurskyddet.se\/kattfotenhalmstad\/wp-json\/wp\/v2\/comments?post=5601"}],"version-history":[{"count":84,"href":"https:\/\/www.djurskyddet.se\/kattfotenhalmstad\/wp-json\/wp\/v2\/pages\/5601\/revisions"}],"predecessor-version":[{"id":14779,"href":"https:\/\/www.djurskyddet.se\/kattfotenhalmstad\/wp-json\/wp\/v2\/pages\/5601\/revisions\/14779"}],"up":[{"embeddable":true,"href":"https:\/\/www.djurskyddet.se\/kattfotenhalmstad\/wp-json\/wp\/v2\/pages\/5582"}],"wp:attachment":[{"href":"https:\/\/www.djurskyddet.se\/kattfotenhalmstad\/wp-json\/wp\/v2\/media?parent=5601"}],"curies":[{"name":"wp","href":"https:\/\/api.w.org\/{rel}","templated":true}]}}