{"id":5607,"date":"2019-10-17T14:03:34","date_gmt":"2019-10-17T14:03:34","guid":{"rendered":"https:\/\/www.djurskyddet.se\/kattfotenhalmstad\/?page_id=5607"},"modified":"2025-01-15T22:23:07","modified_gmt":"2025-01-15T22:23:07","slug":"styrelsen","status":"publish","type":"page","link":"https:\/\/www.djurskyddet.se\/kattfotenhalmstad\/om-oss\/styrelsen\/","title":{"rendered":"Styrelsen"},"content":{"rendered":"\n<p><strong>Csaba Urbaniczky<\/strong><br>Ordf\u00f6rande och ansvarig f\u00f6r verksamheten i sin helhet. F\u00f6reningens kontaktperson mot myndigheter.<br><br><strong>Maj Bengtsson<\/strong><br>Kass\u00f6r och ansvarig f\u00f6r ekonomin, v\u00e5r mail och v\u00e5ra medlemmar. <\/p>\n\n\n\n<p><strong>Camilla J\u00f6nsson<\/strong><br>Sekreterare.<\/p>\n\n\n\n<p><strong>Lotta Alexander<\/strong><br>F\u00f6rest\u00e5ndare och kontaktperson gentemot media.<\/p>\n\n\n\n<p><strong>Gert Persson<\/strong><br>Styrelseledamot och ansvarig f\u00f6r l\u00f6pande underh\u00e5ll p\u00e5 katthemmets lokaler.<\/p>\n","protected":false},"excerpt":{"rendered":"<p>Csaba UrbaniczkyOrdf\u00f6rande och ansvarig f\u00f6r verksamheten i sin helhet. F\u00f6reningens kontaktperson mot myndigheter. Maj BengtssonKass\u00f6r och ansvarig f\u00f6r ekonomin, v\u00e5r mail och v\u00e5ra medlemmar. Camilla J\u00f6nssonSekreterare. Lotta AlexanderF\u00f6rest\u00e5ndare och kontaktperson gentemot media. Gert PerssonStyrelseledamot och ansvarig f\u00f6r l\u00f6pande underh\u00e5ll p\u00e5 katthemmets lokaler.<\/p>\n","protected":false},"author":3,"featured_media":0,"parent":5582,"menu_order":2,"comment_status":"closed","ping_status":"closed","template":"left-sidebar.php","meta":{"_acf_changed":false,"footnotes":""},"class_list":["post-5607","page","type-page","status-publish","hentry"],"acf":[],"_links":{"self":[{"href":"https:\/\/www.djurskyddet.se\/kattfotenhalmstad\/wp-json\/wp\/v2\/pages\/5607","targetHints":{"allow":["GET"]}}],"collection":[{"href":"https:\/\/www.djurskyddet.se\/kattfotenhalmstad\/wp-json\/wp\/v2\/pages"}],"about":[{"href":"https:\/\/www.djurskyddet.se\/kattfotenhalmstad\/wp-json\/wp\/v2\/types\/page"}],"author":[{"embeddable":true,"href":"https:\/\/www.djurskyddet.se\/kattfotenhalmstad\/wp-json\/wp\/v2\/users\/3"}],"replies":[{"embeddable":true,"href":"https:\/\/www.djurskyddet.se\/kattfotenhalmstad\/wp-json\/wp\/v2\/comments?post=5607"}],"version-history":[{"count":15,"href":"https:\/\/www.djurskyddet.se\/kattfotenhalmstad\/wp-json\/wp\/v2\/pages\/5607\/revisions"}],"predecessor-version":[{"id":14959,"href":"https:\/\/www.djurskyddet.se\/kattfotenhalmstad\/wp-json\/wp\/v2\/pages\/5607\/revisions\/14959"}],"up":[{"embeddable":true,"href":"https:\/\/www.djurskyddet.se\/kattfotenhalmstad\/wp-json\/wp\/v2\/pages\/5582"}],"wp:attachment":[{"href":"https:\/\/www.djurskyddet.se\/kattfotenhalmstad\/wp-json\/wp\/v2\/media?parent=5607"}],"curies":[{"name":"wp","href":"https:\/\/api.w.org\/{rel}","templated":true}]}}