{"id":5799,"date":"2019-10-19T14:39:51","date_gmt":"2019-10-19T14:39:51","guid":{"rendered":"https:\/\/www.djurskyddet.se\/kattfotenhalmstad\/?page_id=5799"},"modified":"2020-07-18T21:19:11","modified_gmt":"2020-07-18T21:19:11","slug":"susann-jonsson","status":"publish","type":"page","link":"https:\/\/www.djurskyddet.se\/kattfotenhalmstad\/om-oss\/arbeta-hos-oss\/susann-jonsson\/","title":{"rendered":"Susann J\u00f6nsson"},"content":{"rendered":"\n<p><strong>En volont\u00e4r som startade en ny karri\u00e4r genom sitt arbete hos Kattfotens katthem.<\/strong><\/p>\n\n\n\n<p>\u00c5r 2013 var Susann mellan 2 jobb och blev under tiden volont\u00e4r hos oss p\u00e5 Kattfotens katthem. Det var med stor gl\u00e4dje och stort engagemang som hon \u00e5tog sig sin volont\u00e4rtj\u00e4nst. Varje dag tog hon sig till katthemmet och sk\u00f6tte om katterna, aktiverade dem och h\u00f6ll koll p\u00e5 deras h\u00e4lsa. Det m\u00e4rks att Susann har ett genuint och passionerat intresse f\u00f6r djur i allm\u00e4nhet och katter i synnerhet. Denna passion har givit Susann en bra m\u00f6jlighet att komma in p\u00e5 yrkesbanan inom veterin\u00e4rv\u00e5rd. <br><br>Efter en tid s\u00e5 fick Susann m\u00f6jlighet genom en FAS \u2013 3 tj\u00e4nst att arbeta p\u00e5 heltid hos Kattfotens katthem. N\u00e4r den nya tj\u00e4nsten p\u00e5b\u00f6rjades fick Susann mer ansvar f\u00f6r verksamheten p\u00e5 katthemmet. Det innebar att hon blev arbetsledare f\u00f6r andra volont\u00e4rer, medicinskt ansvarig och l\u00e4nk mellan Nyatorps Veterin\u00e4rklinik och Kattfoten. Hennes noggrannhet och fram\u00e5tanda gjorde att en bra kontakt uppstod mellan henne och Kerstin Sp\u00e5ngfors p\u00e5 Nyatorps Veterin\u00e4rklinik. Denna kontakt blev ocks\u00e5 en brygga till ett ordinarie arbete n\u00e4r FAS \u2013 3 anst\u00e4llningen tog slut i december 2015. Som en \u00f6dets nycker hade en av veterin\u00e4rklinikens anst\u00e4llda sagt upp sig i samma veva som Susanns FAS-3 tog slut. Veterin\u00e4rkliniken kontaktade AF f\u00f6r att f\u00e5 arbetss\u00f6kande till intervjuer. Susann tog chansen, l\u00e4mnade in en ans\u00f6kan med ett CV som hade referenser till Kattfoten. Det var en process som tog sin tid och till slut var det 10 personer som skulle intervjuas. Susann var en av dessa. <br><br>N\u00e4r anst\u00e4llningsprocessen var klar anst\u00e4lldes Susann hos Nyatorps Veterin\u00e4rklinik. Ett arbete hon verkligen trivs med och det g\u00e5r inte att ta fel p\u00e5 hennes passion f\u00f6r sitt arbete och att hon trivs p\u00e5 sin arbetsplats r\u00e5der det inget tvivel om. D\u00e4r jobbar hon \u00e4n idag men hon gl\u00f6mmer inte Kattfotens katthem. Vid sidan om sitt ordinarie jobb \u00e4r Susann kvar som volont\u00e4r. Susann menar ocks\u00e5 att det har alltid varit roligt och trivsamt att jobba p\u00e5 katthemmet precis som p\u00e5 veterin\u00e4rkliniken. Aldrig har hon k\u00e4nt att det inte ska bli kul att g\u00e5 till jobbet. S\u00e5 talar en engagerad och passionerad person med djurens b\u00e4sta f\u00f6r \u00f6gonen.<\/p>\n","protected":false},"excerpt":{"rendered":"<p>En volont\u00e4r som startade en ny karri\u00e4r genom sitt arbete hos Kattfotens katthem. \u00c5r 2013 var Susann mellan 2 jobb och blev under tiden volont\u00e4r hos oss p\u00e5 Kattfotens katthem. Det var med stor gl\u00e4dje och stort engagemang som hon \u00e5tog sig sin volont\u00e4rtj\u00e4nst. Varje dag tog hon sig till katthemmet och sk\u00f6tte om katterna, aktiverade dem och h\u00f6ll koll p\u00e5 deras h\u00e4lsa. Det m\u00e4rks att Susann har ett genuint&hellip;<\/p>\n<p><a class=\"more-link\" href=\"https:\/\/www.djurskyddet.se\/kattfotenhalmstad\/om-oss\/arbeta-hos-oss\/susann-jonsson\/\" title=\"Continue reading &lsquo;Susann J\u00f6nsson&rsquo;\">L&auml;s mer<span class=\"meta-nav\">&raquo;<\/span><\/a><\/p>\n","protected":false},"author":34,"featured_media":0,"parent":5775,"menu_order":1,"comment_status":"closed","ping_status":"closed","template":"left-sidebar.php","meta":{"_acf_changed":false,"footnotes":""},"class_list":["post-5799","page","type-page","status-publish","hentry"],"acf":[],"_links":{"self":[{"href":"https:\/\/www.djurskyddet.se\/kattfotenhalmstad\/wp-json\/wp\/v2\/pages\/5799","targetHints":{"allow":["GET"]}}],"collection":[{"href":"https:\/\/www.djurskyddet.se\/kattfotenhalmstad\/wp-json\/wp\/v2\/pages"}],"about":[{"href":"https:\/\/www.djurskyddet.se\/kattfotenhalmstad\/wp-json\/wp\/v2\/types\/page"}],"author":[{"embeddable":true,"href":"https:\/\/www.djurskyddet.se\/kattfotenhalmstad\/wp-json\/wp\/v2\/users\/34"}],"replies":[{"embeddable":true,"href":"https:\/\/www.djurskyddet.se\/kattfotenhalmstad\/wp-json\/wp\/v2\/comments?post=5799"}],"version-history":[{"count":19,"href":"https:\/\/www.djurskyddet.se\/kattfotenhalmstad\/wp-json\/wp\/v2\/pages\/5799\/revisions"}],"predecessor-version":[{"id":10418,"href":"https:\/\/www.djurskyddet.se\/kattfotenhalmstad\/wp-json\/wp\/v2\/pages\/5799\/revisions\/10418"}],"up":[{"embeddable":true,"href":"https:\/\/www.djurskyddet.se\/kattfotenhalmstad\/wp-json\/wp\/v2\/pages\/5775"}],"wp:attachment":[{"href":"https:\/\/www.djurskyddet.se\/kattfotenhalmstad\/wp-json\/wp\/v2\/media?parent=5799"}],"curies":[{"name":"wp","href":"https:\/\/api.w.org\/{rel}","templated":true}]}}