{"id":6077,"date":"2019-10-23T18:29:07","date_gmt":"2019-10-23T18:29:07","guid":{"rendered":"https:\/\/www.djurskyddet.se\/kattfotenhalmstad\/?page_id=6077"},"modified":"2020-07-18T21:04:41","modified_gmt":"2020-07-18T21:04:41","slug":"var-historia","status":"publish","type":"page","link":"https:\/\/www.djurskyddet.se\/kattfotenhalmstad\/om-oss\/var-historia\/","title":{"rendered":"V\u00e5r historia"},"content":{"rendered":"\n<p style=\"text-align:left\">Kattfotens katthem startades som en ideell f\u00f6rening sommaren 2004. Vi hade under en l\u00e4ngre tid&nbsp;uppm\u00e4rksammat att det fanns m\u00e5nga heml\u00f6sa katter som sprang vind f\u00f6r v\u00e5g p\u00e5 Halmstads gator. Flera katt\u00e4lskande m\u00e4nniskor matade dessa heml\u00f6sa katter p\u00e5 olika platser i Halmstad, vilket inte alltid uppskattades av lokalbefolkningen. Vi s\u00e5g allts\u00e5 ett stort behov av att starta ett katthem, s\u00e5 att vi kunde ta omhand \u00e5tminstone en del av alla dessa heml\u00f6sa, sm\u00e5 individer.&nbsp;<\/p>\n\n\n\n<p>Under v\u00e5rt f\u00f6rsta \u00e5r som ideell f\u00f6rening hade vi inte tillg\u00e5ng till n\u00e5gon lokal. Dock spred sig ryktet snabbt att det hade bildats en f\u00f6rening som tog emot heml\u00f6sa katter, s\u00e5 samtalen om n\u00f6dlidande katter l\u00e4t inte v\u00e4nta p\u00e5 sig. Under tiden letade vi febrilt efter en lokal som kunde byggas om till ett katthem.&nbsp;<\/p>\n\n\n\n<p>V\u00e5ren 2005 kunde vi s\u00e5 \u00f6ppna portarna till v\u00e5rt katthem i Norre Katts park (passande plats s\u00e5v\u00e4l&nbsp;namn som lokaliseringsm\u00e4ssigt). Kommunens parkf\u00f6rvaltning hade tidigare disponerat lokalerna och under vintern 04-05&nbsp;skedde en omfattande ombyggnad av huset&nbsp;till ett katthem med allt vad det innebar.&nbsp;&nbsp;<\/p>\n\n\n\n<p>Vi finns fortfarande kvar\u00a0i samma lokaler och under v\u00e5ra 10 \u00e5r som f\u00f6rening har vi\u00a0tagit emot\u00a0fler \u00e4n 2000 heml\u00f6sa, utkastade, utsvultna och ibland sjuka katter. Alla dessa katter har vi\u00a0placerat i nya hem och d\u00e4rmed givit dem en andra chans till ett bra och tryggt liv.\u00a0Trots att Kattfotens katthem har funnits i \u00f6ver 10 \u00e5r och trots att vi omh\u00e4ndertagit s\u00e5 m\u00e5nga katter, \u00e4r behovet av ett katthem alltj\u00e4mt stort.<\/p>\n\n\n\n<p>Katthemmet \u00e4r alltid fullbelagt, k\u00f6listan av katter in till katthemmet \u00e4r l\u00e5ng och de dagliga samtalen m\u00e5nga om upphittade \u00f6vergivna katter.&nbsp;F\u00f6reningen drivs helt ideellt och vi \u00e5tnjuter inget som helst st\u00f6d fr\u00e5n Halmstads kommun. V\u00e5r ekonomiska situation \u00e4r en st\u00e4ndig k\u00e4lla till oro och vi f\u00f6rs\u00f6ker p\u00e5&nbsp;flera s\u00e4tt f\u00e5 in pengar till f\u00f6reningen.&nbsp;Vi&nbsp;anordnar loppisar, s\u00e4ljer v\u00e5r kattalmanacka och s\u00f6ker&nbsp;olika ekonomiska bidrag fr\u00e5n fonder m.m. Det som gl\u00e4der oss s\u00e4rskilt \u00e4r att s\u00e5 m\u00e5nga kommer till oss n\u00e4r de vill&nbsp;skaffa en ny katt. Vi brukar s\u00e4ga att d\u00e5 hj\u00e4lper man tv\u00e5 katter, en f\u00e5r ett nytt permanent hem och en heml\u00f6s katt kan&nbsp;beredas plats&nbsp;p\u00e5 katthemmet.&nbsp;<strong>S\u00e5 n\u00e4r du ska skaffa katt hoppas vi att du kommer till oss p\u00e5 Kattfotens katthem<\/strong>!<\/p>\n","protected":false},"excerpt":{"rendered":"<p>Kattfotens katthem startades som en ideell f\u00f6rening sommaren 2004. Vi hade under en l\u00e4ngre tid&nbsp;uppm\u00e4rksammat att det fanns m\u00e5nga heml\u00f6sa katter som sprang vind f\u00f6r v\u00e5g p\u00e5 Halmstads gator. Flera katt\u00e4lskande m\u00e4nniskor matade dessa heml\u00f6sa katter p\u00e5 olika platser i Halmstad, vilket inte alltid uppskattades av lokalbefolkningen. Vi s\u00e5g allts\u00e5 ett stort behov av att starta ett katthem, s\u00e5 att vi kunde ta omhand \u00e5tminstone en del av alla dessa&hellip;<\/p>\n<p><a class=\"more-link\" href=\"https:\/\/www.djurskyddet.se\/kattfotenhalmstad\/om-oss\/var-historia\/\" title=\"Continue reading &lsquo;V\u00e5r historia&rsquo;\">L&auml;s mer<span class=\"meta-nav\">&raquo;<\/span><\/a><\/p>\n","protected":false},"author":34,"featured_media":0,"parent":5582,"menu_order":1,"comment_status":"closed","ping_status":"closed","template":"left-sidebar.php","meta":{"_acf_changed":false,"footnotes":""},"class_list":["post-6077","page","type-page","status-publish","hentry"],"acf":[],"_links":{"self":[{"href":"https:\/\/www.djurskyddet.se\/kattfotenhalmstad\/wp-json\/wp\/v2\/pages\/6077","targetHints":{"allow":["GET"]}}],"collection":[{"href":"https:\/\/www.djurskyddet.se\/kattfotenhalmstad\/wp-json\/wp\/v2\/pages"}],"about":[{"href":"https:\/\/www.djurskyddet.se\/kattfotenhalmstad\/wp-json\/wp\/v2\/types\/page"}],"author":[{"embeddable":true,"href":"https:\/\/www.djurskyddet.se\/kattfotenhalmstad\/wp-json\/wp\/v2\/users\/34"}],"replies":[{"embeddable":true,"href":"https:\/\/www.djurskyddet.se\/kattfotenhalmstad\/wp-json\/wp\/v2\/comments?post=6077"}],"version-history":[{"count":3,"href":"https:\/\/www.djurskyddet.se\/kattfotenhalmstad\/wp-json\/wp\/v2\/pages\/6077\/revisions"}],"predecessor-version":[{"id":10407,"href":"https:\/\/www.djurskyddet.se\/kattfotenhalmstad\/wp-json\/wp\/v2\/pages\/6077\/revisions\/10407"}],"up":[{"embeddable":true,"href":"https:\/\/www.djurskyddet.se\/kattfotenhalmstad\/wp-json\/wp\/v2\/pages\/5582"}],"wp:attachment":[{"href":"https:\/\/www.djurskyddet.se\/kattfotenhalmstad\/wp-json\/wp\/v2\/media?parent=6077"}],"curies":[{"name":"wp","href":"https:\/\/api.w.org\/{rel}","templated":true}]}}