{"id":6474,"date":"2019-12-10T09:06:00","date_gmt":"2019-12-10T09:06:00","guid":{"rendered":"https:\/\/www.djurskyddet.se\/kattfotenhalmstad\/?page_id=6474"},"modified":"2020-02-01T20:18:52","modified_gmt":"2020-02-01T20:18:52","slug":"kattens-dag-2019","status":"publish","type":"page","link":"https:\/\/www.djurskyddet.se\/kattfotenhalmstad\/event\/kattens-dag-2019\/","title":{"rendered":"Kattens dag 2019"},"content":{"rendered":"\n<p>Grindarna till katthemmet \u00f6ppnades 13.00. Genast fylldes lokalerna med folk som ville handla julgodis, tavlor och andra fina saker.\u00a0Dessutom h\u00e4lsade m\u00e5nga p\u00e5 hos v\u00e5ra katter och det busades och kelades med dem. Personal och volont\u00e4rer jobbade h\u00e5rt f\u00f6r att f\u00e5 ihop en fin dag f\u00f6r bes\u00f6karna!<br><br>Vi tackar alla\u00a0som gjorde denna dag m\u00f6jlig och trevlig. Alla har vi jobbat tillsammans f\u00f6r v\u00e5ra katter.\u00a0H\u00e4r kommer n\u00e5gra foton fr\u00e5n eftermiddagen! Stort tack till alla som bidrog med tavlor, bakverk, julgodis och annat som ni sk\u00e4nkt till oss. Ni \u00e4r verkligen enast\u00e5ende i att bidra till v\u00e5r verksamhet!<\/p>\n\n\n\n<ul class=\"wp-block-gallery columns-2 is-cropped wp-block-gallery-1 is-layout-flex wp-block-gallery-is-layout-flex\"><li class=\"blocks-gallery-item\"><figure><img loading=\"lazy\" decoding=\"async\" width=\"614\" height=\"1024\" src=\"https:\/\/www.djurskyddet.se\/kattfotenhalmstad\/wp-content\/uploads\/sites\/35\/2019\/12\/loppmarknad-614x1024.jpg\" alt=\"\" data-id=\"6477\" class=\"wp-image-6477\" srcset=\"https:\/\/www.djurskyddet.se\/kattfotenhalmstad\/wp-content\/uploads\/sites\/35\/2019\/12\/loppmarknad.jpg 614w, https:\/\/www.djurskyddet.se\/kattfotenhalmstad\/wp-content\/uploads\/sites\/35\/2019\/12\/loppmarknad-180x300.jpg 180w, https:\/\/www.djurskyddet.se\/kattfotenhalmstad\/wp-content\/uploads\/sites\/35\/2019\/12\/loppmarknad-400x667.jpg 400w\" sizes=\"auto, (max-width: 614px) 100vw, 614px\" \/><figcaption>Det kunde handlas b\u00e5de inne p\u00e5 katthemmet&#8230;<\/figcaption><\/figure><\/li><li class=\"blocks-gallery-item\"><figure><img loading=\"lazy\" decoding=\"async\" width=\"1024\" height=\"1024\" src=\"https:\/\/www.djurskyddet.se\/kattfotenhalmstad\/wp-content\/uploads\/sites\/35\/2019\/12\/loppmarknad-II.jpg\" alt=\"\" data-id=\"6480\" data-link=\"https:\/\/www.djurskyddet.se\/kattfotenhalmstad\/?attachment_id=6480\" class=\"wp-image-6480\" srcset=\"https:\/\/www.djurskyddet.se\/kattfotenhalmstad\/wp-content\/uploads\/sites\/35\/2019\/12\/loppmarknad-II.jpg 1024w, https:\/\/www.djurskyddet.se\/kattfotenhalmstad\/wp-content\/uploads\/sites\/35\/2019\/12\/loppmarknad-II-150x150.jpg 150w, https:\/\/www.djurskyddet.se\/kattfotenhalmstad\/wp-content\/uploads\/sites\/35\/2019\/12\/loppmarknad-II-300x300.jpg 300w, https:\/\/www.djurskyddet.se\/kattfotenhalmstad\/wp-content\/uploads\/sites\/35\/2019\/12\/loppmarknad-II-768x768.jpg 768w, https:\/\/www.djurskyddet.se\/kattfotenhalmstad\/wp-content\/uploads\/sites\/35\/2019\/12\/loppmarknad-II-400x400.jpg 400w\" sizes=\"auto, (max-width: 1024px) 100vw, 1024px\" \/><figcaption>&#8230;och utanf\u00f6r.<\/figcaption><\/figure><\/li><li class=\"blocks-gallery-item\"><figure><img loading=\"lazy\" decoding=\"async\" width=\"1024\" height=\"1024\" src=\"https:\/\/www.djurskyddet.se\/kattfotenhalmstad\/wp-content\/uploads\/sites\/35\/2019\/12\/f\u00f6rs\u00e4ljning191201-1.jpg\" alt=\"\" data-id=\"6481\" data-link=\"https:\/\/www.djurskyddet.se\/kattfotenhalmstad\/?attachment_id=6481\" class=\"wp-image-6481\" srcset=\"https:\/\/www.djurskyddet.se\/kattfotenhalmstad\/wp-content\/uploads\/sites\/35\/2019\/12\/f\u00f6rs\u00e4ljning191201-1.jpg 1024w, https:\/\/www.djurskyddet.se\/kattfotenhalmstad\/wp-content\/uploads\/sites\/35\/2019\/12\/f\u00f6rs\u00e4ljning191201-1-150x150.jpg 150w, https:\/\/www.djurskyddet.se\/kattfotenhalmstad\/wp-content\/uploads\/sites\/35\/2019\/12\/f\u00f6rs\u00e4ljning191201-1-300x300.jpg 300w, https:\/\/www.djurskyddet.se\/kattfotenhalmstad\/wp-content\/uploads\/sites\/35\/2019\/12\/f\u00f6rs\u00e4ljning191201-1-768x768.jpg 768w, https:\/\/www.djurskyddet.se\/kattfotenhalmstad\/wp-content\/uploads\/sites\/35\/2019\/12\/f\u00f6rs\u00e4ljning191201-1-400x400.jpg 400w\" sizes=\"auto, (max-width: 1024px) 100vw, 1024px\" \/><figcaption>Shopping p\u00e5 g\u00e5ng<\/figcaption><\/figure><\/li><li class=\"blocks-gallery-item\"><figure><img loading=\"lazy\" decoding=\"async\" width=\"1024\" height=\"1024\" src=\"https:\/\/www.djurskyddet.se\/kattfotenhalmstad\/wp-content\/uploads\/sites\/35\/2019\/12\/kattbus-1.jpg\" alt=\"\" data-id=\"6482\" data-link=\"https:\/\/www.djurskyddet.se\/kattfotenhalmstad\/?attachment_id=6482\" class=\"wp-image-6482\" srcset=\"https:\/\/www.djurskyddet.se\/kattfotenhalmstad\/wp-content\/uploads\/sites\/35\/2019\/12\/kattbus-1.jpg 1024w, https:\/\/www.djurskyddet.se\/kattfotenhalmstad\/wp-content\/uploads\/sites\/35\/2019\/12\/kattbus-1-150x150.jpg 150w, https:\/\/www.djurskyddet.se\/kattfotenhalmstad\/wp-content\/uploads\/sites\/35\/2019\/12\/kattbus-1-300x300.jpg 300w, https:\/\/www.djurskyddet.se\/kattfotenhalmstad\/wp-content\/uploads\/sites\/35\/2019\/12\/kattbus-1-768x768.jpg 768w, https:\/\/www.djurskyddet.se\/kattfotenhalmstad\/wp-content\/uploads\/sites\/35\/2019\/12\/kattbus-1-400x400.jpg 400w\" sizes=\"auto, (max-width: 1024px) 100vw, 1024px\" \/><figcaption>N\u00e5gra som fick aktiveras en stund<\/figcaption><\/figure><\/li><li class=\"blocks-gallery-item\"><figure><img loading=\"lazy\" decoding=\"async\" width=\"1024\" height=\"1024\" src=\"https:\/\/www.djurskyddet.se\/kattfotenhalmstad\/wp-content\/uploads\/sites\/35\/2019\/12\/lugn-katt-1.jpg\" alt=\"\" data-id=\"6483\" data-link=\"https:\/\/www.djurskyddet.se\/kattfotenhalmstad\/?attachment_id=6483\" class=\"wp-image-6483\" srcset=\"https:\/\/www.djurskyddet.se\/kattfotenhalmstad\/wp-content\/uploads\/sites\/35\/2019\/12\/lugn-katt-1.jpg 1024w, https:\/\/www.djurskyddet.se\/kattfotenhalmstad\/wp-content\/uploads\/sites\/35\/2019\/12\/lugn-katt-1-150x150.jpg 150w, https:\/\/www.djurskyddet.se\/kattfotenhalmstad\/wp-content\/uploads\/sites\/35\/2019\/12\/lugn-katt-1-300x300.jpg 300w, https:\/\/www.djurskyddet.se\/kattfotenhalmstad\/wp-content\/uploads\/sites\/35\/2019\/12\/lugn-katt-1-768x768.jpg 768w, https:\/\/www.djurskyddet.se\/kattfotenhalmstad\/wp-content\/uploads\/sites\/35\/2019\/12\/lugn-katt-1-400x400.jpg 400w\" sizes=\"auto, (max-width: 1024px) 100vw, 1024px\" \/><figcaption>Blickar ut p\u00e5 alla m\u00e4nniskor<\/figcaption><\/figure><\/li><li class=\"blocks-gallery-item\"><figure><img loading=\"lazy\" decoding=\"async\" width=\"1024\" height=\"1024\" src=\"https:\/\/www.djurskyddet.se\/kattfotenhalmstad\/wp-content\/uploads\/sites\/35\/2019\/12\/nyfiken-katt-1.jpg\" alt=\"\" data-id=\"6484\" data-link=\"https:\/\/www.djurskyddet.se\/kattfotenhalmstad\/?attachment_id=6484\" class=\"wp-image-6484\" srcset=\"https:\/\/www.djurskyddet.se\/kattfotenhalmstad\/wp-content\/uploads\/sites\/35\/2019\/12\/nyfiken-katt-1.jpg 1024w, https:\/\/www.djurskyddet.se\/kattfotenhalmstad\/wp-content\/uploads\/sites\/35\/2019\/12\/nyfiken-katt-1-150x150.jpg 150w, https:\/\/www.djurskyddet.se\/kattfotenhalmstad\/wp-content\/uploads\/sites\/35\/2019\/12\/nyfiken-katt-1-300x300.jpg 300w, https:\/\/www.djurskyddet.se\/kattfotenhalmstad\/wp-content\/uploads\/sites\/35\/2019\/12\/nyfiken-katt-1-768x768.jpg 768w, https:\/\/www.djurskyddet.se\/kattfotenhalmstad\/wp-content\/uploads\/sites\/35\/2019\/12\/nyfiken-katt-1-400x400.jpg 400w\" sizes=\"auto, (max-width: 1024px) 100vw, 1024px\" \/><figcaption>\u00c4rna fick bes\u00f6k<\/figcaption><\/figure><\/li><li class=\"blocks-gallery-item\"><figure><img loading=\"lazy\" decoding=\"async\" width=\"768\" height=\"766\" src=\"https:\/\/www.djurskyddet.se\/kattfotenhalmstad\/wp-content\/uploads\/sites\/35\/2019\/12\/bakverk-02.jpg\" alt=\"\" data-id=\"6494\" data-link=\"https:\/\/www.djurskyddet.se\/kattfotenhalmstad\/event\/kattens-dag-2019\/attachment\/bakverk-02\/\" class=\"wp-image-6494\" srcset=\"https:\/\/www.djurskyddet.se\/kattfotenhalmstad\/wp-content\/uploads\/sites\/35\/2019\/12\/bakverk-02.jpg 768w, https:\/\/www.djurskyddet.se\/kattfotenhalmstad\/wp-content\/uploads\/sites\/35\/2019\/12\/bakverk-02-150x150.jpg 150w, https:\/\/www.djurskyddet.se\/kattfotenhalmstad\/wp-content\/uploads\/sites\/35\/2019\/12\/bakverk-02-300x300.jpg 300w, https:\/\/www.djurskyddet.se\/kattfotenhalmstad\/wp-content\/uploads\/sites\/35\/2019\/12\/bakverk-02-400x399.jpg 400w\" sizes=\"auto, (max-width: 768px) 100vw, 768px\" \/><figcaption>Fantastiska hembakta bullar<\/figcaption><\/figure><\/li><li class=\"blocks-gallery-item\"><figure><img loading=\"lazy\" decoding=\"async\" width=\"768\" height=\"960\" src=\"https:\/\/www.djurskyddet.se\/kattfotenhalmstad\/wp-content\/uploads\/sites\/35\/2019\/12\/julgodis-01.jpg\" alt=\"\" data-id=\"6495\" data-link=\"https:\/\/www.djurskyddet.se\/kattfotenhalmstad\/event\/kattens-dag-2019\/attachment\/julgodis-01\/\" class=\"wp-image-6495\" srcset=\"https:\/\/www.djurskyddet.se\/kattfotenhalmstad\/wp-content\/uploads\/sites\/35\/2019\/12\/julgodis-01.jpg 768w, https:\/\/www.djurskyddet.se\/kattfotenhalmstad\/wp-content\/uploads\/sites\/35\/2019\/12\/julgodis-01-240x300.jpg 240w, https:\/\/www.djurskyddet.se\/kattfotenhalmstad\/wp-content\/uploads\/sites\/35\/2019\/12\/julgodis-01-400x500.jpg 400w\" sizes=\"auto, (max-width: 768px) 100vw, 768px\" \/><figcaption>Julgodis De Luxe<\/figcaption><\/figure><\/li><li class=\"blocks-gallery-item\"><figure><img loading=\"lazy\" decoding=\"async\" width=\"960\" height=\"960\" src=\"https:\/\/www.djurskyddet.se\/kattfotenhalmstad\/wp-content\/uploads\/sites\/35\/2019\/12\/julgodis-02.jpg\" alt=\"\" data-id=\"6496\" data-link=\"https:\/\/www.djurskyddet.se\/kattfotenhalmstad\/event\/kattens-dag-2019\/attachment\/julgodis-02\/\" class=\"wp-image-6496\" srcset=\"https:\/\/www.djurskyddet.se\/kattfotenhalmstad\/wp-content\/uploads\/sites\/35\/2019\/12\/julgodis-02.jpg 960w, https:\/\/www.djurskyddet.se\/kattfotenhalmstad\/wp-content\/uploads\/sites\/35\/2019\/12\/julgodis-02-150x150.jpg 150w, https:\/\/www.djurskyddet.se\/kattfotenhalmstad\/wp-content\/uploads\/sites\/35\/2019\/12\/julgodis-02-300x300.jpg 300w, https:\/\/www.djurskyddet.se\/kattfotenhalmstad\/wp-content\/uploads\/sites\/35\/2019\/12\/julgodis-02-768x768.jpg 768w, https:\/\/www.djurskyddet.se\/kattfotenhalmstad\/wp-content\/uploads\/sites\/35\/2019\/12\/julgodis-02-400x400.jpg 400w\" sizes=\"auto, (max-width: 960px) 100vw, 960px\" \/><figcaption> Julgodis De Luxe <\/figcaption><\/figure><\/li><li class=\"blocks-gallery-item\"><figure><img loading=\"lazy\" decoding=\"async\" width=\"960\" height=\"960\" src=\"https:\/\/www.djurskyddet.se\/kattfotenhalmstad\/wp-content\/uploads\/sites\/35\/2019\/12\/julgodis-03.jpg\" alt=\"\" data-id=\"6497\" data-link=\"https:\/\/www.djurskyddet.se\/kattfotenhalmstad\/event\/kattens-dag-2019\/attachment\/julgodis-03\/\" class=\"wp-image-6497\" srcset=\"https:\/\/www.djurskyddet.se\/kattfotenhalmstad\/wp-content\/uploads\/sites\/35\/2019\/12\/julgodis-03.jpg 960w, https:\/\/www.djurskyddet.se\/kattfotenhalmstad\/wp-content\/uploads\/sites\/35\/2019\/12\/julgodis-03-150x150.jpg 150w, https:\/\/www.djurskyddet.se\/kattfotenhalmstad\/wp-content\/uploads\/sites\/35\/2019\/12\/julgodis-03-300x300.jpg 300w, https:\/\/www.djurskyddet.se\/kattfotenhalmstad\/wp-content\/uploads\/sites\/35\/2019\/12\/julgodis-03-768x768.jpg 768w, https:\/\/www.djurskyddet.se\/kattfotenhalmstad\/wp-content\/uploads\/sites\/35\/2019\/12\/julgodis-03-400x400.jpg 400w\" sizes=\"auto, (max-width: 960px) 100vw, 960px\" \/><figcaption> Julgodis De Luxe <\/figcaption><\/figure><\/li><\/ul>\n","protected":false},"excerpt":{"rendered":"<p>Grindarna till katthemmet \u00f6ppnades 13.00. Genast fylldes lokalerna med folk som ville handla julgodis, tavlor och andra fina saker.\u00a0Dessutom h\u00e4lsade m\u00e5nga p\u00e5 hos v\u00e5ra katter och det busades och kelades med dem. Personal och volont\u00e4rer jobbade h\u00e5rt f\u00f6r att f\u00e5 ihop en fin dag f\u00f6r bes\u00f6karna! Vi tackar alla\u00a0som gjorde denna dag m\u00f6jlig och trevlig. Alla har vi jobbat tillsammans f\u00f6r v\u00e5ra katter.\u00a0H\u00e4r kommer n\u00e5gra foton fr\u00e5n eftermiddagen! Stort tack&hellip;<\/p>\n<p><a class=\"more-link\" href=\"https:\/\/www.djurskyddet.se\/kattfotenhalmstad\/event\/kattens-dag-2019\/\" title=\"Continue reading &lsquo;Kattens dag 2019&rsquo;\">L&auml;s mer<span class=\"meta-nav\">&raquo;<\/span><\/a><\/p>\n","protected":false},"author":34,"featured_media":0,"parent":6417,"menu_order":0,"comment_status":"closed","ping_status":"closed","template":"left-sidebar.php","meta":{"_acf_changed":false,"footnotes":""},"class_list":["post-6474","page","type-page","status-publish","hentry"],"acf":[],"_links":{"self":[{"href":"https:\/\/www.djurskyddet.se\/kattfotenhalmstad\/wp-json\/wp\/v2\/pages\/6474","targetHints":{"allow":["GET"]}}],"collection":[{"href":"https:\/\/www.djurskyddet.se\/kattfotenhalmstad\/wp-json\/wp\/v2\/pages"}],"about":[{"href":"https:\/\/www.djurskyddet.se\/kattfotenhalmstad\/wp-json\/wp\/v2\/types\/page"}],"author":[{"embeddable":true,"href":"https:\/\/www.djurskyddet.se\/kattfotenhalmstad\/wp-json\/wp\/v2\/users\/34"}],"replies":[{"embeddable":true,"href":"https:\/\/www.djurskyddet.se\/kattfotenhalmstad\/wp-json\/wp\/v2\/comments?post=6474"}],"version-history":[{"count":7,"href":"https:\/\/www.djurskyddet.se\/kattfotenhalmstad\/wp-json\/wp\/v2\/pages\/6474\/revisions"}],"predecessor-version":[{"id":8017,"href":"https:\/\/www.djurskyddet.se\/kattfotenhalmstad\/wp-json\/wp\/v2\/pages\/6474\/revisions\/8017"}],"up":[{"embeddable":true,"href":"https:\/\/www.djurskyddet.se\/kattfotenhalmstad\/wp-json\/wp\/v2\/pages\/6417"}],"wp:attachment":[{"href":"https:\/\/www.djurskyddet.se\/kattfotenhalmstad\/wp-json\/wp\/v2\/media?parent=6474"}],"curies":[{"name":"wp","href":"https:\/\/api.w.org\/{rel}","templated":true}]}}