{"id":6586,"date":"2019-12-19T21:46:20","date_gmt":"2019-12-19T21:46:20","guid":{"rendered":"https:\/\/www.djurskyddet.se\/kattfotenhalmstad\/?page_id=6586"},"modified":"2026-03-30T11:44:34","modified_gmt":"2026-03-30T11:44:34","slug":"ge-en-gava","status":"publish","type":"page","link":"https:\/\/www.djurskyddet.se\/kattfotenhalmstad\/stod-oss\/ge-en-gava\/","title":{"rendered":"Ge en g\u00e5va"},"content":{"rendered":"\n<p><em>Djurskyddet Kattfotens katthem bedrivs helt ideellt! <\/em>Vi f\u00e5r v\u00e5ra int\u00e4kter fr\u00e5n medlemsavgifter, adoptionsavgifter, g\u00e5vor, f\u00f6rs\u00e4ljning till f\u00f6rm\u00e5n f\u00f6r oss och vid tillf\u00e4llen s\u00e5som \u00f6ppet hus, marknader osv. F\u00f6r att vi ska kunna hj\u00e4lpa s\u00e5 m\u00e5nga katter som m\u00f6jligt, kan du hj\u00e4lpa oss p\u00e5 f\u00f6ljande s\u00e4tt!  <\/p>\n\n\n\n<h4 class=\"wp-block-heading\" id=\"gava-i-form-av-pengar\"><strong>G\u00e5va i form av pengar<\/strong><\/h4>\n\n\n\n<p>S\u00e4tt in din g\u00e5va p\u00e5 v\u00e5rt konto genom att&nbsp;swisha till oss p\u00e5 <strong>1234 085 163<\/strong>. Det g\u00e5r \u00e4ven bra att g\u00f6ra det via f\u00f6ljande bankgiro: <strong><strong>5479 &#8211; 8798<\/strong><\/strong>. Alla summor \u00e4r alltid tacksamt v\u00e4lkomna och du bidrar till veterin\u00e4rv\u00e5rd, mediciner och f\u00f6rbrukningsvaror till v\u00e5ra djur.<\/p>\n\n\n\n<h4 class=\"wp-block-heading\" id=\"gava-i-form-av-produkter\"><strong>G\u00e5va i form av produkter<\/strong><\/h4>\n\n\n\n<p> <strong>Nedanst\u00e5ende mat och tillbeh\u00f6r \u00e4r av stort v\u00e4rde f\u00f6r oss:<\/strong><\/p>\n\n\n\n<ul class=\"wp-block-list\">\n<li>Feliway &#8211; en produkt som lugnar katter<\/li>\n\n\n\n<li>Kattmynta<\/li>\n\n\n\n<li>Milbemax avmaskningsmedel f\u00f6r vuxna katter<\/li>\n\n\n\n<li>Milbemax avmaskningsmedel f\u00f6r kattungar <\/li>\n\n\n\n<li>Bl\u00f6tmat<\/li>\n\n\n\n<li>Kattleksaker<\/li>\n\n\n\n<li>Laserpekare<\/li>\n\n\n\n<li>Kattkojor, kl\u00f6str\u00e4d, kl\u00e4tterst\u00e4llningar<\/li>\n\n\n\n<li>Kattsand<\/li>\n\n\n\n<li>Blompinnar\/bambupinnar, piprensare och sm\u00e5, mjuka bollar samt tygtejp (anv\u00e4nds f\u00f6r att skapa kelpinnar)<\/li>\n<\/ul>\n\n\n\n<p>&nbsp;<strong>Nedanst\u00e5ende f\u00f6rbrukningsartiklar \u00e4r av stort v\u00e4rde f\u00f6r oss:&nbsp;<\/strong><\/p>\n\n\n\n<ul class=\"wp-block-list\">\n<li>S\u00e5pa och diskmedel<\/li>\n\n\n\n<li>Disktrasor<\/li>\n\n\n\n<li>Handtv\u00e5l<\/li>\n\n\n\n<li>Avfallsp\u00e5sar<\/li>\n\n\n\n<li>Frott\u00e9handdukar <\/li>\n\n\n\n<li>Fleecefiltar <\/li>\n<\/ul>\n\n\n\n<p><\/p>\n\n\n\n<p>Kolla g\u00e4rna in v\u00e5r <a href=\"https:\/\/www.facebook.com\/kattfoten.se\/\">Facebooksida<\/a>, d\u00e4r brukar vi hojta till om det \u00e4r n\u00e5got s\u00e4rskilt vi \u00e4r i behov av! \ud83d\ude42<\/p>\n","protected":false},"excerpt":{"rendered":"<p>Djurskyddet Kattfotens katthem bedrivs helt ideellt! Vi f\u00e5r v\u00e5ra int\u00e4kter fr\u00e5n medlemsavgifter, adoptionsavgifter, g\u00e5vor, f\u00f6rs\u00e4ljning till f\u00f6rm\u00e5n f\u00f6r oss och vid tillf\u00e4llen s\u00e5som \u00f6ppet hus, marknader osv. F\u00f6r att vi ska kunna hj\u00e4lpa s\u00e5 m\u00e5nga katter som m\u00f6jligt, kan du hj\u00e4lpa oss p\u00e5 f\u00f6ljande s\u00e4tt! G\u00e5va i form av pengar S\u00e4tt in din g\u00e5va p\u00e5 v\u00e5rt konto genom att&nbsp;swisha till oss p\u00e5 1234 085 163. Det g\u00e5r \u00e4ven bra att&hellip;<\/p>\n<p><a class=\"more-link\" href=\"https:\/\/www.djurskyddet.se\/kattfotenhalmstad\/stod-oss\/ge-en-gava\/\" title=\"Continue reading &lsquo;Ge en g\u00e5va&rsquo;\">L&auml;s mer<span class=\"meta-nav\">&raquo;<\/span><\/a><\/p>\n","protected":false},"author":34,"featured_media":0,"parent":5593,"menu_order":0,"comment_status":"closed","ping_status":"closed","template":"left-sidebar.php","meta":{"_acf_changed":false,"footnotes":""},"class_list":["post-6586","page","type-page","status-publish","hentry"],"acf":[],"_links":{"self":[{"href":"https:\/\/www.djurskyddet.se\/kattfotenhalmstad\/wp-json\/wp\/v2\/pages\/6586","targetHints":{"allow":["GET"]}}],"collection":[{"href":"https:\/\/www.djurskyddet.se\/kattfotenhalmstad\/wp-json\/wp\/v2\/pages"}],"about":[{"href":"https:\/\/www.djurskyddet.se\/kattfotenhalmstad\/wp-json\/wp\/v2\/types\/page"}],"author":[{"embeddable":true,"href":"https:\/\/www.djurskyddet.se\/kattfotenhalmstad\/wp-json\/wp\/v2\/users\/34"}],"replies":[{"embeddable":true,"href":"https:\/\/www.djurskyddet.se\/kattfotenhalmstad\/wp-json\/wp\/v2\/comments?post=6586"}],"version-history":[{"count":38,"href":"https:\/\/www.djurskyddet.se\/kattfotenhalmstad\/wp-json\/wp\/v2\/pages\/6586\/revisions"}],"predecessor-version":[{"id":15650,"href":"https:\/\/www.djurskyddet.se\/kattfotenhalmstad\/wp-json\/wp\/v2\/pages\/6586\/revisions\/15650"}],"up":[{"embeddable":true,"href":"https:\/\/www.djurskyddet.se\/kattfotenhalmstad\/wp-json\/wp\/v2\/pages\/5593"}],"wp:attachment":[{"href":"https:\/\/www.djurskyddet.se\/kattfotenhalmstad\/wp-json\/wp\/v2\/media?parent=6586"}],"curies":[{"name":"wp","href":"https:\/\/api.w.org\/{rel}","templated":true}]}}