{"id":6602,"date":"2019-12-20T08:02:12","date_gmt":"2019-12-20T08:02:12","guid":{"rendered":"https:\/\/www.djurskyddet.se\/kattfotenhalmstad\/?page_id=6602"},"modified":"2020-07-18T21:08:59","modified_gmt":"2020-07-18T21:08:59","slug":"bli-volontar","status":"publish","type":"page","link":"https:\/\/www.djurskyddet.se\/kattfotenhalmstad\/stod-oss\/bli-volontar\/","title":{"rendered":"Bli volont\u00e4r"},"content":{"rendered":"\n<p>Vill du engagera dig genom att volont\u00e4rarbeta hos oss? Det finns n\u00e5got att g\u00f6ra f\u00f6r alla! Dessutom \u00e4r volont\u00e4rarbete en chans f\u00f6r ditt framtida yrkesliv.<\/p>\n\n\n\n<p><strong>Rekrytering<\/strong><br>Vill du bli volont\u00e4r hos oss mailar du ditt intresse till <a href=\"mailto:kattfoten@djurskyddet.se\">kattfoten@djurskyddet.se<\/a> och vi ser g\u00e4rna att du skriver ett telefonnummer som vi kan n\u00e5 dig p\u00e5. Finns det lediga platser kommer vi att kontakta dig f\u00f6r en tr\u00e4ff med v\u00e5r arbetsgrupp d\u00e4r vi presenterar oss och l\u00e4r k\u00e4nna dig b\u00e4ttre. D\u00e5 kommer du f\u00e5 ytterligare information och introduktion.<\/p>\n\n\n\n<p><strong>Volont\u00e4rpolicy<\/strong><br>Alla volont\u00e4rer som arbetar hos oss f\u00f6ljer v\u00e5r volont\u00e4rpolicy. Vi uppskattar om du har l\u00e4st igenom den noggrant innan du anm\u00e4ler intresse. <a href=\"https:\/\/www.djurskyddet.se\/kattfotenhalmstad\/stod-oss\/bli-volontar\/policy-volontar\/\"><strong>Du kan l\u00e4sa v\u00e5r volont\u00e4rpolicy h\u00e4r<\/strong><\/a><\/p>\n","protected":false},"excerpt":{"rendered":"<p>Vill du engagera dig genom att volont\u00e4rarbeta hos oss? Det finns n\u00e5got att g\u00f6ra f\u00f6r alla! Dessutom \u00e4r volont\u00e4rarbete en chans f\u00f6r ditt framtida yrkesliv. RekryteringVill du bli volont\u00e4r hos oss mailar du ditt intresse till kattfoten@djurskyddet.se och vi ser g\u00e4rna att du skriver ett telefonnummer som vi kan n\u00e5 dig p\u00e5. Finns det lediga platser kommer vi att kontakta dig f\u00f6r en tr\u00e4ff med v\u00e5r arbetsgrupp d\u00e4r vi presenterar&hellip;<\/p>\n<p><a class=\"more-link\" href=\"https:\/\/www.djurskyddet.se\/kattfotenhalmstad\/stod-oss\/bli-volontar\/\" title=\"Continue reading &lsquo;Bli volont\u00e4r&rsquo;\">L&auml;s mer<span class=\"meta-nav\">&raquo;<\/span><\/a><\/p>\n","protected":false},"author":34,"featured_media":0,"parent":5593,"menu_order":0,"comment_status":"closed","ping_status":"closed","template":"left-sidebar.php","meta":{"_acf_changed":false,"footnotes":""},"class_list":["post-6602","page","type-page","status-publish","hentry"],"acf":[],"_links":{"self":[{"href":"https:\/\/www.djurskyddet.se\/kattfotenhalmstad\/wp-json\/wp\/v2\/pages\/6602","targetHints":{"allow":["GET"]}}],"collection":[{"href":"https:\/\/www.djurskyddet.se\/kattfotenhalmstad\/wp-json\/wp\/v2\/pages"}],"about":[{"href":"https:\/\/www.djurskyddet.se\/kattfotenhalmstad\/wp-json\/wp\/v2\/types\/page"}],"author":[{"embeddable":true,"href":"https:\/\/www.djurskyddet.se\/kattfotenhalmstad\/wp-json\/wp\/v2\/users\/34"}],"replies":[{"embeddable":true,"href":"https:\/\/www.djurskyddet.se\/kattfotenhalmstad\/wp-json\/wp\/v2\/comments?post=6602"}],"version-history":[{"count":19,"href":"https:\/\/www.djurskyddet.se\/kattfotenhalmstad\/wp-json\/wp\/v2\/pages\/6602\/revisions"}],"predecessor-version":[{"id":10410,"href":"https:\/\/www.djurskyddet.se\/kattfotenhalmstad\/wp-json\/wp\/v2\/pages\/6602\/revisions\/10410"}],"up":[{"embeddable":true,"href":"https:\/\/www.djurskyddet.se\/kattfotenhalmstad\/wp-json\/wp\/v2\/pages\/5593"}],"wp:attachment":[{"href":"https:\/\/www.djurskyddet.se\/kattfotenhalmstad\/wp-json\/wp\/v2\/media?parent=6602"}],"curies":[{"name":"wp","href":"https:\/\/api.w.org\/{rel}","templated":true}]}}