{"id":6610,"date":"2019-12-20T08:17:44","date_gmt":"2019-12-20T08:17:44","guid":{"rendered":"https:\/\/www.djurskyddet.se\/kattfotenhalmstad\/?page_id=6610"},"modified":"2023-09-20T12:56:08","modified_gmt":"2023-09-20T12:56:08","slug":"bli-jourhem","status":"publish","type":"page","link":"https:\/\/www.djurskyddet.se\/kattfotenhalmstad\/stod-oss\/bli-jourhem\/","title":{"rendered":"Bli jourhem"},"content":{"rendered":"\n<p><strong>Vad inneb\u00e4r det att vara jourhem?<\/strong><br>Att vara jourhem inneb\u00e4r att du p\u00e5 obest\u00e4md tid tar hand om en eller flera katter i ditt hem. Det kan handla om veckor, m\u00e5nader och upp till ett \u00e5r. Du tar hand om katten som om hen vore din egen. Vi bekostar veterin\u00e4rv\u00e5rd och foder. Du bekostar kattsand. Leksaker och kl\u00f6str\u00e4d brukar du i regel f\u00e5 med dig om inte annat best\u00e4ms. N\u00e4r katten \u00e4r redo f\u00f6r att flytta till ett eget hem hanterar vi annonsering och adoption av katten. Det brukar vara v\u00e4ldigt roligt att vara jourhem och<em> n\u00e4r katten f\u00e5r ett eget hem kan du stolt k\u00e4nna att du har gjort en stor insats f\u00f6r katten!<\/em><\/p>\n\n\n\n<p><strong>Varf\u00f6r beh\u00f6ver katter vara i jourhem?<\/strong><br>Det finns m\u00e5nga olika sk\u00e4l till varf\u00f6r en katt m\u00e5ste bo i jourhem. Oftast handlar det om kattmammor med ungar som \u00e4r extra utsatta eller ensamma kattungar. Det kan \u00e4ven handla om sjuka katter som beh\u00f6ver omsorg tills de \u00e4r friska. Ibland \u00e4r katterna r\u00e4dda f\u00f6r m\u00e4nniskor och beh\u00f6ver d\u00e5 hj\u00e4lp att bli modiga. Jourhemmets uppgift blir d\u00e5 att med sm\u00e5 steg hj\u00e4lpa katten att bli trygg och utvecklas i m\u00f6tet med m\u00e4nniskor. Katten beh\u00f6ver v\u00e4njas vid vardagliga ljud, inredning och v\u00e5ra r\u00f6relser. Socialisering i jourhemmet \u00e4r viktigt och vi ser g\u00e4rna att du n\u00e4rmar dig katten via lek eller lockar med godis. <em>Det viktigaste h\u00e4r \u00e4r att all n\u00e4rkontakt sker p\u00e5 kattens villkor.<\/em><\/p>\n\n\n\n<p>Vi s\u00f6ker m\u00e5nga g\u00e5nger jourhem till dr\u00e4ktiga honor eller en kattfamilj. Kattfamiljen beh\u00f6ver d\u00e5 stanna i minst 12-16 veckor hos dig. En dr\u00e4ktig hona beh\u00f6ver ett lugnt hem, g\u00e4rna med tillg\u00e5ng till eget rum eller en separat vr\u00e5. Du m\u00e5ste vara en trygg och stabil person som kan hantera en eventuell kris.<\/p>\n\n\n\n<p><strong>KRAV:<\/strong><\/p>\n\n\n\n<ul class=\"wp-block-list\">\n<li> <strong>Bil eller k\u00f6rkort<\/strong> alternativt n\u00e5gon som kan k\u00f6ra dig och katten till veterin\u00e4r om s\u00e5 beh\u00f6vs.<\/li>\n\n\n\n<li><strong>Katten f\u00e5r absolut inte g\u00e5 ut. <\/strong>D\u00e4rf\u00f6r \u00e4r det viktigt att du ser till att det inte finns n\u00e5gra flyktv\u00e4gar. F\u00f6nster och ytterd\u00f6rrar m\u00e5ste h\u00e5llas st\u00e4ngda, inte ens en glipa \u00f6ppet! Eventuell balkong ska vara noggrant n\u00e4tad.<\/li>\n\n\n\n<li><strong>Om du har egen katt<\/strong> \u00e4r det viktigt att den \u00e4r kastrerad och vaccinerad mot b\u00e5de kattpest och kattsnuva. Det \u00e4r d\u00e5 \u00e4ven viktigt att kunna separera jourhemskatten fr\u00e5n din egen katt, d\u00e4rf\u00f6r beh\u00f6ver jourhemskatten tillg\u00e5ng till eget rum.<\/li>\n\n\n\n<li><strong>Vi \u00e4ger katten. <\/strong>D\u00e4rmed \u00e4r det vi som v\u00e4ljer hem \u00e5t katten och skriver kontrakt vid adoption. Efter kontakt med oss \u00e4r det jourhemmet som h\u00e5ller visning f\u00f6r katten, men det \u00e4r i samr\u00e5d med oss som adoptivhemmet v\u00e4ljs ut.<\/li>\n<\/ul>\n\n\n\n<p><strong>Hur g\u00f6r jag f\u00f6r att bli jourhem?<\/strong><br>\u00c4r du intresserad av att bli jourhem mejla oss p\u00e5&nbsp;<a aria-label=\"Facebooksida.https:\/\/www.facebook.com\/kattfoten.se\/ (\u00f6ppnas i en ny flik)\" href=\"mailto:kattfoten@djurskyddet.se\">kattfoten@djurskyddet.se<\/a>&nbsp;och i mejlet skriver du namn, telefonnummer samt vart du bor. Skriv \u00e4ven en kort beskrivning av dig sj\u00e4lv och om det finns andra husdjur i hemmet. <\/p>\n","protected":false},"excerpt":{"rendered":"<p>Vad inneb\u00e4r det att vara jourhem?Att vara jourhem inneb\u00e4r att du p\u00e5 obest\u00e4md tid tar hand om en eller flera katter i ditt hem. Det kan handla om veckor, m\u00e5nader och upp till ett \u00e5r. Du tar hand om katten som om hen vore din egen. Vi bekostar veterin\u00e4rv\u00e5rd och foder. Du bekostar kattsand. Leksaker och kl\u00f6str\u00e4d brukar du i regel f\u00e5 med dig om inte annat best\u00e4ms. N\u00e4r katten&hellip;<\/p>\n<p><a class=\"more-link\" href=\"https:\/\/www.djurskyddet.se\/kattfotenhalmstad\/stod-oss\/bli-jourhem\/\" title=\"Continue reading &lsquo;Bli jourhem&rsquo;\">L&auml;s mer<span class=\"meta-nav\">&raquo;<\/span><\/a><\/p>\n","protected":false},"author":34,"featured_media":0,"parent":5593,"menu_order":0,"comment_status":"closed","ping_status":"closed","template":"left-sidebar.php","meta":{"_acf_changed":false,"footnotes":""},"class_list":["post-6610","page","type-page","status-publish","hentry"],"acf":[],"_links":{"self":[{"href":"https:\/\/www.djurskyddet.se\/kattfotenhalmstad\/wp-json\/wp\/v2\/pages\/6610","targetHints":{"allow":["GET"]}}],"collection":[{"href":"https:\/\/www.djurskyddet.se\/kattfotenhalmstad\/wp-json\/wp\/v2\/pages"}],"about":[{"href":"https:\/\/www.djurskyddet.se\/kattfotenhalmstad\/wp-json\/wp\/v2\/types\/page"}],"author":[{"embeddable":true,"href":"https:\/\/www.djurskyddet.se\/kattfotenhalmstad\/wp-json\/wp\/v2\/users\/34"}],"replies":[{"embeddable":true,"href":"https:\/\/www.djurskyddet.se\/kattfotenhalmstad\/wp-json\/wp\/v2\/comments?post=6610"}],"version-history":[{"count":42,"href":"https:\/\/www.djurskyddet.se\/kattfotenhalmstad\/wp-json\/wp\/v2\/pages\/6610\/revisions"}],"predecessor-version":[{"id":14317,"href":"https:\/\/www.djurskyddet.se\/kattfotenhalmstad\/wp-json\/wp\/v2\/pages\/6610\/revisions\/14317"}],"up":[{"embeddable":true,"href":"https:\/\/www.djurskyddet.se\/kattfotenhalmstad\/wp-json\/wp\/v2\/pages\/5593"}],"wp:attachment":[{"href":"https:\/\/www.djurskyddet.se\/kattfotenhalmstad\/wp-json\/wp\/v2\/media?parent=6610"}],"curies":[{"name":"wp","href":"https:\/\/api.w.org\/{rel}","templated":true}]}}