{"id":6627,"date":"2019-12-20T10:32:06","date_gmt":"2019-12-20T10:32:06","guid":{"rendered":"https:\/\/www.djurskyddet.se\/kattfotenhalmstad\/?page_id=6627"},"modified":"2023-02-07T12:12:35","modified_gmt":"2023-02-07T12:12:35","slug":"vara-katter","status":"publish","type":"page","link":"https:\/\/www.djurskyddet.se\/kattfotenhalmstad\/vara-katter\/","title":{"rendered":"Katterna"},"content":{"rendered":"\n<p>Innan katten adopteras ut vill vi s\u00e5klart l\u00e4ra k\u00e4nna dig. Detta g\u00f6rs via telefonsamtal och privat visning. Vid intresse av en adoption fyller du i en intresseanm\u00e4lan och den hittar du<a rel=\"noreferrer noopener\" href=\"https:\/\/www.djurskyddet.se\/kattfotenhalmstad\/intresseanmalan\/\" target=\"_blank\">&nbsp;H\u00c4R<\/a>. Efter att intresseanm\u00e4lan \u00e4r inskickad till oss \u00e5terkopplar vi genom ett telefonsamtal, d\u00e5 g\u00e5r vi igenom din intresseanm\u00e4lan och kan d\u00e4refter boka tid f\u00f6r visning. Svarar du inte n\u00e4r vi ringer pratar vi alltid in ett meddelande. Du kommer \u00e4ven f\u00e5 ett bekr\u00e4ftelsemejl p\u00e5 anm\u00e4lan, hittar du inte den i inkorgen s\u00e5 kan den hamnat i skr\u00e4pposten.<\/p>\n\n\n\n<p>Det \u00e4r viktigt att du kommer och h\u00e4lsar p\u00e5 katten innan adoption ens blir m\u00f6jligt, personkemi \u00e4r lika viktigt mellan katt-m\u00e4nniska som m\u00e4nniska-m\u00e4nniska. Det ska k\u00e4nnas r\u00e4tt f\u00f6r b\u00e5da parter. <strong>T\u00e4nk p\u00e5 att det ibland kan beh\u00f6va g\u00f6ras flera bes\u00f6k f\u00f6r att det ska k\u00e4nnas r\u00e4tt f\u00f6r b\u00e5de dig som vill adoptera och f\u00f6r katten<\/strong>.<\/p>\n\n\n\n<p>Att adoptera en katt fr\u00e5n oss inneb\u00e4r att du g\u00f6r en god g\u00e4rning.&nbsp;M\u00e5nga katter som kommer till oss har f\u00e5tt en andra chans i livet. Vi ser till att kastrera, vaccinera, Id-m\u00e4rka och avmaska katterna samt ser till att de g\u00e5r igenom en veterin\u00e4rsunders\u00f6kning.&nbsp;N\u00e4r ni adopterar katt fr\u00e5n oss, s\u00e5 skriver vi kontrakt som ni m\u00e5ste l\u00e4sa igenom noggrant. Vi har en del regler och krav.&nbsp;Om du mot f\u00f6rmodan beh\u00f6ver omplacera din adopterade katt ska det alltid ske i samr\u00e5d med Kattfotens katthem.<\/p>\n","protected":false},"excerpt":{"rendered":"<p>Innan katten adopteras ut vill vi s\u00e5klart l\u00e4ra k\u00e4nna dig. Detta g\u00f6rs via telefonsamtal och privat visning. Vid intresse av en adoption fyller du i en intresseanm\u00e4lan och den hittar du&nbsp;H\u00c4R. Efter att intresseanm\u00e4lan \u00e4r inskickad till oss \u00e5terkopplar vi genom ett telefonsamtal, d\u00e5 g\u00e5r vi igenom din intresseanm\u00e4lan och kan d\u00e4refter boka tid f\u00f6r visning. Svarar du inte n\u00e4r vi ringer pratar vi alltid in ett meddelande. Du kommer&hellip;<\/p>\n<p><a class=\"more-link\" href=\"https:\/\/www.djurskyddet.se\/kattfotenhalmstad\/vara-katter\/\" title=\"Continue reading &lsquo;Katterna&rsquo;\">L&auml;s mer<span class=\"meta-nav\">&raquo;<\/span><\/a><\/p>\n","protected":false},"author":34,"featured_media":0,"parent":0,"menu_order":0,"comment_status":"closed","ping_status":"closed","template":"left-sidebar.php","meta":{"_acf_changed":false,"footnotes":""},"class_list":["post-6627","page","type-page","status-publish","hentry"],"acf":[],"_links":{"self":[{"href":"https:\/\/www.djurskyddet.se\/kattfotenhalmstad\/wp-json\/wp\/v2\/pages\/6627","targetHints":{"allow":["GET"]}}],"collection":[{"href":"https:\/\/www.djurskyddet.se\/kattfotenhalmstad\/wp-json\/wp\/v2\/pages"}],"about":[{"href":"https:\/\/www.djurskyddet.se\/kattfotenhalmstad\/wp-json\/wp\/v2\/types\/page"}],"author":[{"embeddable":true,"href":"https:\/\/www.djurskyddet.se\/kattfotenhalmstad\/wp-json\/wp\/v2\/users\/34"}],"replies":[{"embeddable":true,"href":"https:\/\/www.djurskyddet.se\/kattfotenhalmstad\/wp-json\/wp\/v2\/comments?post=6627"}],"version-history":[{"count":24,"href":"https:\/\/www.djurskyddet.se\/kattfotenhalmstad\/wp-json\/wp\/v2\/pages\/6627\/revisions"}],"predecessor-version":[{"id":14017,"href":"https:\/\/www.djurskyddet.se\/kattfotenhalmstad\/wp-json\/wp\/v2\/pages\/6627\/revisions\/14017"}],"wp:attachment":[{"href":"https:\/\/www.djurskyddet.se\/kattfotenhalmstad\/wp-json\/wp\/v2\/media?parent=6627"}],"curies":[{"name":"wp","href":"https:\/\/api.w.org\/{rel}","templated":true}]}}