{"id":6638,"date":"2019-12-20T11:38:41","date_gmt":"2019-12-20T11:38:41","guid":{"rendered":"https:\/\/www.djurskyddet.se\/kattfotenhalmstad\/?page_id=6638"},"modified":"2026-01-08T12:29:42","modified_gmt":"2026-01-08T12:29:42","slug":"om-adoption-vuxen-katt","status":"publish","type":"page","link":"https:\/\/www.djurskyddet.se\/kattfotenhalmstad\/vara-katter\/om-adoption-vuxen-katt\/","title":{"rendered":"Att adoptera"},"content":{"rendered":"\n<h3 class=\"wp-block-heading\"><strong>Hur g\u00e5r det till?<\/strong><\/h3>\n\n\n\n<p class=\"has-text-align-left\">M\u00e5nga av v\u00e5ra katter har en tuff livshistoria i bagaget. D\u00e4rf\u00f6r \u00e4r det extra viktigt att hitta k\u00e4rleksfulla och trygga hem som passar just dem. V\u00e5rt m\u00e5l \u00e4r alltid att de ska f\u00e5 stanna i sitt nya hem f\u00f6r resten av sitt liv.<\/p>\n\n\n\n<p><strong>Intresseanm\u00e4lan och kattvisning<\/strong><br>Innan katten adopteras ut vill vi s\u00e5klart l\u00e4ra k\u00e4nna dig. Detta g\u00f6rs via telefonsamtal och privat visning p\u00e5 katthemmet. F\u00f6r att kunna boka tid f\u00f6r kattvisning beh\u00f6ver du fylla i en intresseanm\u00e4lan och den hittar du&nbsp;<a rel=\"noreferrer noopener\" href=\"https:\/\/www.djurskyddet.se\/kattfotenhalmstad\/intresseanmalan\/\" target=\"_blank\">H\u00c4R<\/a>. Efter att intresseanm\u00e4lan \u00e4r inskickad till oss kommer vi att \u00e5terkomma s\u00e5 snart vi har m\u00f6jlighet. Det \u00e4r vanligt att vi \u00e5terkommer via ett telefonsamtal, d\u00e5 g\u00e5r vi igenom din intresseanm\u00e4lan och kan d\u00e4refter boka tid f\u00f6r visning. Vi jobbat h\u00e5rt f\u00f6r att matcha r\u00e4tt katt med r\u00e4tt person och d\u00e4rf\u00f6r st\u00e4ller vi m\u00e5nga fr\u00e5gor vid f\u00f6rsta kontakten. Det ska k\u00e4nnas r\u00e4tt f\u00f6r b\u00e5de dig och katten.<\/p>\n\n\n\n<p><strong>Veterin\u00e4runders\u00f6kning<\/strong><br>N\u00e4r en katt kommer till oss genomg\u00e5r den snarast m\u00f6jligt en veterin\u00e4runders\u00f6kning. I samband med bes\u00f6ket blir katten kastrerad, vaccinerad och ID-m\u00e4rkt. Skulle katten b\u00e4ra p\u00e5 smittor eller parasiter kommer vi behandla mot detta. Vi g\u00f6r allt f\u00f6r att katten ska vara fullt frisk vid flytt.<\/p>\n\n\n\n<p><strong>Kattungar<\/strong><br>En kattunge \u00e4r klar f\u00f6r adoption n\u00e4r hen \u00e4r ynka 12 veckor gammal. Hela sitt liv fram tills nu har kattungen bott tillsammans med sin mamma och sina kullsyskon. Vi adopterar inte ut kattungar till hem d\u00e4r de f\u00e5r leva som ensamkatter d\u00e5 deras sociala behov m\u00e5ste tillgodoses. F\u00f6r att kunna utvecklas och m\u00e5 bra kr\u00e4ver alla kattungar tidig socialisering. Socialisering \u00e4r den process genom vilken kattungar (och alla andra d\u00e4ggdjur) l\u00e4r sig att interagera med andra i sin milj\u00f6. F\u00f6r kattungar kr\u00e4ver socialisering positiva interaktioner med bland annat andra katter.&nbsp; En kattunge beh\u00f6ver allts\u00e5 en god f\u00f6rebild n\u00e4ra vid sin sida och d\u00e4rf\u00f6r adopterar vi inte ut kattungar som ensamkatter. De adopteras ihop med ett syskon\/en kompis eller hem till en ny kattkompis.<br><br>Har du en seniorkatt hemma som du tycker beh\u00f6ver s\u00e4llskap? Ett vanligt misstag \u00e4r att direkt t\u00e4nka \u201c<em>KATTUNGE!<\/em>\u201d eftersom den \u00e4ldre katten \u201c<em>l\u00e4ttare kommer acceptera en yngre katt<\/em>\u201d. T\u00e4nk p\u00e5 din seniorkatt som en 90-\u00e5rig tant som bor hos dig. \u00c4r det rimligt att l\u00e4mna en 5-\u00e5ring hos denne som s\u00e4llskap? Kommer tanten orka med ett barn som kl\u00e4nger, st\u00f6r s\u00f6mnrytmen och som vill leka hela dagen l\u00e5ng? \u00d6verv\u00e4g att k\u00f6pa en katt \u00f6ver 5 \u00e5r ist\u00e4llet. D\u00e5 \u00e4r har katten blivit vuxen och din senior h\u00e5ller tempot b\u00e4ttre. <\/p>\n\n\n\n<h3 class=\"wp-block-heading\"><strong>Har jag tid och r\u00e5d?<\/strong><\/h3>\n\n\n\n<p><strong>Adoptionsavtal och adoptionskostnad<\/strong><br>Vid varje adoption skrivs ett adoptionsavtal. I avtalet finns uppgifter om katten samt vilka villkor som g\u00e4ller. Vid k\u00f6p av kattunge ska det nya hemmet boka tid f\u00f6r kastrering, vaccinering och id-m\u00e4rkning.<\/p>\n\n\n\n<ul class=\"wp-block-list\">\n<li>En vuxen honkatt kostar 1800 kronor och \u00e4r kastrerad, vaccinerad och ID-m\u00e4rkt.<\/li>\n\n\n\n<li>En vuxen hankatt kostar 1600 kronor och \u00e4r kastrerad, vaccinerad och ID-m\u00e4rkt.<\/li>\n\n\n\n<li>En kattunge med f\u00f6rsta och andra vaccinationen kostar 1000 kronor (med chip-m\u00e4rkning l\u00e4gg till 400 kronor).<\/li>\n\n\n\n<li>En kattunge med f\u00f6rsta vaccinationen kostar 800 kronor (med chip-m\u00e4rkning l\u00e4gg till 400 kronor).<\/li>\n\n\n\n<li>Vid k\u00f6p av tv\u00e5 kattungar kostar den ena halva priset.<\/li>\n<\/ul>\n\n\n\n<p><strong>Tid och kostnader f\u00f6r 20 \u00e5r fram\u00e5t<\/strong><br>En katt lever i snitt 20 \u00e5r. N\u00e4r du k\u00f6pt en katt \u00e4r det du som \u00e4r ansvarig f\u00f6r att dessa 20 \u00e5r blir bra f\u00f6r katten! Hur ser dina framtidsplaner ut? Vad h\u00e4nder med katten om du vill flytta eller resa? <br> <br>Att bli l\u00e4mnad ensam 8 timmar om dagen \u00e4r inte r\u00e4ttvist f\u00f6r katten. Arbetar du mycket \u00e4r det rekommenderat att adoptera tv\u00e5 stycken som \u00e4r trygga och har s\u00e4llskap av varandra.<\/p>\n\n\n\n<p>Det finns inget s\u00e4tt att undkomma kostnader &#8211; att ha katt det kostar pengar. Flertalet m\u00e4nniskor har ingen koll p\u00e5 vad en katt kostar. Alla katter beh\u00f6ver givetvis en kattl\u00e5da med spade samt mat- och vattensk\u00e5lar. Ut\u00f6ver det tillkommer kostnader som bl\u00f6tfoder, torrfoder och kattsand. Har du r\u00e5d att betala specialkost om det skulle kr\u00e4vas? Skulle din katt bli sjuk kan ett veterin\u00e4rbes\u00f6k fort bli dyrt. Du beh\u00f6ver ha en f\u00f6rs\u00e4kring och g\u00e4rna en buffert f\u00f6r of\u00f6rutsedda h\u00e4ndelser. \u00c4ven innekatter kan drabbas av oh\u00e4lsa s\u00e5 som f\u00f6rgiftning, diabetes, urinsten etc.  <\/p>\n\n\n\n<p><strong>F\u00f6rs\u00e4kring<\/strong><br>Vi rekommenderar starkt att du f\u00f6rs\u00e4krar din katt. Det g\u00e5r att f\u00f6rs\u00e4kra katten via <a href=\"https:\/\/www.agria.se\/katt\/kattforsakring\/\">Agria<\/a>, <a href=\"https:\/\/www.if.se\/privat\/forsakringar\/djurforsakring\/kattforsakring\">If<\/a>, <a href=\"https:\/\/www.folksam.se\/forsakringar\/kattforsakring\">Folksam<\/a>, <a href=\"https:\/\/www.sveland.se\/katt\/\">Sveland<\/a>, <a href=\"https:\/\/www.trygghansa.se\/forsakringar\/djurforsakringar\/kattforsakring\">Trygg-Hansa<\/a>, <a href=\"https:\/\/www.hedvig.com\/se\/forsakringar\/kattforsakring\">Hedvig <\/a>och m\u00e5nga fler.<\/p>\n\n\n\n<h4 class=\"wp-block-heading\"><strong>Det nya hemmet<\/strong><\/h4>\n\n\n\n<p><strong>Utekatt<\/strong><br>\u00d6nskar du en utekatt vill vi att du skriver det i din intresseanm\u00e4lan till oss. Alla katter passar inte att g\u00e5 ut och vi bed\u00f6mer katterna individuellt. V\u00e5ra katter ska bo inomhus i minst 1 m\u00e5nad innan utevistelse, g\u00e4rna tv\u00e5 m\u00e5nader. Katten beh\u00f6ver ett par veckor p\u00e5 sig inomhus f\u00f6r att l\u00e4ra sig hur sitt nya hem luktar och ser ut. Katter som g\u00e5r ute uts\u00e4tts f\u00f6r st\u00f6rre risker. T\u00e4nk g\u00e4rna igenom hur dina f\u00f6ruts\u00e4ttningar f\u00f6r en utekatt ser ut. Bor du inne i stan eller intill en stor v\u00e4g \u00e4r det inte l\u00e4mpligt att ha en utekatt. Vi rekommenderar inte utevistelse i koppel d\u00e5 det \u00e4r vanligt katter kravlar ur kopplet och rymmer. Utevistelse p\u00e5 balkong g\u00e5r bra men d\u00e5 beh\u00f6ver balkongen vara n\u00e4tad.<\/p>\n\n\n\n<p><strong>N\u00e4r katten anl\u00e4nder<\/strong><br>Nu har du f\u00e5tt hem din efterl\u00e4ngtade kompis. Se med f\u00f6rdel till att det \u00e4r lugnt runt omkring katten n\u00e4r du sl\u00e4pper ut den ur sin transportbur. Ett nytt hus eller en ny l\u00e4genhet \u00e4r mycket outforskad mark f\u00f6r en katt, s\u00e5 begr\u00e4nsa ytan till ett rum eller tv\u00e5 de f\u00f6rsta dagarna. Det g\u00f6r att katten f\u00e5r m\u00f6jlighet att l\u00e4ra k\u00e4nna dofter, ljud och yta. <\/p>\n\n\n\n<p>Visa katten vart kattl\u00e5dan finns och bestraffa aldrig en olycka utanf\u00f6r l\u00e5dan. Visa vart matsk\u00e5larna st\u00e5r och locka g\u00e4rna fram katten med bus och kel. Undvik att b\u00e4ra runt p\u00e5 katten f\u00f6r mycket. Det \u00e4r viktigt att katten sj\u00e4lv f\u00e5r g\u00e5 omkring och nosa. Spendera den f\u00f6rsta tiden i lugn och ro med din katt genom att begr\u00e4nsa antalet bes\u00f6kare. Kom ih\u00e5g! En trygg katt blir en tillgiven katt! <\/p>\n","protected":false},"excerpt":{"rendered":"<p>Hur g\u00e5r det till? M\u00e5nga av v\u00e5ra katter har en tuff livshistoria i bagaget. D\u00e4rf\u00f6r \u00e4r det extra viktigt att hitta k\u00e4rleksfulla och trygga hem som passar just dem. V\u00e5rt m\u00e5l \u00e4r alltid att de ska f\u00e5 stanna i sitt nya hem f\u00f6r resten av sitt liv. Intresseanm\u00e4lan och kattvisningInnan katten adopteras ut vill vi s\u00e5klart l\u00e4ra k\u00e4nna dig. Detta g\u00f6rs via telefonsamtal och privat visning p\u00e5 katthemmet. F\u00f6r att&hellip;<\/p>\n<p><a class=\"more-link\" href=\"https:\/\/www.djurskyddet.se\/kattfotenhalmstad\/vara-katter\/om-adoption-vuxen-katt\/\" title=\"Continue reading &lsquo;Att adoptera&rsquo;\">L&auml;s mer<span class=\"meta-nav\">&raquo;<\/span><\/a><\/p>\n","protected":false},"author":34,"featured_media":8361,"parent":6627,"menu_order":0,"comment_status":"closed","ping_status":"closed","template":"left-sidebar.php","meta":{"_acf_changed":false,"footnotes":""},"class_list":["post-6638","page","type-page","status-publish","has-post-thumbnail","hentry"],"acf":[],"_links":{"self":[{"href":"https:\/\/www.djurskyddet.se\/kattfotenhalmstad\/wp-json\/wp\/v2\/pages\/6638","targetHints":{"allow":["GET"]}}],"collection":[{"href":"https:\/\/www.djurskyddet.se\/kattfotenhalmstad\/wp-json\/wp\/v2\/pages"}],"about":[{"href":"https:\/\/www.djurskyddet.se\/kattfotenhalmstad\/wp-json\/wp\/v2\/types\/page"}],"author":[{"embeddable":true,"href":"https:\/\/www.djurskyddet.se\/kattfotenhalmstad\/wp-json\/wp\/v2\/users\/34"}],"replies":[{"embeddable":true,"href":"https:\/\/www.djurskyddet.se\/kattfotenhalmstad\/wp-json\/wp\/v2\/comments?post=6638"}],"version-history":[{"count":27,"href":"https:\/\/www.djurskyddet.se\/kattfotenhalmstad\/wp-json\/wp\/v2\/pages\/6638\/revisions"}],"predecessor-version":[{"id":15544,"href":"https:\/\/www.djurskyddet.se\/kattfotenhalmstad\/wp-json\/wp\/v2\/pages\/6638\/revisions\/15544"}],"up":[{"embeddable":true,"href":"https:\/\/www.djurskyddet.se\/kattfotenhalmstad\/wp-json\/wp\/v2\/pages\/6627"}],"wp:featuredmedia":[{"embeddable":true,"href":"https:\/\/www.djurskyddet.se\/kattfotenhalmstad\/wp-json\/wp\/v2\/media\/8361"}],"wp:attachment":[{"href":"https:\/\/www.djurskyddet.se\/kattfotenhalmstad\/wp-json\/wp\/v2\/media?parent=6638"}],"curies":[{"name":"wp","href":"https:\/\/api.w.org\/{rel}","templated":true}]}}