{"id":6644,"date":"2019-12-20T11:46:36","date_gmt":"2019-12-20T11:46:36","guid":{"rendered":"https:\/\/www.djurskyddet.se\/kattfotenhalmstad\/?page_id=6644"},"modified":"2020-04-15T19:57:51","modified_gmt":"2020-04-15T19:57:51","slug":"omplaceringar","status":"publish","type":"page","link":"https:\/\/www.djurskyddet.se\/kattfotenhalmstad\/vara-katter\/omplaceringar\/","title":{"rendered":"Omplaceringar"},"content":{"rendered":"\n<p><strong>Vi prioriterar alltid heml\u00f6sa katter i n\u00f6d. Endast i m\u00e5n av plats tar vi emot omplaceringskatter.<\/strong> <\/p>\n\n\n\n<p>Skicka din f\u00f6rfr\u00e5gan till&nbsp;<a href=\"mailto:kattfoten@djurskyddet.se\">kattfoten@djurskyddet.se<\/a><\/p>\n\n\n\n<p>L\u00e4mna f\u00f6ljande information om katten: \u00e5lder, kastrerad, vaccinerad, f\u00f6rs\u00e4krad, ID-m\u00e4rkt, inne- eller utekatt, eventuella sjukdomar, van vid andra katter, hund, barn med mera. Skicka \u00e4ven bild och en personlig beskrivning av katten.<\/p>\n\n\n\n<p>All denna information \u00e4r viktig f\u00f6r oss f\u00f6r att vi ska kunna passa ihop din katt med n\u00e5gon som vi vet s\u00f6ker en katt.<\/p>\n","protected":false},"excerpt":{"rendered":"<p>Vi prioriterar alltid heml\u00f6sa katter i n\u00f6d. Endast i m\u00e5n av plats tar vi emot omplaceringskatter. Skicka din f\u00f6rfr\u00e5gan till&nbsp;kattfoten@djurskyddet.se L\u00e4mna f\u00f6ljande information om katten: \u00e5lder, kastrerad, vaccinerad, f\u00f6rs\u00e4krad, ID-m\u00e4rkt, inne- eller utekatt, eventuella sjukdomar, van vid andra katter, hund, barn med mera. Skicka \u00e4ven bild och en personlig beskrivning av katten. All denna information \u00e4r viktig f\u00f6r oss f\u00f6r att vi ska kunna passa ihop din katt med n\u00e5gon&hellip;<\/p>\n<p><a class=\"more-link\" href=\"https:\/\/www.djurskyddet.se\/kattfotenhalmstad\/vara-katter\/omplaceringar\/\" title=\"Continue reading &lsquo;Omplaceringar&rsquo;\">L&auml;s mer<span class=\"meta-nav\">&raquo;<\/span><\/a><\/p>\n","protected":false},"author":34,"featured_media":0,"parent":6627,"menu_order":0,"comment_status":"closed","ping_status":"closed","template":"left-sidebar.php","meta":{"_acf_changed":false,"footnotes":""},"class_list":["post-6644","page","type-page","status-publish","hentry"],"acf":[],"_links":{"self":[{"href":"https:\/\/www.djurskyddet.se\/kattfotenhalmstad\/wp-json\/wp\/v2\/pages\/6644","targetHints":{"allow":["GET"]}}],"collection":[{"href":"https:\/\/www.djurskyddet.se\/kattfotenhalmstad\/wp-json\/wp\/v2\/pages"}],"about":[{"href":"https:\/\/www.djurskyddet.se\/kattfotenhalmstad\/wp-json\/wp\/v2\/types\/page"}],"author":[{"embeddable":true,"href":"https:\/\/www.djurskyddet.se\/kattfotenhalmstad\/wp-json\/wp\/v2\/users\/34"}],"replies":[{"embeddable":true,"href":"https:\/\/www.djurskyddet.se\/kattfotenhalmstad\/wp-json\/wp\/v2\/comments?post=6644"}],"version-history":[{"count":6,"href":"https:\/\/www.djurskyddet.se\/kattfotenhalmstad\/wp-json\/wp\/v2\/pages\/6644\/revisions"}],"predecessor-version":[{"id":9287,"href":"https:\/\/www.djurskyddet.se\/kattfotenhalmstad\/wp-json\/wp\/v2\/pages\/6644\/revisions\/9287"}],"up":[{"embeddable":true,"href":"https:\/\/www.djurskyddet.se\/kattfotenhalmstad\/wp-json\/wp\/v2\/pages\/6627"}],"wp:attachment":[{"href":"https:\/\/www.djurskyddet.se\/kattfotenhalmstad\/wp-json\/wp\/v2\/media?parent=6644"}],"curies":[{"name":"wp","href":"https:\/\/api.w.org\/{rel}","templated":true}]}}