{"id":6741,"date":"2019-12-21T08:51:56","date_gmt":"2019-12-21T08:51:56","guid":{"rendered":"https:\/\/www.djurskyddet.se\/kattfotenhalmstad\/?page_id=6741"},"modified":"2020-07-18T21:10:43","modified_gmt":"2020-07-18T21:10:43","slug":"policy-volontar","status":"publish","type":"page","link":"https:\/\/www.djurskyddet.se\/kattfotenhalmstad\/stod-oss\/bli-volontar\/policy-volontar\/","title":{"rendered":"Policy &#8211; volont\u00e4r"},"content":{"rendered":"\n<h4 class=\"wp-block-heading\"><strong>V\u00e5r ideologi och v\u00e4rdegrund<\/strong>&nbsp;<\/h4>\n\n\n\n<p><strong>Djurskyddet\u00a0Kattfotens katthems\u00a0vision\u00a0\u00e4r ett samh\u00e4lle d\u00e4r m\u00e4nniskor visar respekt och medk\u00e4nsla f\u00f6r alla djur. Vi vill betona vikten av:\u00a0<\/strong><\/p>\n\n\n\n<ul class=\"wp-block-list\"><li>F\u00f6rst\u00e5else och kunskap om olika arters levnadss\u00e4tt, beteenden och behov.&nbsp;<\/li><li>F\u00f6rm\u00e5ga att se till de enskilda individerna i en djurgrupp.<\/li><li>F\u00f6rm\u00e5ga till inlevelse och medk\u00e4nsla f\u00f6r alla levande varelser.<\/li><li>Alla djurs egenv\u00e4rde.&nbsp;<\/li><li>Att djur erk\u00e4nns som k\u00e4nnande varelser.<\/li><\/ul>\n\n\n\n<p><em><strong>F\u00f6r en mer\u00a0ing\u00e5ende\u00a0beskrivning av vad Djurskyddet Kattfotens katthem arbetar efter l\u00e4s h\u00e4r &#8211; <a href=\"https:\/\/www.djurskyddet.se\/wp-content\/uploads\/2018\/09\/Principprogram_Djurskyddet-Sverige_2018.pdf\">Principprogram f\u00f6r Djurskyddet Sverige<\/a><\/strong><\/em> <\/p>\n\n\n\n<p>Djurskyddet Kattfotens katthem \u00e4r partipolitiskt och religi\u00f6st obunden. Vi ser alla m\u00e4nniskors lika v\u00e4rde och har\u00a0nolltolerans\u00a0mot mobbning.\u00a0\u00a0<\/p>\n\n\n\n<p><strong>Introduktion<\/strong>&nbsp;<br>F\u00f6rsta dagen som volont\u00e4r kommer du att g\u00e5 bredvid n\u00e5gon som \u00e4r erfaren och kan visa dig v\u00e5ra rutiner. D\u00e5 ges du \u00e4ven m\u00f6jlighet i att st\u00e4lla fr\u00e5gor. <\/p>\n\n\n\n<p><strong>Rekrytering&nbsp;<\/strong><br>All hantering av volont\u00e4rer och rekrytering av nya volont\u00e4rer sker av arbetsgruppen. Arbetsgruppen rekryterar volont\u00e4rer utefter behov och uppdrag. Volont\u00e4rer i f\u00f6reningen f\u00e5r g\u00e4rna komma med f\u00f6rslag p\u00e5 personer som \u00e4r intresserade av att engagera sig i f\u00f6reningen.<\/p>\n\n\n\n<p><strong>Tystnadsl\u00f6fte<\/strong>&nbsp;<br>Kan g\u00e4lla inom enskilda uppdrag och d\u00e5 kommer aktuella volont\u00e4rer informeras.&nbsp;Som volont\u00e4r skriver du p\u00e5 ett papper ang\u00e5ende sekretess. <\/p>\n\n\n\n<p><strong>Utgiftsers\u00e4ttning<\/strong>&nbsp;<br>Volont\u00e4rer i f\u00f6reningen arbetar helt ideellt och ingen ers\u00e4ttning f\u00f6r arbetet utg\u00e5r. <\/p>\n","protected":false},"excerpt":{"rendered":"<p>V\u00e5r ideologi och v\u00e4rdegrund&nbsp; Djurskyddet\u00a0Kattfotens katthems\u00a0vision\u00a0\u00e4r ett samh\u00e4lle d\u00e4r m\u00e4nniskor visar respekt och medk\u00e4nsla f\u00f6r alla djur. Vi vill betona vikten av:\u00a0 F\u00f6rst\u00e5else och kunskap om olika arters levnadss\u00e4tt, beteenden och behov.&nbsp; F\u00f6rm\u00e5ga att se till de enskilda individerna i en djurgrupp. F\u00f6rm\u00e5ga till inlevelse och medk\u00e4nsla f\u00f6r alla levande varelser. Alla djurs egenv\u00e4rde.&nbsp; Att djur erk\u00e4nns som k\u00e4nnande varelser. F\u00f6r en mer\u00a0ing\u00e5ende\u00a0beskrivning av vad Djurskyddet Kattfotens katthem arbetar efter&hellip;<\/p>\n<p><a class=\"more-link\" href=\"https:\/\/www.djurskyddet.se\/kattfotenhalmstad\/stod-oss\/bli-volontar\/policy-volontar\/\" title=\"Continue reading &lsquo;Policy &#8211; volont\u00e4r&rsquo;\">L&auml;s mer<span class=\"meta-nav\">&raquo;<\/span><\/a><\/p>\n","protected":false},"author":34,"featured_media":0,"parent":6602,"menu_order":0,"comment_status":"closed","ping_status":"closed","template":"left-sidebar.php","meta":{"_acf_changed":false,"footnotes":""},"class_list":["post-6741","page","type-page","status-publish","hentry"],"acf":[],"_links":{"self":[{"href":"https:\/\/www.djurskyddet.se\/kattfotenhalmstad\/wp-json\/wp\/v2\/pages\/6741","targetHints":{"allow":["GET"]}}],"collection":[{"href":"https:\/\/www.djurskyddet.se\/kattfotenhalmstad\/wp-json\/wp\/v2\/pages"}],"about":[{"href":"https:\/\/www.djurskyddet.se\/kattfotenhalmstad\/wp-json\/wp\/v2\/types\/page"}],"author":[{"embeddable":true,"href":"https:\/\/www.djurskyddet.se\/kattfotenhalmstad\/wp-json\/wp\/v2\/users\/34"}],"replies":[{"embeddable":true,"href":"https:\/\/www.djurskyddet.se\/kattfotenhalmstad\/wp-json\/wp\/v2\/comments?post=6741"}],"version-history":[{"count":13,"href":"https:\/\/www.djurskyddet.se\/kattfotenhalmstad\/wp-json\/wp\/v2\/pages\/6741\/revisions"}],"predecessor-version":[{"id":10411,"href":"https:\/\/www.djurskyddet.se\/kattfotenhalmstad\/wp-json\/wp\/v2\/pages\/6741\/revisions\/10411"}],"up":[{"embeddable":true,"href":"https:\/\/www.djurskyddet.se\/kattfotenhalmstad\/wp-json\/wp\/v2\/pages\/6602"}],"wp:attachment":[{"href":"https:\/\/www.djurskyddet.se\/kattfotenhalmstad\/wp-json\/wp\/v2\/media?parent=6741"}],"curies":[{"name":"wp","href":"https:\/\/api.w.org\/{rel}","templated":true}]}}