{"id":6834,"date":"2019-12-24T07:33:37","date_gmt":"2019-12-24T07:33:37","guid":{"rendered":"https:\/\/www.djurskyddet.se\/kattfotenhalmstad\/?page_id=6834"},"modified":"2020-07-18T21:27:15","modified_gmt":"2020-07-18T21:27:15","slug":"gdpr","status":"publish","type":"page","link":"https:\/\/www.djurskyddet.se\/kattfotenhalmstad\/gdpr\/","title":{"rendered":"GDPR"},"content":{"rendered":"\n<p>Dataskyddsf\u00f6rordningen (GDPR, The General Data Protection Regulation) g\u00e4ller i hela EU och har till syfte att skapa en enhetlig och likv\u00e4rdig niv\u00e5 f\u00f6r skyddet av personuppgifter s\u00e5 att det fria fl\u00f6det av uppgifter inom Europa inte hindras.\u00a0Mycket i dataskyddsf\u00f6rordningen liknar de regler som fanns i personuppgiftslagen.\u00a0L\u00e4s mer h\u00e4r:  <a href=\"https:\/\/www.datainspektionen.se\/lagar--regler\/dataskyddsforordningen\/\">https:\/\/www.datainspektionen.se\/lagar&#8211;regler\/dataskyddsforordningen\/<\/a> <br><br><strong>Dina uppgifter<\/strong><br>Djurskyddet Kattfotens katthem sparar aldrig dina uppgifter l\u00e4ngre \u00e4n vi beh\u00f6ver dem, anv\u00e4nder dem enbart till det vi informerar er om och ger dem inte vidare till tredje part. Vi f\u00f6ljer ocks\u00e5\u00a0<a href=\"https:\/\/www.djurskyddet.se\/integritetspolicy\/\">Djurskyddet Sveriges integritetspolicy.<\/a><\/p>\n","protected":false},"excerpt":{"rendered":"<p>Dataskyddsf\u00f6rordningen (GDPR, The General Data Protection Regulation) g\u00e4ller i hela EU och har till syfte att skapa en enhetlig och likv\u00e4rdig niv\u00e5 f\u00f6r skyddet av personuppgifter s\u00e5 att det fria fl\u00f6det av uppgifter inom Europa inte hindras.\u00a0Mycket i dataskyddsf\u00f6rordningen liknar de regler som fanns i personuppgiftslagen.\u00a0L\u00e4s mer h\u00e4r: https:\/\/www.datainspektionen.se\/lagar&#8211;regler\/dataskyddsforordningen\/ Dina uppgifterDjurskyddet Kattfotens katthem sparar aldrig dina uppgifter l\u00e4ngre \u00e4n vi beh\u00f6ver dem, anv\u00e4nder dem enbart till det vi informerar er&hellip;<\/p>\n<p><a class=\"more-link\" href=\"https:\/\/www.djurskyddet.se\/kattfotenhalmstad\/gdpr\/\" title=\"Continue reading &lsquo;GDPR&rsquo;\">L&auml;s mer<span class=\"meta-nav\">&raquo;<\/span><\/a><\/p>\n","protected":false},"author":34,"featured_media":0,"parent":0,"menu_order":0,"comment_status":"closed","ping_status":"closed","template":"left-sidebar.php","meta":{"_acf_changed":false,"footnotes":""},"class_list":["post-6834","page","type-page","status-publish","hentry"],"acf":[],"_links":{"self":[{"href":"https:\/\/www.djurskyddet.se\/kattfotenhalmstad\/wp-json\/wp\/v2\/pages\/6834","targetHints":{"allow":["GET"]}}],"collection":[{"href":"https:\/\/www.djurskyddet.se\/kattfotenhalmstad\/wp-json\/wp\/v2\/pages"}],"about":[{"href":"https:\/\/www.djurskyddet.se\/kattfotenhalmstad\/wp-json\/wp\/v2\/types\/page"}],"author":[{"embeddable":true,"href":"https:\/\/www.djurskyddet.se\/kattfotenhalmstad\/wp-json\/wp\/v2\/users\/34"}],"replies":[{"embeddable":true,"href":"https:\/\/www.djurskyddet.se\/kattfotenhalmstad\/wp-json\/wp\/v2\/comments?post=6834"}],"version-history":[{"count":9,"href":"https:\/\/www.djurskyddet.se\/kattfotenhalmstad\/wp-json\/wp\/v2\/pages\/6834\/revisions"}],"predecessor-version":[{"id":10422,"href":"https:\/\/www.djurskyddet.se\/kattfotenhalmstad\/wp-json\/wp\/v2\/pages\/6834\/revisions\/10422"}],"wp:attachment":[{"href":"https:\/\/www.djurskyddet.se\/kattfotenhalmstad\/wp-json\/wp\/v2\/media?parent=6834"}],"curies":[{"name":"wp","href":"https:\/\/api.w.org\/{rel}","templated":true}]}}