{"id":6960,"date":"2019-12-26T09:28:40","date_gmt":"2019-12-26T09:28:40","guid":{"rendered":"https:\/\/www.djurskyddet.se\/kattfotenhalmstad\/?page_id=6960"},"modified":"2020-02-27T17:22:51","modified_gmt":"2020-02-27T17:22:51","slug":"tips-rad","status":"publish","type":"page","link":"https:\/\/www.djurskyddet.se\/kattfotenhalmstad\/tips-rad\/","title":{"rendered":"Tips och r\u00e5d"},"content":{"rendered":"\n<p>Katter \u00e4r ur alla synpunkter underbara djur och familjemedlemmar. Med en katt i familjen kommer ocks\u00e5 ansvarstagande. Det h\u00e4nder hela tiden saker inom veterin\u00e4rv\u00e5rd, lagstiftning och fodertillverkning vilket kan vara sv\u00e5rt att f\u00f6lja och h\u00e4nga med i f\u00f6r katt\u00e4gare. D\u00e4rf\u00f6r t\u00e4nkte vi att skapa ett litet bibliotek med tips och r\u00e5d kring hur det \u00e4r att vara katt\u00e4gare.<\/p>\n","protected":false},"excerpt":{"rendered":"<p>Katter \u00e4r ur alla synpunkter underbara djur och familjemedlemmar. Med en katt i familjen kommer ocks\u00e5 ansvarstagande. Det h\u00e4nder hela tiden saker inom veterin\u00e4rv\u00e5rd, lagstiftning och fodertillverkning vilket kan vara sv\u00e5rt att f\u00f6lja och h\u00e4nga med i f\u00f6r katt\u00e4gare. D\u00e4rf\u00f6r t\u00e4nkte vi att skapa ett litet bibliotek med tips och r\u00e5d kring hur det \u00e4r att vara katt\u00e4gare.<\/p>\n","protected":false},"author":34,"featured_media":0,"parent":0,"menu_order":0,"comment_status":"closed","ping_status":"closed","template":"left-sidebar.php","meta":{"_acf_changed":false,"footnotes":""},"class_list":["post-6960","page","type-page","status-publish","hentry"],"acf":[],"_links":{"self":[{"href":"https:\/\/www.djurskyddet.se\/kattfotenhalmstad\/wp-json\/wp\/v2\/pages\/6960","targetHints":{"allow":["GET"]}}],"collection":[{"href":"https:\/\/www.djurskyddet.se\/kattfotenhalmstad\/wp-json\/wp\/v2\/pages"}],"about":[{"href":"https:\/\/www.djurskyddet.se\/kattfotenhalmstad\/wp-json\/wp\/v2\/types\/page"}],"author":[{"embeddable":true,"href":"https:\/\/www.djurskyddet.se\/kattfotenhalmstad\/wp-json\/wp\/v2\/users\/34"}],"replies":[{"embeddable":true,"href":"https:\/\/www.djurskyddet.se\/kattfotenhalmstad\/wp-json\/wp\/v2\/comments?post=6960"}],"version-history":[{"count":20,"href":"https:\/\/www.djurskyddet.se\/kattfotenhalmstad\/wp-json\/wp\/v2\/pages\/6960\/revisions"}],"predecessor-version":[{"id":8396,"href":"https:\/\/www.djurskyddet.se\/kattfotenhalmstad\/wp-json\/wp\/v2\/pages\/6960\/revisions\/8396"}],"wp:attachment":[{"href":"https:\/\/www.djurskyddet.se\/kattfotenhalmstad\/wp-json\/wp\/v2\/media?parent=6960"}],"curies":[{"name":"wp","href":"https:\/\/api.w.org\/{rel}","templated":true}]}}