{"id":7004,"date":"2019-12-26T12:25:45","date_gmt":"2019-12-26T12:25:45","guid":{"rendered":"https:\/\/www.djurskyddet.se\/kattfotenhalmstad\/?page_id=7004"},"modified":"2020-02-01T21:57:18","modified_gmt":"2020-02-01T21:57:18","slug":"vart-att-tanka-pa","status":"publish","type":"page","link":"https:\/\/www.djurskyddet.se\/kattfotenhalmstad\/tips-rad\/vart-att-tanka-pa\/","title":{"rendered":"Att skaffa katt"},"content":{"rendered":"\n<h3 class=\"wp-block-heading\"><strong>Att t\u00e4nka p\u00e5 innan du skaffar katt<\/strong><\/h3>\n\n\n\n<p style=\"background-color:#effba3\" class=\"has-background\">En katt lever mellan 10 och 15 \u00e5r, ibland l\u00e4ngre. Kan du ge den ett k\u00e4rleksfullt hem hela dess liv?<\/p>\n\n\n\n<p style=\"background-color:#effba3\" class=\"has-background\"><strong>Har du r\u00e5d att ha katt?<\/strong><br>Katten b\u00f6r f\u00f6rs\u00e4kras, kostnaden varierar mellan olika f\u00f6rs\u00e4kringsbolag och beror p\u00e5 om katten \u00e4r&nbsp;renrasig eller \u00e4r en bondkatt. Katten b\u00f6r \u00e4ven vaccineras 1 g\u00e5ng\/\u00e5r, kostnaden f\u00f6r detta&nbsp;blir cirka 250 kronor. Fodret kostar runt 50-250 kr\/m\u00e5nad, kan beh\u00f6vas specialfoder som d\u00e5 brukar vara dyrare. Kattsand till l\u00e5dan kostar runt 50-200 kr\/m\u00e5nad, beroende p\u00e5 sand. Katten b\u00f6r kastreras vilket kostar runt&nbsp;700 kr och upp\u00e5t, beroende p\u00e5 ingrepp. Det kan \u00e4ven uppst\u00e5 of\u00f6rutsedda veterin\u00e4rkostnader, sj\u00e4lvrisk p\u00e5 f\u00f6rs\u00e4kringar brukar ligga runt 1000 kr.<\/p>\n\n\n\n<p style=\"background-color:#effba3\" class=\"has-background\"><strong>Vilket k\u00f6n ska man v\u00e4lja?<\/strong><br>Det \u00e4r ingen skillnad mellan en kastrerad hankatt och en kastrerad honkatt, b\u00e5da k\u00f6nen blir lika tillgivna och \u00e4r lika trevliga. Men en okastrerad hankatt sprayar ofta starkt luktande urin. En&nbsp;okastrerad honkatt l\u00f6per och risken finns&nbsp;d\u00e5 att o\u00f6nskade ungar f\u00f6ds och en skrikande katt under l\u00f6pperioderna. Om en honkatt&nbsp;f\u00f6rblir okastrerad och ges p-piller \u00f6kar risken <strong>markant<\/strong> att katten kommer utveckla juvertum\u00f6r. Genom kastrering f\u00f6rsvinner dessa nackdelar och kan \u00e4ven&nbsp;inneb\u00e4ra att katten blir mer tillgiven. <\/p>\n\n\n\n<p style=\"background-color:#effba3\" class=\"has-background\"><strong>Ska man ha en eller tv\u00e5 katter?<\/strong><br>Om man har begr\u00e4nsad ekonomi eller tr\u00e5ngt boende&nbsp;b\u00f6r man n\u00f6ja sig&nbsp;med en katt. Dock kan det vara&nbsp;bra, om ekonomin och&nbsp;utrymmet till\u00e5ter, att ha tv\u00e5 katter som s\u00e4llskap \u00e5t varandra.&nbsp;Framf\u00f6rallt om du \u00e4r borta m\u00e5nga timmar under dagen.<\/p>\n\n\n\n<h3 class=\"wp-block-heading\"><strong>F\u00f6rberedelser inf\u00f6r kattens ankomst<\/strong><\/h3>\n\n\n\n<p style=\"background-color:#bde58e\" class=\"has-background\">H\u00e4r delar vi tips och r\u00e5d kring kattens ankomst, vilka saker som b\u00f6r inf\u00f6rskaffas och hur du p\u00e5 andra s\u00e4tt v\u00e4lkomnar katten till det nya hemmet.<\/p>\n\n\n\n<p style=\"background-color:#bde58e\" class=\"has-background\"><strong>N\u00f6dv\u00e4ndiga saker som m\u00e5ste inf\u00f6rskaffas:<\/strong><br>&#8211; Kl\u00f6sbr\u00e4da eller kl\u00f6str\u00e4d<br>&#8211; Kattl\u00e5da, kattsand och kattspade<br>&#8211; Mat- och vattensk\u00e5l<br>&#8211; Foder med kvalitet<br>&#8211; Kattleksaker (se dock upp f\u00f6r sn\u00f6ren, l\u00e4mna inte dessa framme obevakade d\u00e5 det finns risk att katten fastnar och stryps)<br>&#8211; Klot\u00e5ng<br>&#8211; Kattborste<br>&#8211; Transbortbur<br>&#8211; Kattb\u00e4ddar\/korgar och filtar\/pl\u00e4dar<br>&#8211; En plats h\u00f6gt uppe s\u00e5 katten kan spana p\u00e5 hela rummet<br>&#8211; En plats d\u00e4r katten kan g\u00e5 undan och g\u00f6mma sig p\u00e5\/i\/under om den blir r\u00e4dd<br>&#8211; Om katten ska vara ute: halsband av gummiband (f\u00f6r att katten inte ska strypas om halsbandet fastnar i en gren eller liknande) och namnbricka<\/p>\n\n\n\n<p style=\"background-color:#bde58e\" class=\"has-background\"><strong>N\u00e4r katten kommer hem<\/strong><br>Transportera katten i en transportbur. Om man \u00f6vertar en vuxen katt b\u00f6r n\u00e5got f\u00f6rem\u00e5l som katten \u00e4r van vid f\u00e5 f\u00f6lja med, detta f\u00f6r att katten ska k\u00e4nna sig tryggare och kan anpassa sig fortare.L\u00e5t katten unders\u00f6ka det nya hemmet i lugn och ro utan att den blir st\u00f6rd av barn eller andra husdjur. <br><br>Om du har andra husdjur b\u00f6r du h\u00e5lla dem ur v\u00e4gen tills katten unders\u00f6kt hemmet. H\u00e5ll dem helst separerade ett par dagar. G\u00e5 in till den nya katten med fuktiga h\u00e4nder och dra dem \u00f6ver ryggen, och g\u00e5 sedan ut till er gamla&nbsp;katt och l\u00e5t den lukta och l\u00e4ra k\u00e4nna dofterna. G\u00f6r sedan likadant p\u00e5 den katten som ni redan har och l\u00e5t den nya lukta.&nbsp;Sl\u00e4pp sedan in det andra husdjuret men \u00f6vervaka dem noga. Det kan ta tid innan de v\u00e4njer sig vid varandra, men f\u00f6r det mesta brukar de bli goda v\u00e4nner till slut. T\u00e4nk ocks\u00e5 p\u00e5 att kela lika mycket med b\u00e4gge djuren och f\u00f6rsumma inte den gamla v\u00e4nnen p.g.a. den nya. Har du katt sedan tidigare s\u00e5 m\u00e5ste den nya katten f\u00e5 tid att komma in i rangordningen, detta ordnar de b\u00e4st sj\u00e4lva.<\/p>\n\n\n\n<p style=\"background-color:#bde58e\" class=\"has-background\"><strong>Att sl\u00e4ppa ut katten<\/strong><br>Katten b\u00f6r stanna inomhus<strong><em> minst <\/em><\/strong>en m\u00e5nad&nbsp;f\u00f6r att l\u00e4ra k\u00e4nna sin nya milj\u00f6. Syssels\u00e4tt dig med katten och hantera den s\u00e5 mycket som m\u00f6jligt. Ge den favoritmaten och sk\u00e4m bort den. Under de f\u00f6rsta utevistelserna b\u00f6r du vara med katten. Gl\u00f6m inte att s\u00e4tta p\u00e5 halsband med telefonnummer. Inga katter b\u00f6r str\u00f6va ute p\u00e5 natten oavsett \u00e5lder. <strong><em>Sl\u00e4pp inte ut katten om den \u00e4r okastrerad eller saknar Id-m\u00e4rkning!<\/em><\/strong><\/p>\n\n\n\n<h3 class=\"wp-block-heading\"><strong>Grundregler f\u00f6r katt\u00e4gare<\/strong><\/h3>\n\n\n\n<p style=\"background-color:#abc0eb\" class=\"has-background\">H\u00e4r samlar vi det som kr\u00e4vs av dig som katt\u00e4gare. Det som beh\u00f6vs f\u00f6r att katten ska m\u00e5 bra.<\/p>\n\n\n\n<p style=\"background-color:#abc0eb\" class=\"has-background\"><strong>Mat och vatten<\/strong><br>Ge katten mat regelbundet varje dag i dess egen matsk\u00e5l och se till att vattnet alltid \u00e4r fr\u00e4scht (byt vatten en g\u00e5ng om dagen). St\u00e4ll g\u00e4rna vatten och mat en bit ifr\u00e5n varandra, st\u00e5r maten f\u00f6r n\u00e4ra blir vattnet l\u00e4tt ofr\u00e4scht.&nbsp;Och st\u00e4ll aldrig varken mat eller vatten n\u00e4ra kattl\u00e5dan. Inte hade du sj\u00e4lv velat \u00e4ta vid toaletten?<br><br>Har du tv\u00e5 katter eller fler rekommenderar vi att st\u00e4lla ut mat p\u00e5 olika st\u00e4llen. Detta f\u00f6r att inte katterna ska konkurrera om maten.<\/p>\n\n\n\n<p style=\"background-color:#abc0eb\" class=\"has-background\"><strong>Kattl\u00e5dan<\/strong><br>Kattl\u00e5dan ska reng\u00f6ras dagligen genom att t\u00f6mma den p\u00e5 kiss och bajs. Anv\u00e4nd en kattspade f\u00f6r att sila bort \u00f6verfl\u00f6dig sand och t\u00f6m resten i en liten p\u00e5se, t.ex. hundp\u00e5se. Knyt ihop och sl\u00e4ng. Ett par g\u00e5nger i m\u00e5naden b\u00f6r du byta ut all sand och reng\u00f6ra l\u00e5dan. <br><br>Det finns m\u00e5nga olika slags kattl\u00e5dor. Vissa \u00e4r \u00f6ppna, andra har tak och en lucka. Det finns ocks\u00e5 m\u00e5nga olika storlekar och former. Det kan h\u00e4nda att katten f\u00f6redrar en viss sort. V\u00e4lj inte en kattl\u00e5da med en lucka till en kattunge, eftersom det ska vara s\u00e5 enkelt som m\u00f6jligt f\u00f6r den att g\u00e5 p\u00e5 l\u00e5dan. <br><br>Har du tv\u00e5 katter kan det beh\u00f6vas tv\u00e5 kattl\u00e5dor, har du tre kan det beh\u00f6vas tre l\u00e5dor osv. Detta f\u00f6r att katterna inte ska konkurrera om l\u00e5dorna. Ett tips \u00e4r att d\u00e5 st\u00e4lla l\u00e5dorna p\u00e5 olika st\u00e4llen. Se \u00e4ven till att l\u00e5dorna \u00e4r i r\u00e4tt storlek f\u00f6r din katt. Om katten kissar eller bajsar p\u00e5 kanten av l\u00e5dan eller t.o.m. utanf\u00f6r \u00e4r det ett tecken p\u00e5 att n\u00e5got \u00e4r fel. Bestraffa aldrig katten f\u00f6r detta (eller f\u00f6r n\u00e5gon annan del heller). G\u00f6r katten detta kan det bero p\u00e5 att l\u00e5dan \u00e4r f\u00f6r liten, inte tillr\u00e4ckligt m\u00e5nga l\u00e5dor, en annan katt l\u00e5ter inte den g\u00e5 d\u00e4r, fel sand, inte ordentligt t\u00f6md eller rengjord, fel placering eller fel mat. I enstaka fall kan det bero p\u00e5 sjukdom.<\/p>\n\n\n\n<p style=\"background-color:#abc0eb\" class=\"has-background\"><strong>Andra behov<\/strong><br>Katter m\u00e5ste v\u00e4ssa sina klor. En katt v\u00e4ssar klorna f\u00f6r att ta bort det yttersta, m\u00e5nformade lagret av klon, vilket \u00e4r n\u00f6dv\u00e4ndigt f\u00f6r att f\u00f6rhindra tjocka, f\u00f6rv\u00e4xta klor. Utekatter v\u00e4ssar ofta sina klor mot ett tr\u00e4d, men de kan ocks\u00e5 tycka om att ha en kl\u00f6spelare inomhus. Det \u00e4r en bra id\u00e9 att placera kl\u00f6spelaren i ett av rummen d\u00e4r katten ofta \u00e4r. Att v\u00e4ssa klorna \u00e4r ocks\u00e5 en del av att markera revir och det kan d\u00e4rf\u00f6r vara smart att placera kl\u00f6spelaren n\u00e4ra utg\u00e5ngarna eller d\u00e4r katten gillar att kl\u00f6sa, till exempel n\u00e4ra soffan. Om katten inte visar n\u00e5got intresse f\u00f6r kl\u00f6spelaren kan du prova att str\u00f6 kattmynta eller valerina p\u00e5 den. Kom ih\u00e5g att kl\u00f6spelaren ska vara tillr\u00e4ckligt h\u00f6g s\u00e5 att katten kan str\u00e4cka ut sig helt n\u00e4r den v\u00e4ssar klorna. <br><br>Katten b\u00f6r ha en egen sovplats. Den b\u00f6r \u00e4ven ha en plats att g\u00e5 undan till eller g\u00f6mma sig p\u00e5\/i\/under om den vill vara ifred. En plats p\u00e5 h\u00f6g h\u00f6jd \u00e4r ocks\u00e5 bra f\u00f6r katten s\u00e5 att den kan spana p\u00e5 det som sker runtomkring. <br><br>Borsta katten regelbundet. I synnerhet om det \u00e4r en l\u00e5ngh\u00e5rig katt, d\u00e5 beh\u00f6ver du v\u00e5rda p\u00e4lsen varje dag. Ett utm\u00e4rkt tillf\u00e4lle att \u00e4ven kontrollera s\u00e5 att den inte har f\u00e5tt parasiter.<br><br>H\u00e5ll koll p\u00e5 klorna s\u00e5 att de inte blir f\u00f6r l\u00e5nga och gl\u00f6m inte sporrarna! Detta g\u00e4ller fr\u00e4mst p\u00e5 innekatter d\u00e5 de inte anv\u00e4nder sina klor p\u00e5 samma vis som utekatter.<\/p>\n\n\n\n<p style=\"background-color:#abc0eb\" class=\"has-background\"><strong>Veterin\u00e4rbes\u00f6k och v\u00e5rd<\/strong><br>Kastrera katten s\u00e5 att den inte f\u00e5r o\u00f6nskade kattungar. Id-m\u00e4rk \u00e4ven katten f\u00f6r om den skulle rymma eller g\u00e5r vilse och n\u00e5gon hittar katten kan de sp\u00e5ra dig som \u00e4gare med hj\u00e4lp av m\u00e4rkningen. Vaccinera katten med j\u00e4mna mellanrum. Avmaska katten vid behov.<br><br>Om du misst\u00e4nker att din katt skadat sig eller \u00e4r sjuk kontakta<strong> alltid <\/strong>veterin\u00e4r! Ge aldrig katten Alvedon eller liknande, det \u00e4r mycket giftigt! Du ska \u00f6verhuvudtaget aldrig laborera med medicin till din katt. Kontrollera alltid med din veterin\u00e4r f\u00f6rst.<\/p>\n\n\n\n<h3 class=\"wp-block-heading\"><strong>\u00d6vrigt att t\u00e4nka p\u00e5<\/strong><\/h3>\n\n\n\n<p style=\"background-color:#fee0d0\" class=\"has-background\">L\u00e5t inte katten leka med garner och mjuka gummif\u00f6rem\u00e5l, d\u00e5 de kan orsaka kv\u00e4vning eller inre skador om katten sv\u00e4ljer dem. Se \u00e4ven upp f\u00f6r att l\u00e4mna sn\u00f6ren obevakade d\u00e5 katten kan fastna och strypa sig.<br><br>H\u00e5ll katten inomhus under festligheter med fyrverkerier.<br><br>Om du skall resa bort \u00e4r det din skyldighet att se&nbsp;till att n\u00e5gon passar katten. Om du skaffat ny katt eller flyttat, sl\u00e4pp inte ut katten ensam f\u00f6rr\u00e4n den vant sig vid den nya omgivningen (katten b\u00f6r vara inomhus i minst en m\u00e5nad).<br><br>Det \u00e4r enligt lag f\u00f6rbjudet att s\u00e4lja\/skilja kattungar fr\u00e5n mamman f\u00f6re 12 veckors \u00e5lder.<\/p>\n\n\n\n<p style=\"background-color:#ffd6c2\" class=\"has-background\"><strong>Som du ser \u00e4r det mycket att t\u00e4nka p\u00e5 innan man ut\u00f6kar familjen med en katt. T\u00e4nk igenom beslutet noga. \u00c4ven om en katt ofta \u00e4r billig, f\u00e5r du aldrig se den som en &#8221;slit- och sl\u00e4ngkompis&#8221;. <em>De \u00e4r levande, k\u00e4nnande och medvetna individer!<\/em><\/strong><\/p>\n","protected":false},"excerpt":{"rendered":"<p>Att t\u00e4nka p\u00e5 innan du skaffar katt En katt lever mellan 10 och 15 \u00e5r, ibland l\u00e4ngre. Kan du ge den ett k\u00e4rleksfullt hem hela dess liv? Har du r\u00e5d att ha katt?Katten b\u00f6r f\u00f6rs\u00e4kras, kostnaden varierar mellan olika f\u00f6rs\u00e4kringsbolag och beror p\u00e5 om katten \u00e4r&nbsp;renrasig eller \u00e4r en bondkatt. Katten b\u00f6r \u00e4ven vaccineras 1 g\u00e5ng\/\u00e5r, kostnaden f\u00f6r detta&nbsp;blir cirka 250 kronor. Fodret kostar runt 50-250 kr\/m\u00e5nad, kan beh\u00f6vas specialfoder&hellip;<\/p>\n<p><a class=\"more-link\" href=\"https:\/\/www.djurskyddet.se\/kattfotenhalmstad\/tips-rad\/vart-att-tanka-pa\/\" title=\"Continue reading &lsquo;Att skaffa katt&rsquo;\">L&auml;s mer<span class=\"meta-nav\">&raquo;<\/span><\/a><\/p>\n","protected":false},"author":34,"featured_media":0,"parent":6960,"menu_order":0,"comment_status":"closed","ping_status":"closed","template":"left-sidebar.php","meta":{"_acf_changed":false,"footnotes":""},"class_list":["post-7004","page","type-page","status-publish","hentry"],"acf":[],"_links":{"self":[{"href":"https:\/\/www.djurskyddet.se\/kattfotenhalmstad\/wp-json\/wp\/v2\/pages\/7004","targetHints":{"allow":["GET"]}}],"collection":[{"href":"https:\/\/www.djurskyddet.se\/kattfotenhalmstad\/wp-json\/wp\/v2\/pages"}],"about":[{"href":"https:\/\/www.djurskyddet.se\/kattfotenhalmstad\/wp-json\/wp\/v2\/types\/page"}],"author":[{"embeddable":true,"href":"https:\/\/www.djurskyddet.se\/kattfotenhalmstad\/wp-json\/wp\/v2\/users\/34"}],"replies":[{"embeddable":true,"href":"https:\/\/www.djurskyddet.se\/kattfotenhalmstad\/wp-json\/wp\/v2\/comments?post=7004"}],"version-history":[{"count":9,"href":"https:\/\/www.djurskyddet.se\/kattfotenhalmstad\/wp-json\/wp\/v2\/pages\/7004\/revisions"}],"predecessor-version":[{"id":8029,"href":"https:\/\/www.djurskyddet.se\/kattfotenhalmstad\/wp-json\/wp\/v2\/pages\/7004\/revisions\/8029"}],"up":[{"embeddable":true,"href":"https:\/\/www.djurskyddet.se\/kattfotenhalmstad\/wp-json\/wp\/v2\/pages\/6960"}],"wp:attachment":[{"href":"https:\/\/www.djurskyddet.se\/kattfotenhalmstad\/wp-json\/wp\/v2\/media?parent=7004"}],"curies":[{"name":"wp","href":"https:\/\/api.w.org\/{rel}","templated":true}]}}